{"id":12037,"date":"2020-07-22T12:02:25","date_gmt":"2020-07-22T10:02:25","guid":{"rendered":"https:\/\/inprosy.com\/blog\/"},"modified":"2020-09-28T10:12:48","modified_gmt":"2020-09-28T08:12:48","slug":"blog","status":"publish","type":"page","link":"https:\/\/inprosy.com\/ca\/blog\/","title":{"rendered":"Blog"},"content":{"rendered":"<section class=\"l-section wpb_row height_medium\"><div class=\"l-section-h i-cf\"><div class=\"g-cols vc_row via_flex valign_top type_default stacking_default\"><div class=\"vc_col-sm-12 wpb_column vc_column_container\"><div class=\"vc_column-inner\"><div class=\"wpb_wrapper\"><h1 class=\"w-post-elm post_title entry-title color_link_inherit\">Blog<\/h1><\/div><\/div><\/div><\/div><\/div><\/section><section class=\"l-section wpb_row height_auto\"><div class=\"l-section-h i-cf\"><div class=\"g-cols vc_row via_flex valign_top type_default stacking_default\"><div class=\"vc_col-sm-12 wpb_column vc_column_container\"><div class=\"vc_column-inner\"><div class=\"wpb_wrapper\"><div class=\"w-separator size_small\"><\/div><\/div><\/div><\/div><\/div><\/div><\/section><section class=\"l-section wpb_row height_auto\"><div class=\"l-section-h i-cf\"><div class=\"g-cols vc_row via_flex valign_top type_default stacking_default\"><div class=\"vc_col-sm-12 wpb_column vc_column_container\"><div class=\"vc_column-inner\"><div class=\"wpb_wrapper\"><div class=\"w-grid type_masonry layout_blog_11 cols_2 pagination_infinite preload_style_spinner with_isotope\" id=\"us_grid_1\" style=\"--columns:2;--gap:1.5rem;\" data-filterable=\"true\"><style>@media (max-width:600px){#us_grid_1{--columns:1!important}}.layout_blog_11 .w-grid-item-h{}.layout_blog_11 .usg_post_title_1{font-size:1.4rem!important;font-weight:700!important;margin-bottom:0.5rem!important}.layout_blog_11 .usg_hwrapper_1{color:var(--color-content-faded)!important;font-size:0.9rem!important}.layout_blog_11 .usg_post_taxonomy_1{font-weight:700!important;text-transform:uppercase!important}.layout_blog_11 .usg_post_image_1{margin-top:0.7rem!important}.layout_blog_11 .usg_post_content_1{max-width:600px!important;margin-top:0.8rem!important}@media (max-width:600px){.layout_blog_11 .usg_post_title_1{font-size:1.2rem!important}}<\/style><div class=\"w-grid-list\">\t<article class=\"w-grid-item size_1x1 post-14853 post type-post status-publish format-standard has-post-thumbnail hentry category-actualitat-inprosy\" data-id=\"14853\">\r\n\t\t<div class=\"w-grid-item-h\">\r\n\t\t\t\t\t\t<h2 class=\"w-post-elm post_title usg_post_title_1 entry-title color_link_inherit\"><a href=\"https:\/\/inprosy.com\/ca\/els-efectes-de-les-microaturades-en-la-productivitat-duna-linia-de-produccio\/\">Els efectes de les microaturades en la productivitat d\u2019una l\u00ednia de producci\u00f3<\/a><\/h2><div class=\"w-hwrapper usg_hwrapper_1 has_text_color align_none valign_top wrap\"><div class=\"w-post-elm post_taxonomy usg_post_taxonomy_1 style_simple\"><a class=\"term-139 term-actualitat-inprosy\" href=\"https:\/\/inprosy.com\/ca\/category\/actualitat-inprosy\/\">Actualitat Inprosy<\/a><\/div><time class=\"w-post-elm post_date usg_post_date_1 entry-date published\" datetime=\"2021-05-18T09:37:27+02:00\" title=\"18 May 2021 at 09:37:27 Europe\/Madrid\">5 years ago<\/time><\/div><div class=\"w-post-elm post_image usg_post_image_1 stretched\"><a href=\"https:\/\/inprosy.com\/ca\/els-efectes-de-les-microaturades-en-la-productivitat-duna-linia-de-produccio\/\" aria-label=\"Els efectes de les microaturades en la productivitat d\u2019una l\u00ednia de producci\u00f3\"><img loading=\"lazy\" decoding=\"async\" width=\"1000\" height=\"600\" src=\"https:\/\/inprosy.com\/wp-content\/uploads\/2021\/05\/taula-inprosy-CAT.jpg\" class=\"attachment-us_600_400_crop size-us_600_400_crop wp-post-image\" alt=\"\" srcset=\"https:\/\/inprosy.com\/wp-content\/uploads\/2021\/05\/taula-inprosy-CAT.jpg 1000w, https:\/\/inprosy.com\/wp-content\/uploads\/2021\/05\/taula-inprosy-CAT-300x180.jpg 300w, https:\/\/inprosy.com\/wp-content\/uploads\/2021\/05\/taula-inprosy-CAT-70x42.jpg 70w\" sizes=\"auto, (max-width: 1000px) 100vw, 1000px\" \/><\/a><\/div><div class=\"w-post-elm post_content usg_post_content_1\">RESUM: Les microaturades a les l\u00ednies de producci\u00f3 tenen un efecte molt rellevant sobre la seva productivitat. Hi ha sistemes que permeten evitar els seus efectes. Durant d\u00e8cades les plantes&hellip;<\/div>\t\t<\/div>\r\n\t\t\t<\/article>\r\n\t<article class=\"w-grid-item size_1x1 post-14444 post type-post status-publish format-standard has-post-thumbnail hentry category-actualitat-inprosy\" data-id=\"14444\">\r\n\t\t<div class=\"w-grid-item-h\">\r\n\t\t\t\t\t\t<h2 class=\"w-post-elm post_title usg_post_title_1 entry-title color_link_inherit\"><a href=\"https:\/\/inprosy.com\/ca\/instal\u00b7lacio-completa-pulmo-multinivell\/\">Instal\u00b7laci\u00f3 del DFR-HC finalitzada.<\/a><\/h2><div class=\"w-hwrapper usg_hwrapper_1 has_text_color align_none valign_top wrap\"><div class=\"w-post-elm post_taxonomy usg_post_taxonomy_1 style_simple\"><a class=\"term-139 term-actualitat-inprosy\" href=\"https:\/\/inprosy.com\/ca\/category\/actualitat-inprosy\/\">Actualitat Inprosy<\/a><\/div><time class=\"w-post-elm post_date usg_post_date_1 entry-date published\" datetime=\"2021-03-05T12:33:36+01:00\" title=\"5 March 2021 at 12:33:36 Europe\/Madrid\">5 years ago<\/time><\/div><div class=\"w-post-elm post_image usg_post_image_1 stretched\"><a href=\"https:\/\/inprosy.com\/ca\/instal\u00b7lacio-completa-pulmo-multinivell\/\" aria-label=\"Instal\u00b7laci\u00f3 del DFR-HC finalitzada.\"><img loading=\"lazy\" decoding=\"async\" width=\"2048\" height=\"1536\" src=\"https:\/\/inprosy.com\/wp-content\/uploads\/2021\/03\/PXL_20210127_174245838-scaled.jpg\" class=\"attachment-us_600_400_crop size-us_600_400_crop wp-post-image\" alt=\"\" srcset=\"https:\/\/inprosy.com\/wp-content\/uploads\/2021\/03\/PXL_20210127_174245838-scaled.jpg 2048w, https:\/\/inprosy.com\/wp-content\/uploads\/2021\/03\/PXL_20210127_174245838-300x225.jpg 300w, https:\/\/inprosy.com\/wp-content\/uploads\/2021\/03\/PXL_20210127_174245838-1024x768.jpg 1024w, https:\/\/inprosy.com\/wp-content\/uploads\/2021\/03\/PXL_20210127_174245838-1536x1152.jpg 1536w, https:\/\/inprosy.com\/wp-content\/uploads\/2021\/03\/PXL_20210127_174245838-70x53.jpg 70w\" sizes=\"auto, (max-width: 2048px) 100vw, 2048px\" \/><\/a><\/div><div class=\"w-post-elm post_content usg_post_content_1\">Inprosy ha finalitzat la instal\u00b7laci\u00f3 i posada en marxa d&#8217;un Regulador Din\u00e0mic de Flux d&#8217;Alta Capacitat a Madrid.<\/div>\t\t<\/div>\r\n\t\t\t<\/article>\r\n\t<article class=\"w-grid-item size_1x1 post-12044 post type-post status-publish format-standard has-post-thumbnail hentry category-actualitat-inprosy\" data-id=\"12044\">\r\n\t\t<div class=\"w-grid-item-h\">\r\n\t\t\t\t\t\t<h2 class=\"w-post-elm post_title usg_post_title_1 entry-title color_link_inherit\"><a href=\"https:\/\/inprosy.com\/ca\/inprosy-durant-el-covid-19\/\">Inprosy durant el COVID-19<\/a><\/h2><div class=\"w-hwrapper usg_hwrapper_1 has_text_color align_none valign_top wrap\"><div class=\"w-post-elm post_taxonomy usg_post_taxonomy_1 style_simple\"><a class=\"term-139 term-actualitat-inprosy\" href=\"https:\/\/inprosy.com\/ca\/category\/actualitat-inprosy\/\">Actualitat Inprosy<\/a><\/div><time class=\"w-post-elm post_date usg_post_date_1 entry-date published\" datetime=\"2020-07-23T09:09:12+02:00\" title=\"23 July 2020 at 09:09:12 Europe\/Madrid\">6 years ago<\/time><\/div><div class=\"w-post-elm post_image usg_post_image_1 stretched\"><a href=\"https:\/\/inprosy.com\/ca\/inprosy-durant-el-covid-19\/\" aria-label=\"Inprosy durant el COVID-19\"><img loading=\"lazy\" decoding=\"async\" width=\"380\" height=\"214\" src=\"https:\/\/inprosy.com\/wp-content\/uploads\/2020\/06\/20200602_103215-e1596699166668-380.jpg\" class=\"attachment-us_600_400_crop size-us_600_400_crop wp-post-image\" alt=\"Inprosy\" srcset=\"https:\/\/inprosy.com\/wp-content\/uploads\/2020\/06\/20200602_103215-e1596699166668-380.jpg 380w, https:\/\/inprosy.com\/wp-content\/uploads\/2020\/06\/20200602_103215-e1596699166668-380-300x169.jpg 300w, https:\/\/inprosy.com\/wp-content\/uploads\/2020\/06\/20200602_103215-e1596699166668-380-70x39.jpg 70w\" sizes=\"auto, (max-width: 380px) 100vw, 380px\" \/><\/a><\/div><div class=\"w-post-elm post_content usg_post_content_1\">Malauradament aquest any 2020 ha estat un any at\u00edpic, en el que ens ha tocat viure a tots una situaci\u00f3 molt dificil que ha colpejat a tots els mercats desde&hellip;<\/div>\t\t<\/div>\r\n\t\t\t<\/article>\r\n\t<article class=\"w-grid-item size_1x1 post-12043 post type-post status-publish format-standard has-post-thumbnail hentry category-actualitat-inprosy\" data-id=\"12043\">\r\n\t\t<div class=\"w-grid-item-h\">\r\n\t\t\t\t\t\t<h2 class=\"w-post-elm post_title usg_post_title_1 entry-title color_link_inherit\"><a href=\"https:\/\/inprosy.com\/ca\/nova-web\/\">Nova web<\/a><\/h2><div class=\"w-hwrapper usg_hwrapper_1 has_text_color align_none valign_top wrap\"><div class=\"w-post-elm post_taxonomy usg_post_taxonomy_1 style_simple\"><a class=\"term-139 term-actualitat-inprosy\" href=\"https:\/\/inprosy.com\/ca\/category\/actualitat-inprosy\/\">Actualitat Inprosy<\/a><\/div><time class=\"w-post-elm post_date usg_post_date_1 entry-date published\" datetime=\"2020-07-23T09:07:30+02:00\" title=\"23 July 2020 at 09:07:30 Europe\/Madrid\">6 years ago<\/time><\/div><div class=\"w-post-elm post_image usg_post_image_1 stretched\"><a href=\"https:\/\/inprosy.com\/ca\/nova-web\/\" aria-label=\"Nova web\"><img loading=\"lazy\" decoding=\"async\" width=\"380\" height=\"214\" src=\"https:\/\/inprosy.com\/wp-content\/uploads\/2020\/06\/Introduccion-01-380.jpg\" class=\"attachment-us_600_400_crop size-us_600_400_crop wp-post-image\" alt=\"Inprosy exterior\" srcset=\"https:\/\/inprosy.com\/wp-content\/uploads\/2020\/06\/Introduccion-01-380.jpg 380w, https:\/\/inprosy.com\/wp-content\/uploads\/2020\/06\/Introduccion-01-380-300x169.jpg 300w, https:\/\/inprosy.com\/wp-content\/uploads\/2020\/06\/Introduccion-01-380-70x39.jpg 70w\" sizes=\"auto, (max-width: 380px) 100vw, 380px\" \/><\/a><\/div><div class=\"w-post-elm post_content usg_post_content_1\">Ens complau anunciar que aquest 13 de juliol del 2020 llancem la nova web d&#8217;Inprosy, totalment remodelada. Amb una gran quantitat de contingut actualitzat, amb millors imatges i experi\u00e8ncies i&hellip;<\/div>\t\t<\/div>\r\n\t\t\t<\/article>\r\n<\/div><div class=\"w-grid-preloader\">\t<div class=\"g-preloader type_1\">\r\n\t\t<div><\/div>\r\n\t<\/div>\r\n\t<\/div>\t<div class=\"w-grid-json hidden\" onclick='return {&quot;action&quot;:&quot;us_ajax_grid&quot;,&quot;infinite_scroll&quot;:0,&quot;max_num_pages&quot;:1,&quot;pagination&quot;:&quot;infinite&quot;,&quot;template_vars&quot;:{&quot;columns&quot;:&quot;2&quot;,&quot;exclude_items&quot;:&quot;none&quot;,&quot;img_size&quot;:&quot;us_600_400_crop&quot;,&quot;ignore_items_size&quot;:0,&quot;items_layout&quot;:&quot;blog_11&quot;,&quot;items_offset&quot;:&quot;1&quot;,&quot;load_animation&quot;:&quot;none&quot;,&quot;overriding_link&quot;:&quot;{\\&quot;url\\&quot;:\\&quot;\\&quot;}&quot;,&quot;post_id&quot;:0,&quot;query_args&quot;:{&quot;post_type&quot;:[&quot;post&quot;],&quot;post_status&quot;:[&quot;publish&quot;,&quot;acf-disabled&quot;],&quot;posts_per_page&quot;:&quot;8&quot;},&quot;orderby_query_args&quot;:{&quot;orderby&quot;:{&quot;date&quot;:&quot;DESC&quot;}},&quot;type&quot;:&quot;masonry&quot;,&quot;us_grid_post_type&quot;:&quot;post&quot;,&quot;us_grid_ajax_index&quot;:1,&quot;us_grid_filter_query_string&quot;:null,&quot;us_grid_index&quot;:1,&quot;page_args&quot;:[],&quot;lang&quot;:&quot;ca&quot;}}'><\/div>\r\n\t<\/div><\/div><\/div><\/div><\/div><\/div><\/section>\n","protected":false},"excerpt":{"rendered":"Ens complau anunciar que aquest 13 de juliol del 2020 llancem la nova web d'Inprosy, totalment remodelada. Amb una gran quantitat de contingut actualitzat, amb millors imatges i experi\u00e8ncies i amb l\u2019objectiu d\u2019oferir als nostres clients, claredat, transpar\u00e8ncia i detalls de tota la nostra gamma de productes. La web ha estat dividida en varies seccions,...","protected":false},"author":1,"featured_media":0,"parent":0,"menu_order":29,"comment_status":"closed","ping_status":"closed","template":"","meta":{"_acf_changed":false,"footnotes":""},"class_list":["post-12037","page","type-page","status-publish","hentry"],"acf":[],"yoast_head":"<!-- This site is optimized with the Yoast SEO plugin v27.3 - https:\/\/yoast.com\/product\/yoast-seo-wordpress\/ -->\n<title>Blog &#8211; Inprosy<\/title>\n<meta name=\"description\" content=\"Blog dedicat al m\u00f3n de l&#039;efici\u00e8ncia industrial i la millora en la gesti\u00f3 de fluxos de producci\u00f3. Descobreix-ho!\" \/>\n<meta name=\"robots\" content=\"index, follow, max-snippet:-1, max-image-preview:large, max-video-preview:-1\" \/>\n<link rel=\"canonical\" href=\"https:\/\/inprosy.com\/ca\/blog\/\" \/>\n<meta property=\"og:locale\" content=\"ca_ES\" \/>\n<meta property=\"og:type\" content=\"article\" \/>\n<meta property=\"og:title\" content=\"Blog &#8211; Inprosy\" \/>\n<meta property=\"og:description\" content=\"Blog dedicat al m\u00f3n de l&#039;efici\u00e8ncia industrial i la millora en la gesti\u00f3 de fluxos de producci\u00f3. Descobreix-ho!\" \/>\n<meta property=\"og:url\" content=\"https:\/\/inprosy.com\/ca\/blog\/\" \/>\n<meta property=\"og:site_name\" content=\"Inprosy\" \/>\n<meta property=\"article:modified_time\" content=\"2020-09-28T08:12:48+00:00\" \/>\n<meta property=\"og:image\" content=\"https:\/\/inprosy.com\/wp-content\/uploads\/2017\/07\/logo-header.jpg\" \/>\n\t<meta property=\"og:image:width\" content=\"800\" \/>\n\t<meta property=\"og:image:height\" content=\"156\" \/>\n\t<meta property=\"og:image:type\" content=\"image\/jpeg\" \/>\n<script type=\"application\/ld+json\" class=\"yoast-schema-graph\">{\"@context\":\"https:\\\/\\\/schema.org\",\"@graph\":[{\"@type\":\"WebPage\",\"@id\":\"https:\\\/\\\/inprosy.com\\\/ca\\\/blog\\\/\",\"url\":\"https:\\\/\\\/inprosy.com\\\/ca\\\/blog\\\/\",\"name\":\"Blog &#8211; Inprosy\",\"isPartOf\":{\"@id\":\"https:\\\/\\\/inprosy.com\\\/ca\\\/#website\"},\"datePublished\":\"2020-07-22T10:02:25+00:00\",\"dateModified\":\"2020-09-28T08:12:48+00:00\",\"description\":\"Blog dedicat al m\u00f3n de l'efici\u00e8ncia industrial i la millora en la gesti\u00f3 de fluxos de producci\u00f3. Descobreix-ho!\",\"breadcrumb\":{\"@id\":\"https:\\\/\\\/inprosy.com\\\/ca\\\/blog\\\/#breadcrumb\"},\"inLanguage\":\"ca-ES\",\"potentialAction\":[{\"@type\":\"ReadAction\",\"target\":[\"https:\\\/\\\/inprosy.com\\\/ca\\\/blog\\\/\"]}]},{\"@type\":\"BreadcrumbList\",\"@id\":\"https:\\\/\\\/inprosy.com\\\/ca\\\/blog\\\/#breadcrumb\",\"itemListElement\":[{\"@type\":\"ListItem\",\"position\":1,\"name\":\"Portada\",\"item\":\"https:\\\/\\\/inprosy.com\\\/ca\\\/\"},{\"@type\":\"ListItem\",\"position\":2,\"name\":\"Blog\"}]},{\"@type\":\"WebSite\",\"@id\":\"https:\\\/\\\/inprosy.com\\\/ca\\\/#website\",\"url\":\"https:\\\/\\\/inprosy.com\\\/ca\\\/\",\"name\":\"Inprosy\",\"description\":\"Soluciones para la gesti\u00f3n de flujos de producci\u00f3n\",\"publisher\":{\"@id\":\"https:\\\/\\\/inprosy.com\\\/ca\\\/#organization\"},\"potentialAction\":[{\"@type\":\"SearchAction\",\"target\":{\"@type\":\"EntryPoint\",\"urlTemplate\":\"https:\\\/\\\/inprosy.com\\\/ca\\\/?s={search_term_string}\"},\"query-input\":{\"@type\":\"PropertyValueSpecification\",\"valueRequired\":true,\"valueName\":\"search_term_string\"}}],\"inLanguage\":\"ca-ES\"},{\"@type\":\"Organization\",\"@id\":\"https:\\\/\\\/inprosy.com\\\/ca\\\/#organization\",\"name\":\"Innovate Production Systems, S.L.\",\"alternateName\":\"Inprosy\",\"url\":\"https:\\\/\\\/inprosy.com\\\/ca\\\/\",\"logo\":{\"@type\":\"ImageObject\",\"inLanguage\":\"ca-ES\",\"@id\":\"https:\\\/\\\/inprosy.com\\\/ca\\\/#\\\/schema\\\/logo\\\/image\\\/\",\"url\":\"https:\\\/\\\/inprosy.com\\\/wp-content\\\/uploads\\\/2017\\\/07\\\/logo-header.jpg\",\"contentUrl\":\"https:\\\/\\\/inprosy.com\\\/wp-content\\\/uploads\\\/2017\\\/07\\\/logo-header.jpg\",\"width\":800,\"height\":156,\"caption\":\"Innovate Production Systems, S.L.\"},\"image\":{\"@id\":\"https:\\\/\\\/inprosy.com\\\/ca\\\/#\\\/schema\\\/logo\\\/image\\\/\"},\"sameAs\":[\"https:\\\/\\\/www.linkedin.com\\\/company\\\/inprosys\\\/\",\"https:\\\/\\\/www.youtube.com\\\/channel\\\/UCuSsS6ets4VjRxVpkMgS2Mw\"]}]}<\/script>\n<!-- \/ Yoast SEO plugin. -->","yoast_head_json":{"title":"Blog &#8211; Inprosy","description":"Blog dedicat al m\u00f3n de l'efici\u00e8ncia industrial i la millora en la gesti\u00f3 de fluxos de producci\u00f3. Descobreix-ho!","robots":{"index":"index","follow":"follow","max-snippet":"max-snippet:-1","max-image-preview":"max-image-preview:large","max-video-preview":"max-video-preview:-1"},"canonical":"https:\/\/inprosy.com\/ca\/blog\/","og_locale":"ca_ES","og_type":"article","og_title":"Blog &#8211; Inprosy","og_description":"Blog dedicat al m\u00f3n de l'efici\u00e8ncia industrial i la millora en la gesti\u00f3 de fluxos de producci\u00f3. Descobreix-ho!","og_url":"https:\/\/inprosy.com\/ca\/blog\/","og_site_name":"Inprosy","article_modified_time":"2020-09-28T08:12:48+00:00","og_image":[{"width":800,"height":156,"url":"https:\/\/inprosy.com\/wp-content\/uploads\/2017\/07\/logo-header.jpg","type":"image\/jpeg"}],"schema":{"@context":"https:\/\/schema.org","@graph":[{"@type":"WebPage","@id":"https:\/\/inprosy.com\/ca\/blog\/","url":"https:\/\/inprosy.com\/ca\/blog\/","name":"Blog &#8211; Inprosy","isPartOf":{"@id":"https:\/\/inprosy.com\/ca\/#website"},"datePublished":"2020-07-22T10:02:25+00:00","dateModified":"2020-09-28T08:12:48+00:00","description":"Blog dedicat al m\u00f3n de l'efici\u00e8ncia industrial i la millora en la gesti\u00f3 de fluxos de producci\u00f3. Descobreix-ho!","breadcrumb":{"@id":"https:\/\/inprosy.com\/ca\/blog\/#breadcrumb"},"inLanguage":"ca-ES","potentialAction":[{"@type":"ReadAction","target":["https:\/\/inprosy.com\/ca\/blog\/"]}]},{"@type":"BreadcrumbList","@id":"https:\/\/inprosy.com\/ca\/blog\/#breadcrumb","itemListElement":[{"@type":"ListItem","position":1,"name":"Portada","item":"https:\/\/inprosy.com\/ca\/"},{"@type":"ListItem","position":2,"name":"Blog"}]},{"@type":"WebSite","@id":"https:\/\/inprosy.com\/ca\/#website","url":"https:\/\/inprosy.com\/ca\/","name":"Inprosy","description":"Soluciones para la gesti\u00f3n de flujos de producci\u00f3n","publisher":{"@id":"https:\/\/inprosy.com\/ca\/#organization"},"potentialAction":[{"@type":"SearchAction","target":{"@type":"EntryPoint","urlTemplate":"https:\/\/inprosy.com\/ca\/?s={search_term_string}"},"query-input":{"@type":"PropertyValueSpecification","valueRequired":true,"valueName":"search_term_string"}}],"inLanguage":"ca-ES"},{"@type":"Organization","@id":"https:\/\/inprosy.com\/ca\/#organization","name":"Innovate Production Systems, S.L.","alternateName":"Inprosy","url":"https:\/\/inprosy.com\/ca\/","logo":{"@type":"ImageObject","inLanguage":"ca-ES","@id":"https:\/\/inprosy.com\/ca\/#\/schema\/logo\/image\/","url":"https:\/\/inprosy.com\/wp-content\/uploads\/2017\/07\/logo-header.jpg","contentUrl":"https:\/\/inprosy.com\/wp-content\/uploads\/2017\/07\/logo-header.jpg","width":800,"height":156,"caption":"Innovate Production Systems, S.L."},"image":{"@id":"https:\/\/inprosy.com\/ca\/#\/schema\/logo\/image\/"},"sameAs":["https:\/\/www.linkedin.com\/company\/inprosys\/","https:\/\/www.youtube.com\/channel\/UCuSsS6ets4VjRxVpkMgS2Mw"]}]}},"_links":{"self":[{"href":"https:\/\/inprosy.com\/ca\/wp-json\/wp\/v2\/pages\/12037","targetHints":{"allow":["GET"]}}],"collection":[{"href":"https:\/\/inprosy.com\/ca\/wp-json\/wp\/v2\/pages"}],"about":[{"href":"https:\/\/inprosy.com\/ca\/wp-json\/wp\/v2\/types\/page"}],"author":[{"embeddable":true,"href":"https:\/\/inprosy.com\/ca\/wp-json\/wp\/v2\/users\/1"}],"replies":[{"embeddable":true,"href":"https:\/\/inprosy.com\/ca\/wp-json\/wp\/v2\/comments?post=12037"}],"version-history":[{"count":0,"href":"https:\/\/inprosy.com\/ca\/wp-json\/wp\/v2\/pages\/12037\/revisions"}],"wp:attachment":[{"href":"https:\/\/inprosy.com\/ca\/wp-json\/wp\/v2\/media?parent=12037"}],"curies":[{"name":"wp","href":"https:\/\/api.w.org\/{rel}","templated":true}]}}