{"id":12045,"date":"2020-07-23T09:10:26","date_gmt":"2020-07-23T07:10:26","guid":{"rendered":"https:\/\/inprosy.com\/avis-legal\/"},"modified":"2024-04-29T16:05:28","modified_gmt":"2024-04-29T14:05:28","slug":"avis-legal","status":"publish","type":"page","link":"https:\/\/inprosy.com\/ca\/avis-legal\/","title":{"rendered":"Av\u00eds legal"},"content":{"rendered":"<section class=\"l-section wpb_row height_medium\"><div class=\"l-section-h i-cf\"><div class=\"g-cols vc_row via_flex valign_top type_default stacking_default\"><div class=\"vc_col-sm-12 wpb_column vc_column_container\"><div class=\"vc_column-inner\"><div class=\"wpb_wrapper\"><div class=\"wpb_text_column\"><div class=\"wpb_wrapper\"><h1>Av\u00eds legal<\/h1>\n<h4><strong>LLEI DELS SERVEIS DE LA SOCIETAT DE LA INFORMACI\u00d3 (LSSI)<\/strong><\/h4>\n<p>INNOVATIVE PRODUCTION SYSTEMS, S.L., responsable del lloc web, en endavant RESPONSABLE, posa a disposici\u00f3 dels usuaris el present document, amb el qual pret\u00e9n donar compliment a les obligacions que disposa la Llei 34\/2002, de l\u201911 de juliol, de serveis de la societat de la informaci\u00f3 i de comer\u00e7 electr\u00f2nic (LSSICE), BOE n. 166, aix\u00ed com informar tots els usuaris del lloc web respecte a quines s\u00f3n les condicions d\u2019\u00fas.<\/p>\n<p>Tota persona que accedeixi a aquest lloc web assumeix el paper d\u2019usuari, i es compromet a observar i complir rigorosament les disposicions establertes en aquest document, aix\u00ed com qualsevol altra disposici\u00f3 legal aplicable. INNOVATIVE PRODUCTION SYSTEMS, S.L.\u00a0es reserva el dret a modificar qualsevol classe d\u2019informaci\u00f3 que pugui apar\u00e8ixer al lloc web, sense que hi hagi obligaci\u00f3 de preavisar o posar en coneixement dels usuaris les dites modificacions, i s\u2019ent\u00e9n que \u00e9s suficient la seva publicaci\u00f3 al lloc web d\u2019INNOVATIVE PRODUCTION SYSTEMS, S.L.<\/p>\n<h5><strong>1. DADES IDENTIFICATIVES<\/strong><\/h5>\n<p>Nom de domini: <strong>inprosy.com<\/strong><br \/>\nNom comercial: <strong>INPROSY<\/strong><br \/>\nDenominaci\u00f3 social: <strong>INNOVATIVE PRODUCTION SYSTEMS, S.L.<br \/>\n<\/strong>CIF:\u00a0<strong>B-65859068<br \/>\n<\/strong>Domicili social: <strong>Miquel Servet, 2 \u00b7 P. I. Bufalvent \u00b7 08243 Manresa \u00b7 Barcelona \u00b7 Spain<\/strong><strong><br \/>\n<\/strong>Tel\u00e8fono: <strong>+34 935 15 30 95<\/strong><strong><br \/>\n<\/strong>E-mail: <a href=\"mailto:info@inprosy.com\"><strong>info@inprosy.com<\/strong><\/a><\/p>\n<p>Inscrita al Registre (Mercantil \/ P\u00fablic): <strong>Barcelona, Tom: 43.338, Foli: 176, Fulla: B 429.020, Inscripci\u00f3: 1a<\/strong><\/p>\n<h5><strong>2. DRETS DE PROPIETAT INTEL\u00b7LECTUAL I INDUSTRIAL<\/strong><\/h5>\n<p>El lloc web, inclosa a t\u00edtol enunciatiu per\u00f2 no limitatiu la seva programaci\u00f3, edici\u00f3, compilaci\u00f3 i resta d\u2019elements necessaris per al seu funcionament, els dissenys, logotips, textos i gr\u00e0fics, s\u00f3n propietat del RESPONSABLE o b\u00e9, si \u00e9s el cas, el RESPONSABLE disposa de llic\u00e8ncia o autoritzaci\u00f3 expressa per part dels autors. Tots els continguts del lloc web estan degudament protegits per la normativa de propietat intel\u00b7lectual i industrial, aix\u00ed com inscrits en els registres p\u00fablics corresponents.<\/p>\n<p>Independentment de la finalitat amb qu\u00e8 es faci, la seva reproducci\u00f3 total o parcial, \u00fas, explotaci\u00f3, distribuci\u00f3 i comercialitzaci\u00f3, requereix en tot cas l\u2019autoritzaci\u00f3 escrita pr\u00e8via per part del RESPONSABLE. Qualsevol \u00fas no autoritzat pr\u00e8viament es considera un incompliment greu dels drets de propietat intel\u00b7lectual o industrial de l\u2019autor.<\/p>\n<p>Els dissenys, logotips, textos i gr\u00e0fics aliens al RESPONSABLE que apareguin en el lloc web, pertanyen als seus propietaris respectius, i ells mateixos s\u00f3n els responsables de qualsevol possible controv\u00e8rsia que es pugui plantejar en relaci\u00f3 amb aquells. EL RESPONSABLE autoritza expressament que tercers puguin redirigir directament als continguts concrets del lloc web, i en tot cas, redirigir al lloc web principal d\u2019inprosy.com.<\/p>\n<p>EL RESPONSABLE reconeix a favor dels seus titulars els corresponents drets de propietat intel\u00b7lectual i industrial, i la seva menci\u00f3 o aparici\u00f3 en el lloc web no implica l\u2019exist\u00e8ncia de cap dret o responsabilitat sobre aquests drets, ni tampoc comporta suport, patrocini o recomanaci\u00f3 per part del responsable.<\/p>\n<p>Per fer qualsevol observaci\u00f3 respecte a possibles incompliments dels drets de propietat intel\u00b7lectual o industrial, aix\u00ed com sobre qualsevol dels continguts del lloc web, pot fer-ho a trav\u00e9s del correu electr\u00f2nic <a href=\"mailto:info@inprosy.com\">info@inprosy.com<\/a>.<\/p>\n<h5><strong>3. EXEMPCI\u00d3 DE RESPONSABILITATS<\/strong><\/h5>\n<p>El RESPONSABLE s\u2019eximeix de qualsevol responsabilitat derivada de la informaci\u00f3 publicada en el seu lloc web sempre que aquesta informaci\u00f3 hagi estat manipulada o introdu\u00efda per un tercer ali\u00e8 a aquest.<\/p>\n<p><strong>Us de galetes (<em>cookies<\/em>)<\/strong><\/p>\n<p>Aquest lloc web pot utilitzar galetes t\u00e8cniques (petits arxius d\u2019informaci\u00f3 que el servidor envia a l\u2019ordinador de qui accedeix a la p\u00e0gina) per dur a terme determinades funcions que es consideren imprescindibles per al correcte funcionament i visualitzaci\u00f3 del lloc. Les galetes utilitzades tenen, en tot cas, car\u00e0cter temporal, amb l\u2019\u00fanica finalitat de fer m\u00e9s efica\u00e7 la navegaci\u00f3, i desapareixen en acabar la sessi\u00f3 de l\u2019usuari. En cap cas, aquestes galetes proporcionen per elles mateixes dades de car\u00e0cter personal i no s\u2019utilitzaran per a la recollida d\u2019aquesta mena de dades.<\/p>\n<p>A trav\u00e9s de l\u2019\u00fas de galetes tamb\u00e9 \u00e9s possible que el servidor on es troba la web reconegui el navegador utilitzat per l\u2019usuari amb la finalitat que la navegaci\u00f3 sigui m\u00e9s senzilla, i que permeti, per exemple, l\u2019acc\u00e9s dels usuaris que s\u2019hagin registrat pr\u00e8viament a les \u00e0rees, serveis, promocions o concursos reservats exclusivament a ells sense haver-se de registrar a cada visita.<\/p>\n<p>Tamb\u00e9 es poden utilitzar per mesurar l\u2019audi\u00e8ncia, par\u00e0metres de tr\u00e0fic, controlar el progr\u00e9s i el nombre d\u2019entrades, etc., i en aquests casos s\u00f3n galetes prescindibles t\u00e8cnicament per\u00f2 beneficioses per a l\u2019usuari. Aquest lloc web no instal\u00b7lar\u00e0 galetes prescindibles sense el consentiment previ de l\u2019usuari.<\/p>\n<p>L\u2019usuari t\u00e9 la possibilitat de configurar el seu navegador per ser alertat de la recepci\u00f3 de galetes i per impedir que s\u2019instal\u00b7lin al seu equip. Si us plau, consulti les instruccions del seu navegador per ampliar aquesta informaci\u00f3.<\/p>\n<p><strong>Pol\u00edtica d\u2019enlla\u00e7os<\/strong><\/p>\n<p>Des del lloc web, \u00e9s possible que es redirigeixi a continguts de tercers llocs web. At\u00e8s que el RESPONSABLE no pot controlar sempre els continguts introdu\u00efts per tercers en els seus respectius llocs web, no assumeix cap mena de responsabilitat respecte als continguts esmentats. En tot cas, retirar\u00e0 immediatament qualsevol contingut que pogu\u00e9s contravenir la legislaci\u00f3 nacional i internacional, la moral o l\u2019ordre p\u00fablic, retirar\u00e0 immediatament la redirecci\u00f3 a aquest lloc web i posar\u00e0 en coneixement de les autoritats competents el contingut en q\u00fcesti\u00f3.<\/p>\n<p>EL RESPONSABLE no es fa responsable de la informaci\u00f3 i continguts emmagatzemats, a t\u00edtol enunciatiu per\u00f2 no limitatiu, en f\u00f2rums, xats, generadors de blogs, comentaris, xarxes socials o qualsevol altre mitj\u00e0 que permeti a tercers publicar continguts de forma independent a la p\u00e0gina web del RESPONSABLE. Aix\u00f2 no obstant, en compliment del que disposen els articles 11 i 16 de la LSSICE, es posa a disposici\u00f3 de tots els usuaris, autoritats i forces de seguretat, i col\u00b7laborar\u00e0 activament en la retirada o, si \u00e9s el cas, bloqueig, de tots aquells continguts que puguin afectar o contravenir la legislaci\u00f3 nacional o internacional, els drets de tercers, la moral o l\u2019ordre p\u00fablic. En cas que l\u2019usuari consideri que en el lloc web hi ha algun contingut que pogu\u00e9s ser susceptible d\u2019aquesta classificaci\u00f3, es prega que ho notifiqui de forma immediata a l\u2019administrador del lloc web.<\/p>\n<p>Aquest lloc web ha estat revisat i provat perqu\u00e8 funcioni correctament. En principi, es pot garantir el correcte funcionament els 365 dies de l\u2019any, 24 hores al dia. Amb tot, el RESPONSABLE no descarta la possibilitat que existeixin certs errors de programaci\u00f3, o que s\u2019esdevinguin causes de for\u00e7a major, cat\u00e0strofes naturals, vagues o circumst\u00e0ncies semblants que facin impossible l\u2019acc\u00e9s a la p\u00e0gina web.<\/p>\n<p><strong>Adreces IP<\/strong><\/p>\n<p>Els servidors del lloc web podran detectar de manera autom\u00e0tica la adre\u00e7a IP i el nom de domini utilitzats per l\u2019usuari. Una adre\u00e7a IP es un n\u00famero assignat autom\u00e0ticament a un ordinador quan aquest es connecta a Internet. Tota aquesta informaci\u00f3 queda registrada en un fitxer d\u2019activitat del servidor degudament inscrit, que permet el processament posterior de les dades amb la finalitat d\u2019obtenir mesuraments \u00fanicament estad\u00edstics, amb la finalitat de con\u00e8ixer el nombre d\u2019impressions de p\u00e0gines, el nombre de visites realitzades als servidors web, l\u2019ordre de visites, el punt d\u2019acc\u00e9s, etc.<\/p>\n<h5><strong>4. LLEI APLICABLE I JURISDICCI\u00d3<\/strong><\/h5>\n<p>Per a la resoluci\u00f3 de totes les controv\u00e8rsies o q\u00fcestions relacionades amb el present lloc web o de les activitats que s\u2019hi desenvolupin, ser\u00e0 aplicable la legislaci\u00f3 espanyola, a la qual se sotmeten les parts, i per a la resoluci\u00f3 de tots els conflictes derivats o relacionats amb el seu \u00fas seran competents els jutjats i tribunals m\u00e9s propers a Barcelona.<\/p>\n<\/div><\/div><\/div><\/div><\/div><\/div><\/div><\/section>\n","protected":false},"excerpt":{"rendered":"Av\u00eds legal LLEI DELS SERVEIS DE LA SOCIETAT DE LA INFORMACI\u00d3 (LSSI) INNOVATIVE PRODUCTION SYSTEMS, S.L., responsable del lloc web, en endavant RESPONSABLE, posa a disposici\u00f3 dels usuaris el present document, amb el qual pret\u00e9n donar compliment a les obligacions que disposa la Llei 34\/2002, de l\u201911 de juliol, de serveis de la societat de...","protected":false},"author":1,"featured_media":0,"parent":0,"menu_order":99,"comment_status":"closed","ping_status":"closed","template":"","meta":{"_acf_changed":false,"footnotes":""},"class_list":["post-12045","page","type-page","status-publish","hentry"],"acf":[],"yoast_head":"<!-- This site is optimized with the Yoast SEO plugin v27.3 - https:\/\/yoast.com\/product\/yoast-seo-wordpress\/ -->\n<title>Av\u00eds legal &#8211; Inprosy<\/title>\n<meta name=\"description\" content=\"Avis legal i politica de privacitat de la p\u00e0gina web oficial d&#039;Inprosy.\" \/>\n<meta name=\"robots\" content=\"noindex, follow\" \/>\n<meta property=\"og:locale\" content=\"ca_ES\" \/>\n<meta property=\"og:type\" content=\"article\" \/>\n<meta property=\"og:title\" content=\"Av\u00eds legal &#8211; Inprosy\" \/>\n<meta property=\"og:description\" content=\"Avis legal i politica de privacitat de la p\u00e0gina web oficial d&#039;Inprosy.\" \/>\n<meta property=\"og:url\" content=\"https:\/\/inprosy.com\/ca\/avis-legal\/\" \/>\n<meta property=\"og:site_name\" content=\"Inprosy\" \/>\n<meta property=\"article:modified_time\" content=\"2024-04-29T14:05:28+00:00\" \/>\n<meta property=\"og:image\" content=\"https:\/\/inprosy.com\/wp-content\/uploads\/2017\/07\/logo-header.jpg\" \/>\n\t<meta property=\"og:image:width\" content=\"800\" \/>\n\t<meta property=\"og:image:height\" content=\"156\" \/>\n\t<meta property=\"og:image:type\" content=\"image\/jpeg\" \/>\n<meta name=\"twitter:label1\" content=\"Est. reading time\" \/>\n\t<meta name=\"twitter:data1\" content=\"6 minutes\" \/>\n<script type=\"application\/ld+json\" class=\"yoast-schema-graph\">{\"@context\":\"https:\\\/\\\/schema.org\",\"@graph\":[{\"@type\":\"WebPage\",\"@id\":\"https:\\\/\\\/inprosy.com\\\/ca\\\/avis-legal\\\/\",\"url\":\"https:\\\/\\\/inprosy.com\\\/ca\\\/avis-legal\\\/\",\"name\":\"Av\u00eds legal &#8211; Inprosy\",\"isPartOf\":{\"@id\":\"https:\\\/\\\/inprosy.com\\\/ca\\\/#website\"},\"datePublished\":\"2020-07-23T07:10:26+00:00\",\"dateModified\":\"2024-04-29T14:05:28+00:00\",\"description\":\"Avis legal i politica de privacitat de la p\u00e0gina web oficial d'Inprosy.\",\"breadcrumb\":{\"@id\":\"https:\\\/\\\/inprosy.com\\\/ca\\\/avis-legal\\\/#breadcrumb\"},\"inLanguage\":\"ca-ES\",\"potentialAction\":[{\"@type\":\"ReadAction\",\"target\":[\"https:\\\/\\\/inprosy.com\\\/ca\\\/avis-legal\\\/\"]}]},{\"@type\":\"BreadcrumbList\",\"@id\":\"https:\\\/\\\/inprosy.com\\\/ca\\\/avis-legal\\\/#breadcrumb\",\"itemListElement\":[{\"@type\":\"ListItem\",\"position\":1,\"name\":\"Portada\",\"item\":\"https:\\\/\\\/inprosy.com\\\/ca\\\/\"},{\"@type\":\"ListItem\",\"position\":2,\"name\":\"Av\u00eds legal\"}]},{\"@type\":\"WebSite\",\"@id\":\"https:\\\/\\\/inprosy.com\\\/ca\\\/#website\",\"url\":\"https:\\\/\\\/inprosy.com\\\/ca\\\/\",\"name\":\"Inprosy\",\"description\":\"Soluciones para la gesti\u00f3n de flujos de producci\u00f3n\",\"publisher\":{\"@id\":\"https:\\\/\\\/inprosy.com\\\/ca\\\/#organization\"},\"potentialAction\":[{\"@type\":\"SearchAction\",\"target\":{\"@type\":\"EntryPoint\",\"urlTemplate\":\"https:\\\/\\\/inprosy.com\\\/ca\\\/?s={search_term_string}\"},\"query-input\":{\"@type\":\"PropertyValueSpecification\",\"valueRequired\":true,\"valueName\":\"search_term_string\"}}],\"inLanguage\":\"ca-ES\"},{\"@type\":\"Organization\",\"@id\":\"https:\\\/\\\/inprosy.com\\\/ca\\\/#organization\",\"name\":\"Innovate Production Systems, S.L.\",\"alternateName\":\"Inprosy\",\"url\":\"https:\\\/\\\/inprosy.com\\\/ca\\\/\",\"logo\":{\"@type\":\"ImageObject\",\"inLanguage\":\"ca-ES\",\"@id\":\"https:\\\/\\\/inprosy.com\\\/ca\\\/#\\\/schema\\\/logo\\\/image\\\/\",\"url\":\"https:\\\/\\\/inprosy.com\\\/wp-content\\\/uploads\\\/2017\\\/07\\\/logo-header.jpg\",\"contentUrl\":\"https:\\\/\\\/inprosy.com\\\/wp-content\\\/uploads\\\/2017\\\/07\\\/logo-header.jpg\",\"width\":800,\"height\":156,\"caption\":\"Innovate Production Systems, S.L.\"},\"image\":{\"@id\":\"https:\\\/\\\/inprosy.com\\\/ca\\\/#\\\/schema\\\/logo\\\/image\\\/\"},\"sameAs\":[\"https:\\\/\\\/www.linkedin.com\\\/company\\\/inprosys\\\/\",\"https:\\\/\\\/www.youtube.com\\\/channel\\\/UCuSsS6ets4VjRxVpkMgS2Mw\"]}]}<\/script>\n<!-- \/ Yoast SEO plugin. -->","yoast_head_json":{"title":"Av\u00eds legal &#8211; Inprosy","description":"Avis legal i politica de privacitat de la p\u00e0gina web oficial d'Inprosy.","robots":{"index":"noindex","follow":"follow"},"og_locale":"ca_ES","og_type":"article","og_title":"Av\u00eds legal &#8211; Inprosy","og_description":"Avis legal i politica de privacitat de la p\u00e0gina web oficial d'Inprosy.","og_url":"https:\/\/inprosy.com\/ca\/avis-legal\/","og_site_name":"Inprosy","article_modified_time":"2024-04-29T14:05:28+00:00","og_image":[{"width":800,"height":156,"url":"https:\/\/inprosy.com\/wp-content\/uploads\/2017\/07\/logo-header.jpg","type":"image\/jpeg"}],"twitter_misc":{"Est. reading time":"6 minutes"},"schema":{"@context":"https:\/\/schema.org","@graph":[{"@type":"WebPage","@id":"https:\/\/inprosy.com\/ca\/avis-legal\/","url":"https:\/\/inprosy.com\/ca\/avis-legal\/","name":"Av\u00eds legal &#8211; Inprosy","isPartOf":{"@id":"https:\/\/inprosy.com\/ca\/#website"},"datePublished":"2020-07-23T07:10:26+00:00","dateModified":"2024-04-29T14:05:28+00:00","description":"Avis legal i politica de privacitat de la p\u00e0gina web oficial d'Inprosy.","breadcrumb":{"@id":"https:\/\/inprosy.com\/ca\/avis-legal\/#breadcrumb"},"inLanguage":"ca-ES","potentialAction":[{"@type":"ReadAction","target":["https:\/\/inprosy.com\/ca\/avis-legal\/"]}]},{"@type":"BreadcrumbList","@id":"https:\/\/inprosy.com\/ca\/avis-legal\/#breadcrumb","itemListElement":[{"@type":"ListItem","position":1,"name":"Portada","item":"https:\/\/inprosy.com\/ca\/"},{"@type":"ListItem","position":2,"name":"Av\u00eds legal"}]},{"@type":"WebSite","@id":"https:\/\/inprosy.com\/ca\/#website","url":"https:\/\/inprosy.com\/ca\/","name":"Inprosy","description":"Soluciones para la gesti\u00f3n de flujos de producci\u00f3n","publisher":{"@id":"https:\/\/inprosy.com\/ca\/#organization"},"potentialAction":[{"@type":"SearchAction","target":{"@type":"EntryPoint","urlTemplate":"https:\/\/inprosy.com\/ca\/?s={search_term_string}"},"query-input":{"@type":"PropertyValueSpecification","valueRequired":true,"valueName":"search_term_string"}}],"inLanguage":"ca-ES"},{"@type":"Organization","@id":"https:\/\/inprosy.com\/ca\/#organization","name":"Innovate Production Systems, S.L.","alternateName":"Inprosy","url":"https:\/\/inprosy.com\/ca\/","logo":{"@type":"ImageObject","inLanguage":"ca-ES","@id":"https:\/\/inprosy.com\/ca\/#\/schema\/logo\/image\/","url":"https:\/\/inprosy.com\/wp-content\/uploads\/2017\/07\/logo-header.jpg","contentUrl":"https:\/\/inprosy.com\/wp-content\/uploads\/2017\/07\/logo-header.jpg","width":800,"height":156,"caption":"Innovate Production Systems, S.L."},"image":{"@id":"https:\/\/inprosy.com\/ca\/#\/schema\/logo\/image\/"},"sameAs":["https:\/\/www.linkedin.com\/company\/inprosys\/","https:\/\/www.youtube.com\/channel\/UCuSsS6ets4VjRxVpkMgS2Mw"]}]}},"_links":{"self":[{"href":"https:\/\/inprosy.com\/ca\/wp-json\/wp\/v2\/pages\/12045","targetHints":{"allow":["GET"]}}],"collection":[{"href":"https:\/\/inprosy.com\/ca\/wp-json\/wp\/v2\/pages"}],"about":[{"href":"https:\/\/inprosy.com\/ca\/wp-json\/wp\/v2\/types\/page"}],"author":[{"embeddable":true,"href":"https:\/\/inprosy.com\/ca\/wp-json\/wp\/v2\/users\/1"}],"replies":[{"embeddable":true,"href":"https:\/\/inprosy.com\/ca\/wp-json\/wp\/v2\/comments?post=12045"}],"version-history":[{"count":0,"href":"https:\/\/inprosy.com\/ca\/wp-json\/wp\/v2\/pages\/12045\/revisions"}],"wp:attachment":[{"href":"https:\/\/inprosy.com\/ca\/wp-json\/wp\/v2\/media?parent=12045"}],"curies":[{"name":"wp","href":"https:\/\/api.w.org\/{rel}","templated":true}]}}