{"id":12077,"date":"2020-07-23T09:30:02","date_gmt":"2020-07-23T07:30:02","guid":{"rendered":"https:\/\/inprosy.com\/per-funcio\/unificar\/"},"modified":"2020-09-28T10:05:15","modified_gmt":"2020-09-28T08:05:15","slug":"unificar","status":"publish","type":"page","link":"https:\/\/inprosy.com\/ca\/per-funcio\/unificar\/","title":{"rendered":"Unificar"},"content":{"rendered":"<section class=\"l-section wpb_row height_medium\"><div class=\"l-section-h i-cf\"><div class=\"g-cols vc_row via_flex valign_top type_default stacking_default\"><div class=\"vc_col-sm-12 wpb_column vc_column_container\"><div class=\"vc_column-inner\"><div class=\"wpb_wrapper\"><nav class=\"g-breadcrumbs us_custom_11861369 separator_icon align_none\" itemscope itemtype=\"http:\/\/schema.org\/BreadcrumbList\"><div class=\"g-breadcrumbs-item\" itemscope itemprop=\"itemListElement\" itemtype=\"http:\/\/schema.org\/ListItem\"><a itemprop=\"item\" href=\"https:\/\/inprosy.com\/ca\/\"><span itemprop=\"name\">Inici<\/span><\/a><meta itemprop=\"position\" content=\"1\"\/><\/div><div class=\"g-breadcrumbs-separator\"><i class=\"far fa-angle-right\"><\/i><\/div><div class=\"g-breadcrumbs-item\">Pages<\/div><\/nav><div class=\"w-separator size_small\"><\/div><h1 class=\"w-post-elm post_title entry-title color_link_inherit\">Unificar<\/h1><div class=\"w-separator size_medium\"><\/div><div class=\"g-cols wpb_row via_flex valign_top type_default stacking_default\"><div class=\"vc_col-sm-10 wpb_column vc_column_container\"><div class=\"vc_column-inner\"><div class=\"wpb_wrapper\"><div class=\"wpb_text_column\"><div class=\"wpb_wrapper\"><h4>Unificaci\u00f3 dels fluxos de productes de dues l\u00ednies de producci\u00f3 o m\u00e9s, amb conversi\u00f3 de la cad\u00e8ncia d&#8217;entrada de productes a la cad\u00e8ncia requerida per la seg\u00fcent estaci\u00f3 de treball, que aconsegueix un augment del rendiment total de la l\u00ednia.<\/h4>\n<\/div><\/div><\/div><\/div><\/div><div class=\"vc_col-sm-2 wpb_column vc_column_container\"><div class=\"vc_column-inner\"><div class=\"wpb_wrapper\"><\/div><\/div><\/div><\/div><\/div><\/div><\/div><\/div><\/div><\/section><section class=\"l-section wpb_row height_medium\"><div class=\"l-section-h i-cf\"><div class=\"g-cols vc_row via_flex valign_top type_default stacking_default\"><div class=\"vc_col-sm-12 wpb_column vc_column_container\"><div class=\"vc_column-inner\"><div class=\"wpb_wrapper\"><div class=\"w-grid type_grid layout_7608 cols_4 valign_center preload_style_spinner\" id=\"us_grid_1\" style=\"--columns:4;--gap:1.2rem;\" data-filterable=\"true\"><style>@media (max-width:1024px){#us_grid_1{--columns:2!important}}@media (max-width:600px){#us_grid_1{--columns:1!important}}.layout_7608 .w-grid-item-h{}.layout_7608 .usg_post_image_1{transition-duration:0.3s;transform-origin:50% 50%;transform:scale(1) translate(0%,0%)}.layout_7608 .w-grid-item-h:focus-within .usg_post_image_1,.layout_7608 .w-grid-item-h:hover .usg_post_image_1{transform:scale(0.95) translate(0%,0%);opacity:0.6}.layout_7608 .usg_post_image_1{margin-bottom:0.5rem!important}.layout_7608 .usg_post_title_1{min-height:5rem!important}<\/style><div class=\"w-grid-list\">\t<article class=\"w-grid-item size_1x1 post-12300 us_portfolio type-us_portfolio status-publish has-post-thumbnail hentry us_portfolio_category-unificador-de-linies us_portfolio_category-unificar\" data-id=\"12300\">\r\n\t\t<div class=\"w-grid-item-h\">\r\n\t\t\t\t\t\t\t<a href=\"https:\/\/inprosy.com\/ca\/unificador-linies-produccio\/\" class=\"w-grid-item-anchor\" aria-label=\"Unificador de l\u00ednies\"><\/a>\r\n\t\t\t\t\t\t<div class=\"w-post-elm post_image usg_post_image_1\"><img loading=\"lazy\" decoding=\"async\" width=\"720\" height=\"720\" src=\"https:\/\/inprosy.com\/wp-content\/uploads\/2020\/05\/UL-1-e1595865533173.png\" class=\"attachment- size- wp-post-image\" alt=\"Unificador de l\u00edneas producci\u00f3n - Inprosy\" \/><\/div><div class=\"w-vwrapper usg_vwrapper_1 align_center valign_top\" style=\"--vwrapper-gap:\"><h6 class=\"w-post-elm post_title usg_post_title_1 align_center entry-title color_link_inherit\">Unificador de l\u00ednies<\/h6><\/div>\t\t<\/div>\r\n\t\t\t<\/article>\r\n<\/div><div class=\"w-grid-preloader\">\t<div class=\"g-preloader type_1\">\r\n\t\t<div><\/div>\r\n\t<\/div>\r\n\t<\/div>\t<div class=\"w-grid-json hidden\" onclick='return {&quot;action&quot;:&quot;us_ajax_grid&quot;,&quot;infinite_scroll&quot;:0,&quot;max_num_pages&quot;:1,&quot;pagination&quot;:&quot;none&quot;,&quot;template_vars&quot;:{&quot;columns&quot;:&quot;4&quot;,&quot;exclude_items&quot;:&quot;none&quot;,&quot;img_size&quot;:&quot;default&quot;,&quot;ignore_items_size&quot;:0,&quot;items_layout&quot;:&quot;7608&quot;,&quot;items_offset&quot;:&quot;1&quot;,&quot;load_animation&quot;:&quot;none&quot;,&quot;overriding_link&quot;:&quot;%7B%22type%22%3A%22post%22%7D&quot;,&quot;post_id&quot;:0,&quot;query_args&quot;:{&quot;post_type&quot;:[&quot;us_portfolio&quot;],&quot;tax_query&quot;:[{&quot;taxonomy&quot;:&quot;us_portfolio_category&quot;,&quot;field&quot;:&quot;slug&quot;,&quot;terms&quot;:[&quot;funcion_regular&quot;,&quot;funcion-unificar-dividir&quot;]}],&quot;post_status&quot;:[&quot;publish&quot;,&quot;acf-disabled&quot;],&quot;posts_per_page&quot;:999},&quot;orderby_query_args&quot;:{&quot;orderby&quot;:{&quot;menu_order&quot;:&quot;ASC&quot;},&quot;order&quot;:&quot;ASC&quot;},&quot;type&quot;:&quot;grid&quot;,&quot;us_grid_post_type&quot;:&quot;us_portfolio&quot;,&quot;us_grid_ajax_index&quot;:1,&quot;us_grid_filter_query_string&quot;:null,&quot;us_grid_index&quot;:1,&quot;page_args&quot;:[],&quot;lang&quot;:&quot;ca&quot;}}'><\/div>\r\n\t<\/div><\/div><\/div><\/div><\/div><\/div><\/section><section class=\"l-section wpb_row height_medium color_alternate\"><div class=\"l-section-h i-cf\"><div class=\"g-cols vc_row via_flex valign_top type_default stacking_default\"><div class=\"vc_col-sm-3 wpb_column vc_column_container\"><div class=\"vc_column-inner\"><div class=\"wpb_wrapper\"><\/div><\/div><\/div><div class=\"vc_col-sm-6 wpb_column vc_column_container\"><div class=\"vc_column-inner\"><div class=\"wpb_wrapper\"><div class=\"w-grid type_grid layout_8806 cols_6 preload_style_spinner\" id=\"us_grid_2\" style=\"--columns:6;--gap:1.2rem;\" data-filterable=\"true\"><style>@media (max-width:1024px){#us_grid_2{--columns:5!important}}@media (max-width:600px){#us_grid_2{--columns:5!important}}.layout_8806 .w-grid-item-h{}.layout_8806 .usg_vwrapper_1{padding-top:0.2rem!important}.layout_8806 .usg_post_title_1{text-align:center!important;font-weight:500!important;font-size:0.75rem!important;line-height:1.4!important;margin-bottom:0!important}<\/style><div class=\"w-grid-list\">\t<article class=\"w-grid-item size_1x1 post-8285 attachment type-attachment status-inherit hentry\" data-id=\"8285\">\r\n\t\t<div class=\"w-grid-item-h\">\r\n\t\t\t\t\t\t<div class=\"w-post-elm post_image usg_post_image_1 stretched\"><img loading=\"lazy\" decoding=\"async\" width=\"61\" height=\"61\" src=\"https:\/\/inprosy.com\/wp-content\/uploads\/2020\/05\/picto-cajas-e1595865813999.png\" class=\"attachment-us_70_61 size-us_70_61\" alt=\"\" \/><\/div><div class=\"w-vwrapper usg_vwrapper_1 align_center valign_top\" style=\"--vwrapper-gap:\"><p class=\"w-post-elm post_title usg_post_title_1 hide_if_not_first align_center entry-title color_link_inherit\">caixes<\/p><\/div>\t\t<\/div>\r\n\t\t\t<\/article>\r\n\t<article class=\"w-grid-item size_1x1 post-8301 attachment type-attachment status-inherit hentry\" data-id=\"8301\">\r\n\t\t<div class=\"w-grid-item-h\">\r\n\t\t\t\t\t\t<div class=\"w-post-elm post_image usg_post_image_1 stretched\"><img loading=\"lazy\" decoding=\"async\" width=\"61\" height=\"61\" src=\"https:\/\/inprosy.com\/wp-content\/uploads\/2020\/05\/picto-packs-e1595865742221.png\" class=\"attachment-us_70_61 size-us_70_61\" alt=\"\" \/><\/div><div class=\"w-vwrapper usg_vwrapper_1 align_center valign_top\" style=\"--vwrapper-gap:\"><p class=\"w-post-elm post_title usg_post_title_1 hide_if_not_first align_center entry-title color_link_inherit\">packs<\/p><\/div>\t\t<\/div>\r\n\t\t\t<\/article>\r\n\t<article class=\"w-grid-item size_1x1 post-8281 attachment type-attachment status-inherit hentry\" data-id=\"8281\">\r\n\t\t<div class=\"w-grid-item-h\">\r\n\t\t\t\t\t\t<div class=\"w-post-elm post_image usg_post_image_1 stretched\"><img loading=\"lazy\" decoding=\"async\" width=\"61\" height=\"61\" src=\"https:\/\/inprosy.com\/wp-content\/uploads\/2020\/05\/picto-bricks-e1595865822485.png\" class=\"attachment-us_70_61 size-us_70_61\" alt=\"\" \/><\/div><div class=\"w-vwrapper usg_vwrapper_1 align_center valign_top\" style=\"--vwrapper-gap:\"><p class=\"w-post-elm post_title usg_post_title_1 hide_if_not_first align_center entry-title color_link_inherit\">bricks<\/p><\/div>\t\t<\/div>\r\n\t\t\t<\/article>\r\n\t<article class=\"w-grid-item size_1x1 post-8289 attachment type-attachment status-inherit hentry\" data-id=\"8289\">\r\n\t\t<div class=\"w-grid-item-h\">\r\n\t\t\t\t\t\t<div class=\"w-post-elm post_image usg_post_image_1 stretched\"><img loading=\"lazy\" decoding=\"async\" width=\"61\" height=\"61\" src=\"https:\/\/inprosy.com\/wp-content\/uploads\/2020\/05\/picto-doypacks-e1595865806784.png\" class=\"attachment-us_70_61 size-us_70_61\" alt=\"\" \/><\/div><div class=\"w-vwrapper usg_vwrapper_1 align_center valign_top\" style=\"--vwrapper-gap:\"><p class=\"w-post-elm post_title usg_post_title_1 hide_if_not_first align_center entry-title color_link_inherit\">doypacks<\/p><\/div>\t\t<\/div>\r\n\t\t\t<\/article>\r\n\t<article class=\"w-grid-item size_1x1 post-8293 attachment type-attachment status-inherit hentry\" data-id=\"8293\">\r\n\t\t<div class=\"w-grid-item-h\">\r\n\t\t\t\t\t\t<div class=\"w-post-elm post_image usg_post_image_1 stretched\"><img loading=\"lazy\" decoding=\"async\" width=\"61\" height=\"61\" src=\"https:\/\/inprosy.com\/wp-content\/uploads\/2020\/05\/picto-flowpacks-e1595865762152.png\" class=\"attachment-us_70_61 size-us_70_61\" alt=\"\" \/><\/div><div class=\"w-vwrapper usg_vwrapper_1 align_center valign_top\" style=\"--vwrapper-gap:\"><p class=\"w-post-elm post_title usg_post_title_1 hide_if_not_first align_center entry-title color_link_inherit\">flowpacks<\/p><\/div>\t\t<\/div>\r\n\t\t\t<\/article>\r\n\t<article class=\"w-grid-item size_1x1 post-8297 attachment type-attachment status-inherit hentry\" data-id=\"8297\">\r\n\t\t<div class=\"w-grid-item-h\">\r\n\t\t\t\t\t\t<div class=\"w-post-elm post_image usg_post_image_1 stretched\"><img loading=\"lazy\" decoding=\"async\" width=\"61\" height=\"61\" src=\"https:\/\/inprosy.com\/wp-content\/uploads\/2020\/05\/picto-frascos-e1595865752751.png\" class=\"attachment-us_70_61 size-us_70_61\" alt=\"\" \/><\/div><div class=\"w-vwrapper usg_vwrapper_1 align_center valign_top\" style=\"--vwrapper-gap:\"><p class=\"w-post-elm post_title usg_post_title_1 hide_if_not_first align_center entry-title color_link_inherit\">flascons<\/p><\/div>\t\t<\/div>\r\n\t\t\t<\/article>\r\n\t<article class=\"w-grid-item size_1x1 post-8277 attachment type-attachment status-inherit hentry\" data-id=\"8277\">\r\n\t\t<div class=\"w-grid-item-h\">\r\n\t\t\t\t\t\t<div class=\"w-post-elm post_image usg_post_image_1 stretched\"><img loading=\"lazy\" decoding=\"async\" width=\"61\" height=\"61\" src=\"https:\/\/inprosy.com\/wp-content\/uploads\/2020\/05\/picto-botes-e1595865830297.png\" class=\"attachment-us_70_61 size-us_70_61\" alt=\"\" \/><\/div><div class=\"w-vwrapper usg_vwrapper_1 align_center valign_top\" style=\"--vwrapper-gap:\"><p class=\"w-post-elm post_title usg_post_title_1 hide_if_not_first align_center entry-title color_link_inherit\">pots<\/p><\/div>\t\t<\/div>\r\n\t\t\t<\/article>\r\n\t<article class=\"w-grid-item size_1x1 post-8265 attachment type-attachment status-inherit hentry\" data-id=\"8265\">\r\n\t\t<div class=\"w-grid-item-h\">\r\n\t\t\t\t\t\t<div class=\"w-post-elm post_image usg_post_image_1 stretched\"><img loading=\"lazy\" decoding=\"async\" width=\"61\" height=\"61\" src=\"https:\/\/inprosy.com\/wp-content\/uploads\/2020\/05\/picto-bandejas-e1595865864484.png\" class=\"attachment-us_70_61 size-us_70_61\" alt=\"\" \/><\/div><div class=\"w-vwrapper usg_vwrapper_1 align_center valign_top\" style=\"--vwrapper-gap:\"><p class=\"w-post-elm post_title usg_post_title_1 hide_if_not_first align_center entry-title color_link_inherit\">safates<\/p><\/div>\t\t<\/div>\r\n\t\t\t<\/article>\r\n\t<article class=\"w-grid-item size_1x1 post-8269 attachment type-attachment status-inherit hentry\" data-id=\"8269\">\r\n\t\t<div class=\"w-grid-item-h\">\r\n\t\t\t\t\t\t<div class=\"w-post-elm post_image usg_post_image_1 stretched\"><img loading=\"lazy\" decoding=\"async\" width=\"61\" height=\"61\" src=\"https:\/\/inprosy.com\/wp-content\/uploads\/2020\/05\/picto-bolsitas-e1595865846300.png\" class=\"attachment-us_70_61 size-us_70_61\" alt=\"\" \/><\/div><div class=\"w-vwrapper usg_vwrapper_1 align_center valign_top\" style=\"--vwrapper-gap:\"><p class=\"w-post-elm post_title usg_post_title_1 hide_if_not_first align_center entry-title color_link_inherit\">bossetes<\/p><\/div>\t\t<\/div>\r\n\t\t\t<\/article>\r\n\t<article class=\"w-grid-item size_1x1 post-8273 attachment type-attachment status-inherit hentry\" data-id=\"8273\">\r\n\t\t<div class=\"w-grid-item-h\">\r\n\t\t\t\t\t\t<div class=\"w-post-elm post_image usg_post_image_1 stretched\"><img loading=\"lazy\" decoding=\"async\" width=\"61\" height=\"61\" src=\"https:\/\/inprosy.com\/wp-content\/uploads\/2020\/05\/picto-botellas-e1595865839184.png\" class=\"attachment-us_70_61 size-us_70_61\" alt=\"\" \/><\/div><div class=\"w-vwrapper usg_vwrapper_1 align_center valign_top\" style=\"--vwrapper-gap:\"><p class=\"w-post-elm post_title usg_post_title_1 hide_if_not_first align_center entry-title color_link_inherit\">ampolles<\/p><\/div>\t\t<\/div>\r\n\t\t\t<\/article>\r\n\t<article class=\"w-grid-item size_1x1 post-9056 attachment type-attachment status-inherit hentry\" data-id=\"9056\">\r\n\t\t<div class=\"w-grid-item-h\">\r\n\t\t\t\t\t\t<div class=\"w-post-elm post_image usg_post_image_1 stretched\"><img loading=\"lazy\" decoding=\"async\" width=\"70\" height=\"61\" src=\"https:\/\/inprosy.com\/wp-content\/uploads\/2020\/05\/picto-engranajes--70x61.png\" class=\"attachment-us_70_61 size-us_70_61\" alt=\"\" srcset=\"https:\/\/inprosy.com\/wp-content\/uploads\/2020\/05\/picto-engranajes--70x61.png 70w, https:\/\/inprosy.com\/wp-content\/uploads\/2020\/05\/picto-engranajes--300x261.png 300w, https:\/\/inprosy.com\/wp-content\/uploads\/2020\/05\/picto-engranajes-.png 700w\" sizes=\"auto, (max-width: 70px) 100vw, 70px\" \/><\/div><div class=\"w-vwrapper usg_vwrapper_1 align_center valign_top\" style=\"--vwrapper-gap:\"><p class=\"w-post-elm post_title usg_post_title_1 hide_if_not_first align_center entry-title color_link_inherit\">components mec\u00e0nics<\/p><\/div>\t\t<\/div>\r\n\t\t\t<\/article>\r\n\t<article class=\"w-grid-item size_1x1 post-11434 attachment type-attachment status-inherit hentry\" data-id=\"11434\">\r\n\t\t<div class=\"w-grid-item-h\">\r\n\t\t\t\t\t\t<div class=\"w-post-elm post_image usg_post_image_1 stretched\"><img loading=\"lazy\" decoding=\"async\" width=\"70\" height=\"61\" src=\"https:\/\/inprosy.com\/wp-content\/uploads\/2020\/07\/picto-com-electricos-70x61.png\" class=\"attachment-us_70_61 size-us_70_61\" alt=\"\" srcset=\"https:\/\/inprosy.com\/wp-content\/uploads\/2020\/07\/picto-com-electricos-70x61.png 70w, https:\/\/inprosy.com\/wp-content\/uploads\/2020\/07\/picto-com-electricos-300x261.png 300w, https:\/\/inprosy.com\/wp-content\/uploads\/2020\/07\/picto-com-electricos.png 700w\" sizes=\"auto, (max-width: 70px) 100vw, 70px\" \/><\/div><div class=\"w-vwrapper usg_vwrapper_1 align_center valign_top\" style=\"--vwrapper-gap:\"><p class=\"w-post-elm post_title usg_post_title_1 hide_if_not_first align_center entry-title color_link_inherit\">compontents el\u00e8ctr\u00f2nics<\/p><\/div>\t\t<\/div>\r\n\t\t\t<\/article>\r\n<\/div><div class=\"w-grid-preloader\">\t<div class=\"g-preloader type_1\">\r\n\t\t<div><\/div>\r\n\t<\/div>\r\n\t<\/div>\t<div class=\"w-grid-json hidden\" onclick='return {&quot;action&quot;:&quot;us_ajax_grid&quot;,&quot;infinite_scroll&quot;:0,&quot;max_num_pages&quot;:1,&quot;pagination&quot;:&quot;none&quot;,&quot;template_vars&quot;:{&quot;columns&quot;:&quot;6&quot;,&quot;exclude_items&quot;:&quot;none&quot;,&quot;img_size&quot;:&quot;us_70_61&quot;,&quot;ignore_items_size&quot;:0,&quot;items_layout&quot;:&quot;8806&quot;,&quot;items_offset&quot;:&quot;1&quot;,&quot;load_animation&quot;:&quot;none&quot;,&quot;overriding_link&quot;:&quot;{\\&quot;url\\&quot;:\\&quot;\\&quot;}&quot;,&quot;post_id&quot;:0,&quot;query_args&quot;:{&quot;post_type&quot;:[&quot;attachment&quot;],&quot;post__in&quot;:[&quot;8284&quot;,&quot;8300&quot;,&quot;8280&quot;,&quot;8288&quot;,&quot;8292&quot;,&quot;8296&quot;,&quot;8276&quot;,&quot;8264&quot;,&quot;8268&quot;,&quot;8272&quot;,&quot;9055&quot;,&quot;11437&quot;],&quot;post_status&quot;:&quot;inherit&quot;,&quot;post_mime_type&quot;:&quot;image&quot;,&quot;posts_per_page&quot;:&quot;12&quot;},&quot;orderby_query_args&quot;:{&quot;orderby&quot;:{&quot;post__in&quot;:&quot;ASC&quot;},&quot;order&quot;:&quot;ASC&quot;},&quot;type&quot;:&quot;grid&quot;,&quot;us_grid_post_type&quot;:&quot;attachment&quot;,&quot;us_grid_ajax_index&quot;:2,&quot;us_grid_filter_query_string&quot;:null,&quot;us_grid_index&quot;:2,&quot;page_args&quot;:[],&quot;lang&quot;:&quot;ca&quot;}}'><\/div>\r\n\t<\/div><\/div><\/div><\/div><div class=\"vc_col-sm-3 wpb_column vc_column_container\"><div class=\"vc_column-inner\"><div class=\"wpb_wrapper\"><\/div><\/div><\/div><\/div><\/div><\/section>\n","protected":false},"excerpt":{"rendered":"","protected":false},"author":1,"featured_media":0,"parent":12028,"menu_order":9,"comment_status":"closed","ping_status":"closed","template":"","meta":{"_acf_changed":false,"footnotes":""},"class_list":["post-12077","page","type-page","status-publish","hentry"],"acf":[],"yoast_head":"<!-- This site is optimized with the Yoast SEO plugin v27.3 - https:\/\/yoast.com\/product\/yoast-seo-wordpress\/ -->\n<title>Sistemes d&#039;unificaci\u00f3 de l\u00ednies de producci\u00f3 &#8211; Inprosy<\/title>\n<meta name=\"description\" content=\"Unificaci\u00f3 de fluxos de dos o m\u00e9s l\u00ednies de producci\u00f3, amb conversi\u00f3 de cad\u00e8ncia, aconseguint un augment del rendiment total de la l\u00ednia.\" \/>\n<meta name=\"robots\" content=\"index, follow, max-snippet:-1, max-image-preview:large, max-video-preview:-1\" \/>\n<link rel=\"canonical\" href=\"https:\/\/inprosy.com\/ca\/per-funcio\/unificar\/\" \/>\n<meta property=\"og:locale\" content=\"ca_ES\" \/>\n<meta property=\"og:type\" content=\"article\" \/>\n<meta property=\"og:title\" content=\"Sistemes d&#039;unificaci\u00f3 de l\u00ednies de producci\u00f3 &#8211; Inprosy\" \/>\n<meta property=\"og:description\" content=\"Unificaci\u00f3 de fluxos de dos o m\u00e9s l\u00ednies de producci\u00f3, amb conversi\u00f3 de cad\u00e8ncia, aconseguint un augment del rendiment total de la l\u00ednia.\" \/>\n<meta property=\"og:url\" content=\"https:\/\/inprosy.com\/ca\/per-funcio\/unificar\/\" \/>\n<meta property=\"og:site_name\" content=\"Inprosy\" \/>\n<meta property=\"article:modified_time\" content=\"2020-09-28T08:05:15+00:00\" \/>\n<meta property=\"og:image\" content=\"https:\/\/inprosy.com\/wp-content\/uploads\/2017\/07\/logo-header.jpg\" \/>\n\t<meta property=\"og:image:width\" content=\"800\" \/>\n\t<meta property=\"og:image:height\" content=\"156\" \/>\n\t<meta property=\"og:image:type\" content=\"image\/jpeg\" \/>\n<meta name=\"twitter:label1\" content=\"Est. reading time\" \/>\n\t<meta name=\"twitter:data1\" content=\"1 minute\" \/>\n<script type=\"application\/ld+json\" class=\"yoast-schema-graph\">{\"@context\":\"https:\\\/\\\/schema.org\",\"@graph\":[{\"@type\":\"WebPage\",\"@id\":\"https:\\\/\\\/inprosy.com\\\/ca\\\/per-funcio\\\/unificar\\\/\",\"url\":\"https:\\\/\\\/inprosy.com\\\/ca\\\/per-funcio\\\/unificar\\\/\",\"name\":\"Sistemes d'unificaci\u00f3 de l\u00ednies de producci\u00f3 &#8211; Inprosy\",\"isPartOf\":{\"@id\":\"https:\\\/\\\/inprosy.com\\\/ca\\\/#website\"},\"datePublished\":\"2020-07-23T07:30:02+00:00\",\"dateModified\":\"2020-09-28T08:05:15+00:00\",\"description\":\"Unificaci\u00f3 de fluxos de dos o m\u00e9s l\u00ednies de producci\u00f3, amb conversi\u00f3 de cad\u00e8ncia, aconseguint un augment del rendiment total de la l\u00ednia.\",\"breadcrumb\":{\"@id\":\"https:\\\/\\\/inprosy.com\\\/ca\\\/per-funcio\\\/unificar\\\/#breadcrumb\"},\"inLanguage\":\"ca-ES\",\"potentialAction\":[{\"@type\":\"ReadAction\",\"target\":[\"https:\\\/\\\/inprosy.com\\\/ca\\\/per-funcio\\\/unificar\\\/\"]}]},{\"@type\":\"BreadcrumbList\",\"@id\":\"https:\\\/\\\/inprosy.com\\\/ca\\\/per-funcio\\\/unificar\\\/#breadcrumb\",\"itemListElement\":[{\"@type\":\"ListItem\",\"position\":1,\"name\":\"Portada\",\"item\":\"https:\\\/\\\/inprosy.com\\\/ca\\\/\"},{\"@type\":\"ListItem\",\"position\":2,\"name\":\"Per funci\u00f3\",\"item\":\"https:\\\/\\\/inprosy.com\\\/ca\\\/per-funcio\\\/\"},{\"@type\":\"ListItem\",\"position\":3,\"name\":\"Unificar\"}]},{\"@type\":\"WebSite\",\"@id\":\"https:\\\/\\\/inprosy.com\\\/ca\\\/#website\",\"url\":\"https:\\\/\\\/inprosy.com\\\/ca\\\/\",\"name\":\"Inprosy\",\"description\":\"Soluciones para la gesti\u00f3n de flujos de producci\u00f3n\",\"publisher\":{\"@id\":\"https:\\\/\\\/inprosy.com\\\/ca\\\/#organization\"},\"potentialAction\":[{\"@type\":\"SearchAction\",\"target\":{\"@type\":\"EntryPoint\",\"urlTemplate\":\"https:\\\/\\\/inprosy.com\\\/ca\\\/?s={search_term_string}\"},\"query-input\":{\"@type\":\"PropertyValueSpecification\",\"valueRequired\":true,\"valueName\":\"search_term_string\"}}],\"inLanguage\":\"ca-ES\"},{\"@type\":\"Organization\",\"@id\":\"https:\\\/\\\/inprosy.com\\\/ca\\\/#organization\",\"name\":\"Innovate Production Systems, S.L.\",\"alternateName\":\"Inprosy\",\"url\":\"https:\\\/\\\/inprosy.com\\\/ca\\\/\",\"logo\":{\"@type\":\"ImageObject\",\"inLanguage\":\"ca-ES\",\"@id\":\"https:\\\/\\\/inprosy.com\\\/ca\\\/#\\\/schema\\\/logo\\\/image\\\/\",\"url\":\"https:\\\/\\\/inprosy.com\\\/wp-content\\\/uploads\\\/2017\\\/07\\\/logo-header.jpg\",\"contentUrl\":\"https:\\\/\\\/inprosy.com\\\/wp-content\\\/uploads\\\/2017\\\/07\\\/logo-header.jpg\",\"width\":800,\"height\":156,\"caption\":\"Innovate Production Systems, S.L.\"},\"image\":{\"@id\":\"https:\\\/\\\/inprosy.com\\\/ca\\\/#\\\/schema\\\/logo\\\/image\\\/\"},\"sameAs\":[\"https:\\\/\\\/www.linkedin.com\\\/company\\\/inprosys\\\/\",\"https:\\\/\\\/www.youtube.com\\\/channel\\\/UCuSsS6ets4VjRxVpkMgS2Mw\"]}]}<\/script>\n<!-- \/ Yoast SEO plugin. -->","yoast_head_json":{"title":"Sistemes d'unificaci\u00f3 de l\u00ednies de producci\u00f3 &#8211; Inprosy","description":"Unificaci\u00f3 de fluxos de dos o m\u00e9s l\u00ednies de producci\u00f3, amb conversi\u00f3 de cad\u00e8ncia, aconseguint un augment del rendiment total de la l\u00ednia.","robots":{"index":"index","follow":"follow","max-snippet":"max-snippet:-1","max-image-preview":"max-image-preview:large","max-video-preview":"max-video-preview:-1"},"canonical":"https:\/\/inprosy.com\/ca\/per-funcio\/unificar\/","og_locale":"ca_ES","og_type":"article","og_title":"Sistemes d'unificaci\u00f3 de l\u00ednies de producci\u00f3 &#8211; Inprosy","og_description":"Unificaci\u00f3 de fluxos de dos o m\u00e9s l\u00ednies de producci\u00f3, amb conversi\u00f3 de cad\u00e8ncia, aconseguint un augment del rendiment total de la l\u00ednia.","og_url":"https:\/\/inprosy.com\/ca\/per-funcio\/unificar\/","og_site_name":"Inprosy","article_modified_time":"2020-09-28T08:05:15+00:00","og_image":[{"width":800,"height":156,"url":"https:\/\/inprosy.com\/wp-content\/uploads\/2017\/07\/logo-header.jpg","type":"image\/jpeg"}],"twitter_misc":{"Est. reading time":"1 minute"},"schema":{"@context":"https:\/\/schema.org","@graph":[{"@type":"WebPage","@id":"https:\/\/inprosy.com\/ca\/per-funcio\/unificar\/","url":"https:\/\/inprosy.com\/ca\/per-funcio\/unificar\/","name":"Sistemes d'unificaci\u00f3 de l\u00ednies de producci\u00f3 &#8211; Inprosy","isPartOf":{"@id":"https:\/\/inprosy.com\/ca\/#website"},"datePublished":"2020-07-23T07:30:02+00:00","dateModified":"2020-09-28T08:05:15+00:00","description":"Unificaci\u00f3 de fluxos de dos o m\u00e9s l\u00ednies de producci\u00f3, amb conversi\u00f3 de cad\u00e8ncia, aconseguint un augment del rendiment total de la l\u00ednia.","breadcrumb":{"@id":"https:\/\/inprosy.com\/ca\/per-funcio\/unificar\/#breadcrumb"},"inLanguage":"ca-ES","potentialAction":[{"@type":"ReadAction","target":["https:\/\/inprosy.com\/ca\/per-funcio\/unificar\/"]}]},{"@type":"BreadcrumbList","@id":"https:\/\/inprosy.com\/ca\/per-funcio\/unificar\/#breadcrumb","itemListElement":[{"@type":"ListItem","position":1,"name":"Portada","item":"https:\/\/inprosy.com\/ca\/"},{"@type":"ListItem","position":2,"name":"Per funci\u00f3","item":"https:\/\/inprosy.com\/ca\/per-funcio\/"},{"@type":"ListItem","position":3,"name":"Unificar"}]},{"@type":"WebSite","@id":"https:\/\/inprosy.com\/ca\/#website","url":"https:\/\/inprosy.com\/ca\/","name":"Inprosy","description":"Soluciones para la gesti\u00f3n de flujos de producci\u00f3n","publisher":{"@id":"https:\/\/inprosy.com\/ca\/#organization"},"potentialAction":[{"@type":"SearchAction","target":{"@type":"EntryPoint","urlTemplate":"https:\/\/inprosy.com\/ca\/?s={search_term_string}"},"query-input":{"@type":"PropertyValueSpecification","valueRequired":true,"valueName":"search_term_string"}}],"inLanguage":"ca-ES"},{"@type":"Organization","@id":"https:\/\/inprosy.com\/ca\/#organization","name":"Innovate Production Systems, S.L.","alternateName":"Inprosy","url":"https:\/\/inprosy.com\/ca\/","logo":{"@type":"ImageObject","inLanguage":"ca-ES","@id":"https:\/\/inprosy.com\/ca\/#\/schema\/logo\/image\/","url":"https:\/\/inprosy.com\/wp-content\/uploads\/2017\/07\/logo-header.jpg","contentUrl":"https:\/\/inprosy.com\/wp-content\/uploads\/2017\/07\/logo-header.jpg","width":800,"height":156,"caption":"Innovate Production Systems, S.L."},"image":{"@id":"https:\/\/inprosy.com\/ca\/#\/schema\/logo\/image\/"},"sameAs":["https:\/\/www.linkedin.com\/company\/inprosys\/","https:\/\/www.youtube.com\/channel\/UCuSsS6ets4VjRxVpkMgS2Mw"]}]}},"_links":{"self":[{"href":"https:\/\/inprosy.com\/ca\/wp-json\/wp\/v2\/pages\/12077","targetHints":{"allow":["GET"]}}],"collection":[{"href":"https:\/\/inprosy.com\/ca\/wp-json\/wp\/v2\/pages"}],"about":[{"href":"https:\/\/inprosy.com\/ca\/wp-json\/wp\/v2\/types\/page"}],"author":[{"embeddable":true,"href":"https:\/\/inprosy.com\/ca\/wp-json\/wp\/v2\/users\/1"}],"replies":[{"embeddable":true,"href":"https:\/\/inprosy.com\/ca\/wp-json\/wp\/v2\/comments?post=12077"}],"version-history":[{"count":0,"href":"https:\/\/inprosy.com\/ca\/wp-json\/wp\/v2\/pages\/12077\/revisions"}],"up":[{"embeddable":true,"href":"https:\/\/inprosy.com\/ca\/wp-json\/wp\/v2\/pages\/12028"}],"wp:attachment":[{"href":"https:\/\/inprosy.com\/ca\/wp-json\/wp\/v2\/media?parent=12077"}],"curies":[{"name":"wp","href":"https:\/\/api.w.org\/{rel}","templated":true}]}}