{"id":12118,"date":"2020-07-23T09:57:17","date_gmt":"2020-07-23T07:57:17","guid":{"rendered":"https:\/\/inprosy.com\/projectes\/projecte-flowpacks\/"},"modified":"2020-09-28T10:10:41","modified_gmt":"2020-09-28T08:10:41","slug":"projecte-flowpacks","status":"publish","type":"page","link":"https:\/\/inprosy.com\/ca\/projectes\/projecte-flowpacks\/","title":{"rendered":"Projecte flowpacks"},"content":{"rendered":"<section class=\"l-section wpb_row height_medium color_primary\"><div class=\"l-section-h i-cf\"><div class=\"g-cols vc_row via_flex valign_middle type_default stacking_default\"><div class=\"vc_col-sm-10 wpb_column vc_column_container\"><div class=\"vc_column-inner\"><div class=\"wpb_wrapper\"><h1 class=\"w-post-elm post_title entry-title color_link_inherit\">Projecte flowpacks<\/h1><\/div><\/div><\/div><div class=\"vc_col-sm-2 wpb_column vc_column_container\"><div class=\"vc_column-inner\"><div class=\"wpb_wrapper\"><div class=\"w-iconbox iconpos_top style_default color_primary align_center no_text no_title icontype_img\"><div class=\"w-iconbox-icon\" style=\"font-size:70px;\"><img loading=\"lazy\" decoding=\"async\" width=\"70\" height=\"61\" src=\"https:\/\/inprosy.com\/wp-content\/uploads\/2020\/06\/picto-flowpacks-b-e1596698467204.png\" class=\"attachment-full size-full\" alt=\"\" \/><\/div><div class=\"w-iconbox-meta\"><\/div><\/div><\/div><\/div><\/div><\/div><\/div><\/section><section class=\"l-section wpb_row height_medium\"><div class=\"l-section-h i-cf\"><div class=\"g-cols vc_row via_flex valign_top type_default stacking_default\"><div class=\"vc_col-sm-12 wpb_column vc_column_container\"><div class=\"vc_column-inner\"><div class=\"wpb_wrapper\"><div class=\"g-cols wpb_row via_flex valign_top type_default stacking_default\"><div class=\"vc_col-sm-9 wpb_column vc_column_container\"><div class=\"vc_column-inner\"><div class=\"wpb_wrapper\"><div class=\"wpb_text_column\"><div class=\"wpb_wrapper\"><h3>Producte<\/h3>\n<p>Flowpacks de 200 x 160 mm<\/p>\n<h3>Necessitat existent<\/h3>\n<p>El client tenia una l\u00ednia de transport d\u2019aproximadament 200 m de llargada a trav\u00e9s de la qual circulaven productes en env\u00e0s tipus flowpack, i al final de la qual una estotjadora robotitzada els condicionava en capses amb un nombre determinat de flowpacks.<\/p>\n<p>L\u2019estotjadora requeria, per al seu funcionament correcte, que els flowpacks li arribessin sempre en la mateixa posici\u00f3 i amb la mateixa separaci\u00f3. Els flowpacks que no respectaven aquestes condicions no podien ser gestionats pel robot i havien de ser rebutjats.<\/p>\n<p>Al seu torn, i atesa la seva longitud, la l\u00ednia estava dividida en diversos segments units per transfer\u00e8ncies interm\u00e8dies. Les caracter\u00edstiques f\u00edsiques del flowpack provocaven que sovint aquests es quedessin embussats en les transfer\u00e8ncies interm\u00e8dies, de manera que s\u2019interrompia el funcionament de la l\u00ednia de transport i s\u2019alteraven l\u2019ordre i la dist\u00e0ncia d\u2019arribada dels productes a l\u2019estotjadora.<\/p>\n<h3>Soluci\u00f3 proposada<\/h3>\n<p>Es proposa instal\u00b7lar un transportador especial sense transfer\u00e8ncies interm\u00e8dies.<\/p>\n<p>A m\u00e9s, per optimitzar l\u2019espai es proposa que el transportador discorri a una altura d\u2019uns 3 metres.<\/p>\n<p>El producte es lliura a l\u2019altura requerida per l\u2019estotjadora per mitj\u00e0 d\u2019una espiral de descens model SPI-1T.<\/p>\n<p>Amb aquesta soluci\u00f3 s\u2019espera evitar els embussos de flowpacks a les estacions interm\u00e8dies de la l\u00ednia de transport, de manera que s\u2019eliminin les aturades no programades i s\u2019asseguri que les unitats arriben amb la posici\u00f3 i la separaci\u00f3 requerides a l\u2019estotjadora.<\/p>\n<h3>Millores obtingudes<\/h3>\n<ul>\n<li>Augment de l\u2019efici\u00e8ncia de la l\u00ednia.<\/li>\n<li>Eliminaci\u00f3 d\u2019una causa de malbaratament de producte.<\/li>\n<\/ul>\n<h3>Punts clau<\/h3>\n<p>LIMITACI\u00d3 D\u2019ESPAI \u2013 TRANSPORTADOR SENSE TRANSFER\u00c8NCIES \u2013 EFICI\u00c8NCIA \u2013 SOLUCI\u00d3 A MIDA \u2013 REDUCCI\u00d3 DE MALBARATAMENT DE PRODUCTE<\/p>\n<p>* NOTA: per raons de confidencialitat s&#8217;ometen determinats detalls de el projecte<\/p>\n<\/div><\/div><\/div><\/div><\/div><div class=\"vc_col-sm-3 wpb_column vc_column_container\"><div class=\"vc_column-inner\"><div class=\"wpb_wrapper\"><\/div><\/div><\/div><\/div><\/div><\/div><\/div><\/div><\/div><\/section><section class=\"l-section wpb_row height_medium color_alternate\"><div class=\"l-section-h i-cf\"><div class=\"g-cols vc_row via_flex valign_top type_default stacking_default\"><div class=\"vc_col-sm-12 wpb_column vc_column_container\"><div class=\"vc_column-inner\"><div class=\"wpb_wrapper\"><div class=\"wpb_text_column\"><div class=\"wpb_wrapper\"><h3>Productes utilitzats<\/h3>\n<\/div><\/div><div class=\"w-separator size_medium\"><\/div><div class=\"w-grid type_grid layout_7608 cols_4 valign_center preload_style_spinner\" id=\"us_grid_1\" style=\"--columns:4;--gap:1.2rem;\"><style>@media (max-width:1024px){#us_grid_1{--columns:2!important}}@media (max-width:600px){#us_grid_1{--columns:1!important}}.layout_7608 .w-grid-item-h{}.layout_7608 .usg_post_image_1{transition-duration:0.3s;transform-origin:50% 50%;transform:scale(1) translate(0%,0%)}.layout_7608 .w-grid-item-h:focus-within .usg_post_image_1,.layout_7608 .w-grid-item-h:hover .usg_post_image_1{transform:scale(0.95) translate(0%,0%);opacity:0.6}.layout_7608 .usg_post_image_1{margin-bottom:0.5rem!important}.layout_7608 .usg_post_title_1{min-height:5rem!important}<\/style><div class=\"w-grid-list\">\t<article class=\"w-grid-item size_1x1 post-12265 us_portfolio type-us_portfolio status-publish has-post-thumbnail hentry us_portfolio_category-accedir us_portfolio_category-elevar-descendir us_portfolio_category-espirals\" data-id=\"12265\">\r\n\t\t<div class=\"w-grid-item-h\">\r\n\t\t\t\t\t\t\t<a href=\"https:\/\/inprosy.com\/ca\/espirals-elevacio-descens\/\" class=\"w-grid-item-anchor\" aria-label=\"Espirals d&#8217;elevaci\u00f3 o descens\"><\/a>\r\n\t\t\t\t\t\t<div class=\"w-post-elm post_image usg_post_image_1\"><img loading=\"lazy\" decoding=\"async\" width=\"720\" height=\"720\" src=\"https:\/\/inprosy.com\/wp-content\/uploads\/2020\/05\/SPI-1-e1595865553610.png\" class=\"attachment- size- wp-post-image\" alt=\"Espirales de elevaci\u00f3n o descenso - Inprosy\" \/><\/div><div class=\"w-vwrapper usg_vwrapper_1 align_center valign_top\" style=\"--vwrapper-gap:\"><h6 class=\"w-post-elm post_title usg_post_title_1 align_center entry-title color_link_inherit\">Espirals d&#8217;elevaci\u00f3 o descens<\/h6><\/div>\t\t<\/div>\r\n\t\t\t<\/article>\r\n\t<article class=\"w-grid-item size_1x1 post-12297 us_portfolio type-us_portfolio status-publish has-post-thumbnail hentry us_portfolio_category-transportadors-de-grans-longituds us_portfolio_category-transportar\" data-id=\"12297\">\r\n\t\t<div class=\"w-grid-item-h\">\r\n\t\t\t\t\t\t\t<a href=\"https:\/\/inprosy.com\/ca\/transportadors-grans-longituds\/\" class=\"w-grid-item-anchor\" aria-label=\"Transportadors de grans longituds\"><\/a>\r\n\t\t\t\t\t\t<div class=\"w-post-elm post_image usg_post_image_1\"><img loading=\"lazy\" decoding=\"async\" width=\"271\" height=\"271\" src=\"https:\/\/inprosy.com\/wp-content\/uploads\/2020\/06\/LLC-1b.png\" class=\"attachment- size- wp-post-image\" alt=\"\" srcset=\"https:\/\/inprosy.com\/wp-content\/uploads\/2020\/06\/LLC-1b.png 271w, https:\/\/inprosy.com\/wp-content\/uploads\/2020\/06\/LLC-1b-150x150.png 150w, https:\/\/inprosy.com\/wp-content\/uploads\/2020\/06\/LLC-1b-61x61.png 61w\" sizes=\"auto, (max-width: 271px) 100vw, 271px\" \/><\/div><div class=\"w-vwrapper usg_vwrapper_1 align_center valign_top\" style=\"--vwrapper-gap:\"><h6 class=\"w-post-elm post_title usg_post_title_1 align_center entry-title color_link_inherit\">Transportadors de grans longituds<\/h6><\/div>\t\t<\/div>\r\n\t\t\t<\/article>\r\n<\/div><div class=\"w-grid-preloader\">\t<div class=\"g-preloader type_1\">\r\n\t\t<div><\/div>\r\n\t<\/div>\r\n\t<\/div>\t<div class=\"w-grid-json hidden\" onclick='return {&quot;action&quot;:&quot;us_ajax_grid&quot;,&quot;infinite_scroll&quot;:0,&quot;max_num_pages&quot;:1,&quot;pagination&quot;:&quot;none&quot;,&quot;template_vars&quot;:{&quot;columns&quot;:&quot;4&quot;,&quot;exclude_items&quot;:&quot;none&quot;,&quot;img_size&quot;:&quot;default&quot;,&quot;ignore_items_size&quot;:0,&quot;items_layout&quot;:&quot;7608&quot;,&quot;items_offset&quot;:&quot;1&quot;,&quot;load_animation&quot;:&quot;none&quot;,&quot;overriding_link&quot;:&quot;%7B%22type%22%3A%22post%22%7D&quot;,&quot;post_id&quot;:0,&quot;query_args&quot;:{&quot;ignore_sticky_posts&quot;:1,&quot;post_type&quot;:&quot;any&quot;,&quot;post__in&quot;:[&quot;8012&quot;,&quot;7999&quot;],&quot;posts_per_page&quot;:999},&quot;orderby_query_args&quot;:{&quot;orderby&quot;:{&quot;menu_order&quot;:&quot;ASC&quot;},&quot;order&quot;:&quot;ASC&quot;},&quot;type&quot;:&quot;grid&quot;,&quot;us_grid_post_type&quot;:&quot;ids&quot;,&quot;us_grid_ajax_index&quot;:1,&quot;us_grid_filter_query_string&quot;:null,&quot;us_grid_index&quot;:1,&quot;page_args&quot;:[],&quot;lang&quot;:&quot;ca&quot;}}'><\/div>\r\n\t<\/div><\/div><\/div><\/div><\/div><\/div><\/section>\n","protected":false},"excerpt":{"rendered":"HomePagesTransportadors de grans longituds caixes packs bricks doypacks flowpacks flascons pots safates bossetes ampolles components mec\u00e0nics compontents el\u00e8ctr\u00f2nics Descarregar fitxa de producteEls Transportadors de Grans Longituds (LLC) permeten el trasllat de productes que cobreixen grans longituds cont\u00ednuament i sense transfer\u00e8ncies interm\u00e8dies, de manera que s&#8217;eliminen les possibles causes d&#8217;emb\u00fas, acumulaci\u00f3 o caiguda de productes. FUNCIONAMENTBENEFICISCARACTER\u00cdSTIQUES...","protected":false},"author":1,"featured_media":0,"parent":12036,"menu_order":23,"comment_status":"closed","ping_status":"closed","template":"","meta":{"_acf_changed":false,"footnotes":""},"class_list":["post-12118","page","type-page","status-publish","hentry"],"acf":[],"yoast_head":"<!-- This site is optimized with the Yoast SEO plugin v27.4 - https:\/\/yoast.com\/product\/yoast-seo-wordpress\/ -->\n<title>Optimitzaci\u00f3 l\u00ednia de producci\u00f3 de Flowpacks &#8211; Inprosy<\/title>\n<meta name=\"description\" content=\"Projecte d&#039;optimitzaci\u00f3 de l&#039;efici\u00e8ncia d&#039;una l\u00ednia de producci\u00f3 de Flowpacks mitjan\u00e7ant d&#039;una espiral d&#039;ascens i descens.\" \/>\n<meta name=\"robots\" content=\"index, follow, max-snippet:-1, max-image-preview:large, max-video-preview:-1\" \/>\n<link rel=\"canonical\" href=\"https:\/\/inprosy.com\/ca\/projectes\/projecte-flowpacks\/\" \/>\n<meta property=\"og:locale\" content=\"ca_ES\" \/>\n<meta property=\"og:type\" content=\"article\" \/>\n<meta property=\"og:title\" content=\"Optimitzaci\u00f3 l\u00ednia de producci\u00f3 de Flowpacks &#8211; Inprosy\" \/>\n<meta property=\"og:description\" content=\"Projecte d&#039;optimitzaci\u00f3 de l&#039;efici\u00e8ncia d&#039;una l\u00ednia de producci\u00f3 de Flowpacks mitjan\u00e7ant d&#039;una espiral d&#039;ascens i descens.\" \/>\n<meta property=\"og:url\" content=\"https:\/\/inprosy.com\/ca\/projectes\/projecte-flowpacks\/\" \/>\n<meta property=\"og:site_name\" content=\"Inprosy\" \/>\n<meta property=\"article:modified_time\" content=\"2020-09-28T08:10:41+00:00\" \/>\n<meta property=\"og:image\" content=\"https:\/\/inprosy.com\/wp-content\/uploads\/2017\/07\/logo-header.jpg\" \/>\n\t<meta property=\"og:image:width\" content=\"800\" \/>\n\t<meta property=\"og:image:height\" content=\"156\" \/>\n\t<meta property=\"og:image:type\" content=\"image\/jpeg\" \/>\n<meta name=\"twitter:label1\" content=\"Est. reading time\" \/>\n\t<meta name=\"twitter:data1\" content=\"2 minutes\" \/>\n<script type=\"application\/ld+json\" class=\"yoast-schema-graph\">{\"@context\":\"https:\\\/\\\/schema.org\",\"@graph\":[{\"@type\":\"WebPage\",\"@id\":\"https:\\\/\\\/inprosy.com\\\/ca\\\/projectes\\\/projecte-flowpacks\\\/\",\"url\":\"https:\\\/\\\/inprosy.com\\\/ca\\\/projectes\\\/projecte-flowpacks\\\/\",\"name\":\"Optimitzaci\u00f3 l\u00ednia de producci\u00f3 de Flowpacks &#8211; Inprosy\",\"isPartOf\":{\"@id\":\"https:\\\/\\\/inprosy.com\\\/ca\\\/#website\"},\"datePublished\":\"2020-07-23T07:57:17+00:00\",\"dateModified\":\"2020-09-28T08:10:41+00:00\",\"description\":\"Projecte d'optimitzaci\u00f3 de l'efici\u00e8ncia d'una l\u00ednia de producci\u00f3 de Flowpacks mitjan\u00e7ant d'una espiral d'ascens i descens.\",\"breadcrumb\":{\"@id\":\"https:\\\/\\\/inprosy.com\\\/ca\\\/projectes\\\/projecte-flowpacks\\\/#breadcrumb\"},\"inLanguage\":\"ca-ES\",\"potentialAction\":[{\"@type\":\"ReadAction\",\"target\":[\"https:\\\/\\\/inprosy.com\\\/ca\\\/projectes\\\/projecte-flowpacks\\\/\"]}]},{\"@type\":\"BreadcrumbList\",\"@id\":\"https:\\\/\\\/inprosy.com\\\/ca\\\/projectes\\\/projecte-flowpacks\\\/#breadcrumb\",\"itemListElement\":[{\"@type\":\"ListItem\",\"position\":1,\"name\":\"Portada\",\"item\":\"https:\\\/\\\/inprosy.com\\\/ca\\\/\"},{\"@type\":\"ListItem\",\"position\":2,\"name\":\"Projectes\",\"item\":\"https:\\\/\\\/inprosy.com\\\/ca\\\/projectes\\\/\"},{\"@type\":\"ListItem\",\"position\":3,\"name\":\"Projecte flowpacks\"}]},{\"@type\":\"WebSite\",\"@id\":\"https:\\\/\\\/inprosy.com\\\/ca\\\/#website\",\"url\":\"https:\\\/\\\/inprosy.com\\\/ca\\\/\",\"name\":\"Inprosy\",\"description\":\"Soluciones para la gesti\u00f3n de flujos de producci\u00f3n\",\"publisher\":{\"@id\":\"https:\\\/\\\/inprosy.com\\\/ca\\\/#organization\"},\"potentialAction\":[{\"@type\":\"SearchAction\",\"target\":{\"@type\":\"EntryPoint\",\"urlTemplate\":\"https:\\\/\\\/inprosy.com\\\/ca\\\/?s={search_term_string}\"},\"query-input\":{\"@type\":\"PropertyValueSpecification\",\"valueRequired\":true,\"valueName\":\"search_term_string\"}}],\"inLanguage\":\"ca-ES\"},{\"@type\":\"Organization\",\"@id\":\"https:\\\/\\\/inprosy.com\\\/ca\\\/#organization\",\"name\":\"Innovate Production Systems, S.L.\",\"alternateName\":\"Inprosy\",\"url\":\"https:\\\/\\\/inprosy.com\\\/ca\\\/\",\"logo\":{\"@type\":\"ImageObject\",\"inLanguage\":\"ca-ES\",\"@id\":\"https:\\\/\\\/inprosy.com\\\/ca\\\/#\\\/schema\\\/logo\\\/image\\\/\",\"url\":\"https:\\\/\\\/inprosy.com\\\/wp-content\\\/uploads\\\/2017\\\/07\\\/logo-header.jpg\",\"contentUrl\":\"https:\\\/\\\/inprosy.com\\\/wp-content\\\/uploads\\\/2017\\\/07\\\/logo-header.jpg\",\"width\":800,\"height\":156,\"caption\":\"Innovate Production Systems, S.L.\"},\"image\":{\"@id\":\"https:\\\/\\\/inprosy.com\\\/ca\\\/#\\\/schema\\\/logo\\\/image\\\/\"},\"sameAs\":[\"https:\\\/\\\/www.linkedin.com\\\/company\\\/inprosys\\\/\",\"https:\\\/\\\/www.youtube.com\\\/channel\\\/UCuSsS6ets4VjRxVpkMgS2Mw\"]}]}<\/script>\n<!-- \/ Yoast SEO plugin. -->","yoast_head_json":{"title":"Optimitzaci\u00f3 l\u00ednia de producci\u00f3 de Flowpacks &#8211; Inprosy","description":"Projecte d'optimitzaci\u00f3 de l'efici\u00e8ncia d'una l\u00ednia de producci\u00f3 de Flowpacks mitjan\u00e7ant d'una espiral d'ascens i descens.","robots":{"index":"index","follow":"follow","max-snippet":"max-snippet:-1","max-image-preview":"max-image-preview:large","max-video-preview":"max-video-preview:-1"},"canonical":"https:\/\/inprosy.com\/ca\/projectes\/projecte-flowpacks\/","og_locale":"ca_ES","og_type":"article","og_title":"Optimitzaci\u00f3 l\u00ednia de producci\u00f3 de Flowpacks &#8211; Inprosy","og_description":"Projecte d'optimitzaci\u00f3 de l'efici\u00e8ncia d'una l\u00ednia de producci\u00f3 de Flowpacks mitjan\u00e7ant d'una espiral d'ascens i descens.","og_url":"https:\/\/inprosy.com\/ca\/projectes\/projecte-flowpacks\/","og_site_name":"Inprosy","article_modified_time":"2020-09-28T08:10:41+00:00","og_image":[{"width":800,"height":156,"url":"https:\/\/inprosy.com\/wp-content\/uploads\/2017\/07\/logo-header.jpg","type":"image\/jpeg"}],"twitter_misc":{"Est. reading time":"2 minutes"},"schema":{"@context":"https:\/\/schema.org","@graph":[{"@type":"WebPage","@id":"https:\/\/inprosy.com\/ca\/projectes\/projecte-flowpacks\/","url":"https:\/\/inprosy.com\/ca\/projectes\/projecte-flowpacks\/","name":"Optimitzaci\u00f3 l\u00ednia de producci\u00f3 de Flowpacks &#8211; Inprosy","isPartOf":{"@id":"https:\/\/inprosy.com\/ca\/#website"},"datePublished":"2020-07-23T07:57:17+00:00","dateModified":"2020-09-28T08:10:41+00:00","description":"Projecte d'optimitzaci\u00f3 de l'efici\u00e8ncia d'una l\u00ednia de producci\u00f3 de Flowpacks mitjan\u00e7ant d'una espiral d'ascens i descens.","breadcrumb":{"@id":"https:\/\/inprosy.com\/ca\/projectes\/projecte-flowpacks\/#breadcrumb"},"inLanguage":"ca-ES","potentialAction":[{"@type":"ReadAction","target":["https:\/\/inprosy.com\/ca\/projectes\/projecte-flowpacks\/"]}]},{"@type":"BreadcrumbList","@id":"https:\/\/inprosy.com\/ca\/projectes\/projecte-flowpacks\/#breadcrumb","itemListElement":[{"@type":"ListItem","position":1,"name":"Portada","item":"https:\/\/inprosy.com\/ca\/"},{"@type":"ListItem","position":2,"name":"Projectes","item":"https:\/\/inprosy.com\/ca\/projectes\/"},{"@type":"ListItem","position":3,"name":"Projecte flowpacks"}]},{"@type":"WebSite","@id":"https:\/\/inprosy.com\/ca\/#website","url":"https:\/\/inprosy.com\/ca\/","name":"Inprosy","description":"Soluciones para la gesti\u00f3n de flujos de producci\u00f3n","publisher":{"@id":"https:\/\/inprosy.com\/ca\/#organization"},"potentialAction":[{"@type":"SearchAction","target":{"@type":"EntryPoint","urlTemplate":"https:\/\/inprosy.com\/ca\/?s={search_term_string}"},"query-input":{"@type":"PropertyValueSpecification","valueRequired":true,"valueName":"search_term_string"}}],"inLanguage":"ca-ES"},{"@type":"Organization","@id":"https:\/\/inprosy.com\/ca\/#organization","name":"Innovate Production Systems, S.L.","alternateName":"Inprosy","url":"https:\/\/inprosy.com\/ca\/","logo":{"@type":"ImageObject","inLanguage":"ca-ES","@id":"https:\/\/inprosy.com\/ca\/#\/schema\/logo\/image\/","url":"https:\/\/inprosy.com\/wp-content\/uploads\/2017\/07\/logo-header.jpg","contentUrl":"https:\/\/inprosy.com\/wp-content\/uploads\/2017\/07\/logo-header.jpg","width":800,"height":156,"caption":"Innovate Production Systems, S.L."},"image":{"@id":"https:\/\/inprosy.com\/ca\/#\/schema\/logo\/image\/"},"sameAs":["https:\/\/www.linkedin.com\/company\/inprosys\/","https:\/\/www.youtube.com\/channel\/UCuSsS6ets4VjRxVpkMgS2Mw"]}]}},"_links":{"self":[{"href":"https:\/\/inprosy.com\/ca\/wp-json\/wp\/v2\/pages\/12118","targetHints":{"allow":["GET"]}}],"collection":[{"href":"https:\/\/inprosy.com\/ca\/wp-json\/wp\/v2\/pages"}],"about":[{"href":"https:\/\/inprosy.com\/ca\/wp-json\/wp\/v2\/types\/page"}],"author":[{"embeddable":true,"href":"https:\/\/inprosy.com\/ca\/wp-json\/wp\/v2\/users\/1"}],"replies":[{"embeddable":true,"href":"https:\/\/inprosy.com\/ca\/wp-json\/wp\/v2\/comments?post=12118"}],"version-history":[{"count":0,"href":"https:\/\/inprosy.com\/ca\/wp-json\/wp\/v2\/pages\/12118\/revisions"}],"up":[{"embeddable":true,"href":"https:\/\/inprosy.com\/ca\/wp-json\/wp\/v2\/pages\/12036"}],"wp:attachment":[{"href":"https:\/\/inprosy.com\/ca\/wp-json\/wp\/v2\/media?parent=12118"}],"curies":[{"name":"wp","href":"https:\/\/api.w.org\/{rel}","templated":true}]}}