{"id":12121,"date":"2020-07-23T09:59:12","date_gmt":"2020-07-23T07:59:12","guid":{"rendered":"https:\/\/inprosy.com\/projectes\/projecte-pots-de-plastic\/"},"modified":"2021-02-04T11:14:53","modified_gmt":"2021-02-04T10:14:53","slug":"projecte-pots-de-plastic","status":"publish","type":"page","link":"https:\/\/inprosy.com\/ca\/projectes\/projecte-pots-de-plastic\/","title":{"rendered":"Projecte pots de pl\u00e1stic"},"content":{"rendered":"<section class=\"l-section wpb_row height_medium color_primary\"><div class=\"l-section-h i-cf\"><div class=\"g-cols vc_row via_flex valign_middle type_default stacking_default\"><div class=\"vc_col-sm-10 wpb_column vc_column_container\"><div class=\"vc_column-inner\"><div class=\"wpb_wrapper\"><h1 class=\"w-post-elm post_title entry-title color_link_inherit\">Projecte pots de pl\u00e1stic<\/h1><\/div><\/div><\/div><div class=\"vc_col-sm-2 wpb_column vc_column_container\"><div class=\"vc_column-inner\"><div class=\"wpb_wrapper\"><div class=\"w-iconbox iconpos_top style_default color_primary align_center no_text no_title icontype_img\"><div class=\"w-iconbox-icon\" style=\"font-size:70px;\"><img loading=\"lazy\" decoding=\"async\" width=\"70\" height=\"61\" src=\"https:\/\/inprosy.com\/wp-content\/uploads\/2020\/06\/picto-botes-b-e1596698447999.png\" class=\"attachment-full size-full\" alt=\"\" \/><\/div><div class=\"w-iconbox-meta\"><\/div><\/div><\/div><\/div><\/div><\/div><\/div><\/section><section class=\"l-section wpb_row height_medium\"><div class=\"l-section-h i-cf\"><div class=\"g-cols vc_row via_flex valign_top type_default stacking_default\"><div class=\"vc_col-sm-12 wpb_column vc_column_container\"><div class=\"vc_column-inner\"><div class=\"wpb_wrapper\"><div class=\"g-cols wpb_row via_flex valign_top type_default stacking_default\"><div class=\"vc_col-sm-9 wpb_column vc_column_container\"><div class=\"vc_column-inner\"><div class=\"wpb_wrapper\"><div class=\"wpb_text_column\"><div class=\"wpb_wrapper\"><h3>Producte<\/h3>\n<p>Pots de pl\u00e0stic de 100 x 25 x 40 mm.<\/p>\n<h3>Necessitat existent<\/h3>\n<p>La l\u00ednia de producci\u00f3 del client tenia una efici\u00e8ncia del 60%. La causa d\u2019aquesta inefici\u00e8ncia eren les m\u00faltiples aturades que es produ\u00efen a les diferents estacions de la l\u00ednia.<\/p>\n<p>El problema es veia agreujat pel fet que era una de les dues \u00faniques l\u00ednies de fabricaci\u00f3 que el client tenia disponibles per a aquest producte a tot el m\u00f3n. Ambdues operaven a quatre torns.<\/p>\n<p>El client es plantejava com a \u00fanica soluci\u00f3 la posada en marxa d\u2019una nova l\u00ednia de producci\u00f3. En no tenir espai disponible, aix\u00f2 suposava ampliar la nau industrial i multiplicar la inversi\u00f3 necess\u00e0ria.<\/p>\n<p>El producte era fr\u00e0gil, no admetia contacte i era propens a la caiguda des del transportador. Aix\u00ed mateix, calia mantenir estrictament el FIFO.<\/p>\n<h3>Soluci\u00f3 proposada<\/h3>\n<p>Proposem al client la instal\u00b7laci\u00f3 d\u2019un Regulador Din\u00e0mic de Flux (DFR) que permeti acumular producte din\u00e0micament en els moments d\u2019aturada i alliberar-lo quan el funcionament de la l\u00ednia es restableixi.<\/p>\n<p>Per determinar en quina zona de la l\u00ednia s\u2019ha d\u2019ubicar el DFR i quin \u00e9s el temps d\u2019acumulaci\u00f3 requerit, es fan diverses simulacions del funcionament de la l\u00ednia de producci\u00f3. Es determina que cal una capacitat d\u2019acumulaci\u00f3 de 6 minuts, i per aix\u00f2 s\u2019opta pel model DFR-MC.<\/p>\n<p>S\u2019espera que el DFR absorbeixi una part important dels efectes de les aturades de la l\u00ednia, i que augmentin la seva efici\u00e8ncia i la producci\u00f3 finalment aconseguida.<\/p>\n<h3>Millores obtingudes<\/h3>\n<ul>\n<li>Augment del 18% de l\u2019efici\u00e8ncia de la l\u00ednia de producci\u00f3.<\/li>\n<li>Augment de la producci\u00f3 en 11 milions d\u2019unitats per any.<\/li>\n<li>S\u2019evita haver de fer una inversi\u00f3 en ampliaci\u00f3 de capacitat.<\/li>\n<\/ul>\n<h3>Punts clau<\/h3>\n<p>MILLORA D\u2019EFICI\u00c8NCIA \u2013 ROI \u2013 AUGMENT DE CAPACITAT &#8211; RESTRICCIONS D\u2019ESPAI<\/p>\n<p>* NOTA: per raons de confidencialitat s&#8217;ometen determinats detalls de el projecte<\/p>\n<\/div><\/div><\/div><\/div><\/div><div class=\"vc_col-sm-3 wpb_column vc_column_container\"><div class=\"vc_column-inner\"><div class=\"wpb_wrapper\"><\/div><\/div><\/div><\/div><\/div><\/div><\/div><\/div><\/div><\/section><section class=\"l-section wpb_row height_medium color_alternate\"><div class=\"l-section-h i-cf\"><div class=\"g-cols vc_row via_flex valign_top type_default stacking_default\"><div class=\"vc_col-sm-12 wpb_column vc_column_container\"><div class=\"vc_column-inner\"><div class=\"wpb_wrapper\"><div class=\"wpb_text_column\"><div class=\"wpb_wrapper\"><h3>Productes utilitzats<\/h3>\n<\/div><\/div><div class=\"w-separator size_medium\"><\/div><div class=\"w-grid type_grid layout_7608 cols_4 valign_center preload_style_spinner\" id=\"us_grid_1\" style=\"--columns:4;--gap:1.2rem;\"><style>@media (max-width:1024px){#us_grid_1{--columns:2!important}}@media (max-width:600px){#us_grid_1{--columns:1!important}}.layout_7608 .w-grid-item-h{}.layout_7608 .usg_post_image_1{transition-duration:0.3s;transform-origin:50% 50%;transform:scale(1) translate(0%,0%)}.layout_7608 .w-grid-item-h:focus-within .usg_post_image_1,.layout_7608 .w-grid-item-h:hover .usg_post_image_1{transform:scale(0.95) translate(0%,0%);opacity:0.6}.layout_7608 .usg_post_image_1{margin-bottom:0.5rem!important}.layout_7608 .usg_post_title_1{min-height:5rem!important}<\/style><div class=\"w-grid-list\">\t<article class=\"w-grid-item size_1x1 post-14228 us_portfolio type-us_portfolio status-publish has-post-thumbnail hentry us_portfolio_category-acumular us_portfolio_category-regulador-dinamic-de-flux us_portfolio_category-regular\" data-id=\"14228\">\r\n\t\t<div class=\"w-grid-item-h\">\r\n\t\t\t\t\t\t\t<a href=\"https:\/\/inprosy.com\/ca\/regulador-dinamic-de-flux\/\" class=\"w-grid-item-anchor\" aria-label=\"Regulador Din\u00e0mic de Flux\"><\/a>\r\n\t\t\t\t\t\t<div class=\"w-post-elm post_image usg_post_image_1\"><img loading=\"lazy\" decoding=\"async\" width=\"720\" height=\"720\" src=\"https:\/\/inprosy.com\/wp-content\/uploads\/2020\/05\/DFR-HC-n.png\" class=\"attachment- size- wp-post-image\" alt=\"Regulador Din\u00e1mico Flujo Alta Capacidad - Inprosy\" srcset=\"https:\/\/inprosy.com\/wp-content\/uploads\/2020\/05\/DFR-HC-n.png 720w, https:\/\/inprosy.com\/wp-content\/uploads\/2020\/05\/DFR-HC-n-300x300.png 300w, https:\/\/inprosy.com\/wp-content\/uploads\/2020\/05\/DFR-HC-n-150x150.png 150w, https:\/\/inprosy.com\/wp-content\/uploads\/2020\/05\/DFR-HC-n-61x61.png 61w\" sizes=\"auto, (max-width: 720px) 100vw, 720px\" \/><\/div><div class=\"w-vwrapper usg_vwrapper_1 align_center valign_top\" style=\"--vwrapper-gap:\"><h6 class=\"w-post-elm post_title usg_post_title_1 align_center entry-title color_link_inherit\">Regulador Din\u00e0mic de Flux<\/h6><\/div>\t\t<\/div>\r\n\t\t\t<\/article>\r\n<\/div><div class=\"w-grid-preloader\">\t<div class=\"g-preloader type_1\">\r\n\t\t<div><\/div>\r\n\t<\/div>\r\n\t<\/div>\t<div class=\"w-grid-json hidden\" onclick='return {&quot;action&quot;:&quot;us_ajax_grid&quot;,&quot;infinite_scroll&quot;:0,&quot;max_num_pages&quot;:1,&quot;pagination&quot;:&quot;none&quot;,&quot;template_vars&quot;:{&quot;columns&quot;:&quot;4&quot;,&quot;exclude_items&quot;:&quot;none&quot;,&quot;img_size&quot;:&quot;default&quot;,&quot;ignore_items_size&quot;:0,&quot;items_layout&quot;:&quot;7608&quot;,&quot;items_offset&quot;:&quot;1&quot;,&quot;load_animation&quot;:&quot;none&quot;,&quot;overriding_link&quot;:&quot;%7B%22type%22%3A%22post%22%7D&quot;,&quot;post_id&quot;:0,&quot;query_args&quot;:{&quot;ignore_sticky_posts&quot;:1,&quot;post_type&quot;:&quot;any&quot;,&quot;post__in&quot;:[&quot;14225&quot;],&quot;posts_per_page&quot;:999},&quot;orderby_query_args&quot;:{&quot;orderby&quot;:{&quot;menu_order&quot;:&quot;ASC&quot;},&quot;order&quot;:&quot;ASC&quot;},&quot;type&quot;:&quot;grid&quot;,&quot;us_grid_post_type&quot;:&quot;ids&quot;,&quot;us_grid_ajax_index&quot;:1,&quot;us_grid_filter_query_string&quot;:null,&quot;us_grid_index&quot;:1,&quot;page_args&quot;:[],&quot;lang&quot;:&quot;ca&quot;}}'><\/div>\r\n\t<\/div><\/div><\/div><\/div><\/div><\/div><\/section>\n","protected":false},"excerpt":{"rendered":"HomePagesRegulador Din\u00e0mic de Flux caixes packs bricks doypacks flowpacks flascons pots safates bossetes ampolles components mec\u00e0nics compontents el\u00e8ctr\u00f2nics Descarregar fitxa de producteEl Regulador Din\u00e0mic de Flux (DFR) ha estat dissenyat per equilibrar les taxes de producci\u00f3 entre successives estacions en la mateixa l\u00ednia de producci\u00f3, absorbint les inefici\u00e8ncies causades per les aturades planificades o fortu\u00eftes...","protected":false},"author":1,"featured_media":0,"parent":12036,"menu_order":24,"comment_status":"closed","ping_status":"closed","template":"","meta":{"_acf_changed":false,"footnotes":""},"class_list":["post-12121","page","type-page","status-publish","hentry"],"acf":[],"yoast_head":"<!-- This site is optimized with the Yoast SEO plugin v27.4 - https:\/\/yoast.com\/product\/yoast-seo-wordpress\/ -->\n<title>Optimitzaci\u00f3 l\u00ednia de producci\u00f3 de Pots de pl\u00e0stic &#8211; Inprosy<\/title>\n<meta name=\"description\" content=\"Projecte d&#039;optimitzaci\u00f3 de l&#039;efici\u00e8ncia d&#039;una l\u00ednia de producci\u00f3 de pots de pl\u00e0stic mitjan\u00e7ant un regulador din\u00e0mic de flux.\" \/>\n<meta name=\"robots\" content=\"index, follow, max-snippet:-1, max-image-preview:large, max-video-preview:-1\" \/>\n<link rel=\"canonical\" href=\"https:\/\/inprosy.com\/ca\/projectes\/projecte-pots-de-plastic\/\" \/>\n<meta property=\"og:locale\" content=\"ca_ES\" \/>\n<meta property=\"og:type\" content=\"article\" \/>\n<meta property=\"og:title\" content=\"Optimitzaci\u00f3 l\u00ednia de producci\u00f3 de Pots de pl\u00e0stic &#8211; Inprosy\" \/>\n<meta property=\"og:description\" content=\"Projecte d&#039;optimitzaci\u00f3 de l&#039;efici\u00e8ncia d&#039;una l\u00ednia de producci\u00f3 de pots de pl\u00e0stic mitjan\u00e7ant un regulador din\u00e0mic de flux.\" \/>\n<meta property=\"og:url\" content=\"https:\/\/inprosy.com\/ca\/projectes\/projecte-pots-de-plastic\/\" \/>\n<meta property=\"og:site_name\" content=\"Inprosy\" \/>\n<meta property=\"article:modified_time\" content=\"2021-02-04T10:14:53+00:00\" \/>\n<meta property=\"og:image\" content=\"https:\/\/inprosy.com\/wp-content\/uploads\/2017\/07\/logo-header.jpg\" \/>\n\t<meta property=\"og:image:width\" content=\"800\" \/>\n\t<meta property=\"og:image:height\" content=\"156\" \/>\n\t<meta property=\"og:image:type\" content=\"image\/jpeg\" \/>\n<meta name=\"twitter:label1\" content=\"Est. reading time\" \/>\n\t<meta name=\"twitter:data1\" content=\"2 minutes\" \/>\n<script type=\"application\/ld+json\" class=\"yoast-schema-graph\">{\"@context\":\"https:\\\/\\\/schema.org\",\"@graph\":[{\"@type\":\"WebPage\",\"@id\":\"https:\\\/\\\/inprosy.com\\\/ca\\\/projectes\\\/projecte-pots-de-plastic\\\/\",\"url\":\"https:\\\/\\\/inprosy.com\\\/ca\\\/projectes\\\/projecte-pots-de-plastic\\\/\",\"name\":\"Optimitzaci\u00f3 l\u00ednia de producci\u00f3 de Pots de pl\u00e0stic &#8211; Inprosy\",\"isPartOf\":{\"@id\":\"https:\\\/\\\/inprosy.com\\\/ca\\\/#website\"},\"datePublished\":\"2020-07-23T07:59:12+00:00\",\"dateModified\":\"2021-02-04T10:14:53+00:00\",\"description\":\"Projecte d'optimitzaci\u00f3 de l'efici\u00e8ncia d'una l\u00ednia de producci\u00f3 de pots de pl\u00e0stic mitjan\u00e7ant un regulador din\u00e0mic de flux.\",\"breadcrumb\":{\"@id\":\"https:\\\/\\\/inprosy.com\\\/ca\\\/projectes\\\/projecte-pots-de-plastic\\\/#breadcrumb\"},\"inLanguage\":\"ca-ES\",\"potentialAction\":[{\"@type\":\"ReadAction\",\"target\":[\"https:\\\/\\\/inprosy.com\\\/ca\\\/projectes\\\/projecte-pots-de-plastic\\\/\"]}]},{\"@type\":\"BreadcrumbList\",\"@id\":\"https:\\\/\\\/inprosy.com\\\/ca\\\/projectes\\\/projecte-pots-de-plastic\\\/#breadcrumb\",\"itemListElement\":[{\"@type\":\"ListItem\",\"position\":1,\"name\":\"Portada\",\"item\":\"https:\\\/\\\/inprosy.com\\\/ca\\\/\"},{\"@type\":\"ListItem\",\"position\":2,\"name\":\"Projectes\",\"item\":\"https:\\\/\\\/inprosy.com\\\/ca\\\/projectes\\\/\"},{\"@type\":\"ListItem\",\"position\":3,\"name\":\"Projecte pots de pl\u00e1stic\"}]},{\"@type\":\"WebSite\",\"@id\":\"https:\\\/\\\/inprosy.com\\\/ca\\\/#website\",\"url\":\"https:\\\/\\\/inprosy.com\\\/ca\\\/\",\"name\":\"Inprosy\",\"description\":\"Soluciones para la gesti\u00f3n de flujos de producci\u00f3n\",\"publisher\":{\"@id\":\"https:\\\/\\\/inprosy.com\\\/ca\\\/#organization\"},\"potentialAction\":[{\"@type\":\"SearchAction\",\"target\":{\"@type\":\"EntryPoint\",\"urlTemplate\":\"https:\\\/\\\/inprosy.com\\\/ca\\\/?s={search_term_string}\"},\"query-input\":{\"@type\":\"PropertyValueSpecification\",\"valueRequired\":true,\"valueName\":\"search_term_string\"}}],\"inLanguage\":\"ca-ES\"},{\"@type\":\"Organization\",\"@id\":\"https:\\\/\\\/inprosy.com\\\/ca\\\/#organization\",\"name\":\"Innovate Production Systems, S.L.\",\"alternateName\":\"Inprosy\",\"url\":\"https:\\\/\\\/inprosy.com\\\/ca\\\/\",\"logo\":{\"@type\":\"ImageObject\",\"inLanguage\":\"ca-ES\",\"@id\":\"https:\\\/\\\/inprosy.com\\\/ca\\\/#\\\/schema\\\/logo\\\/image\\\/\",\"url\":\"https:\\\/\\\/inprosy.com\\\/wp-content\\\/uploads\\\/2017\\\/07\\\/logo-header.jpg\",\"contentUrl\":\"https:\\\/\\\/inprosy.com\\\/wp-content\\\/uploads\\\/2017\\\/07\\\/logo-header.jpg\",\"width\":800,\"height\":156,\"caption\":\"Innovate Production Systems, S.L.\"},\"image\":{\"@id\":\"https:\\\/\\\/inprosy.com\\\/ca\\\/#\\\/schema\\\/logo\\\/image\\\/\"},\"sameAs\":[\"https:\\\/\\\/www.linkedin.com\\\/company\\\/inprosys\\\/\",\"https:\\\/\\\/www.youtube.com\\\/channel\\\/UCuSsS6ets4VjRxVpkMgS2Mw\"]}]}<\/script>\n<!-- \/ Yoast SEO plugin. -->","yoast_head_json":{"title":"Optimitzaci\u00f3 l\u00ednia de producci\u00f3 de Pots de pl\u00e0stic &#8211; Inprosy","description":"Projecte d'optimitzaci\u00f3 de l'efici\u00e8ncia d'una l\u00ednia de producci\u00f3 de pots de pl\u00e0stic mitjan\u00e7ant un regulador din\u00e0mic de flux.","robots":{"index":"index","follow":"follow","max-snippet":"max-snippet:-1","max-image-preview":"max-image-preview:large","max-video-preview":"max-video-preview:-1"},"canonical":"https:\/\/inprosy.com\/ca\/projectes\/projecte-pots-de-plastic\/","og_locale":"ca_ES","og_type":"article","og_title":"Optimitzaci\u00f3 l\u00ednia de producci\u00f3 de Pots de pl\u00e0stic &#8211; Inprosy","og_description":"Projecte d'optimitzaci\u00f3 de l'efici\u00e8ncia d'una l\u00ednia de producci\u00f3 de pots de pl\u00e0stic mitjan\u00e7ant un regulador din\u00e0mic de flux.","og_url":"https:\/\/inprosy.com\/ca\/projectes\/projecte-pots-de-plastic\/","og_site_name":"Inprosy","article_modified_time":"2021-02-04T10:14:53+00:00","og_image":[{"width":800,"height":156,"url":"https:\/\/inprosy.com\/wp-content\/uploads\/2017\/07\/logo-header.jpg","type":"image\/jpeg"}],"twitter_misc":{"Est. reading time":"2 minutes"},"schema":{"@context":"https:\/\/schema.org","@graph":[{"@type":"WebPage","@id":"https:\/\/inprosy.com\/ca\/projectes\/projecte-pots-de-plastic\/","url":"https:\/\/inprosy.com\/ca\/projectes\/projecte-pots-de-plastic\/","name":"Optimitzaci\u00f3 l\u00ednia de producci\u00f3 de Pots de pl\u00e0stic &#8211; Inprosy","isPartOf":{"@id":"https:\/\/inprosy.com\/ca\/#website"},"datePublished":"2020-07-23T07:59:12+00:00","dateModified":"2021-02-04T10:14:53+00:00","description":"Projecte d'optimitzaci\u00f3 de l'efici\u00e8ncia d'una l\u00ednia de producci\u00f3 de pots de pl\u00e0stic mitjan\u00e7ant un regulador din\u00e0mic de flux.","breadcrumb":{"@id":"https:\/\/inprosy.com\/ca\/projectes\/projecte-pots-de-plastic\/#breadcrumb"},"inLanguage":"ca-ES","potentialAction":[{"@type":"ReadAction","target":["https:\/\/inprosy.com\/ca\/projectes\/projecte-pots-de-plastic\/"]}]},{"@type":"BreadcrumbList","@id":"https:\/\/inprosy.com\/ca\/projectes\/projecte-pots-de-plastic\/#breadcrumb","itemListElement":[{"@type":"ListItem","position":1,"name":"Portada","item":"https:\/\/inprosy.com\/ca\/"},{"@type":"ListItem","position":2,"name":"Projectes","item":"https:\/\/inprosy.com\/ca\/projectes\/"},{"@type":"ListItem","position":3,"name":"Projecte pots de pl\u00e1stic"}]},{"@type":"WebSite","@id":"https:\/\/inprosy.com\/ca\/#website","url":"https:\/\/inprosy.com\/ca\/","name":"Inprosy","description":"Soluciones para la gesti\u00f3n de flujos de producci\u00f3n","publisher":{"@id":"https:\/\/inprosy.com\/ca\/#organization"},"potentialAction":[{"@type":"SearchAction","target":{"@type":"EntryPoint","urlTemplate":"https:\/\/inprosy.com\/ca\/?s={search_term_string}"},"query-input":{"@type":"PropertyValueSpecification","valueRequired":true,"valueName":"search_term_string"}}],"inLanguage":"ca-ES"},{"@type":"Organization","@id":"https:\/\/inprosy.com\/ca\/#organization","name":"Innovate Production Systems, S.L.","alternateName":"Inprosy","url":"https:\/\/inprosy.com\/ca\/","logo":{"@type":"ImageObject","inLanguage":"ca-ES","@id":"https:\/\/inprosy.com\/ca\/#\/schema\/logo\/image\/","url":"https:\/\/inprosy.com\/wp-content\/uploads\/2017\/07\/logo-header.jpg","contentUrl":"https:\/\/inprosy.com\/wp-content\/uploads\/2017\/07\/logo-header.jpg","width":800,"height":156,"caption":"Innovate Production Systems, S.L."},"image":{"@id":"https:\/\/inprosy.com\/ca\/#\/schema\/logo\/image\/"},"sameAs":["https:\/\/www.linkedin.com\/company\/inprosys\/","https:\/\/www.youtube.com\/channel\/UCuSsS6ets4VjRxVpkMgS2Mw"]}]}},"_links":{"self":[{"href":"https:\/\/inprosy.com\/ca\/wp-json\/wp\/v2\/pages\/12121","targetHints":{"allow":["GET"]}}],"collection":[{"href":"https:\/\/inprosy.com\/ca\/wp-json\/wp\/v2\/pages"}],"about":[{"href":"https:\/\/inprosy.com\/ca\/wp-json\/wp\/v2\/types\/page"}],"author":[{"embeddable":true,"href":"https:\/\/inprosy.com\/ca\/wp-json\/wp\/v2\/users\/1"}],"replies":[{"embeddable":true,"href":"https:\/\/inprosy.com\/ca\/wp-json\/wp\/v2\/comments?post=12121"}],"version-history":[{"count":0,"href":"https:\/\/inprosy.com\/ca\/wp-json\/wp\/v2\/pages\/12121\/revisions"}],"up":[{"embeddable":true,"href":"https:\/\/inprosy.com\/ca\/wp-json\/wp\/v2\/pages\/12036"}],"wp:attachment":[{"href":"https:\/\/inprosy.com\/ca\/wp-json\/wp\/v2\/media?parent=12121"}],"curies":[{"name":"wp","href":"https:\/\/api.w.org\/{rel}","templated":true}]}}