{"id":12133,"date":"2020-07-23T10:12:37","date_gmt":"2020-07-23T08:12:37","guid":{"rendered":"https:\/\/inprosy.com\/projectes\/projecte-bosses\/"},"modified":"2020-09-28T10:12:06","modified_gmt":"2020-09-28T08:12:06","slug":"projecte-bosses","status":"publish","type":"page","link":"https:\/\/inprosy.com\/ca\/projectes\/projecte-bosses\/","title":{"rendered":"Projecte bosses"},"content":{"rendered":"<section class=\"l-section wpb_row height_medium color_primary\"><div class=\"l-section-h i-cf\"><div class=\"g-cols vc_row via_flex valign_middle type_default stacking_default\"><div class=\"vc_col-sm-10 wpb_column vc_column_container\"><div class=\"vc_column-inner\"><div class=\"wpb_wrapper\"><h1 class=\"w-post-elm post_title entry-title color_link_inherit\">Projecte bosses<\/h1><\/div><\/div><\/div><div class=\"vc_col-sm-2 wpb_column vc_column_container\"><div class=\"vc_column-inner\"><div class=\"wpb_wrapper\"><div class=\"w-iconbox iconpos_top style_default color_primary align_center no_text no_title icontype_img\"><div class=\"w-iconbox-icon\" style=\"font-size:70px;\"><img loading=\"lazy\" decoding=\"async\" width=\"70\" height=\"61\" src=\"https:\/\/inprosy.com\/wp-content\/uploads\/2020\/06\/picto-bolsitas-b-e1596698437997.png\" class=\"attachment-full size-full\" alt=\"\" \/><\/div><div class=\"w-iconbox-meta\"><\/div><\/div><\/div><\/div><\/div><\/div><\/div><\/section><section class=\"l-section wpb_row height_medium\"><div class=\"l-section-h i-cf\"><div class=\"g-cols vc_row via_flex valign_top type_default stacking_default\"><div class=\"vc_col-sm-12 wpb_column vc_column_container\"><div class=\"vc_column-inner\"><div class=\"wpb_wrapper\"><div class=\"g-cols wpb_row via_flex valign_top type_default stacking_default\"><div class=\"vc_col-sm-9 wpb_column vc_column_container\"><div class=\"vc_column-inner\"><div class=\"wpb_wrapper\"><div class=\"wpb_text_column\"><div class=\"wpb_wrapper\"><h3>Producte<\/h3>\n<p>Bosses de 200 x 150 mm.<\/p>\n<h3>Necessitat existent<\/h3>\n<p>El client ha instal\u00b7lat una nova l\u00ednia de producci\u00f3 que funciona a\u00eflladament de la resta de la f\u00e0brica. En aquesta l\u00ednia produeix un producte especialitzat que nom\u00e9s ocupa el 30 % de la capacitat disponible.<\/p>\n<p>En paral\u00b7lel, altres l\u00ednies de producci\u00f3 estan funcionant a plena capacitat i no arriben a satisfer plenament la demanda potencial. Aquestes l\u00ednies acaben en un sistema \u201cbag in Bag\u201d, en la qual les bosses s&#8217;empaqueten en altres bosses m\u00e9s grans.<\/p>\n<p>Per poder dedicar la capacitat disponible de la l\u00ednia instal\u00b7lada recentment a donar suport a les l\u00ednies que operen a ple rendiment, caldria connectar aquella l\u00ednia al sistema \u201cbag in Bag\u201d. En aquest cas, seria fonamental equilibrar les cad\u00e8ncies de producci\u00f3 de les diferents l\u00ednies amb la cad\u00e8ncia requerida pel sistema d&#8217;empaquetatge.<\/p>\n<p>El <em>lay out<\/em> de la planta \u00e9s complex, amb poc espai disponible i elements d&#8217;estructura de l\u2019edifici que dificulten el pas. A m\u00e9s, el \u201cbag in Bag\u201d del sistema d&#8217;empaquetatge est\u00e0 situat en altura.<\/p>\n<h3>Soluci\u00f3 proposada<\/h3>\n<p>Es proposa un sistema compost per dos Reguladors Din\u00e0mics de Flux aeris, model DFR-R, aix\u00ed com Espirals SPI-1T per aconseguir l&#8217;elevaci\u00f3 i descens dels productes. En aquesta configuraci\u00f3, la funci\u00f3 principal dels controladors DFR-R no \u00e9s d&#8217;acumulaci\u00f3 sin\u00f3 d&#8217;equilibratge entre la taxa d&#8217;arribada dels productes i el ritme del seu alliberament al sistema \u201cbag in Bag\u201d. Aquest equilibratge \u00e9s fonamental per maximitzar la cad\u00e8ncia del sistema d&#8217;empaquetatge.<\/p>\n<p>Atesa la complexitat f\u00edsica de l&#8217;espai disponible, s\u2019elabora un mapa de punts en 3D com a pas inicial. A partir del c\u00e0lcul exacte de les dimensions proporcionades per aquest mapa de punts, es desenvolupa i s&#8217;adapta la soluci\u00f3 final.<\/p>\n<h3>Millores obtingudes<\/h3>\n<ul>\n<li>Aconseguir l&#8217;equilibratge de l\u00ednies que permet la connexi\u00f3 entre la nova l\u00ednia i el sistema d&#8217;embalatge com\u00fa a totes elles. Aix\u00f2 permet que la nova l\u00ednia passi a treballar en una situaci\u00f3 propera a plena capacitat.<\/li>\n<li>Executar el projecte tot i tenir poc espai, fragmentat i condicionat per abundants elements estructurals.<\/li>\n<\/ul>\n<h3>Punts clau<\/h3>\n<p>AUGMENT DE CAPACITAT \u2013 RESTRICCIONS D&#8217;ESPAI \u2013 COMBINACI\u00d3 DE L\u00cdNIES \u2013 SOLUCI\u00d3 A MIDA<\/p>\n<p>* NOTA: per raons de confidencialitat s&#8217;ometen determinats detalls de el projecte<\/p>\n<\/div><\/div><\/div><\/div><\/div><div class=\"vc_col-sm-3 wpb_column vc_column_container\"><div class=\"vc_column-inner\"><div class=\"wpb_wrapper\"><\/div><\/div><\/div><\/div><\/div><\/div><\/div><\/div><\/div><\/section><section class=\"l-section wpb_row height_medium color_alternate\"><div class=\"l-section-h i-cf\"><div class=\"g-cols vc_row via_flex valign_top type_default stacking_default\"><div class=\"vc_col-sm-12 wpb_column vc_column_container\"><div class=\"vc_column-inner\"><div class=\"wpb_wrapper\"><div class=\"wpb_text_column\"><div class=\"wpb_wrapper\"><h3>Productes utilitzats<\/h3>\n<\/div><\/div><div class=\"w-separator size_medium\"><\/div><div class=\"w-grid type_grid layout_7608 cols_4 valign_center preload_style_spinner\" id=\"us_grid_1\" style=\"--columns:4;--gap:1.2rem;\"><style>@media (max-width:1024px){#us_grid_1{--columns:2!important}}@media (max-width:600px){#us_grid_1{--columns:1!important}}.layout_7608 .w-grid-item-h{}.layout_7608 .usg_post_image_1{transition-duration:0.3s;transform-origin:50% 50%;transform:scale(1) translate(0%,0%)}.layout_7608 .w-grid-item-h:focus-within .usg_post_image_1,.layout_7608 .w-grid-item-h:hover .usg_post_image_1{transform:scale(0.95) translate(0%,0%);opacity:0.6}.layout_7608 .usg_post_image_1{margin-bottom:0.5rem!important}.layout_7608 .usg_post_title_1{min-height:5rem!important}<\/style><div class=\"w-grid-list\">\t<article class=\"w-grid-item size_1x1 post-12259 us_portfolio type-us_portfolio status-publish has-post-thumbnail hentry us_portfolio_category-acumular us_portfolio_category-regulador-dinamic-de-flux us_portfolio_category-regular\" data-id=\"12259\">\r\n\t\t<div class=\"w-grid-item-h\">\r\n\t\t\t\t\t\t\t<a href=\"https:\/\/inprosy.com\/ca\/regulador-dinamic-de-flux-aeri\/\" class=\"w-grid-item-anchor\" aria-label=\"Regulador Din\u00e0mic de Flux Aeri\"><\/a>\r\n\t\t\t\t\t\t<div class=\"w-post-elm post_image usg_post_image_1\"><img loading=\"lazy\" decoding=\"async\" width=\"720\" height=\"720\" src=\"https:\/\/inprosy.com\/wp-content\/uploads\/2020\/05\/DFR-R-1-e1595865608753.png\" class=\"attachment- size- wp-post-image\" alt=\"Regulador Din\u00e1mico de Flujo A\u00e9reo - Inprosy\" \/><\/div><div class=\"w-vwrapper usg_vwrapper_1 align_center valign_top\" style=\"--vwrapper-gap:\"><h6 class=\"w-post-elm post_title usg_post_title_1 align_center entry-title color_link_inherit\">Regulador Din\u00e0mic de Flux Aeri<\/h6><\/div>\t\t<\/div>\r\n\t\t\t<\/article>\r\n\t<article class=\"w-grid-item size_1x1 post-12265 us_portfolio type-us_portfolio status-publish has-post-thumbnail hentry us_portfolio_category-accedir us_portfolio_category-elevar-descendir us_portfolio_category-espirals\" data-id=\"12265\">\r\n\t\t<div class=\"w-grid-item-h\">\r\n\t\t\t\t\t\t\t<a href=\"https:\/\/inprosy.com\/ca\/espirals-elevacio-descens\/\" class=\"w-grid-item-anchor\" aria-label=\"Espirals d&#8217;elevaci\u00f3 o descens\"><\/a>\r\n\t\t\t\t\t\t<div class=\"w-post-elm post_image usg_post_image_1\"><img loading=\"lazy\" decoding=\"async\" width=\"720\" height=\"720\" src=\"https:\/\/inprosy.com\/wp-content\/uploads\/2020\/05\/SPI-1-e1595865553610.png\" class=\"attachment- size- wp-post-image\" alt=\"Espirales de elevaci\u00f3n o descenso - Inprosy\" \/><\/div><div class=\"w-vwrapper usg_vwrapper_1 align_center valign_top\" style=\"--vwrapper-gap:\"><h6 class=\"w-post-elm post_title usg_post_title_1 align_center entry-title color_link_inherit\">Espirals d&#8217;elevaci\u00f3 o descens<\/h6><\/div>\t\t<\/div>\r\n\t\t\t<\/article>\r\n<\/div><div class=\"w-grid-preloader\">\t<div class=\"g-preloader type_1\">\r\n\t\t<div><\/div>\r\n\t<\/div>\r\n\t<\/div>\t<div class=\"w-grid-json hidden\" onclick='return {&quot;action&quot;:&quot;us_ajax_grid&quot;,&quot;infinite_scroll&quot;:0,&quot;max_num_pages&quot;:1,&quot;pagination&quot;:&quot;none&quot;,&quot;template_vars&quot;:{&quot;columns&quot;:&quot;4&quot;,&quot;exclude_items&quot;:&quot;none&quot;,&quot;img_size&quot;:&quot;default&quot;,&quot;ignore_items_size&quot;:0,&quot;items_layout&quot;:&quot;7608&quot;,&quot;items_offset&quot;:&quot;1&quot;,&quot;load_animation&quot;:&quot;none&quot;,&quot;overriding_link&quot;:&quot;%7B%22type%22%3A%22post%22%7D&quot;,&quot;post_id&quot;:0,&quot;query_args&quot;:{&quot;ignore_sticky_posts&quot;:1,&quot;post_type&quot;:&quot;any&quot;,&quot;post__in&quot;:[&quot;8121&quot;,&quot;7999&quot;],&quot;posts_per_page&quot;:999},&quot;orderby_query_args&quot;:{&quot;orderby&quot;:{&quot;menu_order&quot;:&quot;ASC&quot;},&quot;order&quot;:&quot;ASC&quot;},&quot;type&quot;:&quot;grid&quot;,&quot;us_grid_post_type&quot;:&quot;ids&quot;,&quot;us_grid_ajax_index&quot;:1,&quot;us_grid_filter_query_string&quot;:null,&quot;us_grid_index&quot;:1,&quot;page_args&quot;:[],&quot;lang&quot;:&quot;ca&quot;}}'><\/div>\r\n\t<\/div><\/div><\/div><\/div><\/div><\/div><\/section>\n","protected":false},"excerpt":{"rendered":"HomePagesEspirals d&#8217;elevaci\u00f3 o descens caixes packs bricks doypacks flowpacks flascons pots safates bossetes ampolles components mec\u00e0nics compontents el\u00e8ctr\u00f2nics Descarregar fitxa de producteLes Espirals d&#8217;Elevaci\u00f3 o Descens (SPI) s\u00f3n dispositius dissenyats per transportar productes entre dos punts a diferents altures. El transport en espiral es pot produir tant en sentit ascendent com en sentit descendent, o...","protected":false},"author":1,"featured_media":0,"parent":12036,"menu_order":27,"comment_status":"closed","ping_status":"closed","template":"","meta":{"_acf_changed":false,"footnotes":""},"class_list":["post-12133","page","type-page","status-publish","hentry"],"acf":[],"yoast_head":"<!-- This site is optimized with the Yoast SEO plugin v27.3 - https:\/\/yoast.com\/product\/yoast-seo-wordpress\/ -->\n<title>Optimitzaci\u00f3 l\u00ednia de producci\u00f3 de Bosses &#8211; Inprosy<\/title>\n<meta name=\"description\" content=\"Projecte d&#039;optimitzaci\u00f3 de l&#039;efici\u00e8ncia d&#039;una l\u00ednia de producci\u00f3 de bosses mitjan\u00e7ant un regulador din\u00e0mic de flux aeri i espirals.\" \/>\n<meta name=\"robots\" content=\"index, follow, max-snippet:-1, max-image-preview:large, max-video-preview:-1\" \/>\n<link rel=\"canonical\" href=\"https:\/\/inprosy.com\/ca\/projectes\/projecte-bosses\/\" \/>\n<meta property=\"og:locale\" content=\"ca_ES\" \/>\n<meta property=\"og:type\" content=\"article\" \/>\n<meta property=\"og:title\" content=\"Optimitzaci\u00f3 l\u00ednia de producci\u00f3 de Bosses &#8211; Inprosy\" \/>\n<meta property=\"og:description\" content=\"Projecte d&#039;optimitzaci\u00f3 de l&#039;efici\u00e8ncia d&#039;una l\u00ednia de producci\u00f3 de bosses mitjan\u00e7ant un regulador din\u00e0mic de flux aeri i espirals.\" \/>\n<meta property=\"og:url\" content=\"https:\/\/inprosy.com\/ca\/projectes\/projecte-bosses\/\" \/>\n<meta property=\"og:site_name\" content=\"Inprosy\" \/>\n<meta property=\"article:modified_time\" content=\"2020-09-28T08:12:06+00:00\" \/>\n<meta property=\"og:image\" content=\"https:\/\/inprosy.com\/wp-content\/uploads\/2017\/07\/logo-header.jpg\" \/>\n\t<meta property=\"og:image:width\" content=\"800\" \/>\n\t<meta property=\"og:image:height\" content=\"156\" \/>\n\t<meta property=\"og:image:type\" content=\"image\/jpeg\" \/>\n<meta name=\"twitter:label1\" content=\"Est. reading time\" \/>\n\t<meta name=\"twitter:data1\" content=\"2 minutes\" \/>\n<script type=\"application\/ld+json\" class=\"yoast-schema-graph\">{\"@context\":\"https:\\\/\\\/schema.org\",\"@graph\":[{\"@type\":\"WebPage\",\"@id\":\"https:\\\/\\\/inprosy.com\\\/ca\\\/projectes\\\/projecte-bosses\\\/\",\"url\":\"https:\\\/\\\/inprosy.com\\\/ca\\\/projectes\\\/projecte-bosses\\\/\",\"name\":\"Optimitzaci\u00f3 l\u00ednia de producci\u00f3 de Bosses &#8211; Inprosy\",\"isPartOf\":{\"@id\":\"https:\\\/\\\/inprosy.com\\\/ca\\\/#website\"},\"datePublished\":\"2020-07-23T08:12:37+00:00\",\"dateModified\":\"2020-09-28T08:12:06+00:00\",\"description\":\"Projecte d'optimitzaci\u00f3 de l'efici\u00e8ncia d'una l\u00ednia de producci\u00f3 de bosses mitjan\u00e7ant un regulador din\u00e0mic de flux aeri i espirals.\",\"breadcrumb\":{\"@id\":\"https:\\\/\\\/inprosy.com\\\/ca\\\/projectes\\\/projecte-bosses\\\/#breadcrumb\"},\"inLanguage\":\"ca-ES\",\"potentialAction\":[{\"@type\":\"ReadAction\",\"target\":[\"https:\\\/\\\/inprosy.com\\\/ca\\\/projectes\\\/projecte-bosses\\\/\"]}]},{\"@type\":\"BreadcrumbList\",\"@id\":\"https:\\\/\\\/inprosy.com\\\/ca\\\/projectes\\\/projecte-bosses\\\/#breadcrumb\",\"itemListElement\":[{\"@type\":\"ListItem\",\"position\":1,\"name\":\"Portada\",\"item\":\"https:\\\/\\\/inprosy.com\\\/ca\\\/\"},{\"@type\":\"ListItem\",\"position\":2,\"name\":\"Projectes\",\"item\":\"https:\\\/\\\/inprosy.com\\\/ca\\\/projectes\\\/\"},{\"@type\":\"ListItem\",\"position\":3,\"name\":\"Projecte bosses\"}]},{\"@type\":\"WebSite\",\"@id\":\"https:\\\/\\\/inprosy.com\\\/ca\\\/#website\",\"url\":\"https:\\\/\\\/inprosy.com\\\/ca\\\/\",\"name\":\"Inprosy\",\"description\":\"Soluciones para la gesti\u00f3n de flujos de producci\u00f3n\",\"publisher\":{\"@id\":\"https:\\\/\\\/inprosy.com\\\/ca\\\/#organization\"},\"potentialAction\":[{\"@type\":\"SearchAction\",\"target\":{\"@type\":\"EntryPoint\",\"urlTemplate\":\"https:\\\/\\\/inprosy.com\\\/ca\\\/?s={search_term_string}\"},\"query-input\":{\"@type\":\"PropertyValueSpecification\",\"valueRequired\":true,\"valueName\":\"search_term_string\"}}],\"inLanguage\":\"ca-ES\"},{\"@type\":\"Organization\",\"@id\":\"https:\\\/\\\/inprosy.com\\\/ca\\\/#organization\",\"name\":\"Innovate Production Systems, S.L.\",\"alternateName\":\"Inprosy\",\"url\":\"https:\\\/\\\/inprosy.com\\\/ca\\\/\",\"logo\":{\"@type\":\"ImageObject\",\"inLanguage\":\"ca-ES\",\"@id\":\"https:\\\/\\\/inprosy.com\\\/ca\\\/#\\\/schema\\\/logo\\\/image\\\/\",\"url\":\"https:\\\/\\\/inprosy.com\\\/wp-content\\\/uploads\\\/2017\\\/07\\\/logo-header.jpg\",\"contentUrl\":\"https:\\\/\\\/inprosy.com\\\/wp-content\\\/uploads\\\/2017\\\/07\\\/logo-header.jpg\",\"width\":800,\"height\":156,\"caption\":\"Innovate Production Systems, S.L.\"},\"image\":{\"@id\":\"https:\\\/\\\/inprosy.com\\\/ca\\\/#\\\/schema\\\/logo\\\/image\\\/\"},\"sameAs\":[\"https:\\\/\\\/www.linkedin.com\\\/company\\\/inprosys\\\/\",\"https:\\\/\\\/www.youtube.com\\\/channel\\\/UCuSsS6ets4VjRxVpkMgS2Mw\"]}]}<\/script>\n<!-- \/ Yoast SEO plugin. -->","yoast_head_json":{"title":"Optimitzaci\u00f3 l\u00ednia de producci\u00f3 de Bosses &#8211; Inprosy","description":"Projecte d'optimitzaci\u00f3 de l'efici\u00e8ncia d'una l\u00ednia de producci\u00f3 de bosses mitjan\u00e7ant un regulador din\u00e0mic de flux aeri i espirals.","robots":{"index":"index","follow":"follow","max-snippet":"max-snippet:-1","max-image-preview":"max-image-preview:large","max-video-preview":"max-video-preview:-1"},"canonical":"https:\/\/inprosy.com\/ca\/projectes\/projecte-bosses\/","og_locale":"ca_ES","og_type":"article","og_title":"Optimitzaci\u00f3 l\u00ednia de producci\u00f3 de Bosses &#8211; Inprosy","og_description":"Projecte d'optimitzaci\u00f3 de l'efici\u00e8ncia d'una l\u00ednia de producci\u00f3 de bosses mitjan\u00e7ant un regulador din\u00e0mic de flux aeri i espirals.","og_url":"https:\/\/inprosy.com\/ca\/projectes\/projecte-bosses\/","og_site_name":"Inprosy","article_modified_time":"2020-09-28T08:12:06+00:00","og_image":[{"width":800,"height":156,"url":"https:\/\/inprosy.com\/wp-content\/uploads\/2017\/07\/logo-header.jpg","type":"image\/jpeg"}],"twitter_misc":{"Est. reading time":"2 minutes"},"schema":{"@context":"https:\/\/schema.org","@graph":[{"@type":"WebPage","@id":"https:\/\/inprosy.com\/ca\/projectes\/projecte-bosses\/","url":"https:\/\/inprosy.com\/ca\/projectes\/projecte-bosses\/","name":"Optimitzaci\u00f3 l\u00ednia de producci\u00f3 de Bosses &#8211; Inprosy","isPartOf":{"@id":"https:\/\/inprosy.com\/ca\/#website"},"datePublished":"2020-07-23T08:12:37+00:00","dateModified":"2020-09-28T08:12:06+00:00","description":"Projecte d'optimitzaci\u00f3 de l'efici\u00e8ncia d'una l\u00ednia de producci\u00f3 de bosses mitjan\u00e7ant un regulador din\u00e0mic de flux aeri i espirals.","breadcrumb":{"@id":"https:\/\/inprosy.com\/ca\/projectes\/projecte-bosses\/#breadcrumb"},"inLanguage":"ca-ES","potentialAction":[{"@type":"ReadAction","target":["https:\/\/inprosy.com\/ca\/projectes\/projecte-bosses\/"]}]},{"@type":"BreadcrumbList","@id":"https:\/\/inprosy.com\/ca\/projectes\/projecte-bosses\/#breadcrumb","itemListElement":[{"@type":"ListItem","position":1,"name":"Portada","item":"https:\/\/inprosy.com\/ca\/"},{"@type":"ListItem","position":2,"name":"Projectes","item":"https:\/\/inprosy.com\/ca\/projectes\/"},{"@type":"ListItem","position":3,"name":"Projecte bosses"}]},{"@type":"WebSite","@id":"https:\/\/inprosy.com\/ca\/#website","url":"https:\/\/inprosy.com\/ca\/","name":"Inprosy","description":"Soluciones para la gesti\u00f3n de flujos de producci\u00f3n","publisher":{"@id":"https:\/\/inprosy.com\/ca\/#organization"},"potentialAction":[{"@type":"SearchAction","target":{"@type":"EntryPoint","urlTemplate":"https:\/\/inprosy.com\/ca\/?s={search_term_string}"},"query-input":{"@type":"PropertyValueSpecification","valueRequired":true,"valueName":"search_term_string"}}],"inLanguage":"ca-ES"},{"@type":"Organization","@id":"https:\/\/inprosy.com\/ca\/#organization","name":"Innovate Production Systems, S.L.","alternateName":"Inprosy","url":"https:\/\/inprosy.com\/ca\/","logo":{"@type":"ImageObject","inLanguage":"ca-ES","@id":"https:\/\/inprosy.com\/ca\/#\/schema\/logo\/image\/","url":"https:\/\/inprosy.com\/wp-content\/uploads\/2017\/07\/logo-header.jpg","contentUrl":"https:\/\/inprosy.com\/wp-content\/uploads\/2017\/07\/logo-header.jpg","width":800,"height":156,"caption":"Innovate Production Systems, S.L."},"image":{"@id":"https:\/\/inprosy.com\/ca\/#\/schema\/logo\/image\/"},"sameAs":["https:\/\/www.linkedin.com\/company\/inprosys\/","https:\/\/www.youtube.com\/channel\/UCuSsS6ets4VjRxVpkMgS2Mw"]}]}},"_links":{"self":[{"href":"https:\/\/inprosy.com\/ca\/wp-json\/wp\/v2\/pages\/12133","targetHints":{"allow":["GET"]}}],"collection":[{"href":"https:\/\/inprosy.com\/ca\/wp-json\/wp\/v2\/pages"}],"about":[{"href":"https:\/\/inprosy.com\/ca\/wp-json\/wp\/v2\/types\/page"}],"author":[{"embeddable":true,"href":"https:\/\/inprosy.com\/ca\/wp-json\/wp\/v2\/users\/1"}],"replies":[{"embeddable":true,"href":"https:\/\/inprosy.com\/ca\/wp-json\/wp\/v2\/comments?post=12133"}],"version-history":[{"count":0,"href":"https:\/\/inprosy.com\/ca\/wp-json\/wp\/v2\/pages\/12133\/revisions"}],"up":[{"embeddable":true,"href":"https:\/\/inprosy.com\/ca\/wp-json\/wp\/v2\/pages\/12036"}],"wp:attachment":[{"href":"https:\/\/inprosy.com\/ca\/wp-json\/wp\/v2\/media?parent=12133"}],"curies":[{"name":"wp","href":"https:\/\/api.w.org\/{rel}","templated":true}]}}