{"id":15016,"date":"2021-07-16T11:24:18","date_gmt":"2021-07-16T09:24:18","guid":{"rendered":"https:\/\/inprosy.com\/politica-de-privacitat\/"},"modified":"2024-04-29T16:05:39","modified_gmt":"2024-04-29T14:05:39","slug":"politica-de-privacitat","status":"publish","type":"page","link":"https:\/\/inprosy.com\/ca\/politica-de-privacitat\/","title":{"rendered":"Pol\u00edtica de privacitat"},"content":{"rendered":"<section class=\"l-section wpb_row height_medium\"><div class=\"l-section-h i-cf\"><div class=\"g-cols vc_row via_flex valign_top type_default stacking_default\"><div class=\"vc_col-sm-12 wpb_column vc_column_container\"><div class=\"vc_column-inner\"><div class=\"wpb_wrapper\"><div class=\"wpb_text_column\"><div class=\"wpb_wrapper\"><h1>Pol\u00edtica de privacitat i tractament de dades personals<\/h1>\n<p>INNOVATIVE PRODUCTION SYSTEMS, S.L., d&#8217;ara endavant INPROSY, amb domicili en C\/ Miquel Servet, 2, 08243 Manresa (Barcelona \/ Espanya), \u00e9s titular d&#8217;aquest lloc web, i responsable de les dades de car\u00e0cter personal subministrades pels usuaris a trav\u00e9s de aquest lloc web.<\/p>\n<p>L&#8217;usuari queda informat sobre el tractament de les dades subministrades durant la navegaci\u00f3 a la p\u00e0gina web i les que es generin com a conseq\u00fc\u00e8ncia de la utilitzaci\u00f3 de la mateixa, incloses, si escau, les comunicacions o les transfer\u00e8ncies internacionals de les dades que poguessin realitzar-se, amb les finalitats indicades a l&#8217;apartat <strong> Amb quina finalitat tractem les seves dades personals?<\/strong>.<\/p>\n<p>En el cas que les dades facilitades es refereixin a terceres persones f\u00edsiques o jur\u00eddiques diferents de l&#8217;usuari, aquest garanteix haver recaptat i comptar amb el consentiment previ dels mateixos per a la comunicaci\u00f3 de les seves dades i haver-los informat, amb car\u00e0cter previ a facilitar-los, de les finalitats de l&#8217;tractament, comunicacions i altres termes que preveu l&#8217;apartat Informaci\u00f3 sobre Protecci\u00f3 de Dades.<\/p>\n<p>La utilitzaci\u00f3 d&#8217;aquesta web est\u00e0 subjecta a la Pol\u00edtica de Privadesa i Tractament de Dades Personals, a les condicions d&#8217;\u00fas que es detallen a continuaci\u00f3, aix\u00ed com a la pol\u00edtica de cookies. Et preguem que les llegeixis atentament.<\/p>\n<h5><strong>INFORMACI\u00d3 SOBRE PROTECCI\u00d3 DE DADES:<\/strong><\/h5>\n<p><strong>Qui \u00e9s el responsable de l&#8217;tractament de les seves dades personals?<\/strong><\/p>\n<p>La informaci\u00f3 i\/o dades personals que ens proporcioni s\u00f3n responsabilitat de:<\/p>\n<ul>\n<li><strong> Identitat: <\/strong> INNOVATIVE PRODUCTION SYSTEMS, S.L. B-65859068<\/li>\n<li><strong> Adre\u00e7a postal: <\/strong> C\/ Miquel Servet, 2, 08243 Manresa.<\/li>\n<li><strong> Contacte del Delegat de Protecci\u00f3 de Dades: <\/strong> <a href=\"mailto:info@inprosy.com\"> info@inprosy.com <\/a><\/li>\n<\/ul>\n<p><strong> Quines dades recaptem i conservem? <\/strong><\/p>\n<p>INPROSY obt\u00e9 informaci\u00f3 sobre els seus usuaris. Les dades que es conserven s\u00f3n:<\/p>\n<ol>\n<li>Les dades obtingudes de la navegaci\u00f3 i \u00fas del nostre lloc web, en concret:\n<ul>\n<li>El nom de domini del prove\u00efdor (ISP) que li d\u00f3na acc\u00e9s a la xarxa. Per exemple, un usuari del prove\u00efdor XXX estar\u00e0 identificat amb el domini xxx.es.<\/li>\n<li>La data i hora d&#8217;acc\u00e9s al nostre web.<\/li>\n<li>L&#8217;adre\u00e7a d&#8217;Internet des de la qual va partir el link que dirigeix \u200b\u200bal nostre web.<\/li>\n<\/ul>\n<\/li>\n<li>Les dades identificatives que ens faciliti, a trav\u00e9s de cada un dels formularis accessibles per l&#8217;usuari en el Lloc Web i amb la finalitat exposada en cada un dels formularis.<\/li>\n<\/ol>\n<p><strong> Qu\u00e8 dades no conservem i no arriben a incorporar-se a cap registre ni sistema d&#8217;emmagatzematge? <\/strong><\/p>\n<p>INPROSY no conserva cap de les dades operatius, econ\u00f2mics o de producte amb qu\u00e8 l&#8217;usuari emplena el formulari d&#8217;an\u00e0lisi econ\u00f2mica d&#8217;un DFR. Aquestes dades s\u00f3n utilitzades \u00fanicament per generar els c\u00e0lculs de rendiment i el corresponent informe que s&#8217;envia a l&#8217;usuari i s&#8217;eliminen autom\u00e0ticament amb l&#8217;emissi\u00f3 de l&#8217;informe.<\/p>\n<p><strong> Amb quina finalitat tractem les seves dades personals? <\/strong><\/p>\n<p>A continuaci\u00f3, es detallen les finalitats dels tractaments:<\/p>\n<ul>\n<li>Pel que fa a les dades obtingudes en la navegaci\u00f3 i \u00fas del nostre lloc web, realitzarem el tractament de les dades generades per la navegaci\u00f3 amb les finalitats basades en les establertes en el panell de cookies i les seves prefer\u00e8ncies associades Configuraci\u00f3 de galetes<\/li>\n<li>Si \u00e9s el cas, les dades facilitades en els formularis accessibles en el Lloc Web seran tractades amb les finalitats relacionades amb aquests formularis, en concret:\n<ul>\n<li>En el cas de facilitar les seves dades per fer una sol\u00b7licitud d&#8217;informaci\u00f3:\n<ul>\n<li>Per contactar a l&#8217;usuari i fer-li arribar aquesta informaci\u00f3.<\/li>\n<li>Per actualitzar a l&#8217;usuari sobre desenvolupaments, not\u00edcies o canvis que puguin ser-li rellevants en relaci\u00f3 a la informaci\u00f3 sol\u00b7licitada o al seu \u00e0rea d&#8217;inter\u00e8s.<\/li>\n<\/ul>\n<\/li>\n<li>En el cas de facilitar les seves dades per sol\u00b7licitar un informe d&#8217;an\u00e0lisi econ\u00f2mica d&#8217;un DFR:\n<ul>\n<li>Les dades econ\u00f2miques, operatius i de producte facilitades s&#8217;utilitzen exclusivament per fer els c\u00e0lculs que donaran lloc a l&#8217;informe, i s\u00f3n autom\u00e0ticament eliminats amb li emissi\u00f3 d&#8217;aquest.<\/li>\n<li>Les dades identificatives i de contacte de l&#8217;usuari s&#8217;utilitzen per fer-li arribar l&#8217;informe i es conserven per actualizarle sobre desenvolupaments, not\u00edcies o canvis que puguin ser-li rellevants en relaci\u00f3 a la informaci\u00f3 sol\u00b7licitada o al seu \u00e0rea d&#8217;inter\u00e8s.<\/li>\n<\/ul>\n<\/li>\n<li>En el cas de facilitar les seves dades per a realitzar-nos un suggeriment o formular una reclamaci\u00f3, tractarem les seves dades per posar-nos en contacte amb vost\u00e8 i atendre la seva petici\u00f3.<\/li>\n<li>En el cas de facilitar les seves dades per sol\u00b7licitar la subscripci\u00f3 a butlletins electr\u00f2nics tractarem les seves dades per a l&#8217;enviament de comunicacions i novetats basades en els interessos que ens hagi manifestat en el formulari de subscripci\u00f3.<\/li>\n<li>En el cas de facilitar les seves dades i acceptar l&#8217;enviament de comunicacions comercials tractarem les seves dades per enviar-li informaci\u00f3 i publicitat, fins i tot per via electr\u00f2nica, sobre ofertes, productes, recomanacions i serveis de INPROSY.<\/li>\n<\/ul>\n<\/li>\n<\/ul>\n<p><strong> Per quant de temps conservarem les seves dades personals? <\/strong><\/p>\n<p>Les dades personals proporcionades es conservaran pel termini determinat amb base en els seg\u00fcents criteris: (i) obligaci\u00f3 legal de conservaci\u00f3; i, (ii) sol\u00b7licitud de supressi\u00f3 per part de l&#8217;interessat en els sup\u00f2sits en qu\u00e8 sigui procedent.<\/p>\n<p><strong> Quina \u00e9s la legitimaci\u00f3 per al tractament de les seves dades? <\/strong><\/p>\n<p>La base legal per al tractament de les seves dades amb les finalitats incloses en l&#8217;apartat &#8220;<strong>Amb quina finalitat tractem les seves dades personals?<\/strong>&#8221; es detallen a continuaci\u00f3:<\/p>\n<ul>\n<li>Pel que fa a la navegaci\u00f3 i \u00fas del nostre lloc web, \u00e9s el consentiment que hagi atorgat l&#8217;usuari en el panell de cookies.<\/li>\n<li>Pel que fa a les sol\u00b7licituds d&#8217;informaci\u00f3, emissi\u00f3 de l&#8217;informe de rendiment d&#8217;un DFR, realitzaci\u00f3 de suggeriments o formulaci\u00f3 de reclamacions, la base legitimadora \u00e9s el consentiment de l&#8217;usuari a l&#8217;facilitar les seves dades com a contacte per atendre la seva petici\u00f3.<\/li>\n<li>Pel que fa a la subscripci\u00f3 a butlletins electr\u00f2nics, la base legitimadora \u00e9s el consentiment de l&#8217;interessat a l&#8217;facilitar les seves dades a la sol\u00b7licitud realitzada.<\/li>\n<li>Pel que fa a l&#8217;enviament de comunicacions comercials la base legitimadora \u00e9s el consentiment de l&#8217;interessat per a l&#8217;enviament d&#8217;informaci\u00f3 i publicitat, fins i tot per via electr\u00f2nica, sobre ofertes, productes, recomanacions i serveis de INPROSY.<\/li>\n<\/ul>\n<p><strong> A qu\u00e8 destinataris es comunicaran les seves dades? <\/strong><\/p>\n<p>INPROSY podr\u00e0 comunicar les seves dades exclusivament per a les finalitats indicades a l&#8217;apartat &#8220;<strong>Amb quina finalitat tractem les seves dades personals?<\/strong>&#8220;, Als seg\u00fcents destinataris:<\/p>\n<ul>\n<li>A les diferents entitats de el Grup INPROSY per a l&#8217;adequada prestaci\u00f3 de servei.<\/li>\n<li>A terceres persones o empreses amb les que s&#8217;arribi a acords de col\u00b7laboraci\u00f3 per a la prestaci\u00f3 de serveis sol\u00b7licitats pel client.<\/li>\n<li>A autoritats, reguladors o \u00f2rgans governamentals en aquells sup\u00f2sits exigits per la llei, la normativa local o en compliment d&#8217;obligacions regulat\u00f2ries.<\/li>\n<\/ul>\n<p>En el marc d&#8217;aquestes comunicacions, podran realitzar transfer\u00e8ncies internacionals de dades a tercers pa\u00efsos. Aquestes transfer\u00e8ncies es realitzaran a pa\u00efsos on no hi hagi una decisi\u00f3 d&#8217;adequaci\u00f3 de la Comissi\u00f3 Europea \u00fanicament quan siguin imprescindibles per al compliment de les finalitats indicades.<\/p>\n<p><strong> Quins s\u00f3n els seus drets quan ens facilita les seves dades? <\/strong><\/p>\n<p>En els termes i amb l&#8217;abast que estableix la normativa vigent, qualsevol persona pot exercir els seg\u00fcents drets:<\/p>\n<ul>\n<li>Acc\u00e9s: Con\u00e8ixer quines dades personals seus t\u00e9 INPROSY.<\/li>\n<li>Rectificaci\u00f3: Sol\u00b7licitar la rectificaci\u00f3 de les seves dades inexactes.<\/li>\n<li>Supressi\u00f3: Sol\u00b7licitar la supressi\u00f3 de les seves dades quan, entre altres motius, ja no siguin necessaris per als fins per als quals van ser recollides.<\/li>\n<li>Limitaci\u00f3 de l&#8217;tractament: Sol\u00b7licitar que suspenguem el tractament de les seves dades, si, per exemple, les dades s\u00f3n inexactes o el tractament \u00e9s il\u00b7l\u00edcit, podent no obstant ser tractats per a l&#8217;exercici o la defensa de possibles reclamacions, la protecci\u00f3 dels drets d&#8217;una altra persona o per raons d&#8217;inter\u00e8s p\u00fablic.<\/li>\n<li>Oposici\u00f3: Oposar-se a el tractament de les seves dades, excepte quan siguin necessaris per a, entre altres motius, el desenvolupament de la relaci\u00f3 contractual, en el cas que l&#8217;hagu\u00e9s, o per a l&#8217;exercici o la defensa de possibles reclamacions.<\/li>\n<\/ul>\n<p>Li recordem que tamb\u00e9 pot, en qualsevol moment, revocar el consentiment prestat per al tractament de les seves dades, si escau.<\/p>\n<p>Els anteriors drets es poden exercir directament pel titular de les dades o mitjan\u00e7ant representant legal o voluntari, a trav\u00e9s de comunicaci\u00f3 escrita i dirigida a Departament de Protecci\u00f3 de dades; INNOVATIVE PRODUCTION SYSTEMS, S.L., C\/ Miquel Servet, 2; 08243 Manresa (Barcelona &#8211; Espanya).<\/p>\n<p>Addicionalment, l&#8217;informem que pot presentar una reclamaci\u00f3 davant l&#8217;Ag\u00e8ncia Espanyola de Protecci\u00f3 de Dades, quan consideri que no hem tractat les seves dades d&#8217;acord amb la normativa, a trav\u00e9s de la p\u00e0gina web habilitada a aquest efecte per l&#8217;Autoritat de Control corresponent.<\/p>\n<h5><strong> RESPONSABILITATS <\/strong><\/h5>\n<p>INNOVATIVE PRODUCTION SYSTEMS, S.L. declina qualsevol responsabilitat respecte a la informaci\u00f3 d&#8217;aquesta web procedent de fonts alienes a INPROSY, aix\u00ed com dels continguts no elaborats per la mateixa.<\/p>\n<p>La funci\u00f3 dels links (enlla\u00e7os) que apareixen en aquesta p\u00e0gina \u00e9s exclusivament la d&#8217;informar a l&#8217;usuari sobre les dades de contacte dels col\u00b7laboradors de INPROSY o sobre l&#8217;exist\u00e8ncia d&#8217;altres fonts d&#8217;informaci\u00f3 sobre les mat\u00e8ries de la p\u00e0gina a Internet, on podr\u00e0 ampliar les dades ofertes en aquest web. INNOVATIVE PRODUCTION SYSTEMS, S.L. no ser\u00e0 en cap cas responsable el resultat obtingut a trav\u00e9s d&#8217;aquests enlla\u00e7os hipertextuals.<\/p>\n<\/div><\/div><\/div><\/div><\/div><\/div><\/div><\/section>\n","protected":false},"excerpt":{"rendered":"Pol\u00edtica de privacitat i tractament de dades personals INNOVATIVE PRODUCTION SYSTEMS, S.L., d&#8217;ara endavant INPROSY, amb domicili en C\/ Miquel Servet, 2, 08243 Manresa (Barcelona \/ Espanya), \u00e9s titular d&#8217;aquest lloc web, i responsable de les dades de car\u00e0cter personal subministrades pels usuaris a trav\u00e9s de aquest lloc web. L&#8217;usuari queda informat sobre el tractament...","protected":false},"author":1,"featured_media":0,"parent":0,"menu_order":100,"comment_status":"closed","ping_status":"closed","template":"","meta":{"_acf_changed":false,"footnotes":""},"class_list":["post-15016","page","type-page","status-publish","hentry"],"acf":[],"yoast_head":"<!-- This site is optimized with the Yoast SEO plugin v27.4 - https:\/\/yoast.com\/product\/yoast-seo-wordpress\/ -->\n<title>Pol\u00edtica de privacitat &#8211; Inprosy<\/title>\n<meta name=\"robots\" content=\"noindex, follow\" \/>\n<meta property=\"og:locale\" content=\"ca_ES\" \/>\n<meta property=\"og:type\" content=\"article\" \/>\n<meta property=\"og:title\" content=\"Pol\u00edtica de privacitat &#8211; Inprosy\" \/>\n<meta property=\"og:url\" content=\"https:\/\/inprosy.com\/ca\/politica-de-privacitat\/\" \/>\n<meta property=\"og:site_name\" content=\"Inprosy\" \/>\n<meta property=\"article:modified_time\" content=\"2024-04-29T14:05:39+00:00\" \/>\n<meta property=\"og:image\" content=\"https:\/\/inprosy.com\/wp-content\/uploads\/2017\/07\/logo-header.jpg\" \/>\n\t<meta property=\"og:image:width\" content=\"800\" \/>\n\t<meta property=\"og:image:height\" content=\"156\" \/>\n\t<meta property=\"og:image:type\" content=\"image\/jpeg\" \/>\n<meta name=\"twitter:label1\" content=\"Est. reading time\" \/>\n\t<meta name=\"twitter:data1\" content=\"7 minutes\" \/>\n<script type=\"application\/ld+json\" class=\"yoast-schema-graph\">{\"@context\":\"https:\\\/\\\/schema.org\",\"@graph\":[{\"@type\":\"WebPage\",\"@id\":\"https:\\\/\\\/inprosy.com\\\/ca\\\/politica-de-privacitat\\\/\",\"url\":\"https:\\\/\\\/inprosy.com\\\/ca\\\/politica-de-privacitat\\\/\",\"name\":\"Pol\u00edtica de privacitat &#8211; Inprosy\",\"isPartOf\":{\"@id\":\"https:\\\/\\\/inprosy.com\\\/ca\\\/#website\"},\"datePublished\":\"2021-07-16T09:24:18+00:00\",\"dateModified\":\"2024-04-29T14:05:39+00:00\",\"breadcrumb\":{\"@id\":\"https:\\\/\\\/inprosy.com\\\/ca\\\/politica-de-privacitat\\\/#breadcrumb\"},\"inLanguage\":\"ca-ES\",\"potentialAction\":[{\"@type\":\"ReadAction\",\"target\":[\"https:\\\/\\\/inprosy.com\\\/ca\\\/politica-de-privacitat\\\/\"]}]},{\"@type\":\"BreadcrumbList\",\"@id\":\"https:\\\/\\\/inprosy.com\\\/ca\\\/politica-de-privacitat\\\/#breadcrumb\",\"itemListElement\":[{\"@type\":\"ListItem\",\"position\":1,\"name\":\"Portada\",\"item\":\"https:\\\/\\\/inprosy.com\\\/ca\\\/\"},{\"@type\":\"ListItem\",\"position\":2,\"name\":\"Pol\u00edtica de privacitat\"}]},{\"@type\":\"WebSite\",\"@id\":\"https:\\\/\\\/inprosy.com\\\/ca\\\/#website\",\"url\":\"https:\\\/\\\/inprosy.com\\\/ca\\\/\",\"name\":\"Inprosy\",\"description\":\"Soluciones para la gesti\u00f3n de flujos de producci\u00f3n\",\"publisher\":{\"@id\":\"https:\\\/\\\/inprosy.com\\\/ca\\\/#organization\"},\"potentialAction\":[{\"@type\":\"SearchAction\",\"target\":{\"@type\":\"EntryPoint\",\"urlTemplate\":\"https:\\\/\\\/inprosy.com\\\/ca\\\/?s={search_term_string}\"},\"query-input\":{\"@type\":\"PropertyValueSpecification\",\"valueRequired\":true,\"valueName\":\"search_term_string\"}}],\"inLanguage\":\"ca-ES\"},{\"@type\":\"Organization\",\"@id\":\"https:\\\/\\\/inprosy.com\\\/ca\\\/#organization\",\"name\":\"Innovate Production Systems, S.L.\",\"alternateName\":\"Inprosy\",\"url\":\"https:\\\/\\\/inprosy.com\\\/ca\\\/\",\"logo\":{\"@type\":\"ImageObject\",\"inLanguage\":\"ca-ES\",\"@id\":\"https:\\\/\\\/inprosy.com\\\/ca\\\/#\\\/schema\\\/logo\\\/image\\\/\",\"url\":\"https:\\\/\\\/inprosy.com\\\/wp-content\\\/uploads\\\/2017\\\/07\\\/logo-header.jpg\",\"contentUrl\":\"https:\\\/\\\/inprosy.com\\\/wp-content\\\/uploads\\\/2017\\\/07\\\/logo-header.jpg\",\"width\":800,\"height\":156,\"caption\":\"Innovate Production Systems, S.L.\"},\"image\":{\"@id\":\"https:\\\/\\\/inprosy.com\\\/ca\\\/#\\\/schema\\\/logo\\\/image\\\/\"},\"sameAs\":[\"https:\\\/\\\/www.linkedin.com\\\/company\\\/inprosys\\\/\",\"https:\\\/\\\/www.youtube.com\\\/channel\\\/UCuSsS6ets4VjRxVpkMgS2Mw\"]}]}<\/script>\n<!-- \/ Yoast SEO plugin. -->","yoast_head_json":{"title":"Pol\u00edtica de privacitat &#8211; Inprosy","robots":{"index":"noindex","follow":"follow"},"og_locale":"ca_ES","og_type":"article","og_title":"Pol\u00edtica de privacitat &#8211; Inprosy","og_url":"https:\/\/inprosy.com\/ca\/politica-de-privacitat\/","og_site_name":"Inprosy","article_modified_time":"2024-04-29T14:05:39+00:00","og_image":[{"width":800,"height":156,"url":"https:\/\/inprosy.com\/wp-content\/uploads\/2017\/07\/logo-header.jpg","type":"image\/jpeg"}],"twitter_misc":{"Est. reading time":"7 minutes"},"schema":{"@context":"https:\/\/schema.org","@graph":[{"@type":"WebPage","@id":"https:\/\/inprosy.com\/ca\/politica-de-privacitat\/","url":"https:\/\/inprosy.com\/ca\/politica-de-privacitat\/","name":"Pol\u00edtica de privacitat &#8211; Inprosy","isPartOf":{"@id":"https:\/\/inprosy.com\/ca\/#website"},"datePublished":"2021-07-16T09:24:18+00:00","dateModified":"2024-04-29T14:05:39+00:00","breadcrumb":{"@id":"https:\/\/inprosy.com\/ca\/politica-de-privacitat\/#breadcrumb"},"inLanguage":"ca-ES","potentialAction":[{"@type":"ReadAction","target":["https:\/\/inprosy.com\/ca\/politica-de-privacitat\/"]}]},{"@type":"BreadcrumbList","@id":"https:\/\/inprosy.com\/ca\/politica-de-privacitat\/#breadcrumb","itemListElement":[{"@type":"ListItem","position":1,"name":"Portada","item":"https:\/\/inprosy.com\/ca\/"},{"@type":"ListItem","position":2,"name":"Pol\u00edtica de privacitat"}]},{"@type":"WebSite","@id":"https:\/\/inprosy.com\/ca\/#website","url":"https:\/\/inprosy.com\/ca\/","name":"Inprosy","description":"Soluciones para la gesti\u00f3n de flujos de producci\u00f3n","publisher":{"@id":"https:\/\/inprosy.com\/ca\/#organization"},"potentialAction":[{"@type":"SearchAction","target":{"@type":"EntryPoint","urlTemplate":"https:\/\/inprosy.com\/ca\/?s={search_term_string}"},"query-input":{"@type":"PropertyValueSpecification","valueRequired":true,"valueName":"search_term_string"}}],"inLanguage":"ca-ES"},{"@type":"Organization","@id":"https:\/\/inprosy.com\/ca\/#organization","name":"Innovate Production Systems, S.L.","alternateName":"Inprosy","url":"https:\/\/inprosy.com\/ca\/","logo":{"@type":"ImageObject","inLanguage":"ca-ES","@id":"https:\/\/inprosy.com\/ca\/#\/schema\/logo\/image\/","url":"https:\/\/inprosy.com\/wp-content\/uploads\/2017\/07\/logo-header.jpg","contentUrl":"https:\/\/inprosy.com\/wp-content\/uploads\/2017\/07\/logo-header.jpg","width":800,"height":156,"caption":"Innovate Production Systems, S.L."},"image":{"@id":"https:\/\/inprosy.com\/ca\/#\/schema\/logo\/image\/"},"sameAs":["https:\/\/www.linkedin.com\/company\/inprosys\/","https:\/\/www.youtube.com\/channel\/UCuSsS6ets4VjRxVpkMgS2Mw"]}]}},"_links":{"self":[{"href":"https:\/\/inprosy.com\/ca\/wp-json\/wp\/v2\/pages\/15016","targetHints":{"allow":["GET"]}}],"collection":[{"href":"https:\/\/inprosy.com\/ca\/wp-json\/wp\/v2\/pages"}],"about":[{"href":"https:\/\/inprosy.com\/ca\/wp-json\/wp\/v2\/types\/page"}],"author":[{"embeddable":true,"href":"https:\/\/inprosy.com\/ca\/wp-json\/wp\/v2\/users\/1"}],"replies":[{"embeddable":true,"href":"https:\/\/inprosy.com\/ca\/wp-json\/wp\/v2\/comments?post=15016"}],"version-history":[{"count":0,"href":"https:\/\/inprosy.com\/ca\/wp-json\/wp\/v2\/pages\/15016\/revisions"}],"wp:attachment":[{"href":"https:\/\/inprosy.com\/ca\/wp-json\/wp\/v2\/media?parent=15016"}],"curies":[{"name":"wp","href":"https:\/\/api.w.org\/{rel}","templated":true}]}}