{"id":13111,"date":"2020-08-07T08:39:31","date_gmt":"2020-08-07T06:39:31","guid":{"rendered":"https:\/\/inprosy.com\/blog\/"},"modified":"2021-01-27T11:00:42","modified_gmt":"2021-01-27T10:00:42","slug":"blog","status":"publish","type":"page","link":"https:\/\/inprosy.com\/de\/blog\/","title":{"rendered":"Blog"},"content":{"rendered":"<section class=\"l-section wpb_row height_medium\"><div class=\"l-section-h i-cf\"><div class=\"g-cols vc_row via_flex valign_top type_default stacking_default\"><div class=\"vc_col-sm-12 wpb_column vc_column_container\"><div class=\"vc_column-inner\"><div class=\"wpb_wrapper\"><h1 class=\"w-post-elm post_title entry-title color_link_inherit\">Blog<\/h1><\/div><\/div><\/div><\/div><\/div><\/section><section class=\"l-section wpb_row height_auto\"><div class=\"l-section-h i-cf\"><div class=\"g-cols vc_row via_flex valign_top type_default stacking_default\"><div class=\"vc_col-sm-12 wpb_column vc_column_container\"><div class=\"vc_column-inner\"><div class=\"wpb_wrapper\"><div class=\"w-separator size_small\"><\/div><\/div><\/div><\/div><\/div><\/div><\/section><section class=\"l-section wpb_row height_auto\"><div class=\"l-section-h i-cf\"><div class=\"g-cols vc_row via_flex valign_top type_default stacking_default\"><div class=\"vc_col-sm-12 wpb_column vc_column_container\"><div class=\"vc_column-inner\"><div class=\"wpb_wrapper\"><div class=\"w-grid type_masonry layout_blog_11 cols_2 pagination_infinite preload_style_spinner with_isotope\" id=\"us_grid_1\" style=\"--columns:2;--gap:1.5rem;\" data-filterable=\"true\"><style>@media (max-width:600px){#us_grid_1{--columns:1!important}}.layout_blog_11 .w-grid-item-h{}.layout_blog_11 .usg_post_title_1{font-size:1.4rem!important;font-weight:700!important;margin-bottom:0.5rem!important}.layout_blog_11 .usg_hwrapper_1{color:var(--color-content-faded)!important;font-size:0.9rem!important}.layout_blog_11 .usg_post_taxonomy_1{font-weight:700!important;text-transform:uppercase!important}.layout_blog_11 .usg_post_image_1{margin-top:0.7rem!important}.layout_blog_11 .usg_post_content_1{max-width:600px!important;margin-top:0.8rem!important}@media (max-width:600px){.layout_blog_11 .usg_post_title_1{font-size:1.2rem!important}}<\/style><div class=\"w-grid-list\">\t<article class=\"w-grid-item size_1x1 post-14867 post type-post status-publish format-standard has-post-thumbnail hentry category-inprosy-nachrichten\" data-id=\"14867\">\r\n\t\t<div class=\"w-grid-item-h\">\r\n\t\t\t\t\t\t<h2 class=\"w-post-elm post_title usg_post_title_1 entry-title color_link_inherit\"><a href=\"https:\/\/inprosy.com\/de\/die-auswirkungen-von-mikrostopps-auf-die-produktivitaet-einer-produktionslinie\/\">Die Auswirkungen von Mikrostopps auf die Produktivit\u00e4t einer Produktionslinie<\/a><\/h2><div class=\"w-hwrapper usg_hwrapper_1 has_text_color align_none valign_top wrap\"><div class=\"w-post-elm post_taxonomy usg_post_taxonomy_1 style_simple\"><a class=\"term-157 term-inprosy-nachrichten\" href=\"https:\/\/inprosy.com\/de\/category\/inprosy-nachrichten\/\">Inprosy Nachrichten<\/a><\/div><time class=\"w-post-elm post_date usg_post_date_1 entry-date published\" datetime=\"2021-05-18T10:03:22+02:00\" title=\"18 Mai 2021 um 10:03:22 Europe\/Madrid\u00a0Uhr\">vor 5\u00a0Jahren<\/time><\/div><div class=\"w-post-elm post_image usg_post_image_1 stretched\"><a href=\"https:\/\/inprosy.com\/de\/die-auswirkungen-von-mikrostopps-auf-die-produktivitaet-einer-produktionslinie\/\" aria-label=\"Die Auswirkungen von Mikrostopps auf die Produktivit\u00e4t einer Produktionslinie\"><img loading=\"lazy\" decoding=\"async\" width=\"1000\" height=\"600\" src=\"https:\/\/inprosy.com\/wp-content\/uploads\/2021\/05\/taula-inprosy-DEU.jpg\" class=\"attachment-us_600_400_crop size-us_600_400_crop wp-post-image\" alt=\"\" srcset=\"https:\/\/inprosy.com\/wp-content\/uploads\/2021\/05\/taula-inprosy-DEU.jpg 1000w, https:\/\/inprosy.com\/wp-content\/uploads\/2021\/05\/taula-inprosy-DEU-300x180.jpg 300w, https:\/\/inprosy.com\/wp-content\/uploads\/2021\/05\/taula-inprosy-DEU-70x42.jpg 70w\" sizes=\"auto, (max-width: 1000px) 100vw, 1000px\" \/><\/a><\/div><div class=\"w-post-elm post_content usg_post_content_1\">\u00dcBERSICHT: Mikrostopps in Produktionslinien haben sehr gro\u00dfe Auswirkungen auf ihre Produktivit\u00e4t. Es gibt aber Systeme, mit denen sich ihre Auswirkungen vermeiden lassen. Die Produktionsst\u00e4tten sind \u00fcber die Jahrzehnte nach und&hellip;<\/div>\t\t<\/div>\r\n\t\t\t<\/article>\r\n\t<article class=\"w-grid-item size_1x1 post-13097 post type-post status-publish format-standard has-post-thumbnail hentry category-inprosy-nachrichten\" data-id=\"13097\">\r\n\t\t<div class=\"w-grid-item-h\">\r\n\t\t\t\t\t\t<h2 class=\"w-post-elm post_title usg_post_title_1 entry-title color_link_inherit\"><a href=\"https:\/\/inprosy.com\/de\/neue-website\/\">Neue website<\/a><\/h2><div class=\"w-hwrapper usg_hwrapper_1 has_text_color align_none valign_top wrap\"><div class=\"w-post-elm post_taxonomy usg_post_taxonomy_1 style_simple\"><a class=\"term-157 term-inprosy-nachrichten\" href=\"https:\/\/inprosy.com\/de\/category\/inprosy-nachrichten\/\">Inprosy Nachrichten<\/a><\/div><time class=\"w-post-elm post_date usg_post_date_1 entry-date published\" datetime=\"2020-08-07T08:30:39+02:00\" title=\"7 August 2020 um 08:30:39 Europe\/Madrid\u00a0Uhr\">vor 6\u00a0Jahren<\/time><\/div><div class=\"w-post-elm post_image usg_post_image_1 stretched\"><a href=\"https:\/\/inprosy.com\/de\/neue-website\/\" aria-label=\"Neue website\"><img loading=\"lazy\" decoding=\"async\" width=\"380\" height=\"214\" src=\"https:\/\/inprosy.com\/wp-content\/uploads\/2020\/06\/Introduccion-01-380.jpg\" class=\"attachment-us_600_400_crop size-us_600_400_crop wp-post-image\" alt=\"Inprosy exterior\" srcset=\"https:\/\/inprosy.com\/wp-content\/uploads\/2020\/06\/Introduccion-01-380.jpg 380w, https:\/\/inprosy.com\/wp-content\/uploads\/2020\/06\/Introduccion-01-380-300x169.jpg 300w, https:\/\/inprosy.com\/wp-content\/uploads\/2020\/06\/Introduccion-01-380-70x39.jpg 70w\" sizes=\"auto, (max-width: 380px) 100vw, 380px\" \/><\/a><\/div><div class=\"w-post-elm post_content usg_post_content_1\">Wir freuen uns, Ihnen mitteilen zu k\u00f6nnen, dass wir am 13. Juli 2020 die neue, v\u00f6llig neu gestaltete Inprosy-Website launchen werden. Mit einer gro\u00dfen Menge an aktualisierten Inhalten, mit besseren&hellip;<\/div>\t\t<\/div>\r\n\t\t\t<\/article>\r\n\t<article class=\"w-grid-item size_1x1 post-13096 post type-post status-publish format-standard has-post-thumbnail hentry category-inprosy-nachrichten\" data-id=\"13096\">\r\n\t\t<div class=\"w-grid-item-h\">\r\n\t\t\t\t\t\t<h2 class=\"w-post-elm post_title usg_post_title_1 entry-title color_link_inherit\"><a href=\"https:\/\/inprosy.com\/de\/inprosy-waehrend-covid-19\/\">Inprosy w\u00e4hrend COVID-19<\/a><\/h2><div class=\"w-hwrapper usg_hwrapper_1 has_text_color align_none valign_top wrap\"><div class=\"w-post-elm post_taxonomy usg_post_taxonomy_1 style_simple\"><a class=\"term-157 term-inprosy-nachrichten\" href=\"https:\/\/inprosy.com\/de\/category\/inprosy-nachrichten\/\">Inprosy Nachrichten<\/a><\/div><time class=\"w-post-elm post_date usg_post_date_1 entry-date published\" datetime=\"2020-08-07T08:29:48+02:00\" title=\"7 August 2020 um 08:29:48 Europe\/Madrid\u00a0Uhr\">vor 6\u00a0Jahren<\/time><\/div><div class=\"w-post-elm post_image usg_post_image_1 stretched\"><a href=\"https:\/\/inprosy.com\/de\/inprosy-waehrend-covid-19\/\" aria-label=\"Inprosy w\u00e4hrend COVID-19\"><img loading=\"lazy\" decoding=\"async\" width=\"380\" height=\"214\" src=\"https:\/\/inprosy.com\/wp-content\/uploads\/2020\/06\/20200602_103215-e1596699166668-380.jpg\" class=\"attachment-us_600_400_crop size-us_600_400_crop wp-post-image\" alt=\"Inprosy\" srcset=\"https:\/\/inprosy.com\/wp-content\/uploads\/2020\/06\/20200602_103215-e1596699166668-380.jpg 380w, https:\/\/inprosy.com\/wp-content\/uploads\/2020\/06\/20200602_103215-e1596699166668-380-300x169.jpg 300w, https:\/\/inprosy.com\/wp-content\/uploads\/2020\/06\/20200602_103215-e1596699166668-380-70x39.jpg 70w\" sizes=\"auto, (max-width: 380px) 100vw, 380px\" \/><\/a><\/div><div class=\"w-post-elm post_content usg_post_content_1\">Leider war dieses Jahr 2020 ein atypisches Jahr, in dem wir alle eine sehr schwierige Situation durchleben mussten, die alle M\u00e4rkte von Fernost bis in die westliche Welt getroffen hat&hellip;<\/div>\t\t<\/div>\r\n\t\t\t<\/article>\r\n<\/div><div class=\"w-grid-preloader\">\t<div class=\"g-preloader type_1\">\r\n\t\t<div><\/div>\r\n\t<\/div>\r\n\t<\/div>\t<div class=\"w-grid-json hidden\" onclick='return {&quot;action&quot;:&quot;us_ajax_grid&quot;,&quot;infinite_scroll&quot;:0,&quot;max_num_pages&quot;:1,&quot;pagination&quot;:&quot;infinite&quot;,&quot;template_vars&quot;:{&quot;columns&quot;:&quot;2&quot;,&quot;exclude_items&quot;:&quot;none&quot;,&quot;img_size&quot;:&quot;us_600_400_crop&quot;,&quot;ignore_items_size&quot;:0,&quot;items_layout&quot;:&quot;blog_11&quot;,&quot;items_offset&quot;:&quot;1&quot;,&quot;load_animation&quot;:&quot;none&quot;,&quot;overriding_link&quot;:&quot;{\\&quot;url\\&quot;:\\&quot;\\&quot;}&quot;,&quot;post_id&quot;:0,&quot;query_args&quot;:{&quot;post_type&quot;:[&quot;post&quot;],&quot;post_status&quot;:[&quot;publish&quot;,&quot;acf-disabled&quot;],&quot;posts_per_page&quot;:&quot;8&quot;},&quot;orderby_query_args&quot;:{&quot;orderby&quot;:{&quot;date&quot;:&quot;DESC&quot;}},&quot;type&quot;:&quot;masonry&quot;,&quot;us_grid_post_type&quot;:&quot;post&quot;,&quot;us_grid_ajax_index&quot;:1,&quot;us_grid_filter_query_string&quot;:null,&quot;us_grid_index&quot;:1,&quot;page_args&quot;:[],&quot;lang&quot;:&quot;de&quot;}}'><\/div>\r\n\t<\/div><\/div><\/div><\/div><\/div><\/div><\/section>\n","protected":false},"excerpt":{"rendered":"Leider war dieses Jahr 2020 ein atypisches Jahr, in dem wir alle eine sehr schwierige Situation durchleben mussten, die alle M\u00e4rkte von Fernost bis in die westliche Welt getroffen hat und uns veranlasst hat, unsere Sicht der Welt und unser Verh\u00e4ltnis zueinander zu \u00e4ndern, bis wir eines Tages zur Normalit\u00e4t zur\u00fcckkehren k\u00f6nnen. Selbst in den...","protected":false},"author":1,"featured_media":0,"parent":0,"menu_order":29,"comment_status":"closed","ping_status":"closed","template":"","meta":{"_acf_changed":false,"footnotes":""},"class_list":["post-13111","page","type-page","status-publish","hentry"],"acf":[],"yoast_head":"<!-- This site is optimized with the Yoast SEO plugin v27.4 - https:\/\/yoast.com\/product\/yoast-seo-wordpress\/ -->\n<title>Blog &#8211; Inprosy<\/title>\n<meta name=\"description\" content=\"Blog \u00fcber den Bereich der Industrieeffizienz und Verbesserung des Managements von Produktionsabl\u00e4ufen Entdecken Sie ihn!\" \/>\n<meta name=\"robots\" content=\"index, follow, max-snippet:-1, max-image-preview:large, max-video-preview:-1\" \/>\n<link rel=\"canonical\" href=\"https:\/\/inprosy.com\/de\/blog\/\" \/>\n<meta property=\"og:locale\" content=\"de_DE\" \/>\n<meta property=\"og:type\" content=\"article\" \/>\n<meta property=\"og:title\" content=\"Blog &#8211; Inprosy\" \/>\n<meta property=\"og:description\" content=\"Blog \u00fcber den Bereich der Industrieeffizienz und Verbesserung des Managements von Produktionsabl\u00e4ufen Entdecken Sie ihn!\" \/>\n<meta property=\"og:url\" content=\"https:\/\/inprosy.com\/de\/blog\/\" \/>\n<meta property=\"og:site_name\" content=\"Inprosy\" \/>\n<meta property=\"article:modified_time\" content=\"2021-01-27T10:00:42+00:00\" \/>\n<meta property=\"og:image\" content=\"https:\/\/inprosy.com\/wp-content\/uploads\/2017\/07\/logo-header.jpg\" \/>\n\t<meta property=\"og:image:width\" content=\"800\" \/>\n\t<meta property=\"og:image:height\" content=\"156\" \/>\n\t<meta property=\"og:image:type\" content=\"image\/jpeg\" \/>\n<script type=\"application\/ld+json\" class=\"yoast-schema-graph\">{\"@context\":\"https:\\\/\\\/schema.org\",\"@graph\":[{\"@type\":\"WebPage\",\"@id\":\"https:\\\/\\\/inprosy.com\\\/de\\\/blog\\\/\",\"url\":\"https:\\\/\\\/inprosy.com\\\/de\\\/blog\\\/\",\"name\":\"Blog &#8211; Inprosy\",\"isPartOf\":{\"@id\":\"https:\\\/\\\/inprosy.com\\\/de\\\/#website\"},\"datePublished\":\"2020-08-07T06:39:31+00:00\",\"dateModified\":\"2021-01-27T10:00:42+00:00\",\"description\":\"Blog \u00fcber den Bereich der Industrieeffizienz und Verbesserung des Managements von Produktionsabl\u00e4ufen Entdecken Sie ihn!\",\"breadcrumb\":{\"@id\":\"https:\\\/\\\/inprosy.com\\\/de\\\/blog\\\/#breadcrumb\"},\"inLanguage\":\"de\",\"potentialAction\":[{\"@type\":\"ReadAction\",\"target\":[\"https:\\\/\\\/inprosy.com\\\/de\\\/blog\\\/\"]}]},{\"@type\":\"BreadcrumbList\",\"@id\":\"https:\\\/\\\/inprosy.com\\\/de\\\/blog\\\/#breadcrumb\",\"itemListElement\":[{\"@type\":\"ListItem\",\"position\":1,\"name\":\"Portada\",\"item\":\"https:\\\/\\\/inprosy.com\\\/de\\\/\"},{\"@type\":\"ListItem\",\"position\":2,\"name\":\"Blog\"}]},{\"@type\":\"WebSite\",\"@id\":\"https:\\\/\\\/inprosy.com\\\/de\\\/#website\",\"url\":\"https:\\\/\\\/inprosy.com\\\/de\\\/\",\"name\":\"Inprosy\",\"description\":\"Soluciones para la gesti\u00f3n de flujos de producci\u00f3n\",\"publisher\":{\"@id\":\"https:\\\/\\\/inprosy.com\\\/de\\\/#organization\"},\"potentialAction\":[{\"@type\":\"SearchAction\",\"target\":{\"@type\":\"EntryPoint\",\"urlTemplate\":\"https:\\\/\\\/inprosy.com\\\/de\\\/?s={search_term_string}\"},\"query-input\":{\"@type\":\"PropertyValueSpecification\",\"valueRequired\":true,\"valueName\":\"search_term_string\"}}],\"inLanguage\":\"de\"},{\"@type\":\"Organization\",\"@id\":\"https:\\\/\\\/inprosy.com\\\/de\\\/#organization\",\"name\":\"Innovate Production Systems, S.L.\",\"alternateName\":\"Inprosy\",\"url\":\"https:\\\/\\\/inprosy.com\\\/de\\\/\",\"logo\":{\"@type\":\"ImageObject\",\"inLanguage\":\"de\",\"@id\":\"https:\\\/\\\/inprosy.com\\\/de\\\/#\\\/schema\\\/logo\\\/image\\\/\",\"url\":\"https:\\\/\\\/inprosy.com\\\/wp-content\\\/uploads\\\/2017\\\/07\\\/logo-header.jpg\",\"contentUrl\":\"https:\\\/\\\/inprosy.com\\\/wp-content\\\/uploads\\\/2017\\\/07\\\/logo-header.jpg\",\"width\":800,\"height\":156,\"caption\":\"Innovate Production Systems, S.L.\"},\"image\":{\"@id\":\"https:\\\/\\\/inprosy.com\\\/de\\\/#\\\/schema\\\/logo\\\/image\\\/\"},\"sameAs\":[\"https:\\\/\\\/www.linkedin.com\\\/company\\\/inprosys\\\/\",\"https:\\\/\\\/www.youtube.com\\\/channel\\\/UCuSsS6ets4VjRxVpkMgS2Mw\"]}]}<\/script>\n<!-- \/ Yoast SEO plugin. -->","yoast_head_json":{"title":"Blog &#8211; Inprosy","description":"Blog \u00fcber den Bereich der Industrieeffizienz und Verbesserung des Managements von Produktionsabl\u00e4ufen Entdecken Sie ihn!","robots":{"index":"index","follow":"follow","max-snippet":"max-snippet:-1","max-image-preview":"max-image-preview:large","max-video-preview":"max-video-preview:-1"},"canonical":"https:\/\/inprosy.com\/de\/blog\/","og_locale":"de_DE","og_type":"article","og_title":"Blog &#8211; Inprosy","og_description":"Blog \u00fcber den Bereich der Industrieeffizienz und Verbesserung des Managements von Produktionsabl\u00e4ufen Entdecken Sie ihn!","og_url":"https:\/\/inprosy.com\/de\/blog\/","og_site_name":"Inprosy","article_modified_time":"2021-01-27T10:00:42+00:00","og_image":[{"width":800,"height":156,"url":"https:\/\/inprosy.com\/wp-content\/uploads\/2017\/07\/logo-header.jpg","type":"image\/jpeg"}],"schema":{"@context":"https:\/\/schema.org","@graph":[{"@type":"WebPage","@id":"https:\/\/inprosy.com\/de\/blog\/","url":"https:\/\/inprosy.com\/de\/blog\/","name":"Blog &#8211; Inprosy","isPartOf":{"@id":"https:\/\/inprosy.com\/de\/#website"},"datePublished":"2020-08-07T06:39:31+00:00","dateModified":"2021-01-27T10:00:42+00:00","description":"Blog \u00fcber den Bereich der Industrieeffizienz und Verbesserung des Managements von Produktionsabl\u00e4ufen Entdecken Sie ihn!","breadcrumb":{"@id":"https:\/\/inprosy.com\/de\/blog\/#breadcrumb"},"inLanguage":"de","potentialAction":[{"@type":"ReadAction","target":["https:\/\/inprosy.com\/de\/blog\/"]}]},{"@type":"BreadcrumbList","@id":"https:\/\/inprosy.com\/de\/blog\/#breadcrumb","itemListElement":[{"@type":"ListItem","position":1,"name":"Portada","item":"https:\/\/inprosy.com\/de\/"},{"@type":"ListItem","position":2,"name":"Blog"}]},{"@type":"WebSite","@id":"https:\/\/inprosy.com\/de\/#website","url":"https:\/\/inprosy.com\/de\/","name":"Inprosy","description":"Soluciones para la gesti\u00f3n de flujos de producci\u00f3n","publisher":{"@id":"https:\/\/inprosy.com\/de\/#organization"},"potentialAction":[{"@type":"SearchAction","target":{"@type":"EntryPoint","urlTemplate":"https:\/\/inprosy.com\/de\/?s={search_term_string}"},"query-input":{"@type":"PropertyValueSpecification","valueRequired":true,"valueName":"search_term_string"}}],"inLanguage":"de"},{"@type":"Organization","@id":"https:\/\/inprosy.com\/de\/#organization","name":"Innovate Production Systems, S.L.","alternateName":"Inprosy","url":"https:\/\/inprosy.com\/de\/","logo":{"@type":"ImageObject","inLanguage":"de","@id":"https:\/\/inprosy.com\/de\/#\/schema\/logo\/image\/","url":"https:\/\/inprosy.com\/wp-content\/uploads\/2017\/07\/logo-header.jpg","contentUrl":"https:\/\/inprosy.com\/wp-content\/uploads\/2017\/07\/logo-header.jpg","width":800,"height":156,"caption":"Innovate Production Systems, S.L."},"image":{"@id":"https:\/\/inprosy.com\/de\/#\/schema\/logo\/image\/"},"sameAs":["https:\/\/www.linkedin.com\/company\/inprosys\/","https:\/\/www.youtube.com\/channel\/UCuSsS6ets4VjRxVpkMgS2Mw"]}]}},"_links":{"self":[{"href":"https:\/\/inprosy.com\/de\/wp-json\/wp\/v2\/pages\/13111","targetHints":{"allow":["GET"]}}],"collection":[{"href":"https:\/\/inprosy.com\/de\/wp-json\/wp\/v2\/pages"}],"about":[{"href":"https:\/\/inprosy.com\/de\/wp-json\/wp\/v2\/types\/page"}],"author":[{"embeddable":true,"href":"https:\/\/inprosy.com\/de\/wp-json\/wp\/v2\/users\/1"}],"replies":[{"embeddable":true,"href":"https:\/\/inprosy.com\/de\/wp-json\/wp\/v2\/comments?post=13111"}],"version-history":[{"count":0,"href":"https:\/\/inprosy.com\/de\/wp-json\/wp\/v2\/pages\/13111\/revisions"}],"wp:attachment":[{"href":"https:\/\/inprosy.com\/de\/wp-json\/wp\/v2\/media?parent=13111"}],"curies":[{"name":"wp","href":"https:\/\/api.w.org\/{rel}","templated":true}]}}