{"id":13161,"date":"2020-08-07T08:57:36","date_gmt":"2020-08-07T06:57:36","guid":{"rendered":"https:\/\/inprosy.com\/dienstleistungen\/ausbildung\/"},"modified":"2021-01-27T11:13:46","modified_gmt":"2021-01-27T10:13:46","slug":"ausbildung","status":"publish","type":"page","link":"https:\/\/inprosy.com\/de\/dienstleistungen\/ausbildung\/","title":{"rendered":"Ausbildung"},"content":{"rendered":"<section class=\"l-section wpb_row height_medium color_secondary\"><div class=\"l-section-h i-cf\"><div class=\"g-cols vc_row via_flex valign_top type_default stacking_default\"><div class=\"vc_col-sm-12 wpb_column vc_column_container\"><div class=\"vc_column-inner\"><div class=\"wpb_wrapper\"><nav class=\"g-breadcrumbs us_custom_11861369 separator_icon align_none\" itemscope itemtype=\"http:\/\/schema.org\/BreadcrumbList\"><div class=\"g-breadcrumbs-item\" itemscope itemprop=\"itemListElement\" itemtype=\"http:\/\/schema.org\/ListItem\"><a itemprop=\"item\" href=\"https:\/\/inprosy.com\/de\/\"><span itemprop=\"name\">Start<\/span><\/a><meta itemprop=\"position\" content=\"1\"\/><\/div><div class=\"g-breadcrumbs-separator\"><i class=\"far fa-angle-right\"><\/i><\/div><div class=\"g-breadcrumbs-item\">Seiten<\/div><\/nav><div class=\"w-separator size_small\"><\/div><h1 class=\"w-post-elm post_title entry-title color_link_inherit\">Ausbildung<\/h1><\/div><\/div><\/div><\/div><\/div><\/section><section class=\"l-section wpb_row height_medium\"><div class=\"l-section-h i-cf\"><div class=\"g-cols vc_row via_flex valign_top type_default stacking_default\"><div class=\"vc_col-sm-12 wpb_column vc_column_container\"><div class=\"vc_column-inner\"><div class=\"wpb_wrapper\"><div class=\"w-image align_none\"><div class=\"w-image-h\"><img decoding=\"async\" width=\"1200\" height=\"800\" src=\"https:\/\/inprosy.com\/wp-content\/uploads\/2020\/07\/Formacion-01-e1593697860174.jpg\" class=\"attachment-full size-full\" alt=\"\" loading=\"lazy\" \/><\/div><\/div><div class=\"w-separator size_medium\"><\/div><div class=\"g-cols wpb_row via_flex valign_top type_default stacking_default\" style=\"--additional-gap:30;\"><div class=\"vc_col-sm-2 wpb_column vc_column_container\"><div class=\"vc_column-inner\"><div class=\"wpb_wrapper\"><\/div><\/div><\/div><div class=\"vc_col-sm-8 wpb_column vc_column_container\"><div class=\"vc_column-inner\"><div class=\"wpb_wrapper\"><div class=\"wpb_text_column\"><div class=\"wpb_wrapper\"><p style=\"text-align: center;\">Bei jeder Installation eines <strong>Inprosy<\/strong>-Ger\u00e4tes wird eine <strong>Schulung<\/strong> sowohl <strong>auf operativer<\/strong> als auch <strong>auf technischer<\/strong> Ebene durchgef\u00fchrt. Diese Schulungen decken sowohl den t\u00e4glichen Gebrauch der <strong>Inprosy<\/strong>-Ausr\u00fcstung als auch Wartungsaktivit\u00e4ten bis zu dem vom Kunden gew\u00fcnschten Niveau ab.<\/p>\n<p style=\"text-align: center;\">Diese Schulungen werden mit dem Hauptziel durchgef\u00fchrt, dass <strong>der Kunde so viel wie m\u00f6glich \u00fcber sein Ger\u00e4t wei\u00df<\/strong> und es so autonom wie m\u00f6glich benutzt.<\/p>\n<\/div><\/div><\/div><\/div><\/div><div class=\"vc_col-sm-2 wpb_column vc_column_container\"><div class=\"vc_column-inner\"><div class=\"wpb_wrapper\"><\/div><\/div><\/div><\/div><\/div><\/div><\/div><\/div><\/div><\/section>\n","protected":false},"excerpt":{"rendered":"StartSeitenAusbildungBei jeder Installation eines Inprosy-Ger\u00e4tes wird eine Schulung sowohl auf operativer als auch auf technischer Ebene durchgef\u00fchrt. Diese Schulungen decken sowohl den t\u00e4glichen Gebrauch der Inprosy-Ausr\u00fcstung als auch Wartungsaktivit\u00e4ten bis zu dem vom Kunden gew\u00fcnschten Niveau ab. Diese Schulungen werden mit dem Hauptziel durchgef\u00fchrt, dass der Kunde so viel wie m\u00f6glich \u00fcber sein Ger\u00e4t wei\u00df...","protected":false},"author":1,"featured_media":0,"parent":13108,"menu_order":20,"comment_status":"closed","ping_status":"closed","template":"","meta":{"_acf_changed":false,"footnotes":""},"class_list":["post-13161","page","type-page","status-publish","hentry"],"acf":[],"yoast_head":"<!-- This site is optimized with the Yoast SEO plugin v27.3 - https:\/\/yoast.com\/product\/yoast-seo-wordpress\/ -->\n<title>Schulungen f\u00fcr Maschinen in Produktionslinien &#8211; Inprosy<\/title>\n<meta name=\"description\" content=\"Im Rahmen des betrieblichen und technische Schulungsservice werden sowohl Arbeiten bei der Nutzung als auch bei der Wartung von Inprosy-Anlagen erl\u00e4utert.\" \/>\n<meta name=\"robots\" content=\"index, follow, max-snippet:-1, max-image-preview:large, max-video-preview:-1\" \/>\n<link rel=\"canonical\" href=\"https:\/\/inprosy.com\/de\/dienstleistungen\/ausbildung\/\" \/>\n<meta property=\"og:locale\" content=\"de_DE\" \/>\n<meta property=\"og:type\" content=\"article\" \/>\n<meta property=\"og:title\" content=\"Schulungen f\u00fcr Maschinen in Produktionslinien &#8211; Inprosy\" \/>\n<meta property=\"og:description\" content=\"Im Rahmen des betrieblichen und technische Schulungsservice werden sowohl Arbeiten bei der Nutzung als auch bei der Wartung von Inprosy-Anlagen erl\u00e4utert.\" \/>\n<meta property=\"og:url\" content=\"https:\/\/inprosy.com\/de\/dienstleistungen\/ausbildung\/\" \/>\n<meta property=\"og:site_name\" content=\"Inprosy\" \/>\n<meta property=\"article:modified_time\" content=\"2021-01-27T10:13:46+00:00\" \/>\n<meta property=\"og:image\" content=\"https:\/\/inprosy.com\/wp-content\/uploads\/2017\/07\/logo-header.jpg\" \/>\n\t<meta property=\"og:image:width\" content=\"800\" \/>\n\t<meta property=\"og:image:height\" content=\"156\" \/>\n\t<meta property=\"og:image:type\" content=\"image\/jpeg\" \/>\n<meta name=\"twitter:label1\" content=\"Gesch\u00e4tzte Lesezeit\" \/>\n\t<meta name=\"twitter:data1\" content=\"1\u00a0Minute\" \/>\n<script type=\"application\/ld+json\" class=\"yoast-schema-graph\">{\"@context\":\"https:\\\/\\\/schema.org\",\"@graph\":[{\"@type\":\"WebPage\",\"@id\":\"https:\\\/\\\/inprosy.com\\\/de\\\/dienstleistungen\\\/ausbildung\\\/\",\"url\":\"https:\\\/\\\/inprosy.com\\\/de\\\/dienstleistungen\\\/ausbildung\\\/\",\"name\":\"Schulungen f\u00fcr Maschinen in Produktionslinien &#8211; Inprosy\",\"isPartOf\":{\"@id\":\"https:\\\/\\\/inprosy.com\\\/de\\\/#website\"},\"datePublished\":\"2020-08-07T06:57:36+00:00\",\"dateModified\":\"2021-01-27T10:13:46+00:00\",\"description\":\"Im Rahmen des betrieblichen und technische Schulungsservice werden sowohl Arbeiten bei der Nutzung als auch bei der Wartung von Inprosy-Anlagen erl\u00e4utert.\",\"breadcrumb\":{\"@id\":\"https:\\\/\\\/inprosy.com\\\/de\\\/dienstleistungen\\\/ausbildung\\\/#breadcrumb\"},\"inLanguage\":\"de\",\"potentialAction\":[{\"@type\":\"ReadAction\",\"target\":[\"https:\\\/\\\/inprosy.com\\\/de\\\/dienstleistungen\\\/ausbildung\\\/\"]}]},{\"@type\":\"BreadcrumbList\",\"@id\":\"https:\\\/\\\/inprosy.com\\\/de\\\/dienstleistungen\\\/ausbildung\\\/#breadcrumb\",\"itemListElement\":[{\"@type\":\"ListItem\",\"position\":1,\"name\":\"Portada\",\"item\":\"https:\\\/\\\/inprosy.com\\\/de\\\/\"},{\"@type\":\"ListItem\",\"position\":2,\"name\":\"Dienstleistungen\",\"item\":\"https:\\\/\\\/inprosy.com\\\/de\\\/dienstleistungen\\\/\"},{\"@type\":\"ListItem\",\"position\":3,\"name\":\"Ausbildung\"}]},{\"@type\":\"WebSite\",\"@id\":\"https:\\\/\\\/inprosy.com\\\/de\\\/#website\",\"url\":\"https:\\\/\\\/inprosy.com\\\/de\\\/\",\"name\":\"Inprosy\",\"description\":\"Soluciones para la gesti\u00f3n de flujos de producci\u00f3n\",\"publisher\":{\"@id\":\"https:\\\/\\\/inprosy.com\\\/de\\\/#organization\"},\"potentialAction\":[{\"@type\":\"SearchAction\",\"target\":{\"@type\":\"EntryPoint\",\"urlTemplate\":\"https:\\\/\\\/inprosy.com\\\/de\\\/?s={search_term_string}\"},\"query-input\":{\"@type\":\"PropertyValueSpecification\",\"valueRequired\":true,\"valueName\":\"search_term_string\"}}],\"inLanguage\":\"de\"},{\"@type\":\"Organization\",\"@id\":\"https:\\\/\\\/inprosy.com\\\/de\\\/#organization\",\"name\":\"Innovate Production Systems, S.L.\",\"alternateName\":\"Inprosy\",\"url\":\"https:\\\/\\\/inprosy.com\\\/de\\\/\",\"logo\":{\"@type\":\"ImageObject\",\"inLanguage\":\"de\",\"@id\":\"https:\\\/\\\/inprosy.com\\\/de\\\/#\\\/schema\\\/logo\\\/image\\\/\",\"url\":\"https:\\\/\\\/inprosy.com\\\/wp-content\\\/uploads\\\/2017\\\/07\\\/logo-header.jpg\",\"contentUrl\":\"https:\\\/\\\/inprosy.com\\\/wp-content\\\/uploads\\\/2017\\\/07\\\/logo-header.jpg\",\"width\":800,\"height\":156,\"caption\":\"Innovate Production Systems, S.L.\"},\"image\":{\"@id\":\"https:\\\/\\\/inprosy.com\\\/de\\\/#\\\/schema\\\/logo\\\/image\\\/\"},\"sameAs\":[\"https:\\\/\\\/www.linkedin.com\\\/company\\\/inprosys\\\/\",\"https:\\\/\\\/www.youtube.com\\\/channel\\\/UCuSsS6ets4VjRxVpkMgS2Mw\"]}]}<\/script>\n<!-- \/ Yoast SEO plugin. -->","yoast_head_json":{"title":"Schulungen f\u00fcr Maschinen in Produktionslinien &#8211; Inprosy","description":"Im Rahmen des betrieblichen und technische Schulungsservice werden sowohl Arbeiten bei der Nutzung als auch bei der Wartung von Inprosy-Anlagen erl\u00e4utert.","robots":{"index":"index","follow":"follow","max-snippet":"max-snippet:-1","max-image-preview":"max-image-preview:large","max-video-preview":"max-video-preview:-1"},"canonical":"https:\/\/inprosy.com\/de\/dienstleistungen\/ausbildung\/","og_locale":"de_DE","og_type":"article","og_title":"Schulungen f\u00fcr Maschinen in Produktionslinien &#8211; Inprosy","og_description":"Im Rahmen des betrieblichen und technische Schulungsservice werden sowohl Arbeiten bei der Nutzung als auch bei der Wartung von Inprosy-Anlagen erl\u00e4utert.","og_url":"https:\/\/inprosy.com\/de\/dienstleistungen\/ausbildung\/","og_site_name":"Inprosy","article_modified_time":"2021-01-27T10:13:46+00:00","og_image":[{"width":800,"height":156,"url":"https:\/\/inprosy.com\/wp-content\/uploads\/2017\/07\/logo-header.jpg","type":"image\/jpeg"}],"twitter_misc":{"Gesch\u00e4tzte Lesezeit":"1\u00a0Minute"},"schema":{"@context":"https:\/\/schema.org","@graph":[{"@type":"WebPage","@id":"https:\/\/inprosy.com\/de\/dienstleistungen\/ausbildung\/","url":"https:\/\/inprosy.com\/de\/dienstleistungen\/ausbildung\/","name":"Schulungen f\u00fcr Maschinen in Produktionslinien &#8211; Inprosy","isPartOf":{"@id":"https:\/\/inprosy.com\/de\/#website"},"datePublished":"2020-08-07T06:57:36+00:00","dateModified":"2021-01-27T10:13:46+00:00","description":"Im Rahmen des betrieblichen und technische Schulungsservice werden sowohl Arbeiten bei der Nutzung als auch bei der Wartung von Inprosy-Anlagen erl\u00e4utert.","breadcrumb":{"@id":"https:\/\/inprosy.com\/de\/dienstleistungen\/ausbildung\/#breadcrumb"},"inLanguage":"de","potentialAction":[{"@type":"ReadAction","target":["https:\/\/inprosy.com\/de\/dienstleistungen\/ausbildung\/"]}]},{"@type":"BreadcrumbList","@id":"https:\/\/inprosy.com\/de\/dienstleistungen\/ausbildung\/#breadcrumb","itemListElement":[{"@type":"ListItem","position":1,"name":"Portada","item":"https:\/\/inprosy.com\/de\/"},{"@type":"ListItem","position":2,"name":"Dienstleistungen","item":"https:\/\/inprosy.com\/de\/dienstleistungen\/"},{"@type":"ListItem","position":3,"name":"Ausbildung"}]},{"@type":"WebSite","@id":"https:\/\/inprosy.com\/de\/#website","url":"https:\/\/inprosy.com\/de\/","name":"Inprosy","description":"Soluciones para la gesti\u00f3n de flujos de producci\u00f3n","publisher":{"@id":"https:\/\/inprosy.com\/de\/#organization"},"potentialAction":[{"@type":"SearchAction","target":{"@type":"EntryPoint","urlTemplate":"https:\/\/inprosy.com\/de\/?s={search_term_string}"},"query-input":{"@type":"PropertyValueSpecification","valueRequired":true,"valueName":"search_term_string"}}],"inLanguage":"de"},{"@type":"Organization","@id":"https:\/\/inprosy.com\/de\/#organization","name":"Innovate Production Systems, S.L.","alternateName":"Inprosy","url":"https:\/\/inprosy.com\/de\/","logo":{"@type":"ImageObject","inLanguage":"de","@id":"https:\/\/inprosy.com\/de\/#\/schema\/logo\/image\/","url":"https:\/\/inprosy.com\/wp-content\/uploads\/2017\/07\/logo-header.jpg","contentUrl":"https:\/\/inprosy.com\/wp-content\/uploads\/2017\/07\/logo-header.jpg","width":800,"height":156,"caption":"Innovate Production Systems, S.L."},"image":{"@id":"https:\/\/inprosy.com\/de\/#\/schema\/logo\/image\/"},"sameAs":["https:\/\/www.linkedin.com\/company\/inprosys\/","https:\/\/www.youtube.com\/channel\/UCuSsS6ets4VjRxVpkMgS2Mw"]}]}},"_links":{"self":[{"href":"https:\/\/inprosy.com\/de\/wp-json\/wp\/v2\/pages\/13161","targetHints":{"allow":["GET"]}}],"collection":[{"href":"https:\/\/inprosy.com\/de\/wp-json\/wp\/v2\/pages"}],"about":[{"href":"https:\/\/inprosy.com\/de\/wp-json\/wp\/v2\/types\/page"}],"author":[{"embeddable":true,"href":"https:\/\/inprosy.com\/de\/wp-json\/wp\/v2\/users\/1"}],"replies":[{"embeddable":true,"href":"https:\/\/inprosy.com\/de\/wp-json\/wp\/v2\/comments?post=13161"}],"version-history":[{"count":0,"href":"https:\/\/inprosy.com\/de\/wp-json\/wp\/v2\/pages\/13161\/revisions"}],"up":[{"embeddable":true,"href":"https:\/\/inprosy.com\/de\/wp-json\/wp\/v2\/pages\/13108"}],"wp:attachment":[{"href":"https:\/\/inprosy.com\/de\/wp-json\/wp\/v2\/media?parent=13161"}],"curies":[{"name":"wp","href":"https:\/\/api.w.org\/{rel}","templated":true}]}}