{"id":13164,"date":"2020-08-07T08:59:27","date_gmt":"2020-08-07T06:59:27","guid":{"rendered":"https:\/\/inprosy.com\/dienstleistungen\/ersatzteile\/"},"modified":"2021-01-27T11:14:13","modified_gmt":"2021-01-27T10:14:13","slug":"ersatzteile","status":"publish","type":"page","link":"https:\/\/inprosy.com\/de\/dienstleistungen\/ersatzteile\/","title":{"rendered":"Ersatzteile"},"content":{"rendered":"<section class=\"l-section wpb_row height_medium color_secondary\"><div class=\"l-section-h i-cf\"><div class=\"g-cols vc_row via_flex valign_top type_default stacking_default\"><div class=\"vc_col-sm-12 wpb_column vc_column_container\"><div class=\"vc_column-inner\"><div class=\"wpb_wrapper\"><nav class=\"g-breadcrumbs us_custom_11861369 separator_icon align_none\" itemscope itemtype=\"http:\/\/schema.org\/BreadcrumbList\"><div class=\"g-breadcrumbs-item\" itemscope itemprop=\"itemListElement\" itemtype=\"http:\/\/schema.org\/ListItem\"><a itemprop=\"item\" href=\"https:\/\/inprosy.com\/de\/\"><span itemprop=\"name\">Start<\/span><\/a><meta itemprop=\"position\" content=\"1\"\/><\/div><div class=\"g-breadcrumbs-separator\"><i class=\"far fa-angle-right\"><\/i><\/div><div class=\"g-breadcrumbs-item\">Seiten<\/div><\/nav><div class=\"w-separator size_small\"><\/div><h1 class=\"w-post-elm post_title entry-title color_link_inherit\">Ersatzteile<\/h1><\/div><\/div><\/div><\/div><\/div><\/section><section class=\"l-section wpb_row height_medium\"><div class=\"l-section-h i-cf\"><div class=\"g-cols vc_row via_flex valign_top type_default stacking_default\"><div class=\"vc_col-sm-12 wpb_column vc_column_container\"><div class=\"vc_column-inner\"><div class=\"wpb_wrapper\"><div class=\"w-image align_none\"><div class=\"w-image-h\"><img decoding=\"async\" width=\"1200\" height=\"600\" src=\"https:\/\/inprosy.com\/wp-content\/uploads\/2020\/07\/Recambios-01.jpg\" class=\"attachment-full size-full\" alt=\"\" loading=\"lazy\" srcset=\"https:\/\/inprosy.com\/wp-content\/uploads\/2020\/07\/Recambios-01.jpg 1200w, https:\/\/inprosy.com\/wp-content\/uploads\/2020\/07\/Recambios-01-300x150.jpg 300w, https:\/\/inprosy.com\/wp-content\/uploads\/2020\/07\/Recambios-01-1024x512.jpg 1024w, https:\/\/inprosy.com\/wp-content\/uploads\/2020\/07\/Recambios-01-70x35.jpg 70w\" sizes=\"auto, (max-width: 1200px) 100vw, 1200px\" \/><\/div><\/div><div class=\"w-separator size_medium\"><\/div><div class=\"g-cols wpb_row via_flex valign_top type_default stacking_default\" style=\"--additional-gap:30;\"><div class=\"vc_col-sm-2 wpb_column vc_column_container\"><div class=\"vc_column-inner\"><div class=\"wpb_wrapper\"><\/div><\/div><\/div><div class=\"vc_col-sm-8 wpb_column vc_column_container\"><div class=\"vc_column-inner\"><div class=\"wpb_wrapper\"><div class=\"wpb_text_column\"><div class=\"wpb_wrapper\"><p style=\"text-align: center;\"><strong>Inprosy<\/strong> verf\u00fcgt \u00fcber die entsprechenden Mittel, um <strong>Ersatzteile<\/strong> f\u00fcr seine Ausr\u00fcstung zu liefern. Im Allgemeinen haben die <strong>Inprosy<\/strong>-Ger\u00e4te einen hohen Grad der Anpassung an die Bed\u00fcrfnisse ihrer Kunden, was den Lagerbestand an ben\u00f6tigten Ersatzteilen erweitert.<\/p>\n<p style=\"text-align: center;\"><strong>Inprosy<\/strong> verf\u00fcgt \u00fcber die Informationen und Mittel, um eine <strong>schnelle Versorgung mit Ersatzteilen<\/strong> aller Art zu gew\u00e4hrleisten.<\/p>\n<\/div><\/div><\/div><\/div><\/div><div class=\"vc_col-sm-2 wpb_column vc_column_container\"><div class=\"vc_column-inner\"><div class=\"wpb_wrapper\"><\/div><\/div><\/div><\/div><div class=\"w-separator size_medium\"><\/div><div class=\"g-cols wpb_row via_flex valign_top type_default stacking_default\"><div class=\"vc_col-sm-6 wpb_column vc_column_container\"><div class=\"vc_column-inner\"><div class=\"wpb_wrapper\"><div class=\"w-image align_none\"><div class=\"w-image-h\"><img decoding=\"async\" width=\"1200\" height=\"800\" src=\"https:\/\/inprosy.com\/wp-content\/uploads\/2020\/07\/Recambios-02-e1596698396591.jpg\" class=\"attachment-full size-full\" alt=\"\" loading=\"lazy\" \/><\/div><\/div><\/div><\/div><\/div><div class=\"vc_col-sm-6 wpb_column vc_column_container\"><div class=\"vc_column-inner\"><div class=\"wpb_wrapper\"><div class=\"w-image align_none\"><div class=\"w-image-h\"><img decoding=\"async\" width=\"576\" height=\"384\" src=\"https:\/\/inprosy.com\/wp-content\/uploads\/2020\/08\/IMG_20200731_084335-ret.jpg\" class=\"attachment-full size-full\" alt=\"\" loading=\"lazy\" srcset=\"https:\/\/inprosy.com\/wp-content\/uploads\/2020\/08\/IMG_20200731_084335-ret.jpg 576w, https:\/\/inprosy.com\/wp-content\/uploads\/2020\/08\/IMG_20200731_084335-ret-300x200.jpg 300w, https:\/\/inprosy.com\/wp-content\/uploads\/2020\/08\/IMG_20200731_084335-ret-70x47.jpg 70w\" sizes=\"auto, (max-width: 576px) 100vw, 576px\" \/><\/div><\/div><\/div><\/div><\/div><\/div><\/div><\/div><\/div><\/div><\/div><\/section>\n","protected":false},"excerpt":{"rendered":"StartSeitenErsatzteileInprosy verf\u00fcgt \u00fcber die entsprechenden Mittel, um Ersatzteile f\u00fcr seine Ausr\u00fcstung zu liefern. Im Allgemeinen haben die Inprosy-Ger\u00e4te einen hohen Grad der Anpassung an die Bed\u00fcrfnisse ihrer Kunden, was den Lagerbestand an ben\u00f6tigten Ersatzteilen erweitert. Inprosy verf\u00fcgt \u00fcber die Informationen und Mittel, um eine schnelle Versorgung mit Ersatzteilen aller Art zu gew\u00e4hrleisten.","protected":false},"author":1,"featured_media":0,"parent":13108,"menu_order":21,"comment_status":"closed","ping_status":"closed","template":"","meta":{"_acf_changed":false,"footnotes":""},"class_list":["post-13164","page","type-page","status-publish","hentry"],"acf":[],"yoast_head":"<!-- This site is optimized with the Yoast SEO plugin v27.3 - https:\/\/yoast.com\/product\/yoast-seo-wordpress\/ -->\n<title>Ersatzteile f\u00fcr Maschinen der Produktionslinien &#8211; Inprosy<\/title>\n<meta name=\"description\" content=\"Inprosy verf\u00fcgt \u00fcber die erforderlichen Informationen und Mittel f\u00fcr eine umgehende Ersatzteillieferung. Stets zu Ihren Diensten.\" \/>\n<meta name=\"robots\" content=\"index, follow, max-snippet:-1, max-image-preview:large, max-video-preview:-1\" \/>\n<link rel=\"canonical\" href=\"https:\/\/inprosy.com\/de\/dienstleistungen\/ersatzteile\/\" \/>\n<meta property=\"og:locale\" content=\"de_DE\" \/>\n<meta property=\"og:type\" content=\"article\" \/>\n<meta property=\"og:title\" content=\"Ersatzteile f\u00fcr Maschinen der Produktionslinien &#8211; Inprosy\" \/>\n<meta property=\"og:description\" content=\"Inprosy verf\u00fcgt \u00fcber die erforderlichen Informationen und Mittel f\u00fcr eine umgehende Ersatzteillieferung. Stets zu Ihren Diensten.\" \/>\n<meta property=\"og:url\" content=\"https:\/\/inprosy.com\/de\/dienstleistungen\/ersatzteile\/\" \/>\n<meta property=\"og:site_name\" content=\"Inprosy\" \/>\n<meta property=\"article:modified_time\" content=\"2021-01-27T10:14:13+00:00\" \/>\n<meta property=\"og:image\" content=\"https:\/\/inprosy.com\/wp-content\/uploads\/2017\/07\/logo-header.jpg\" \/>\n\t<meta property=\"og:image:width\" content=\"800\" \/>\n\t<meta property=\"og:image:height\" content=\"156\" \/>\n\t<meta property=\"og:image:type\" content=\"image\/jpeg\" \/>\n<meta name=\"twitter:label1\" content=\"Gesch\u00e4tzte Lesezeit\" \/>\n\t<meta name=\"twitter:data1\" content=\"1\u00a0Minute\" \/>\n<script type=\"application\/ld+json\" class=\"yoast-schema-graph\">{\"@context\":\"https:\\\/\\\/schema.org\",\"@graph\":[{\"@type\":\"WebPage\",\"@id\":\"https:\\\/\\\/inprosy.com\\\/de\\\/dienstleistungen\\\/ersatzteile\\\/\",\"url\":\"https:\\\/\\\/inprosy.com\\\/de\\\/dienstleistungen\\\/ersatzteile\\\/\",\"name\":\"Ersatzteile f\u00fcr Maschinen der Produktionslinien &#8211; Inprosy\",\"isPartOf\":{\"@id\":\"https:\\\/\\\/inprosy.com\\\/de\\\/#website\"},\"datePublished\":\"2020-08-07T06:59:27+00:00\",\"dateModified\":\"2021-01-27T10:14:13+00:00\",\"description\":\"Inprosy verf\u00fcgt \u00fcber die erforderlichen Informationen und Mittel f\u00fcr eine umgehende Ersatzteillieferung. Stets zu Ihren Diensten.\",\"breadcrumb\":{\"@id\":\"https:\\\/\\\/inprosy.com\\\/de\\\/dienstleistungen\\\/ersatzteile\\\/#breadcrumb\"},\"inLanguage\":\"de\",\"potentialAction\":[{\"@type\":\"ReadAction\",\"target\":[\"https:\\\/\\\/inprosy.com\\\/de\\\/dienstleistungen\\\/ersatzteile\\\/\"]}]},{\"@type\":\"BreadcrumbList\",\"@id\":\"https:\\\/\\\/inprosy.com\\\/de\\\/dienstleistungen\\\/ersatzteile\\\/#breadcrumb\",\"itemListElement\":[{\"@type\":\"ListItem\",\"position\":1,\"name\":\"Portada\",\"item\":\"https:\\\/\\\/inprosy.com\\\/de\\\/\"},{\"@type\":\"ListItem\",\"position\":2,\"name\":\"Dienstleistungen\",\"item\":\"https:\\\/\\\/inprosy.com\\\/de\\\/dienstleistungen\\\/\"},{\"@type\":\"ListItem\",\"position\":3,\"name\":\"Ersatzteile\"}]},{\"@type\":\"WebSite\",\"@id\":\"https:\\\/\\\/inprosy.com\\\/de\\\/#website\",\"url\":\"https:\\\/\\\/inprosy.com\\\/de\\\/\",\"name\":\"Inprosy\",\"description\":\"Soluciones para la gesti\u00f3n de flujos de producci\u00f3n\",\"publisher\":{\"@id\":\"https:\\\/\\\/inprosy.com\\\/de\\\/#organization\"},\"potentialAction\":[{\"@type\":\"SearchAction\",\"target\":{\"@type\":\"EntryPoint\",\"urlTemplate\":\"https:\\\/\\\/inprosy.com\\\/de\\\/?s={search_term_string}\"},\"query-input\":{\"@type\":\"PropertyValueSpecification\",\"valueRequired\":true,\"valueName\":\"search_term_string\"}}],\"inLanguage\":\"de\"},{\"@type\":\"Organization\",\"@id\":\"https:\\\/\\\/inprosy.com\\\/de\\\/#organization\",\"name\":\"Innovate Production Systems, S.L.\",\"alternateName\":\"Inprosy\",\"url\":\"https:\\\/\\\/inprosy.com\\\/de\\\/\",\"logo\":{\"@type\":\"ImageObject\",\"inLanguage\":\"de\",\"@id\":\"https:\\\/\\\/inprosy.com\\\/de\\\/#\\\/schema\\\/logo\\\/image\\\/\",\"url\":\"https:\\\/\\\/inprosy.com\\\/wp-content\\\/uploads\\\/2017\\\/07\\\/logo-header.jpg\",\"contentUrl\":\"https:\\\/\\\/inprosy.com\\\/wp-content\\\/uploads\\\/2017\\\/07\\\/logo-header.jpg\",\"width\":800,\"height\":156,\"caption\":\"Innovate Production Systems, S.L.\"},\"image\":{\"@id\":\"https:\\\/\\\/inprosy.com\\\/de\\\/#\\\/schema\\\/logo\\\/image\\\/\"},\"sameAs\":[\"https:\\\/\\\/www.linkedin.com\\\/company\\\/inprosys\\\/\",\"https:\\\/\\\/www.youtube.com\\\/channel\\\/UCuSsS6ets4VjRxVpkMgS2Mw\"]}]}<\/script>\n<!-- \/ Yoast SEO plugin. -->","yoast_head_json":{"title":"Ersatzteile f\u00fcr Maschinen der Produktionslinien &#8211; Inprosy","description":"Inprosy verf\u00fcgt \u00fcber die erforderlichen Informationen und Mittel f\u00fcr eine umgehende Ersatzteillieferung. Stets zu Ihren Diensten.","robots":{"index":"index","follow":"follow","max-snippet":"max-snippet:-1","max-image-preview":"max-image-preview:large","max-video-preview":"max-video-preview:-1"},"canonical":"https:\/\/inprosy.com\/de\/dienstleistungen\/ersatzteile\/","og_locale":"de_DE","og_type":"article","og_title":"Ersatzteile f\u00fcr Maschinen der Produktionslinien &#8211; Inprosy","og_description":"Inprosy verf\u00fcgt \u00fcber die erforderlichen Informationen und Mittel f\u00fcr eine umgehende Ersatzteillieferung. Stets zu Ihren Diensten.","og_url":"https:\/\/inprosy.com\/de\/dienstleistungen\/ersatzteile\/","og_site_name":"Inprosy","article_modified_time":"2021-01-27T10:14:13+00:00","og_image":[{"width":800,"height":156,"url":"https:\/\/inprosy.com\/wp-content\/uploads\/2017\/07\/logo-header.jpg","type":"image\/jpeg"}],"twitter_misc":{"Gesch\u00e4tzte Lesezeit":"1\u00a0Minute"},"schema":{"@context":"https:\/\/schema.org","@graph":[{"@type":"WebPage","@id":"https:\/\/inprosy.com\/de\/dienstleistungen\/ersatzteile\/","url":"https:\/\/inprosy.com\/de\/dienstleistungen\/ersatzteile\/","name":"Ersatzteile f\u00fcr Maschinen der Produktionslinien &#8211; Inprosy","isPartOf":{"@id":"https:\/\/inprosy.com\/de\/#website"},"datePublished":"2020-08-07T06:59:27+00:00","dateModified":"2021-01-27T10:14:13+00:00","description":"Inprosy verf\u00fcgt \u00fcber die erforderlichen Informationen und Mittel f\u00fcr eine umgehende Ersatzteillieferung. Stets zu Ihren Diensten.","breadcrumb":{"@id":"https:\/\/inprosy.com\/de\/dienstleistungen\/ersatzteile\/#breadcrumb"},"inLanguage":"de","potentialAction":[{"@type":"ReadAction","target":["https:\/\/inprosy.com\/de\/dienstleistungen\/ersatzteile\/"]}]},{"@type":"BreadcrumbList","@id":"https:\/\/inprosy.com\/de\/dienstleistungen\/ersatzteile\/#breadcrumb","itemListElement":[{"@type":"ListItem","position":1,"name":"Portada","item":"https:\/\/inprosy.com\/de\/"},{"@type":"ListItem","position":2,"name":"Dienstleistungen","item":"https:\/\/inprosy.com\/de\/dienstleistungen\/"},{"@type":"ListItem","position":3,"name":"Ersatzteile"}]},{"@type":"WebSite","@id":"https:\/\/inprosy.com\/de\/#website","url":"https:\/\/inprosy.com\/de\/","name":"Inprosy","description":"Soluciones para la gesti\u00f3n de flujos de producci\u00f3n","publisher":{"@id":"https:\/\/inprosy.com\/de\/#organization"},"potentialAction":[{"@type":"SearchAction","target":{"@type":"EntryPoint","urlTemplate":"https:\/\/inprosy.com\/de\/?s={search_term_string}"},"query-input":{"@type":"PropertyValueSpecification","valueRequired":true,"valueName":"search_term_string"}}],"inLanguage":"de"},{"@type":"Organization","@id":"https:\/\/inprosy.com\/de\/#organization","name":"Innovate Production Systems, S.L.","alternateName":"Inprosy","url":"https:\/\/inprosy.com\/de\/","logo":{"@type":"ImageObject","inLanguage":"de","@id":"https:\/\/inprosy.com\/de\/#\/schema\/logo\/image\/","url":"https:\/\/inprosy.com\/wp-content\/uploads\/2017\/07\/logo-header.jpg","contentUrl":"https:\/\/inprosy.com\/wp-content\/uploads\/2017\/07\/logo-header.jpg","width":800,"height":156,"caption":"Innovate Production Systems, S.L."},"image":{"@id":"https:\/\/inprosy.com\/de\/#\/schema\/logo\/image\/"},"sameAs":["https:\/\/www.linkedin.com\/company\/inprosys\/","https:\/\/www.youtube.com\/channel\/UCuSsS6ets4VjRxVpkMgS2Mw"]}]}},"_links":{"self":[{"href":"https:\/\/inprosy.com\/de\/wp-json\/wp\/v2\/pages\/13164","targetHints":{"allow":["GET"]}}],"collection":[{"href":"https:\/\/inprosy.com\/de\/wp-json\/wp\/v2\/pages"}],"about":[{"href":"https:\/\/inprosy.com\/de\/wp-json\/wp\/v2\/types\/page"}],"author":[{"embeddable":true,"href":"https:\/\/inprosy.com\/de\/wp-json\/wp\/v2\/users\/1"}],"replies":[{"embeddable":true,"href":"https:\/\/inprosy.com\/de\/wp-json\/wp\/v2\/comments?post=13164"}],"version-history":[{"count":0,"href":"https:\/\/inprosy.com\/de\/wp-json\/wp\/v2\/pages\/13164\/revisions"}],"up":[{"embeddable":true,"href":"https:\/\/inprosy.com\/de\/wp-json\/wp\/v2\/pages\/13108"}],"wp:attachment":[{"href":"https:\/\/inprosy.com\/de\/wp-json\/wp\/v2\/media?parent=13164"}],"curies":[{"name":"wp","href":"https:\/\/api.w.org\/{rel}","templated":true}]}}