{"id":13167,"date":"2020-08-07T09:03:23","date_gmt":"2020-08-07T07:03:23","guid":{"rendered":"https:\/\/inprosy.com\/projekte\/flowpacks-projekt\/"},"modified":"2021-01-27T10:21:11","modified_gmt":"2021-01-27T09:21:11","slug":"flowpacks-projekt","status":"publish","type":"page","link":"https:\/\/inprosy.com\/de\/projekte\/flowpacks-projekt\/","title":{"rendered":"Flowpacks-Projekt"},"content":{"rendered":"<section class=\"l-section wpb_row height_medium color_primary\"><div class=\"l-section-h i-cf\"><div class=\"g-cols vc_row via_flex valign_middle type_default stacking_default\"><div class=\"vc_col-sm-10 wpb_column vc_column_container\"><div class=\"vc_column-inner\"><div class=\"wpb_wrapper\"><h1 class=\"w-post-elm post_title entry-title color_link_inherit\">Flowpacks-Projekt<\/h1><\/div><\/div><\/div><div class=\"vc_col-sm-2 wpb_column vc_column_container\"><div class=\"vc_column-inner\"><div class=\"wpb_wrapper\"><div class=\"w-iconbox iconpos_top style_default color_primary align_center no_text no_title icontype_img\"><div class=\"w-iconbox-icon\" style=\"font-size:70px;\"><img loading=\"lazy\" decoding=\"async\" width=\"70\" height=\"61\" src=\"https:\/\/inprosy.com\/wp-content\/uploads\/2020\/06\/picto-flowpacks-b-e1596698467204.png\" class=\"attachment-full size-full\" alt=\"\" \/><\/div><div class=\"w-iconbox-meta\"><\/div><\/div><\/div><\/div><\/div><\/div><\/div><\/section><section class=\"l-section wpb_row height_medium\"><div class=\"l-section-h i-cf\"><div class=\"g-cols vc_row via_flex valign_top type_default stacking_default\"><div class=\"vc_col-sm-12 wpb_column vc_column_container\"><div class=\"vc_column-inner\"><div class=\"wpb_wrapper\"><div class=\"g-cols wpb_row via_flex valign_top type_default stacking_default\"><div class=\"vc_col-sm-9 wpb_column vc_column_container\"><div class=\"vc_column-inner\"><div class=\"wpb_wrapper\"><div class=\"wpb_text_column\"><div class=\"wpb_wrapper\"><h3>Produkt<\/h3>\n<p>Flowpacks von 200 x 160 mm.<\/p>\n<h3>Bestehender bedarf<\/h3>\n<p>Der Kunde hatte eine Transportlinie mit einer L\u00e4nge von etwa 200 m, durch die Produkte in Flowpack-Verpackungen zirkulierten und an deren Ende ein Kartonierroboter sie in Kartons mit einer bestimmten Anzahl von Flowpacks verpackte.<\/p>\n<p>Der Kartonierroboter erforderte f\u00fcr seinen korrekten Betrieb, dass die Flowpacks immer in der gleichen Position und mit der gleichen Trennung ankommen. Flowpacks, die diese Bedingungen nicht einhielten, konnten vom Roboter nicht gehandhabt werden und mussten abgelehnt werden.<\/p>\n<p>Aufgrund der L\u00e4nge der Transportlinie wurde diese wiederum in mehrere Segmente unterteilt, die durch Zwischen\u00fcbergaben miteinander verbunden waren. Aufgrund ihrer physikalischen Eigenschaften blieb die Flowpack h\u00e4ufig bei Zwischen\u00fcbergaben stecken, wodurch der Betrieb der F\u00f6rderlinie unterbrochen wurde und sich die Reihenfolge und der Abstand der am Kartonierer ankommenden Produkte \u00e4nderte.<\/p>\n<h3>L\u00f6sungsvorschlag<\/h3>\n<p>Es wurde vorgeschlagen, einen speziellen F\u00f6rderer ohne Zwischen\u00fcbergaben zu installieren.<\/p>\n<p>Um den Raum zu optimieren, wurde au\u00dferdem vorgeschlagen, dass das F\u00f6rderband in einer H\u00f6he von etwa 3 Metern laufen sollte.<\/p>\n<p>Das Produkt wurde mit Hilfe einer absenkbaren Spirale Modell SPI-1T auf die vom Kartonierer ben\u00f6tigte H\u00f6he gebracht.<\/p>\n<p>Dadurch sollen Flowpack-Staus an Zwischenstationen auf der F\u00f6rderlinie vermieden werden, wodurch ungeplante Linienstopps vermieden werden und sichergestellt wird, dass die Einheiten mit der erforderlichen Position und dem erforderlichen Abstand am Kartonierer ankommen.<\/p>\n<h3>Erzielte verbesserungen<\/h3>\n<ul>\n<li>Erh\u00f6hte Linieneffizienz.<\/li>\n<li>Beseitigung einer Ursache f\u00fcr Produktabf\u00e4lle.<\/li>\n<\/ul>\n<h3>Sch\u00fcsselpunkte<\/h3>\n<p>BEGRENZTER RAUM &#8211; F\u00d6RDERER OHNE \u00dcBERGABEN &#8211; EFFIZIENZ &#8211; MASSGESCHNEIDERTE L\u00d6SUNG &#8211; REDUZIERUNG DER PRODUKTAUSLEITUNG<\/p>\n<p>* HINWEIS: Aus Gr\u00fcnden der Vertraulichkeit werden bestimmte Details des Projekts weggelassen<\/p>\n<\/div><\/div><\/div><\/div><\/div><div class=\"vc_col-sm-3 wpb_column vc_column_container\"><div class=\"vc_column-inner\"><div class=\"wpb_wrapper\"><\/div><\/div><\/div><\/div><\/div><\/div><\/div><\/div><\/div><\/section><section class=\"l-section wpb_row height_medium color_alternate\"><div class=\"l-section-h i-cf\"><div class=\"g-cols vc_row via_flex valign_top type_default stacking_default\"><div class=\"vc_col-sm-12 wpb_column vc_column_container\"><div class=\"vc_column-inner\"><div class=\"wpb_wrapper\"><div class=\"wpb_text_column\"><div class=\"wpb_wrapper\"><h3>Verwendete Produkte<\/h3>\n<\/div><\/div><div class=\"w-separator size_medium\"><\/div><div class=\"w-grid type_grid layout_7608 cols_4 valign_center preload_style_spinner\" id=\"us_grid_1\" style=\"--columns:4;--gap:1.2rem;\"><style>@media (max-width:1024px){#us_grid_1{--columns:2!important}}@media (max-width:600px){#us_grid_1{--columns:1!important}}.layout_7608 .w-grid-item-h{}.layout_7608 .usg_post_image_1{transition-duration:0.3s;transform-origin:50% 50%;transform:scale(1) translate(0%,0%)}.layout_7608 .w-grid-item-h:focus-within .usg_post_image_1,.layout_7608 .w-grid-item-h:hover .usg_post_image_1{transform:scale(0.95) translate(0%,0%);opacity:0.6}.layout_7608 .usg_post_image_1{margin-bottom:0.5rem!important}.layout_7608 .usg_post_title_1{min-height:5rem!important}<\/style><div class=\"w-grid-list\">\t<article class=\"w-grid-item size_1x1 post-13272 us_portfolio type-us_portfolio status-publish has-post-thumbnail hentry us_portfolio_category-anheben-absenken us_portfolio_category-spiralen us_portfolio_category-zugang\" data-id=\"13272\">\r\n\t\t<div class=\"w-grid-item-h\">\r\n\t\t\t\t\t\t\t<a href=\"https:\/\/inprosy.com\/de\/hebe-oder-senkspiralen\/\" class=\"w-grid-item-anchor\" aria-label=\"Hebe- oder Senkspiralen\"><\/a>\r\n\t\t\t\t\t\t<div class=\"w-post-elm post_image usg_post_image_1\"><img loading=\"lazy\" decoding=\"async\" width=\"720\" height=\"720\" src=\"https:\/\/inprosy.com\/wp-content\/uploads\/2020\/05\/SPI-1-e1595865553610.png\" class=\"attachment- size- wp-post-image\" alt=\"Espirales de elevaci\u00f3n o descenso - Inprosy\" \/><\/div><div class=\"w-vwrapper usg_vwrapper_1 align_center valign_top\" style=\"--vwrapper-gap:\"><h6 class=\"w-post-elm post_title usg_post_title_1 align_center entry-title color_link_inherit\">Hebe- oder Senkspiralen<\/h6><\/div>\t\t<\/div>\r\n\t\t\t<\/article>\r\n\t<article class=\"w-grid-item size_1x1 post-13290 us_portfolio type-us_portfolio status-publish has-post-thumbnail hentry us_portfolio_category-langstreckenforderer us_portfolio_category-verkehr\" data-id=\"13290\">\r\n\t\t<div class=\"w-grid-item-h\">\r\n\t\t\t\t\t\t\t<a href=\"https:\/\/inprosy.com\/de\/langstreckenfoerderer\/\" class=\"w-grid-item-anchor\" aria-label=\"Langstreckenf\u00f6rderer\"><\/a>\r\n\t\t\t\t\t\t<div class=\"w-post-elm post_image usg_post_image_1\"><img loading=\"lazy\" decoding=\"async\" width=\"271\" height=\"271\" src=\"https:\/\/inprosy.com\/wp-content\/uploads\/2020\/06\/LLC-1b.png\" class=\"attachment- size- wp-post-image\" alt=\"\" srcset=\"https:\/\/inprosy.com\/wp-content\/uploads\/2020\/06\/LLC-1b.png 271w, https:\/\/inprosy.com\/wp-content\/uploads\/2020\/06\/LLC-1b-150x150.png 150w, https:\/\/inprosy.com\/wp-content\/uploads\/2020\/06\/LLC-1b-61x61.png 61w\" sizes=\"auto, (max-width: 271px) 100vw, 271px\" \/><\/div><div class=\"w-vwrapper usg_vwrapper_1 align_center valign_top\" style=\"--vwrapper-gap:\"><h6 class=\"w-post-elm post_title usg_post_title_1 align_center entry-title color_link_inherit\">Langstreckenf\u00f6rderer<\/h6><\/div>\t\t<\/div>\r\n\t\t\t<\/article>\r\n<\/div><div class=\"w-grid-preloader\">\t<div class=\"g-preloader type_1\">\r\n\t\t<div><\/div>\r\n\t<\/div>\r\n\t<\/div>\t<div class=\"w-grid-json hidden\" onclick='return {&quot;action&quot;:&quot;us_ajax_grid&quot;,&quot;infinite_scroll&quot;:0,&quot;max_num_pages&quot;:1,&quot;pagination&quot;:&quot;none&quot;,&quot;template_vars&quot;:{&quot;columns&quot;:&quot;4&quot;,&quot;exclude_items&quot;:&quot;none&quot;,&quot;img_size&quot;:&quot;default&quot;,&quot;ignore_items_size&quot;:0,&quot;items_layout&quot;:&quot;7608&quot;,&quot;items_offset&quot;:&quot;1&quot;,&quot;load_animation&quot;:&quot;none&quot;,&quot;overriding_link&quot;:&quot;%7B%22type%22%3A%22post%22%7D&quot;,&quot;post_id&quot;:0,&quot;query_args&quot;:{&quot;ignore_sticky_posts&quot;:1,&quot;post_type&quot;:&quot;any&quot;,&quot;post__in&quot;:[&quot;8012&quot;,&quot;7999&quot;],&quot;posts_per_page&quot;:999},&quot;orderby_query_args&quot;:{&quot;orderby&quot;:{&quot;menu_order&quot;:&quot;ASC&quot;},&quot;order&quot;:&quot;ASC&quot;},&quot;type&quot;:&quot;grid&quot;,&quot;us_grid_post_type&quot;:&quot;ids&quot;,&quot;us_grid_ajax_index&quot;:1,&quot;us_grid_filter_query_string&quot;:null,&quot;us_grid_index&quot;:1,&quot;page_args&quot;:[],&quot;lang&quot;:&quot;de&quot;}}'><\/div>\r\n\t<\/div><\/div><\/div><\/div><\/div><\/div><\/section>\n","protected":false},"excerpt":{"rendered":"StartSeitenLangstreckenf\u00f6rderer schachteln packs bricks doypacks flowpacks beh\u00e4lter dosen tablett beutel flaschen mecanische Komponenten elektronische Komponenten Produktblatt herunterladenLangstreckenf\u00f6rderer (Long Length Conveyors, LLC) erm\u00f6glichen den Transfer von Produkten \u00fcber gro\u00dfe L\u00e4ngen kontinuierlich und ohne Zwischen\u00fcbergaben, wodurch m\u00f6gliche Ursachen f\u00fcr das Einklemmen, Stauen oder Fallen von Produkten beseitigt werden. VORGANGVORTEILETECHNISCHE MERKMALEFAQ&#8217;SVORGANGInprosy Long Length Conveyors (LLC) erm\u00f6glichen den kontinuierlichen...","protected":false},"author":1,"featured_media":0,"parent":13110,"menu_order":23,"comment_status":"closed","ping_status":"closed","template":"","meta":{"_acf_changed":false,"footnotes":""},"class_list":["post-13167","page","type-page","status-publish","hentry"],"acf":[],"yoast_head":"<!-- This site is optimized with the Yoast SEO plugin v27.3 - https:\/\/yoast.com\/product\/yoast-seo-wordpress\/ -->\n<title>Optimierung der Flowpacks-Produktionslinie &#8211; Inprosy<\/title>\n<meta name=\"description\" content=\"Optimierungsprojekt f\u00fcr die Effizienz einer Flowpacks-Produktionslinie durch eine Auffahrts- und Abfahrtsspirale.\" \/>\n<meta name=\"robots\" content=\"index, follow, max-snippet:-1, max-image-preview:large, max-video-preview:-1\" \/>\n<link rel=\"canonical\" href=\"https:\/\/inprosy.com\/de\/projekte\/flowpacks-projekt\/\" \/>\n<meta property=\"og:locale\" content=\"de_DE\" \/>\n<meta property=\"og:type\" content=\"article\" \/>\n<meta property=\"og:title\" content=\"Optimierung der Flowpacks-Produktionslinie &#8211; Inprosy\" \/>\n<meta property=\"og:description\" content=\"Optimierungsprojekt f\u00fcr die Effizienz einer Flowpacks-Produktionslinie durch eine Auffahrts- und Abfahrtsspirale.\" \/>\n<meta property=\"og:url\" content=\"https:\/\/inprosy.com\/de\/projekte\/flowpacks-projekt\/\" \/>\n<meta property=\"og:site_name\" content=\"Inprosy\" \/>\n<meta property=\"article:modified_time\" content=\"2021-01-27T09:21:11+00:00\" \/>\n<meta property=\"og:image\" content=\"https:\/\/inprosy.com\/wp-content\/uploads\/2017\/07\/logo-header.jpg\" \/>\n\t<meta property=\"og:image:width\" content=\"800\" \/>\n\t<meta property=\"og:image:height\" content=\"156\" \/>\n\t<meta property=\"og:image:type\" content=\"image\/jpeg\" \/>\n<meta name=\"twitter:label1\" content=\"Gesch\u00e4tzte Lesezeit\" \/>\n\t<meta name=\"twitter:data1\" content=\"2\u00a0Minuten\" \/>\n<script type=\"application\/ld+json\" class=\"yoast-schema-graph\">{\"@context\":\"https:\\\/\\\/schema.org\",\"@graph\":[{\"@type\":\"WebPage\",\"@id\":\"https:\\\/\\\/inprosy.com\\\/de\\\/projekte\\\/flowpacks-projekt\\\/\",\"url\":\"https:\\\/\\\/inprosy.com\\\/de\\\/projekte\\\/flowpacks-projekt\\\/\",\"name\":\"Optimierung der Flowpacks-Produktionslinie &#8211; Inprosy\",\"isPartOf\":{\"@id\":\"https:\\\/\\\/inprosy.com\\\/de\\\/#website\"},\"datePublished\":\"2020-08-07T07:03:23+00:00\",\"dateModified\":\"2021-01-27T09:21:11+00:00\",\"description\":\"Optimierungsprojekt f\u00fcr die Effizienz einer Flowpacks-Produktionslinie durch eine Auffahrts- und Abfahrtsspirale.\",\"breadcrumb\":{\"@id\":\"https:\\\/\\\/inprosy.com\\\/de\\\/projekte\\\/flowpacks-projekt\\\/#breadcrumb\"},\"inLanguage\":\"de\",\"potentialAction\":[{\"@type\":\"ReadAction\",\"target\":[\"https:\\\/\\\/inprosy.com\\\/de\\\/projekte\\\/flowpacks-projekt\\\/\"]}]},{\"@type\":\"BreadcrumbList\",\"@id\":\"https:\\\/\\\/inprosy.com\\\/de\\\/projekte\\\/flowpacks-projekt\\\/#breadcrumb\",\"itemListElement\":[{\"@type\":\"ListItem\",\"position\":1,\"name\":\"Portada\",\"item\":\"https:\\\/\\\/inprosy.com\\\/de\\\/\"},{\"@type\":\"ListItem\",\"position\":2,\"name\":\"Projekte\",\"item\":\"https:\\\/\\\/inprosy.com\\\/de\\\/projekte\\\/\"},{\"@type\":\"ListItem\",\"position\":3,\"name\":\"Flowpacks-Projekt\"}]},{\"@type\":\"WebSite\",\"@id\":\"https:\\\/\\\/inprosy.com\\\/de\\\/#website\",\"url\":\"https:\\\/\\\/inprosy.com\\\/de\\\/\",\"name\":\"Inprosy\",\"description\":\"Soluciones para la gesti\u00f3n de flujos de producci\u00f3n\",\"publisher\":{\"@id\":\"https:\\\/\\\/inprosy.com\\\/de\\\/#organization\"},\"potentialAction\":[{\"@type\":\"SearchAction\",\"target\":{\"@type\":\"EntryPoint\",\"urlTemplate\":\"https:\\\/\\\/inprosy.com\\\/de\\\/?s={search_term_string}\"},\"query-input\":{\"@type\":\"PropertyValueSpecification\",\"valueRequired\":true,\"valueName\":\"search_term_string\"}}],\"inLanguage\":\"de\"},{\"@type\":\"Organization\",\"@id\":\"https:\\\/\\\/inprosy.com\\\/de\\\/#organization\",\"name\":\"Innovate Production Systems, S.L.\",\"alternateName\":\"Inprosy\",\"url\":\"https:\\\/\\\/inprosy.com\\\/de\\\/\",\"logo\":{\"@type\":\"ImageObject\",\"inLanguage\":\"de\",\"@id\":\"https:\\\/\\\/inprosy.com\\\/de\\\/#\\\/schema\\\/logo\\\/image\\\/\",\"url\":\"https:\\\/\\\/inprosy.com\\\/wp-content\\\/uploads\\\/2017\\\/07\\\/logo-header.jpg\",\"contentUrl\":\"https:\\\/\\\/inprosy.com\\\/wp-content\\\/uploads\\\/2017\\\/07\\\/logo-header.jpg\",\"width\":800,\"height\":156,\"caption\":\"Innovate Production Systems, S.L.\"},\"image\":{\"@id\":\"https:\\\/\\\/inprosy.com\\\/de\\\/#\\\/schema\\\/logo\\\/image\\\/\"},\"sameAs\":[\"https:\\\/\\\/www.linkedin.com\\\/company\\\/inprosys\\\/\",\"https:\\\/\\\/www.youtube.com\\\/channel\\\/UCuSsS6ets4VjRxVpkMgS2Mw\"]}]}<\/script>\n<!-- \/ Yoast SEO plugin. -->","yoast_head_json":{"title":"Optimierung der Flowpacks-Produktionslinie &#8211; Inprosy","description":"Optimierungsprojekt f\u00fcr die Effizienz einer Flowpacks-Produktionslinie durch eine Auffahrts- und Abfahrtsspirale.","robots":{"index":"index","follow":"follow","max-snippet":"max-snippet:-1","max-image-preview":"max-image-preview:large","max-video-preview":"max-video-preview:-1"},"canonical":"https:\/\/inprosy.com\/de\/projekte\/flowpacks-projekt\/","og_locale":"de_DE","og_type":"article","og_title":"Optimierung der Flowpacks-Produktionslinie &#8211; Inprosy","og_description":"Optimierungsprojekt f\u00fcr die Effizienz einer Flowpacks-Produktionslinie durch eine Auffahrts- und Abfahrtsspirale.","og_url":"https:\/\/inprosy.com\/de\/projekte\/flowpacks-projekt\/","og_site_name":"Inprosy","article_modified_time":"2021-01-27T09:21:11+00:00","og_image":[{"width":800,"height":156,"url":"https:\/\/inprosy.com\/wp-content\/uploads\/2017\/07\/logo-header.jpg","type":"image\/jpeg"}],"twitter_misc":{"Gesch\u00e4tzte Lesezeit":"2\u00a0Minuten"},"schema":{"@context":"https:\/\/schema.org","@graph":[{"@type":"WebPage","@id":"https:\/\/inprosy.com\/de\/projekte\/flowpacks-projekt\/","url":"https:\/\/inprosy.com\/de\/projekte\/flowpacks-projekt\/","name":"Optimierung der Flowpacks-Produktionslinie &#8211; Inprosy","isPartOf":{"@id":"https:\/\/inprosy.com\/de\/#website"},"datePublished":"2020-08-07T07:03:23+00:00","dateModified":"2021-01-27T09:21:11+00:00","description":"Optimierungsprojekt f\u00fcr die Effizienz einer Flowpacks-Produktionslinie durch eine Auffahrts- und Abfahrtsspirale.","breadcrumb":{"@id":"https:\/\/inprosy.com\/de\/projekte\/flowpacks-projekt\/#breadcrumb"},"inLanguage":"de","potentialAction":[{"@type":"ReadAction","target":["https:\/\/inprosy.com\/de\/projekte\/flowpacks-projekt\/"]}]},{"@type":"BreadcrumbList","@id":"https:\/\/inprosy.com\/de\/projekte\/flowpacks-projekt\/#breadcrumb","itemListElement":[{"@type":"ListItem","position":1,"name":"Portada","item":"https:\/\/inprosy.com\/de\/"},{"@type":"ListItem","position":2,"name":"Projekte","item":"https:\/\/inprosy.com\/de\/projekte\/"},{"@type":"ListItem","position":3,"name":"Flowpacks-Projekt"}]},{"@type":"WebSite","@id":"https:\/\/inprosy.com\/de\/#website","url":"https:\/\/inprosy.com\/de\/","name":"Inprosy","description":"Soluciones para la gesti\u00f3n de flujos de producci\u00f3n","publisher":{"@id":"https:\/\/inprosy.com\/de\/#organization"},"potentialAction":[{"@type":"SearchAction","target":{"@type":"EntryPoint","urlTemplate":"https:\/\/inprosy.com\/de\/?s={search_term_string}"},"query-input":{"@type":"PropertyValueSpecification","valueRequired":true,"valueName":"search_term_string"}}],"inLanguage":"de"},{"@type":"Organization","@id":"https:\/\/inprosy.com\/de\/#organization","name":"Innovate Production Systems, S.L.","alternateName":"Inprosy","url":"https:\/\/inprosy.com\/de\/","logo":{"@type":"ImageObject","inLanguage":"de","@id":"https:\/\/inprosy.com\/de\/#\/schema\/logo\/image\/","url":"https:\/\/inprosy.com\/wp-content\/uploads\/2017\/07\/logo-header.jpg","contentUrl":"https:\/\/inprosy.com\/wp-content\/uploads\/2017\/07\/logo-header.jpg","width":800,"height":156,"caption":"Innovate Production Systems, S.L."},"image":{"@id":"https:\/\/inprosy.com\/de\/#\/schema\/logo\/image\/"},"sameAs":["https:\/\/www.linkedin.com\/company\/inprosys\/","https:\/\/www.youtube.com\/channel\/UCuSsS6ets4VjRxVpkMgS2Mw"]}]}},"_links":{"self":[{"href":"https:\/\/inprosy.com\/de\/wp-json\/wp\/v2\/pages\/13167","targetHints":{"allow":["GET"]}}],"collection":[{"href":"https:\/\/inprosy.com\/de\/wp-json\/wp\/v2\/pages"}],"about":[{"href":"https:\/\/inprosy.com\/de\/wp-json\/wp\/v2\/types\/page"}],"author":[{"embeddable":true,"href":"https:\/\/inprosy.com\/de\/wp-json\/wp\/v2\/users\/1"}],"replies":[{"embeddable":true,"href":"https:\/\/inprosy.com\/de\/wp-json\/wp\/v2\/comments?post=13167"}],"version-history":[{"count":0,"href":"https:\/\/inprosy.com\/de\/wp-json\/wp\/v2\/pages\/13167\/revisions"}],"up":[{"embeddable":true,"href":"https:\/\/inprosy.com\/de\/wp-json\/wp\/v2\/pages\/13110"}],"wp:attachment":[{"href":"https:\/\/inprosy.com\/de\/wp-json\/wp\/v2\/media?parent=13167"}],"curies":[{"name":"wp","href":"https:\/\/api.w.org\/{rel}","templated":true}]}}