{"id":13173,"date":"2020-08-07T09:06:55","date_gmt":"2020-08-07T07:06:55","guid":{"rendered":"https:\/\/inprosy.com\/projekte\/plastikglaeser-projekt\/"},"modified":"2021-02-04T11:16:34","modified_gmt":"2021-02-04T10:16:34","slug":"plastikglaeser-projekt","status":"publish","type":"page","link":"https:\/\/inprosy.com\/de\/projekte\/plastikglaeser-projekt\/","title":{"rendered":"Plastikgl\u00e4ser Projekt"},"content":{"rendered":"<section class=\"l-section wpb_row height_medium color_primary\"><div class=\"l-section-h i-cf\"><div class=\"g-cols vc_row via_flex valign_middle type_default stacking_default\"><div class=\"vc_col-sm-10 wpb_column vc_column_container\"><div class=\"vc_column-inner\"><div class=\"wpb_wrapper\"><h1 class=\"w-post-elm post_title entry-title color_link_inherit\">Plastikgl\u00e4ser Projekt<\/h1><\/div><\/div><\/div><div class=\"vc_col-sm-2 wpb_column vc_column_container\"><div class=\"vc_column-inner\"><div class=\"wpb_wrapper\"><div class=\"w-iconbox iconpos_top style_default color_primary align_center no_text no_title icontype_img\"><div class=\"w-iconbox-icon\" style=\"font-size:70px;\"><img loading=\"lazy\" decoding=\"async\" width=\"70\" height=\"61\" src=\"https:\/\/inprosy.com\/wp-content\/uploads\/2020\/06\/picto-botes-b-e1596698447999.png\" class=\"attachment-full size-full\" alt=\"\" \/><\/div><div class=\"w-iconbox-meta\"><\/div><\/div><\/div><\/div><\/div><\/div><\/div><\/section><section class=\"l-section wpb_row height_medium\"><div class=\"l-section-h i-cf\"><div class=\"g-cols vc_row via_flex valign_top type_default stacking_default\"><div class=\"vc_col-sm-12 wpb_column vc_column_container\"><div class=\"vc_column-inner\"><div class=\"wpb_wrapper\"><div class=\"g-cols wpb_row via_flex valign_top type_default stacking_default\"><div class=\"vc_col-sm-9 wpb_column vc_column_container\"><div class=\"vc_column-inner\"><div class=\"wpb_wrapper\"><div class=\"wpb_text_column\"><div class=\"wpb_wrapper\"><h3>Produkt<\/h3>\n<p>100 x 25 x 40 mm Kunststoffbeh\u00e4lter<\/p>\n<h3>Bestehender bedarf<\/h3>\n<p>Die Produktionslinie des Kunden war nur zu 60% effizient. Die Ursache f\u00fcr diese Ineffizienz waren die mehrfachen Stopps an den verschiedenen Stationen der Linie.<\/p>\n<p>Das Problem wurde noch dadurch versch\u00e4rft, dass es sich um eine von nur zwei Fertigungslinien handelte, die dem Kunden weltweit f\u00fcr ein solches Produkt zur Verf\u00fcgung standen. Beide arbeiteten in vier Schichten.<\/p>\n<p>Der Kunde betrachtete die Inbetriebnahme einer neuen Produktionslinie als die einzige L\u00f6sung. Da kein Platz zur Verf\u00fcgung stand, bedeutete dies eine Erweiterung des Industriegel\u00e4ndes und eine Vervielfachung der notwendigen Investitionen.<\/p>\n<p>Das Produkt war zerbrechlich, lie\u00df keinen Kontakt zu und neigte dazu, vom F\u00f6rderband zu fallen. Dar\u00fcber hinaus wurde die strikte Einhaltung des FIFO verlangt.<\/p>\n<h3>L\u00f6sungsvorschlag<\/h3>\n<p>Wir schlagen dem Kunden die Installation eines dynamischen Durchflussreglers (DFR) vor, der es erm\u00f6glicht, das Produkt in den Momenten des Stillstands dynamisch zu akkumulieren und es freizugeben, wenn der Betrieb der Anlage wieder aufgenommen wird.<\/p>\n<p>Es wurden mehrere Simulationen des Produktionslinienbetriebs durchgef\u00fchrt, um zu bestimmen, in welchem Bereich der Linie sich der DFR befinden sollte und was die erforderliche Akkumulationszeit ist. Es wurde festgestellt, dass eine 6-min\u00fctige Pufferkapazit\u00e4t erforderlich war, weshalb das DFR-MC-Modell gew\u00e4hlt wurde.<\/p>\n<p>Es wird erwartet, dass das DFR einen wesentlichen Teil der Auswirkungen von Linienstopps auffangen wird, wodurch seine Effizienz und die letztendlich erreichte Produktion gesteigert wird.<\/p>\n<h3>Erzielte verbesserungen<\/h3>\n<ul>\n<li>Erh\u00f6hung der Effizienz der Produktionslinie um 18%.<\/li>\n<li>Produktionssteigerung um 11 Millionen Einheiten pro Jahr.<\/li>\n<li>Investitionen in Kapazit\u00e4tserweiterungen werden vermieden.<\/li>\n<\/ul>\n<h3>Sch\u00fcsselpunkte<\/h3>\n<p>EFFIZIENZSTEIGERUNG &#8211; ROI &#8211; KAPAZIT\u00c4TSSTEIGERUNG &#8211; PLATZBESCHR\u00c4NKUNGEN<\/p>\n<p>* HINWEIS: Aus Gr\u00fcnden der Vertraulichkeit werden bestimmte Details des Projekts weggelassen<\/p>\n<\/div><\/div><\/div><\/div><\/div><div class=\"vc_col-sm-3 wpb_column vc_column_container\"><div class=\"vc_column-inner\"><div class=\"wpb_wrapper\"><\/div><\/div><\/div><\/div><\/div><\/div><\/div><\/div><\/div><\/section><section class=\"l-section wpb_row height_medium color_alternate\"><div class=\"l-section-h i-cf\"><div class=\"g-cols vc_row via_flex valign_top type_default stacking_default\"><div class=\"vc_col-sm-12 wpb_column vc_column_container\"><div class=\"vc_column-inner\"><div class=\"wpb_wrapper\"><div class=\"wpb_text_column\"><div class=\"wpb_wrapper\"><h3>Verwendete Produkte<\/h3>\n<\/div><\/div><div class=\"w-separator size_medium\"><\/div><div class=\"w-grid type_grid layout_7608 cols_4 valign_center preload_style_spinner\" id=\"us_grid_1\" style=\"--columns:4;--gap:1.2rem;\"><style>@media (max-width:1024px){#us_grid_1{--columns:2!important}}@media (max-width:600px){#us_grid_1{--columns:1!important}}.layout_7608 .w-grid-item-h{}.layout_7608 .usg_post_image_1{transition-duration:0.3s;transform-origin:50% 50%;transform:scale(1) translate(0%,0%)}.layout_7608 .w-grid-item-h:focus-within .usg_post_image_1,.layout_7608 .w-grid-item-h:hover .usg_post_image_1{transform:scale(0.95) translate(0%,0%);opacity:0.6}.layout_7608 .usg_post_image_1{margin-bottom:0.5rem!important}.layout_7608 .usg_post_title_1{min-height:5rem!important}<\/style><div class=\"w-grid-list\">\t<article class=\"w-grid-item size_1x1 post-14237 us_portfolio type-us_portfolio status-publish has-post-thumbnail hentry us_portfolio_category-akkumulieren us_portfolio_category-dynamischer-durchflussregler us_portfolio_category-regelmasig\" data-id=\"14237\">\r\n\t\t<div class=\"w-grid-item-h\">\r\n\t\t\t\t\t\t\t<a href=\"https:\/\/inprosy.com\/de\/dynamische-durchflussregler\/\" class=\"w-grid-item-anchor\" aria-label=\"Dynamische Durchflussregler\"><\/a>\r\n\t\t\t\t\t\t<div class=\"w-post-elm post_image usg_post_image_1\"><img loading=\"lazy\" decoding=\"async\" width=\"720\" height=\"720\" src=\"https:\/\/inprosy.com\/wp-content\/uploads\/2020\/05\/DFR-HC-n.png\" class=\"attachment- size- wp-post-image\" alt=\"Regulador Din\u00e1mico Flujo Alta Capacidad - Inprosy\" srcset=\"https:\/\/inprosy.com\/wp-content\/uploads\/2020\/05\/DFR-HC-n.png 720w, https:\/\/inprosy.com\/wp-content\/uploads\/2020\/05\/DFR-HC-n-300x300.png 300w, https:\/\/inprosy.com\/wp-content\/uploads\/2020\/05\/DFR-HC-n-150x150.png 150w, https:\/\/inprosy.com\/wp-content\/uploads\/2020\/05\/DFR-HC-n-61x61.png 61w\" sizes=\"auto, (max-width: 720px) 100vw, 720px\" \/><\/div><div class=\"w-vwrapper usg_vwrapper_1 align_center valign_top\" style=\"--vwrapper-gap:\"><h6 class=\"w-post-elm post_title usg_post_title_1 align_center entry-title color_link_inherit\">Dynamische Durchflussregler<\/h6><\/div>\t\t<\/div>\r\n\t\t\t<\/article>\r\n<\/div><div class=\"w-grid-preloader\">\t<div class=\"g-preloader type_1\">\r\n\t\t<div><\/div>\r\n\t<\/div>\r\n\t<\/div>\t<div class=\"w-grid-json hidden\" onclick='return {&quot;action&quot;:&quot;us_ajax_grid&quot;,&quot;infinite_scroll&quot;:0,&quot;max_num_pages&quot;:1,&quot;pagination&quot;:&quot;none&quot;,&quot;template_vars&quot;:{&quot;columns&quot;:&quot;4&quot;,&quot;exclude_items&quot;:&quot;none&quot;,&quot;img_size&quot;:&quot;default&quot;,&quot;ignore_items_size&quot;:0,&quot;items_layout&quot;:&quot;7608&quot;,&quot;items_offset&quot;:&quot;1&quot;,&quot;load_animation&quot;:&quot;none&quot;,&quot;overriding_link&quot;:&quot;%7B%22type%22%3A%22post%22%7D&quot;,&quot;post_id&quot;:0,&quot;query_args&quot;:{&quot;ignore_sticky_posts&quot;:1,&quot;post_type&quot;:&quot;any&quot;,&quot;post__in&quot;:[&quot;14225&quot;],&quot;posts_per_page&quot;:999},&quot;orderby_query_args&quot;:{&quot;orderby&quot;:{&quot;menu_order&quot;:&quot;ASC&quot;},&quot;order&quot;:&quot;ASC&quot;},&quot;type&quot;:&quot;grid&quot;,&quot;us_grid_post_type&quot;:&quot;ids&quot;,&quot;us_grid_ajax_index&quot;:1,&quot;us_grid_filter_query_string&quot;:null,&quot;us_grid_index&quot;:1,&quot;page_args&quot;:[],&quot;lang&quot;:&quot;de&quot;}}'><\/div>\r\n\t<\/div><\/div><\/div><\/div><\/div><\/div><\/section>\n","protected":false},"excerpt":{"rendered":"StartSeitenDynamische Durchflussregler schachteln packs bricks doypacks flowpacks beh\u00e4lter dosen tablett beutel flaschen mecanische Komponenten elektronische Komponenten Produktblatt herunterladenDer Dynamische Durchflussregler (DFR) wurde entwickelt, um die Produktionsraten zwischen aufeinanderfolgenden Stationen derselben Produktionslinie auszugleichen und die Ineffizienzen zu absorbieren, die durch geplante oder ungeplante Linienstopps verursacht werden. Die DFR akkumuliert automatisch das Produkt, wenn ein Linienstopp eintritt,...","protected":false},"author":1,"featured_media":0,"parent":13110,"menu_order":24,"comment_status":"closed","ping_status":"closed","template":"","meta":{"_acf_changed":false,"footnotes":""},"class_list":["post-13173","page","type-page","status-publish","hentry"],"acf":[],"yoast_head":"<!-- This site is optimized with the Yoast SEO plugin v27.4 - https:\/\/yoast.com\/product\/yoast-seo-wordpress\/ -->\n<title>Optimierung der Flowpacks-Produktionslinie von Plastikdosen &#8211; Inprosy<\/title>\n<meta name=\"description\" content=\"Projekt zur Optimierung der Effizienz einer Produktionslinie von Plastikdosen mithilfe eines dynamischen Durchflussreglers.\" \/>\n<meta name=\"robots\" content=\"index, follow, max-snippet:-1, max-image-preview:large, max-video-preview:-1\" \/>\n<link rel=\"canonical\" href=\"https:\/\/inprosy.com\/de\/projekte\/plastikglaeser-projekt\/\" \/>\n<meta property=\"og:locale\" content=\"de_DE\" \/>\n<meta property=\"og:type\" content=\"article\" \/>\n<meta property=\"og:title\" content=\"Optimierung der Flowpacks-Produktionslinie von Plastikdosen &#8211; Inprosy\" \/>\n<meta property=\"og:description\" content=\"Projekt zur Optimierung der Effizienz einer Produktionslinie von Plastikdosen mithilfe eines dynamischen Durchflussreglers.\" \/>\n<meta property=\"og:url\" content=\"https:\/\/inprosy.com\/de\/projekte\/plastikglaeser-projekt\/\" \/>\n<meta property=\"og:site_name\" content=\"Inprosy\" \/>\n<meta property=\"article:modified_time\" content=\"2021-02-04T10:16:34+00:00\" \/>\n<meta property=\"og:image\" content=\"https:\/\/inprosy.com\/wp-content\/uploads\/2017\/07\/logo-header.jpg\" \/>\n\t<meta property=\"og:image:width\" content=\"800\" \/>\n\t<meta property=\"og:image:height\" content=\"156\" \/>\n\t<meta property=\"og:image:type\" content=\"image\/jpeg\" \/>\n<meta name=\"twitter:label1\" content=\"Gesch\u00e4tzte Lesezeit\" \/>\n\t<meta name=\"twitter:data1\" content=\"2\u00a0Minuten\" \/>\n<script type=\"application\/ld+json\" class=\"yoast-schema-graph\">{\"@context\":\"https:\\\/\\\/schema.org\",\"@graph\":[{\"@type\":\"WebPage\",\"@id\":\"https:\\\/\\\/inprosy.com\\\/de\\\/projekte\\\/plastikglaeser-projekt\\\/\",\"url\":\"https:\\\/\\\/inprosy.com\\\/de\\\/projekte\\\/plastikglaeser-projekt\\\/\",\"name\":\"Optimierung der Flowpacks-Produktionslinie von Plastikdosen &#8211; Inprosy\",\"isPartOf\":{\"@id\":\"https:\\\/\\\/inprosy.com\\\/de\\\/#website\"},\"datePublished\":\"2020-08-07T07:06:55+00:00\",\"dateModified\":\"2021-02-04T10:16:34+00:00\",\"description\":\"Projekt zur Optimierung der Effizienz einer Produktionslinie von Plastikdosen mithilfe eines dynamischen Durchflussreglers.\",\"breadcrumb\":{\"@id\":\"https:\\\/\\\/inprosy.com\\\/de\\\/projekte\\\/plastikglaeser-projekt\\\/#breadcrumb\"},\"inLanguage\":\"de\",\"potentialAction\":[{\"@type\":\"ReadAction\",\"target\":[\"https:\\\/\\\/inprosy.com\\\/de\\\/projekte\\\/plastikglaeser-projekt\\\/\"]}]},{\"@type\":\"BreadcrumbList\",\"@id\":\"https:\\\/\\\/inprosy.com\\\/de\\\/projekte\\\/plastikglaeser-projekt\\\/#breadcrumb\",\"itemListElement\":[{\"@type\":\"ListItem\",\"position\":1,\"name\":\"Portada\",\"item\":\"https:\\\/\\\/inprosy.com\\\/de\\\/\"},{\"@type\":\"ListItem\",\"position\":2,\"name\":\"Projekte\",\"item\":\"https:\\\/\\\/inprosy.com\\\/de\\\/projekte\\\/\"},{\"@type\":\"ListItem\",\"position\":3,\"name\":\"Plastikgl\u00e4ser Projekt\"}]},{\"@type\":\"WebSite\",\"@id\":\"https:\\\/\\\/inprosy.com\\\/de\\\/#website\",\"url\":\"https:\\\/\\\/inprosy.com\\\/de\\\/\",\"name\":\"Inprosy\",\"description\":\"Soluciones para la gesti\u00f3n de flujos de producci\u00f3n\",\"publisher\":{\"@id\":\"https:\\\/\\\/inprosy.com\\\/de\\\/#organization\"},\"potentialAction\":[{\"@type\":\"SearchAction\",\"target\":{\"@type\":\"EntryPoint\",\"urlTemplate\":\"https:\\\/\\\/inprosy.com\\\/de\\\/?s={search_term_string}\"},\"query-input\":{\"@type\":\"PropertyValueSpecification\",\"valueRequired\":true,\"valueName\":\"search_term_string\"}}],\"inLanguage\":\"de\"},{\"@type\":\"Organization\",\"@id\":\"https:\\\/\\\/inprosy.com\\\/de\\\/#organization\",\"name\":\"Innovate Production Systems, S.L.\",\"alternateName\":\"Inprosy\",\"url\":\"https:\\\/\\\/inprosy.com\\\/de\\\/\",\"logo\":{\"@type\":\"ImageObject\",\"inLanguage\":\"de\",\"@id\":\"https:\\\/\\\/inprosy.com\\\/de\\\/#\\\/schema\\\/logo\\\/image\\\/\",\"url\":\"https:\\\/\\\/inprosy.com\\\/wp-content\\\/uploads\\\/2017\\\/07\\\/logo-header.jpg\",\"contentUrl\":\"https:\\\/\\\/inprosy.com\\\/wp-content\\\/uploads\\\/2017\\\/07\\\/logo-header.jpg\",\"width\":800,\"height\":156,\"caption\":\"Innovate Production Systems, S.L.\"},\"image\":{\"@id\":\"https:\\\/\\\/inprosy.com\\\/de\\\/#\\\/schema\\\/logo\\\/image\\\/\"},\"sameAs\":[\"https:\\\/\\\/www.linkedin.com\\\/company\\\/inprosys\\\/\",\"https:\\\/\\\/www.youtube.com\\\/channel\\\/UCuSsS6ets4VjRxVpkMgS2Mw\"]}]}<\/script>\n<!-- \/ Yoast SEO plugin. -->","yoast_head_json":{"title":"Optimierung der Flowpacks-Produktionslinie von Plastikdosen &#8211; Inprosy","description":"Projekt zur Optimierung der Effizienz einer Produktionslinie von Plastikdosen mithilfe eines dynamischen Durchflussreglers.","robots":{"index":"index","follow":"follow","max-snippet":"max-snippet:-1","max-image-preview":"max-image-preview:large","max-video-preview":"max-video-preview:-1"},"canonical":"https:\/\/inprosy.com\/de\/projekte\/plastikglaeser-projekt\/","og_locale":"de_DE","og_type":"article","og_title":"Optimierung der Flowpacks-Produktionslinie von Plastikdosen &#8211; Inprosy","og_description":"Projekt zur Optimierung der Effizienz einer Produktionslinie von Plastikdosen mithilfe eines dynamischen Durchflussreglers.","og_url":"https:\/\/inprosy.com\/de\/projekte\/plastikglaeser-projekt\/","og_site_name":"Inprosy","article_modified_time":"2021-02-04T10:16:34+00:00","og_image":[{"width":800,"height":156,"url":"https:\/\/inprosy.com\/wp-content\/uploads\/2017\/07\/logo-header.jpg","type":"image\/jpeg"}],"twitter_misc":{"Gesch\u00e4tzte Lesezeit":"2\u00a0Minuten"},"schema":{"@context":"https:\/\/schema.org","@graph":[{"@type":"WebPage","@id":"https:\/\/inprosy.com\/de\/projekte\/plastikglaeser-projekt\/","url":"https:\/\/inprosy.com\/de\/projekte\/plastikglaeser-projekt\/","name":"Optimierung der Flowpacks-Produktionslinie von Plastikdosen &#8211; Inprosy","isPartOf":{"@id":"https:\/\/inprosy.com\/de\/#website"},"datePublished":"2020-08-07T07:06:55+00:00","dateModified":"2021-02-04T10:16:34+00:00","description":"Projekt zur Optimierung der Effizienz einer Produktionslinie von Plastikdosen mithilfe eines dynamischen Durchflussreglers.","breadcrumb":{"@id":"https:\/\/inprosy.com\/de\/projekte\/plastikglaeser-projekt\/#breadcrumb"},"inLanguage":"de","potentialAction":[{"@type":"ReadAction","target":["https:\/\/inprosy.com\/de\/projekte\/plastikglaeser-projekt\/"]}]},{"@type":"BreadcrumbList","@id":"https:\/\/inprosy.com\/de\/projekte\/plastikglaeser-projekt\/#breadcrumb","itemListElement":[{"@type":"ListItem","position":1,"name":"Portada","item":"https:\/\/inprosy.com\/de\/"},{"@type":"ListItem","position":2,"name":"Projekte","item":"https:\/\/inprosy.com\/de\/projekte\/"},{"@type":"ListItem","position":3,"name":"Plastikgl\u00e4ser Projekt"}]},{"@type":"WebSite","@id":"https:\/\/inprosy.com\/de\/#website","url":"https:\/\/inprosy.com\/de\/","name":"Inprosy","description":"Soluciones para la gesti\u00f3n de flujos de producci\u00f3n","publisher":{"@id":"https:\/\/inprosy.com\/de\/#organization"},"potentialAction":[{"@type":"SearchAction","target":{"@type":"EntryPoint","urlTemplate":"https:\/\/inprosy.com\/de\/?s={search_term_string}"},"query-input":{"@type":"PropertyValueSpecification","valueRequired":true,"valueName":"search_term_string"}}],"inLanguage":"de"},{"@type":"Organization","@id":"https:\/\/inprosy.com\/de\/#organization","name":"Innovate Production Systems, S.L.","alternateName":"Inprosy","url":"https:\/\/inprosy.com\/de\/","logo":{"@type":"ImageObject","inLanguage":"de","@id":"https:\/\/inprosy.com\/de\/#\/schema\/logo\/image\/","url":"https:\/\/inprosy.com\/wp-content\/uploads\/2017\/07\/logo-header.jpg","contentUrl":"https:\/\/inprosy.com\/wp-content\/uploads\/2017\/07\/logo-header.jpg","width":800,"height":156,"caption":"Innovate Production Systems, S.L."},"image":{"@id":"https:\/\/inprosy.com\/de\/#\/schema\/logo\/image\/"},"sameAs":["https:\/\/www.linkedin.com\/company\/inprosys\/","https:\/\/www.youtube.com\/channel\/UCuSsS6ets4VjRxVpkMgS2Mw"]}]}},"_links":{"self":[{"href":"https:\/\/inprosy.com\/de\/wp-json\/wp\/v2\/pages\/13173","targetHints":{"allow":["GET"]}}],"collection":[{"href":"https:\/\/inprosy.com\/de\/wp-json\/wp\/v2\/pages"}],"about":[{"href":"https:\/\/inprosy.com\/de\/wp-json\/wp\/v2\/types\/page"}],"author":[{"embeddable":true,"href":"https:\/\/inprosy.com\/de\/wp-json\/wp\/v2\/users\/1"}],"replies":[{"embeddable":true,"href":"https:\/\/inprosy.com\/de\/wp-json\/wp\/v2\/comments?post=13173"}],"version-history":[{"count":0,"href":"https:\/\/inprosy.com\/de\/wp-json\/wp\/v2\/pages\/13173\/revisions"}],"up":[{"embeddable":true,"href":"https:\/\/inprosy.com\/de\/wp-json\/wp\/v2\/pages\/13110"}],"wp:attachment":[{"href":"https:\/\/inprosy.com\/de\/wp-json\/wp\/v2\/media?parent=13173"}],"curies":[{"name":"wp","href":"https:\/\/api.w.org\/{rel}","templated":true}]}}