{"id":13185,"date":"2020-08-07T09:16:28","date_gmt":"2020-08-07T07:16:28","guid":{"rendered":"https:\/\/inprosy.com\/projekte\/taschen-projekt\/"},"modified":"2021-01-27T10:59:31","modified_gmt":"2021-01-27T09:59:31","slug":"taschen-projekt","status":"publish","type":"page","link":"https:\/\/inprosy.com\/de\/projekte\/taschen-projekt\/","title":{"rendered":"Taschen Projekt"},"content":{"rendered":"<section class=\"l-section wpb_row height_medium color_primary\"><div class=\"l-section-h i-cf\"><div class=\"g-cols vc_row via_flex valign_middle type_default stacking_default\"><div class=\"vc_col-sm-10 wpb_column vc_column_container\"><div class=\"vc_column-inner\"><div class=\"wpb_wrapper\"><h1 class=\"w-post-elm post_title entry-title color_link_inherit\">Taschen Projekt<\/h1><\/div><\/div><\/div><div class=\"vc_col-sm-2 wpb_column vc_column_container\"><div class=\"vc_column-inner\"><div class=\"wpb_wrapper\"><div class=\"w-iconbox iconpos_top style_default color_primary align_center no_text no_title icontype_img\"><div class=\"w-iconbox-icon\" style=\"font-size:70px;\"><img loading=\"lazy\" decoding=\"async\" width=\"70\" height=\"61\" src=\"https:\/\/inprosy.com\/wp-content\/uploads\/2020\/06\/picto-bolsitas-b-e1596698437997.png\" class=\"attachment-full size-full\" alt=\"\" \/><\/div><div class=\"w-iconbox-meta\"><\/div><\/div><\/div><\/div><\/div><\/div><\/div><\/section><section class=\"l-section wpb_row height_medium\"><div class=\"l-section-h i-cf\"><div class=\"g-cols vc_row via_flex valign_top type_default stacking_default\"><div class=\"vc_col-sm-12 wpb_column vc_column_container\"><div class=\"vc_column-inner\"><div class=\"wpb_wrapper\"><div class=\"g-cols wpb_row via_flex valign_top type_default stacking_default\"><div class=\"vc_col-sm-9 wpb_column vc_column_container\"><div class=\"vc_column-inner\"><div class=\"wpb_wrapper\"><div class=\"wpb_text_column\"><div class=\"wpb_wrapper\"><h3>Produkt<\/h3>\n<p>Taschen von 200 x 150 mm.<\/p>\n<h3>Bestehender bedarf<\/h3>\n<p>Der Kunde hat eine neue Produktionslinie installiert, die isoliert vom Rest der Fabrik arbeitet. In dieser Linie produziert sie ein spezialisiertes Produkt, das nur 30% der verf\u00fcgbaren Kapazit\u00e4t belegt.<\/p>\n<p>Gleichzeitig sind andere Produktionslinien voll ausgelastet und decken die potenzielle Nachfrage nicht vollst\u00e4ndig ab. Diese Linien enden in einem &#8222;Bag in Bag&#8220;-System, bei dem die Taschen in andere, gr\u00f6\u00dfere Taschen verpackt werden.<\/p>\n<p>Um die verf\u00fcgbare Kapazit\u00e4t der neu installierten Linie f\u00fcr die Unterst\u00fctzung der mit voller Kapazit\u00e4t arbeitenden Linien nutzen zu k\u00f6nnen, w\u00e4re es notwendig, die Linie an das &#8222;Bag-in-Bag&#8220;-System anzuschlie\u00dfen. In diesem Fall w\u00e4re es entscheidend, die Produktionsraten der verschiedenen Linien mit der vom Verpackungssystem geforderten Rate in Einklang zu bringen.<\/p>\n<p>Der Grundriss des Stockwerks ist komplex, es steht nur wenig Platz zur Verf\u00fcgung, und Elemente der Geb\u00e4udestruktur erschweren den Durchgang. Das &#8222;Bag in Bag&#8220;-Verpackungssystem befindet sich zudem in der H\u00f6he.<\/p>\n<h3>L\u00f6sungsvorschlag<\/h3>\n<p>Wir schlagen ein System vor, das aus zwei dynamischen Durchflussreglern, Modell DFR-R, sowie aus SPI-1T-Spiralen besteht, um das Heben und Senken der Produkte zu erreichen. In dieser Konfiguration besteht die Hauptfunktion der DFR-R-Regulatoren nicht in der Akkumulation, sondern darin, die Ankunftsrate der Produkte und die Rate ihrer Freisetzung in das Bag-in-Bag-System auszugleichen. Diese Ausgewogenheit ist entscheidend f\u00fcr die Maximierung der Rate des Verpackungssystems.<\/p>\n<p>Angesichts der physikalischen Komplexit\u00e4t des verf\u00fcgbaren Raums wird in einem ersten Schritt eine 3D-Punktkarte erstellt. Auf der Grundlage der genauen Berechnung der Dimensionen, die diese Punktekarte liefert, wird die endg\u00fcltige L\u00f6sung entwickelt und angepasst.<\/p>\n<h3>Erzielte verbesserungen<\/h3>\n<ul>\n<li>Erzielen eines Linienausgleichs, der die Verbindung zwischen der neuen Linie und dem allen gemeinsamen Verpackungssystem erm\u00f6glicht. Dadurch kann die neue Linie mit einer Auslastungssituation arbeiten, die nahezu einer Vollauslastung entspricht.<\/li>\n<li>Ausf\u00fchrung des Projekts, obwohl der Raum knapp, fragmentiert und durch eine F\u00fclle von Strukturelementen bedingt ist.<\/li>\n<\/ul>\n<h3>Sch\u00fcsselpunkte<\/h3>\n<p>ERH\u00d6HUNG DER KAPAZIT\u00c4T &#8211; PLATZBESCHR\u00c4NKUNGEN &#8211; KOMBINATION VON LINIEN &#8211; KUNDENSPEZIFISCHE L\u00d6SUNG<\/p>\n<p>* HINWEIS: Aus Gr\u00fcnden der Vertraulichkeit werden bestimmte Details des Projekts weggelassen<\/p>\n<\/div><\/div><\/div><\/div><\/div><div class=\"vc_col-sm-3 wpb_column vc_column_container\"><div class=\"vc_column-inner\"><div class=\"wpb_wrapper\"><\/div><\/div><\/div><\/div><\/div><\/div><\/div><\/div><\/div><\/section><section class=\"l-section wpb_row height_medium color_alternate\"><div class=\"l-section-h i-cf\"><div class=\"g-cols vc_row via_flex valign_top type_default stacking_default\"><div class=\"vc_col-sm-12 wpb_column vc_column_container\"><div class=\"vc_column-inner\"><div class=\"wpb_wrapper\"><div class=\"wpb_text_column\"><div class=\"wpb_wrapper\"><h3>Verwendete Produkte<\/h3>\n<\/div><\/div><div class=\"w-separator size_medium\"><\/div><div class=\"w-grid type_grid layout_7608 cols_4 valign_center preload_style_spinner\" id=\"us_grid_1\" style=\"--columns:4;--gap:1.2rem;\"><style>@media (max-width:1024px){#us_grid_1{--columns:2!important}}@media (max-width:600px){#us_grid_1{--columns:1!important}}.layout_7608 .w-grid-item-h{}.layout_7608 .usg_post_image_1{transition-duration:0.3s;transform-origin:50% 50%;transform:scale(1) translate(0%,0%)}.layout_7608 .w-grid-item-h:focus-within .usg_post_image_1,.layout_7608 .w-grid-item-h:hover .usg_post_image_1{transform:scale(0.95) translate(0%,0%);opacity:0.6}.layout_7608 .usg_post_image_1{margin-bottom:0.5rem!important}.layout_7608 .usg_post_title_1{min-height:5rem!important}<\/style><div class=\"w-grid-list\">\t<article class=\"w-grid-item size_1x1 post-13269 us_portfolio type-us_portfolio status-publish has-post-thumbnail hentry us_portfolio_category-akkumulieren us_portfolio_category-dynamischer-durchflussregler us_portfolio_category-regelmasig\" data-id=\"13269\">\r\n\t\t<div class=\"w-grid-item-h\">\r\n\t\t\t\t\t\t\t<a href=\"https:\/\/inprosy.com\/de\/dynamischer-luftstromregler\/\" class=\"w-grid-item-anchor\" aria-label=\"Dynamischer Regler f\u00fcr Montage in der h\u00f6he\"><\/a>\r\n\t\t\t\t\t\t<div class=\"w-post-elm post_image usg_post_image_1\"><img loading=\"lazy\" decoding=\"async\" width=\"720\" height=\"720\" src=\"https:\/\/inprosy.com\/wp-content\/uploads\/2020\/05\/DFR-R-1-e1595865608753.png\" class=\"attachment- size- wp-post-image\" alt=\"Regulador Din\u00e1mico de Flujo A\u00e9reo - Inprosy\" \/><\/div><div class=\"w-vwrapper usg_vwrapper_1 align_center valign_top\" style=\"--vwrapper-gap:\"><h6 class=\"w-post-elm post_title usg_post_title_1 align_center entry-title color_link_inherit\">Dynamischer Regler f\u00fcr Montage in der h\u00f6he<\/h6><\/div>\t\t<\/div>\r\n\t\t\t<\/article>\r\n\t<article class=\"w-grid-item size_1x1 post-13272 us_portfolio type-us_portfolio status-publish has-post-thumbnail hentry us_portfolio_category-anheben-absenken us_portfolio_category-spiralen us_portfolio_category-zugang\" data-id=\"13272\">\r\n\t\t<div class=\"w-grid-item-h\">\r\n\t\t\t\t\t\t\t<a href=\"https:\/\/inprosy.com\/de\/hebe-oder-senkspiralen\/\" class=\"w-grid-item-anchor\" aria-label=\"Hebe- oder Senkspiralen\"><\/a>\r\n\t\t\t\t\t\t<div class=\"w-post-elm post_image usg_post_image_1\"><img loading=\"lazy\" decoding=\"async\" width=\"720\" height=\"720\" src=\"https:\/\/inprosy.com\/wp-content\/uploads\/2020\/05\/SPI-1-e1595865553610.png\" class=\"attachment- size- wp-post-image\" alt=\"Espirales de elevaci\u00f3n o descenso - Inprosy\" \/><\/div><div class=\"w-vwrapper usg_vwrapper_1 align_center valign_top\" style=\"--vwrapper-gap:\"><h6 class=\"w-post-elm post_title usg_post_title_1 align_center entry-title color_link_inherit\">Hebe- oder Senkspiralen<\/h6><\/div>\t\t<\/div>\r\n\t\t\t<\/article>\r\n<\/div><div class=\"w-grid-preloader\">\t<div class=\"g-preloader type_1\">\r\n\t\t<div><\/div>\r\n\t<\/div>\r\n\t<\/div>\t<div class=\"w-grid-json hidden\" onclick='return {&quot;action&quot;:&quot;us_ajax_grid&quot;,&quot;infinite_scroll&quot;:0,&quot;max_num_pages&quot;:1,&quot;pagination&quot;:&quot;none&quot;,&quot;template_vars&quot;:{&quot;columns&quot;:&quot;4&quot;,&quot;exclude_items&quot;:&quot;none&quot;,&quot;img_size&quot;:&quot;default&quot;,&quot;ignore_items_size&quot;:0,&quot;items_layout&quot;:&quot;7608&quot;,&quot;items_offset&quot;:&quot;1&quot;,&quot;load_animation&quot;:&quot;none&quot;,&quot;overriding_link&quot;:&quot;%7B%22type%22%3A%22post%22%7D&quot;,&quot;post_id&quot;:0,&quot;query_args&quot;:{&quot;ignore_sticky_posts&quot;:1,&quot;post_type&quot;:&quot;any&quot;,&quot;post__in&quot;:[&quot;8121&quot;,&quot;7999&quot;],&quot;posts_per_page&quot;:999},&quot;orderby_query_args&quot;:{&quot;orderby&quot;:{&quot;menu_order&quot;:&quot;ASC&quot;},&quot;order&quot;:&quot;ASC&quot;},&quot;type&quot;:&quot;grid&quot;,&quot;us_grid_post_type&quot;:&quot;ids&quot;,&quot;us_grid_ajax_index&quot;:1,&quot;us_grid_filter_query_string&quot;:null,&quot;us_grid_index&quot;:1,&quot;page_args&quot;:[],&quot;lang&quot;:&quot;de&quot;}}'><\/div>\r\n\t<\/div><\/div><\/div><\/div><\/div><\/div><\/section>\n","protected":false},"excerpt":{"rendered":"StartSeitenHebe- oder Senkspiralen schachteln packs bricks doypacks flowpacks beh\u00e4lter dosen tablett beutel flaschen mecanische Komponenten elektronische Komponenten Produktblatt herunterladenHebe- oder Senkspiralen (SPI) sind Vorrichtungen zum Transport von Produkten zwischen zwei Punkten auf unterschiedlichen H\u00f6hen. Der Transport mittels einer Spirale kann entweder in Aufw\u00e4rts- oder Abw\u00e4rtsrichtung oder in beiden Richtungen gleichzeitig erfolgen. Die Spiralen sind aufgrund...","protected":false},"author":1,"featured_media":0,"parent":13110,"menu_order":27,"comment_status":"closed","ping_status":"closed","template":"","meta":{"_acf_changed":false,"footnotes":""},"class_list":["post-13185","page","type-page","status-publish","hentry"],"acf":[],"yoast_head":"<!-- This site is optimized with the Yoast SEO plugin v27.3 - https:\/\/yoast.com\/product\/yoast-seo-wordpress\/ -->\n<title>Optimierung der Produktionslinie von T\u00fcten &#8211; Inprosy<\/title>\n<meta name=\"description\" content=\"Optimierung der Produktionslinie von T\u00fcten mithilfe eines dynamischen Luftstrom- und Spiralreglers.\" \/>\n<meta name=\"robots\" content=\"index, follow, max-snippet:-1, max-image-preview:large, max-video-preview:-1\" \/>\n<link rel=\"canonical\" href=\"https:\/\/inprosy.com\/de\/projekte\/taschen-projekt\/\" \/>\n<meta property=\"og:locale\" content=\"de_DE\" \/>\n<meta property=\"og:type\" content=\"article\" \/>\n<meta property=\"og:title\" content=\"Optimierung der Produktionslinie von T\u00fcten &#8211; Inprosy\" \/>\n<meta property=\"og:description\" content=\"Optimierung der Produktionslinie von T\u00fcten mithilfe eines dynamischen Luftstrom- und Spiralreglers.\" \/>\n<meta property=\"og:url\" content=\"https:\/\/inprosy.com\/de\/projekte\/taschen-projekt\/\" \/>\n<meta property=\"og:site_name\" content=\"Inprosy\" \/>\n<meta property=\"article:modified_time\" content=\"2021-01-27T09:59:31+00:00\" \/>\n<meta property=\"og:image\" content=\"https:\/\/inprosy.com\/wp-content\/uploads\/2017\/07\/logo-header.jpg\" \/>\n\t<meta property=\"og:image:width\" content=\"800\" \/>\n\t<meta property=\"og:image:height\" content=\"156\" \/>\n\t<meta property=\"og:image:type\" content=\"image\/jpeg\" \/>\n<meta name=\"twitter:label1\" content=\"Gesch\u00e4tzte Lesezeit\" \/>\n\t<meta name=\"twitter:data1\" content=\"2\u00a0Minuten\" \/>\n<script type=\"application\/ld+json\" class=\"yoast-schema-graph\">{\"@context\":\"https:\\\/\\\/schema.org\",\"@graph\":[{\"@type\":\"WebPage\",\"@id\":\"https:\\\/\\\/inprosy.com\\\/de\\\/projekte\\\/taschen-projekt\\\/\",\"url\":\"https:\\\/\\\/inprosy.com\\\/de\\\/projekte\\\/taschen-projekt\\\/\",\"name\":\"Optimierung der Produktionslinie von T\u00fcten &#8211; Inprosy\",\"isPartOf\":{\"@id\":\"https:\\\/\\\/inprosy.com\\\/de\\\/#website\"},\"datePublished\":\"2020-08-07T07:16:28+00:00\",\"dateModified\":\"2021-01-27T09:59:31+00:00\",\"description\":\"Optimierung der Produktionslinie von T\u00fcten mithilfe eines dynamischen Luftstrom- und Spiralreglers.\",\"breadcrumb\":{\"@id\":\"https:\\\/\\\/inprosy.com\\\/de\\\/projekte\\\/taschen-projekt\\\/#breadcrumb\"},\"inLanguage\":\"de\",\"potentialAction\":[{\"@type\":\"ReadAction\",\"target\":[\"https:\\\/\\\/inprosy.com\\\/de\\\/projekte\\\/taschen-projekt\\\/\"]}]},{\"@type\":\"BreadcrumbList\",\"@id\":\"https:\\\/\\\/inprosy.com\\\/de\\\/projekte\\\/taschen-projekt\\\/#breadcrumb\",\"itemListElement\":[{\"@type\":\"ListItem\",\"position\":1,\"name\":\"Portada\",\"item\":\"https:\\\/\\\/inprosy.com\\\/de\\\/\"},{\"@type\":\"ListItem\",\"position\":2,\"name\":\"Projekte\",\"item\":\"https:\\\/\\\/inprosy.com\\\/de\\\/projekte\\\/\"},{\"@type\":\"ListItem\",\"position\":3,\"name\":\"Taschen Projekt\"}]},{\"@type\":\"WebSite\",\"@id\":\"https:\\\/\\\/inprosy.com\\\/de\\\/#website\",\"url\":\"https:\\\/\\\/inprosy.com\\\/de\\\/\",\"name\":\"Inprosy\",\"description\":\"Soluciones para la gesti\u00f3n de flujos de producci\u00f3n\",\"publisher\":{\"@id\":\"https:\\\/\\\/inprosy.com\\\/de\\\/#organization\"},\"potentialAction\":[{\"@type\":\"SearchAction\",\"target\":{\"@type\":\"EntryPoint\",\"urlTemplate\":\"https:\\\/\\\/inprosy.com\\\/de\\\/?s={search_term_string}\"},\"query-input\":{\"@type\":\"PropertyValueSpecification\",\"valueRequired\":true,\"valueName\":\"search_term_string\"}}],\"inLanguage\":\"de\"},{\"@type\":\"Organization\",\"@id\":\"https:\\\/\\\/inprosy.com\\\/de\\\/#organization\",\"name\":\"Innovate Production Systems, S.L.\",\"alternateName\":\"Inprosy\",\"url\":\"https:\\\/\\\/inprosy.com\\\/de\\\/\",\"logo\":{\"@type\":\"ImageObject\",\"inLanguage\":\"de\",\"@id\":\"https:\\\/\\\/inprosy.com\\\/de\\\/#\\\/schema\\\/logo\\\/image\\\/\",\"url\":\"https:\\\/\\\/inprosy.com\\\/wp-content\\\/uploads\\\/2017\\\/07\\\/logo-header.jpg\",\"contentUrl\":\"https:\\\/\\\/inprosy.com\\\/wp-content\\\/uploads\\\/2017\\\/07\\\/logo-header.jpg\",\"width\":800,\"height\":156,\"caption\":\"Innovate Production Systems, S.L.\"},\"image\":{\"@id\":\"https:\\\/\\\/inprosy.com\\\/de\\\/#\\\/schema\\\/logo\\\/image\\\/\"},\"sameAs\":[\"https:\\\/\\\/www.linkedin.com\\\/company\\\/inprosys\\\/\",\"https:\\\/\\\/www.youtube.com\\\/channel\\\/UCuSsS6ets4VjRxVpkMgS2Mw\"]}]}<\/script>\n<!-- \/ Yoast SEO plugin. -->","yoast_head_json":{"title":"Optimierung der Produktionslinie von T\u00fcten &#8211; Inprosy","description":"Optimierung der Produktionslinie von T\u00fcten mithilfe eines dynamischen Luftstrom- und Spiralreglers.","robots":{"index":"index","follow":"follow","max-snippet":"max-snippet:-1","max-image-preview":"max-image-preview:large","max-video-preview":"max-video-preview:-1"},"canonical":"https:\/\/inprosy.com\/de\/projekte\/taschen-projekt\/","og_locale":"de_DE","og_type":"article","og_title":"Optimierung der Produktionslinie von T\u00fcten &#8211; Inprosy","og_description":"Optimierung der Produktionslinie von T\u00fcten mithilfe eines dynamischen Luftstrom- und Spiralreglers.","og_url":"https:\/\/inprosy.com\/de\/projekte\/taschen-projekt\/","og_site_name":"Inprosy","article_modified_time":"2021-01-27T09:59:31+00:00","og_image":[{"width":800,"height":156,"url":"https:\/\/inprosy.com\/wp-content\/uploads\/2017\/07\/logo-header.jpg","type":"image\/jpeg"}],"twitter_misc":{"Gesch\u00e4tzte Lesezeit":"2\u00a0Minuten"},"schema":{"@context":"https:\/\/schema.org","@graph":[{"@type":"WebPage","@id":"https:\/\/inprosy.com\/de\/projekte\/taschen-projekt\/","url":"https:\/\/inprosy.com\/de\/projekte\/taschen-projekt\/","name":"Optimierung der Produktionslinie von T\u00fcten &#8211; Inprosy","isPartOf":{"@id":"https:\/\/inprosy.com\/de\/#website"},"datePublished":"2020-08-07T07:16:28+00:00","dateModified":"2021-01-27T09:59:31+00:00","description":"Optimierung der Produktionslinie von T\u00fcten mithilfe eines dynamischen Luftstrom- und Spiralreglers.","breadcrumb":{"@id":"https:\/\/inprosy.com\/de\/projekte\/taschen-projekt\/#breadcrumb"},"inLanguage":"de","potentialAction":[{"@type":"ReadAction","target":["https:\/\/inprosy.com\/de\/projekte\/taschen-projekt\/"]}]},{"@type":"BreadcrumbList","@id":"https:\/\/inprosy.com\/de\/projekte\/taschen-projekt\/#breadcrumb","itemListElement":[{"@type":"ListItem","position":1,"name":"Portada","item":"https:\/\/inprosy.com\/de\/"},{"@type":"ListItem","position":2,"name":"Projekte","item":"https:\/\/inprosy.com\/de\/projekte\/"},{"@type":"ListItem","position":3,"name":"Taschen Projekt"}]},{"@type":"WebSite","@id":"https:\/\/inprosy.com\/de\/#website","url":"https:\/\/inprosy.com\/de\/","name":"Inprosy","description":"Soluciones para la gesti\u00f3n de flujos de producci\u00f3n","publisher":{"@id":"https:\/\/inprosy.com\/de\/#organization"},"potentialAction":[{"@type":"SearchAction","target":{"@type":"EntryPoint","urlTemplate":"https:\/\/inprosy.com\/de\/?s={search_term_string}"},"query-input":{"@type":"PropertyValueSpecification","valueRequired":true,"valueName":"search_term_string"}}],"inLanguage":"de"},{"@type":"Organization","@id":"https:\/\/inprosy.com\/de\/#organization","name":"Innovate Production Systems, S.L.","alternateName":"Inprosy","url":"https:\/\/inprosy.com\/de\/","logo":{"@type":"ImageObject","inLanguage":"de","@id":"https:\/\/inprosy.com\/de\/#\/schema\/logo\/image\/","url":"https:\/\/inprosy.com\/wp-content\/uploads\/2017\/07\/logo-header.jpg","contentUrl":"https:\/\/inprosy.com\/wp-content\/uploads\/2017\/07\/logo-header.jpg","width":800,"height":156,"caption":"Innovate Production Systems, S.L."},"image":{"@id":"https:\/\/inprosy.com\/de\/#\/schema\/logo\/image\/"},"sameAs":["https:\/\/www.linkedin.com\/company\/inprosys\/","https:\/\/www.youtube.com\/channel\/UCuSsS6ets4VjRxVpkMgS2Mw"]}]}},"_links":{"self":[{"href":"https:\/\/inprosy.com\/de\/wp-json\/wp\/v2\/pages\/13185","targetHints":{"allow":["GET"]}}],"collection":[{"href":"https:\/\/inprosy.com\/de\/wp-json\/wp\/v2\/pages"}],"about":[{"href":"https:\/\/inprosy.com\/de\/wp-json\/wp\/v2\/types\/page"}],"author":[{"embeddable":true,"href":"https:\/\/inprosy.com\/de\/wp-json\/wp\/v2\/users\/1"}],"replies":[{"embeddable":true,"href":"https:\/\/inprosy.com\/de\/wp-json\/wp\/v2\/comments?post=13185"}],"version-history":[{"count":0,"href":"https:\/\/inprosy.com\/de\/wp-json\/wp\/v2\/pages\/13185\/revisions"}],"up":[{"embeddable":true,"href":"https:\/\/inprosy.com\/de\/wp-json\/wp\/v2\/pages\/13110"}],"wp:attachment":[{"href":"https:\/\/inprosy.com\/de\/wp-json\/wp\/v2\/media?parent=13185"}],"curies":[{"name":"wp","href":"https:\/\/api.w.org\/{rel}","templated":true}]}}