{"id":13240,"date":"2020-08-07T09:54:17","date_gmt":"2020-08-07T07:54:17","guid":{"rendered":"https:\/\/inprosy.com\/aviso-legal\/"},"modified":"2021-01-27T11:03:43","modified_gmt":"2021-01-27T10:03:43","slug":"rechtliche-hinweise","status":"publish","type":"page","link":"https:\/\/inprosy.com\/de\/rechtliche-hinweise\/","title":{"rendered":"Rechtliche Warnung"},"content":{"rendered":"<section class=\"l-section wpb_row height_medium\"><div class=\"l-section-h i-cf\"><div class=\"g-cols vc_row via_flex valign_top type_default stacking_default\"><div class=\"vc_col-sm-12 wpb_column vc_column_container\"><div class=\"vc_column-inner\"><div class=\"wpb_wrapper\"><div class=\"wpb_text_column\"><div class=\"wpb_wrapper\"><h1>Rechtliche Warnung<\/h1>\n<h4><strong>INFORMATIONSGESELLSCHAFT (LSSI) DIENSTLEISTUNGEN LAW<\/strong><\/h4>\n<p>INNOVATIVE PRODUCTION SYSTEMS, SL, der Leiter der Website, die auch RESPONSABLE ist, stellt dieses Dokument den Nutzern zur Verf\u00fcgung, das die Einhaltung der Verpflichtungen des Gesetzes 34\/2002, 11. Juli, \u00fcber die Dienste der Informationsgesellschaft und des elektronischen Gesch\u00e4ftsverkehrs (LSSICE), BOE Nr. 166, erfordert, sowie alle Nutzer der Website \u00fcber die Nutzungsbedingungen zu informieren.<\/p>\n<p>Jeder, der auf diese Website zugreift, \u00fcbernimmt die Rolle des Nutzers und verpflichtet sich, die hier dargelegten Bestimmungen sowie alle anderen anwendbaren rechtsvorschriften Bestimmungen strikt einzuhalten und einzuhalten. INNOVATIVE PRODUCTIONS SYSTEMS, SL beh\u00e4lt sich das Recht vor, die letzte Art von Informationen, die auf der Website erscheinen k\u00f6nnen, ohne die Verpflichtung, die Nutzer \u00fcber bestimmte Verpflichtungen vorab zu informieren oder zu informieren, zu \u00e4ndern, indem Sie so gut wie mit der Ver\u00f6ffentlichung auf der Website INNOVATIVE PRODUCTIONS SYSTEMS, SL<\/p>\n<h5><strong>1. IDENTIFIKATIONSDATEN<\/strong><\/h5>\n<p>Dom\u00e4nennamen: <strong>inprosy.com<\/strong><br \/>\nHandelsname: <strong>INPROSY<br \/>\n<\/strong>Sozialer Name: <strong>INNOVATIVE PRODUCTION SYSTEMS, S.L.<br \/>\n<\/strong>CIF:\u00a0<strong>B-65859068<br \/>\n<\/strong>Hauptsitz: <strong>Miquel Servet, 2 \u00b7 P. I. Bufalvent \u00b7 08243 Manresa \u00b7 Barcelona \u00b7 Spain<\/strong><strong><br \/>\n<\/strong>Telefon: <strong>+34 935 15 30 95<\/strong><strong><br \/>\n<\/strong>Email: <a href=\"mailto:info@inprosy.com\"><strong>info@inprosy.com<\/strong><\/a><\/p>\n<p>Registriert im Register (kommerziell \/ \u00f6ffentlich): <strong>Barcelona, Volume: 43.338, Folio: 176, Sheet: B 429.020, Registration: 1\u00aa<\/strong><\/p>\n<h5><strong>2. RECHTE DES GEISTIGEN UND GEWERBLICHEN EIGENTUMS<\/strong><\/h5>\n<p>Die Website, einschlie\u00dflich, aber nicht beschr\u00e4nkt auf, ihre Programmierung, ihre Ausgabe, ihre Zusammenstellung und andere f\u00fcr ihren Betrieb notwendige Elemente, die Designs, Logos, Texte und\/oder Grafiken, sind Eigentum des RESPONSABLE oder, falls erforderlich, eine Lizenz oder ausdr\u00fcckliche Genehmigung der Autoren. Alle Inhalte auf der Website sind durch geistige und gewerbliche Schutzbestimmungen ordnungsgem\u00e4\u00df gesch\u00fctzt und in den entsprechenden \u00f6ffentlichen Registern eingetragen.<\/p>\n<p>Was auch immer der Zweck, die Vervielf\u00e4ltigung, Die Nutzung, die Verbreitung, der Vertrieb und das Marketing, ganz oder teilweise, sein Wille in jedem Fall erfordern. Jede zuvor genehmigte Nutzung gilt als schwerwiegende Verletzung der geistigen oder gewerblichen Eigentumsrechte des Autors.<\/p>\n<p>Designs, Logos, Texte und\/oder Grafiken au\u00dferhalb des COMPTROLLER, die auf der Website erscheinen k\u00f6nnen, geh\u00f6ren ihren jeweiligen Eigent\u00fcmern und sind selbst f\u00fcr eventuelle Kontroversen verantwortlich, die \u00fcber sie entstehen k\u00f6nnten. RESPONSABLE erm\u00e4chtigt Dritte ausdr\u00fccklich, direkt auf den spezifischen Inhalt der Website umzuleiten und in jedem Fall auf die Hauptwebsite der inprosy.com.<\/p>\n<p>Die RESPONSABLE PERSON erkennt die entsprechenden geistigen und gewerblichen Eigentumsrechte zugunsten ihrer Eigent\u00fcmer an, ihre blo\u00dfe Erw\u00e4hnung oder das blo\u00dfe Erscheinen auf der Website impliziert nicht das Bestehen von Rechten oder Verantwortlichkeiten, die sie betreffen, sowie deren Genehmigung, Sponsoring oder Empfehlung. .<\/p>\n<p>Um jede Art von Beobachtung in Bezug auf m\u00f6gliche Verletzungen des geistigen Eigentums oder der gewerblichen Rechte sowie aller Website-Inhalte zu machen, k\u00f6nnen Sie dies per E-Mail tun: <a href=\"mailto:info@inprosy.com\">info@inprosy.com<\/a>.<\/p>\n<h5><strong>3. AUSSCHLUSS VON VERANTWORTLICHKEITEN<\/strong><\/h5>\n<p>RESPONSABLE ist von jeglicher Haftung befreit, die sich aus Informationen ergibt, die auf seiner Website ver\u00f6ffentlicht werden, sofern diese Informationen von einem Dritten, der nicht mit ihm in Verbindung steht, manipuliert oder eingegeben wurden.<\/p>\n<p><strong>Verwenden von Cookies<\/strong><\/p>\n<p>Diese Website kann technische Cookies (kleine Dateien von Informationen, die der Server an den Computer der Person sendet, die auf die Seite zugreifen) verwenden, um bestimmte Funktionen auszuf\u00fchren, die f\u00fcr das ordnungsgem\u00e4\u00dfe Funktionieren und die Anzeige der Website als wesentlich erachtet werden. Die verwendeten Cookies dienen in jedem Fall vor\u00fcbergehend dem Zweck, die Navigation effizienter zu gestalten, und verschwinden am Ende der Benutzersitzung. Unter keinen Umst\u00e4nden stellen diese Cookies allein personenbezogene Daten zur Verf\u00fcgung und werden nicht zur Erhebung verwendet.<\/p>\n<p>Durch die Verwendung von Cookies ist es auch m\u00f6glich, dass der Server, auf dem sich das Web befindet, den Browser erkennt, der vom Benutzer verwendet wird, um die Navigation zu erleichtern, so dass beispielsweise Benutzer, die sich bereits f\u00fcr die R\u00e4ume, Dienste, Aktionen oder Wettbewerbe registriert haben, die ausschlie\u00dflich f\u00fcr sie reserviert sind, ohne sich f\u00fcr jeden Besuch registrieren zu m\u00fcssen.<\/p>\n<p>Sie k\u00f6nnen auch verwendet werden, um Zielgruppen, Verkehrsparameter, Steuerungsfortschritt und Anzahl der Eintr\u00e4ge usw. zu messen. In diesen F\u00e4llen sind Cookies technisch entbehrlich, aber vorteilhaft f\u00fcr den Benutzer. Diese Website installiert keine Verbrauchsmaterialien ohne vorherige Zustimmung des Benutzers.<\/p>\n<p>Der Benutzer hat die M\u00f6glichkeit, seinen Browser so einzurichten, dass er auf den Empfang von Cookies aufmerksam gemacht wird und deren Installation auf seinem Computer verhindert. Bitte lesen Sie die Anweisungen Ihres Browsers, um diese Informationen zu entwickeln.<\/p>\n<p><strong>Links-Richtlinie<\/strong><\/p>\n<p>Von der Website aus k\u00f6nnen Sie zu Inhalten von Websites Dritter weitergeleitet werden. Da RESPONSABLE die von Dritten auf ihren jeweiligen Websites eingegebenen Inhalte nicht immer kontrollieren kann, \u00fcbernimmt sie keine Verantwortung f\u00fcr diese Inhalte. In allen F\u00e4llen werden alle Inhalte, die gegen nationales oder internationales Recht, Moral oder \u00f6ffentliche Ordnung versto\u00dfen k\u00f6nnten, unverz\u00fcglich entfernt, indem die Umleitung auf diese Website unverz\u00fcglich gel\u00f6scht wird, um die zust\u00e4ndigen Beh\u00f6rden \u00fcber die betreffenden Inhalte zu informieren.<\/p>\n<p>RESPONSABLE ist nicht verantwortlich f\u00fcr die gespeicherten Informationen und Inhalte, z.B. in Foren, Chats, Blogging-Generatoren, Kommentaren, sozialen Netzwerken oder anderen Mitteln, mit denen Dritte Inhalte unabh\u00e4ngig auf der Website ver\u00f6ffentlichen. RESPONSABLE. In \u00dcbereinstimmung mit den Artikeln 11 und 16 der LSSICE wird sie jedoch allen Nutzern, Beh\u00f6rden und Sicherheitskr\u00e4ften zur Verf\u00fcgung gestellt, die aktiv an der Entfernung oder erforderlichenfalls an der Sperrung aller Inhalte mitwirken, die nationales oder internationales Recht, Rechte Dritter oder Moral und \u00f6ffentliche Ordnung beeintr\u00e4chtigen oder verletzen k\u00f6nnen. Wenn der Benutzer der Ansicht ist, dass sich auf der Website Inhalte befinden, die dieser Klassifizierung unterliegen k\u00f6nnen, benachrichtigen Sie bitte unverz\u00fcglich den Website-Administrator.<\/p>\n<p>Diese Website wurde \u00fcberpr\u00fcft und getestet, um sicherzustellen, dass sie ordnungsgem\u00e4\u00df funktioniert. Grunds\u00e4tzlich kann ein ordnungsgem\u00e4\u00dfer Betrieb 365 Tage im Jahr, 24 Stunden am Tag gew\u00e4hrleistet werden. THE RESPONSABLE schlie\u00dft jedoch nicht aus, dass es einige Fehler in der<\/p>\n<p>oder dass h\u00f6here Gewalt, Naturkatastrophen, Streiks oder \u00e4hnliche Umst\u00e4nde auftreten k\u00f6nnen und den Zugriff auf die Website unm\u00f6glich machen.<\/p>\n<p><strong>IP-Adressen<\/strong><\/p>\n<p>Website-Server k\u00f6nnen automatisch die vom Benutzer verwendete IP-Adresse und den Dom\u00e4nennamen erkennen. Eine IP-Adresse ist eine Nummer, die einem Computer automatisch zugewiesen wird, wenn er eine Verbindung mit dem Internet herstellt. Alle diese Informationen werden in einer registrierten Serveraktivit\u00e4tsdatei gespeichert, die es erm\u00f6glicht, die Daten sp\u00e4ter zu verarbeiten, um nur statistische Messungen zu erhalten, die es uns erm\u00f6glichen, die Anzahl der Seitenaufrufe, die Anzahl der Besuche bei Webservern, die Reihenfolge der Besuche, den Access Point usw. zu kennen.<\/p>\n<h5><strong>4. ANWENDBARES RECHT UND ZUST\u00c4NDIGE ZUST\u00c4NDIGKEIT<\/strong><\/h5>\n<p>F\u00fcr die Beilegung von Kontroversen oder Problemen im Zusammenhang mit dieser Website oder ihren Aktivit\u00e4ten gilt spanisches Recht, dem sich die Parteien ausdr\u00fccklich unterwerfen, und ist f\u00fcr die Beilegung aller Streitigkeiten zust\u00e4ndig, die sich aus oder im Zusammenhang mit der Nutzung der Gerichten ergeben, die Barcelona am n\u00e4chsten stehen.<\/p>\n<\/div><\/div><\/div><\/div><\/div><\/div><\/div><\/section>\n","protected":false},"excerpt":{"rendered":"Rechtliche Warnung INFORMATIONSGESELLSCHAFT (LSSI) DIENSTLEISTUNGEN LAW INNOVATIVE PRODUCTION SYSTEMS, SL, der Leiter der Website, die auch RESPONSABLE ist, stellt dieses Dokument den Nutzern zur Verf\u00fcgung, das die Einhaltung der Verpflichtungen des Gesetzes 34\/2002, 11. Juli, \u00fcber die Dienste der Informationsgesellschaft und des elektronischen Gesch\u00e4ftsverkehrs (LSSICE), BOE Nr. 166, erfordert, sowie alle Nutzer der Website \u00fcber...","protected":false},"author":1,"featured_media":0,"parent":0,"menu_order":99,"comment_status":"closed","ping_status":"closed","template":"","meta":{"_acf_changed":false,"footnotes":""},"class_list":["post-13240","page","type-page","status-publish","hentry"],"acf":[],"yoast_head":"<!-- This site is optimized with the Yoast SEO plugin v27.3 - https:\/\/yoast.com\/product\/yoast-seo-wordpress\/ -->\n<title>Rechtliche Warnung &#8211; Inprosy<\/title>\n<meta name=\"description\" content=\"Rechtliche Hinweise und Datenschutzbestimmungen der offiziellen Internetseite von Inprosy.\" \/>\n<meta name=\"robots\" content=\"noindex, follow\" \/>\n<meta property=\"og:locale\" content=\"de_DE\" \/>\n<meta property=\"og:type\" content=\"article\" \/>\n<meta property=\"og:title\" content=\"Rechtliche Warnung &#8211; Inprosy\" \/>\n<meta property=\"og:description\" content=\"Rechtliche Hinweise und Datenschutzbestimmungen der offiziellen Internetseite von Inprosy.\" \/>\n<meta property=\"og:url\" content=\"https:\/\/inprosy.com\/de\/rechtliche-hinweise\/\" \/>\n<meta property=\"og:site_name\" content=\"Inprosy\" \/>\n<meta property=\"article:modified_time\" content=\"2021-01-27T10:03:43+00:00\" \/>\n<meta property=\"og:image\" content=\"https:\/\/inprosy.com\/wp-content\/uploads\/2017\/07\/logo-header.jpg\" \/>\n\t<meta property=\"og:image:width\" content=\"800\" \/>\n\t<meta property=\"og:image:height\" content=\"156\" \/>\n\t<meta property=\"og:image:type\" content=\"image\/jpeg\" \/>\n<meta name=\"twitter:label1\" content=\"Gesch\u00e4tzte Lesezeit\" \/>\n\t<meta name=\"twitter:data1\" content=\"6\u00a0Minuten\" \/>\n<script type=\"application\/ld+json\" class=\"yoast-schema-graph\">{\"@context\":\"https:\\\/\\\/schema.org\",\"@graph\":[{\"@type\":\"WebPage\",\"@id\":\"https:\\\/\\\/inprosy.com\\\/de\\\/rechtliche-hinweise\\\/\",\"url\":\"https:\\\/\\\/inprosy.com\\\/de\\\/rechtliche-hinweise\\\/\",\"name\":\"Rechtliche Warnung &#8211; Inprosy\",\"isPartOf\":{\"@id\":\"https:\\\/\\\/inprosy.com\\\/de\\\/#website\"},\"datePublished\":\"2020-08-07T07:54:17+00:00\",\"dateModified\":\"2021-01-27T10:03:43+00:00\",\"description\":\"Rechtliche Hinweise und Datenschutzbestimmungen der offiziellen Internetseite von Inprosy.\",\"breadcrumb\":{\"@id\":\"https:\\\/\\\/inprosy.com\\\/de\\\/rechtliche-hinweise\\\/#breadcrumb\"},\"inLanguage\":\"de\",\"potentialAction\":[{\"@type\":\"ReadAction\",\"target\":[\"https:\\\/\\\/inprosy.com\\\/de\\\/rechtliche-hinweise\\\/\"]}]},{\"@type\":\"BreadcrumbList\",\"@id\":\"https:\\\/\\\/inprosy.com\\\/de\\\/rechtliche-hinweise\\\/#breadcrumb\",\"itemListElement\":[{\"@type\":\"ListItem\",\"position\":1,\"name\":\"Portada\",\"item\":\"https:\\\/\\\/inprosy.com\\\/de\\\/\"},{\"@type\":\"ListItem\",\"position\":2,\"name\":\"Rechtliche Warnung\"}]},{\"@type\":\"WebSite\",\"@id\":\"https:\\\/\\\/inprosy.com\\\/de\\\/#website\",\"url\":\"https:\\\/\\\/inprosy.com\\\/de\\\/\",\"name\":\"Inprosy\",\"description\":\"Soluciones para la gesti\u00f3n de flujos de producci\u00f3n\",\"publisher\":{\"@id\":\"https:\\\/\\\/inprosy.com\\\/de\\\/#organization\"},\"potentialAction\":[{\"@type\":\"SearchAction\",\"target\":{\"@type\":\"EntryPoint\",\"urlTemplate\":\"https:\\\/\\\/inprosy.com\\\/de\\\/?s={search_term_string}\"},\"query-input\":{\"@type\":\"PropertyValueSpecification\",\"valueRequired\":true,\"valueName\":\"search_term_string\"}}],\"inLanguage\":\"de\"},{\"@type\":\"Organization\",\"@id\":\"https:\\\/\\\/inprosy.com\\\/de\\\/#organization\",\"name\":\"Innovate Production Systems, S.L.\",\"alternateName\":\"Inprosy\",\"url\":\"https:\\\/\\\/inprosy.com\\\/de\\\/\",\"logo\":{\"@type\":\"ImageObject\",\"inLanguage\":\"de\",\"@id\":\"https:\\\/\\\/inprosy.com\\\/de\\\/#\\\/schema\\\/logo\\\/image\\\/\",\"url\":\"https:\\\/\\\/inprosy.com\\\/wp-content\\\/uploads\\\/2017\\\/07\\\/logo-header.jpg\",\"contentUrl\":\"https:\\\/\\\/inprosy.com\\\/wp-content\\\/uploads\\\/2017\\\/07\\\/logo-header.jpg\",\"width\":800,\"height\":156,\"caption\":\"Innovate Production Systems, S.L.\"},\"image\":{\"@id\":\"https:\\\/\\\/inprosy.com\\\/de\\\/#\\\/schema\\\/logo\\\/image\\\/\"},\"sameAs\":[\"https:\\\/\\\/www.linkedin.com\\\/company\\\/inprosys\\\/\",\"https:\\\/\\\/www.youtube.com\\\/channel\\\/UCuSsS6ets4VjRxVpkMgS2Mw\"]}]}<\/script>\n<!-- \/ Yoast SEO plugin. -->","yoast_head_json":{"title":"Rechtliche Warnung &#8211; Inprosy","description":"Rechtliche Hinweise und Datenschutzbestimmungen der offiziellen Internetseite von Inprosy.","robots":{"index":"noindex","follow":"follow"},"og_locale":"de_DE","og_type":"article","og_title":"Rechtliche Warnung &#8211; Inprosy","og_description":"Rechtliche Hinweise und Datenschutzbestimmungen der offiziellen Internetseite von Inprosy.","og_url":"https:\/\/inprosy.com\/de\/rechtliche-hinweise\/","og_site_name":"Inprosy","article_modified_time":"2021-01-27T10:03:43+00:00","og_image":[{"width":800,"height":156,"url":"https:\/\/inprosy.com\/wp-content\/uploads\/2017\/07\/logo-header.jpg","type":"image\/jpeg"}],"twitter_misc":{"Gesch\u00e4tzte Lesezeit":"6\u00a0Minuten"},"schema":{"@context":"https:\/\/schema.org","@graph":[{"@type":"WebPage","@id":"https:\/\/inprosy.com\/de\/rechtliche-hinweise\/","url":"https:\/\/inprosy.com\/de\/rechtliche-hinweise\/","name":"Rechtliche Warnung &#8211; Inprosy","isPartOf":{"@id":"https:\/\/inprosy.com\/de\/#website"},"datePublished":"2020-08-07T07:54:17+00:00","dateModified":"2021-01-27T10:03:43+00:00","description":"Rechtliche Hinweise und Datenschutzbestimmungen der offiziellen Internetseite von Inprosy.","breadcrumb":{"@id":"https:\/\/inprosy.com\/de\/rechtliche-hinweise\/#breadcrumb"},"inLanguage":"de","potentialAction":[{"@type":"ReadAction","target":["https:\/\/inprosy.com\/de\/rechtliche-hinweise\/"]}]},{"@type":"BreadcrumbList","@id":"https:\/\/inprosy.com\/de\/rechtliche-hinweise\/#breadcrumb","itemListElement":[{"@type":"ListItem","position":1,"name":"Portada","item":"https:\/\/inprosy.com\/de\/"},{"@type":"ListItem","position":2,"name":"Rechtliche Warnung"}]},{"@type":"WebSite","@id":"https:\/\/inprosy.com\/de\/#website","url":"https:\/\/inprosy.com\/de\/","name":"Inprosy","description":"Soluciones para la gesti\u00f3n de flujos de producci\u00f3n","publisher":{"@id":"https:\/\/inprosy.com\/de\/#organization"},"potentialAction":[{"@type":"SearchAction","target":{"@type":"EntryPoint","urlTemplate":"https:\/\/inprosy.com\/de\/?s={search_term_string}"},"query-input":{"@type":"PropertyValueSpecification","valueRequired":true,"valueName":"search_term_string"}}],"inLanguage":"de"},{"@type":"Organization","@id":"https:\/\/inprosy.com\/de\/#organization","name":"Innovate Production Systems, S.L.","alternateName":"Inprosy","url":"https:\/\/inprosy.com\/de\/","logo":{"@type":"ImageObject","inLanguage":"de","@id":"https:\/\/inprosy.com\/de\/#\/schema\/logo\/image\/","url":"https:\/\/inprosy.com\/wp-content\/uploads\/2017\/07\/logo-header.jpg","contentUrl":"https:\/\/inprosy.com\/wp-content\/uploads\/2017\/07\/logo-header.jpg","width":800,"height":156,"caption":"Innovate Production Systems, S.L."},"image":{"@id":"https:\/\/inprosy.com\/de\/#\/schema\/logo\/image\/"},"sameAs":["https:\/\/www.linkedin.com\/company\/inprosys\/","https:\/\/www.youtube.com\/channel\/UCuSsS6ets4VjRxVpkMgS2Mw"]}]}},"_links":{"self":[{"href":"https:\/\/inprosy.com\/de\/wp-json\/wp\/v2\/pages\/13240","targetHints":{"allow":["GET"]}}],"collection":[{"href":"https:\/\/inprosy.com\/de\/wp-json\/wp\/v2\/pages"}],"about":[{"href":"https:\/\/inprosy.com\/de\/wp-json\/wp\/v2\/types\/page"}],"author":[{"embeddable":true,"href":"https:\/\/inprosy.com\/de\/wp-json\/wp\/v2\/users\/1"}],"replies":[{"embeddable":true,"href":"https:\/\/inprosy.com\/de\/wp-json\/wp\/v2\/comments?post=13240"}],"version-history":[{"count":0,"href":"https:\/\/inprosy.com\/de\/wp-json\/wp\/v2\/pages\/13240\/revisions"}],"wp:attachment":[{"href":"https:\/\/inprosy.com\/de\/wp-json\/wp\/v2\/media?parent=13240"}],"curies":[{"name":"wp","href":"https:\/\/api.w.org\/{rel}","templated":true}]}}