{"id":13243,"date":"2020-08-07T09:54:26","date_gmt":"2020-08-07T07:54:26","guid":{"rendered":"https:\/\/inprosy.com\/politica-de-cookies\/"},"modified":"2021-01-27T11:04:08","modified_gmt":"2021-01-27T10:04:08","slug":"cookie-richtlinien","status":"publish","type":"page","link":"https:\/\/inprosy.com\/de\/cookie-richtlinien\/","title":{"rendered":"Cookie politisches Etikett"},"content":{"rendered":"<section class=\"l-section wpb_row height_medium\"><div class=\"l-section-h i-cf\"><div class=\"g-cols vc_row via_flex valign_top type_default stacking_default\"><div class=\"vc_col-sm-12 wpb_column vc_column_container\"><div class=\"vc_column-inner\"><div class=\"wpb_wrapper\"><div class=\"wpb_text_column\"><div class=\"wpb_wrapper\"><h1>Cookie politisches Etikett<\/h1>\n<p>Ein Cookie ist eine kleine Textdatei, die in Ihrem Browser gespeichert wird, wenn Sie fast jede Website besuchen. Seine N\u00fctzlichkeit ist, dass die Website sich an Ihren Besuch erinnern kann, wenn Sie diese Seite erneut durchsuchen. Cookies speichern in der Regel technische Informationen, pers\u00f6nliche Pr\u00e4ferenzen, Inhaltsanpassung, Nutzungsstatistiken, Links zu sozialen Netzwerken, Zugriff auf Benutzerkonten usw. Der Zweck des Cookies ist es, den Inhalt der Website an Ihr Profil und Ihre Bed\u00fcrfnisse anzupassen, ohne Cookies w\u00fcrden die von einer Seite angebotenen Dienste stark reduziert.<\/p>\n<h2>Auf dieser Website verwendete Cookies<\/h2>\n<p>In \u00dcbereinstimmung mit den Richtlinien der spanischen Datenschutzbeh\u00f6rde gehen wir mit der Verwendung von Cookies durch diese Website, um Sie so genau wie m\u00f6glich zu informieren.<\/p>\n<p>Diese Website verwendet die <strong>folgenden Cookies<\/strong>:<\/p>\n<ul>\n<li>Sitzungscookies, um sicherzustellen, dass Benutzer, die Kommentare im Blog schreiben, menschliche und nicht automatisierte Anwendungen sind. Dieser Kampf Spam.<\/li>\n<\/ul>\n<p>Diese Website verwendet die <strong>folgenden Cookies von Drittanbietern<\/strong>:<\/p>\n<ul>\n<li>Google Analytics: Speichert Cookies, um Verkehrsstatistiken zu erstellen und das Volumen auf dieser Website zu besuchen. Durch die Nutzung dieser Website erkl\u00e4ren Sie sich mit dem Umgang von Google mit Ihren Daten einverstanden. Daher muss die Aus\u00fcbung eines Rechts in dieser Hinsicht durch direkte Kommunikation mit Google zu tun.<\/li>\n<li>Soziale Netzwerke: Jedes soziale Netzwerk verwendet seine eigenen Cookies, so dass Sie wie Schaltfl\u00e4chen klicken oder teilen k\u00f6nnen.<\/li>\n<\/ul>\n<h2>Deaktivieren oder L\u00f6schen von Cookies<\/h2>\n<p>Sie k\u00f6nnen jederzeit von Ihrem Recht Gebrauch machen, Cookies von dieser Website zu deaktivieren oder zu entfernen. Diese Aktionen werden je nach verwendetem Browser unterschiedlich ausgef\u00fchrt.<\/p>\n<h2>Zus\u00e4tzliche Hinweise<\/h2>\n<ul>\n<li>Weder diese Website noch ihre gesetzlichen Vertreter sind f\u00fcr den Inhalt oder die Richtigkeit der Datenschutzrichtlinien verantwortlich, die die in dieser Cookie-Richtlinie genannten Dritten haben k\u00f6nnen.<\/li>\n<li>Webbrowser sind die Werkzeuge, die f\u00fcr die Speicherung von Cookies verantwortlich sind, und von hier aus m\u00fcssen Sie sich das Recht machen, sie zu l\u00f6schen oder zu deaktivieren. Weder diese Website noch ihre gesetzlichen Vertreter k\u00f6nnen den korrekten oder fehlerhaften Umgang mit Cookies durch die Browser garantieren.<\/li>\n<li>In einigen F\u00e4llen ist es notwendig, Cookies zu installieren, damit der Browser Ihre Entscheidung, sie nicht zu akzeptieren, nicht vergisst.<\/li>\n<li>Im Falle von Google Analytics-Cookies speichert das Unternehmen Cookies auf Servern in den Vereinigten Staaten und verpflichtet sich, sie nicht an Dritte weiterzugeben, es sei denn, es ist erforderlich, dass das System funktioniert oder das Gesetz dies verlangt. Laut Google registriert es ihre IP-Adresse nicht. Google Inc. ist ein Unternehmen, das sich an die Safe-Harbor-Vereinbarung h\u00e4lt, die garantiert, dass alle \u00fcbertragenen Daten mit einem Schutzniveau gem\u00e4\u00df den europ\u00e4ischen Vorschriften behandelt werden. Ausf\u00fchrliche Informationen hierzu finden Sie unter diesem <a href=\"http:\/\/safeharbor.export.gov\/companyinfo.aspx?id=16626\" target=\"_blank\" rel=\"noopener noreferrer\">Link<\/a>. Wenn Sie Informationen dar\u00fcber w\u00fcnschen, wie Google Cookies verwendet, f\u00fcgen wir diesen anderen <a href=\"https:\/\/developers.google.com\/analytics\/devguides\/collection\/analyticsjs\/cookie-usage?hl=es&amp;csw=1\" target=\"_blank\" rel=\"noopener noreferrer\">Link<\/a> hinzu.<\/li>\n<li>Bei Fragen oder Fragen zu dieser Cookie-Richtlinie kontaktieren Sie uns bitte \u00fcber den Kontaktbereich.<\/li>\n<\/ul>\n<\/div><\/div><\/div><\/div><\/div><\/div><\/div><\/section>\n","protected":false},"excerpt":{"rendered":"Cookie politisches Etikett Ein Cookie ist eine kleine Textdatei, die in Ihrem Browser gespeichert wird, wenn Sie fast jede Website besuchen. Seine N\u00fctzlichkeit ist, dass die Website sich an Ihren Besuch erinnern kann, wenn Sie diese Seite erneut durchsuchen. Cookies speichern in der Regel technische Informationen, pers\u00f6nliche Pr\u00e4ferenzen, Inhaltsanpassung, Nutzungsstatistiken, Links zu sozialen Netzwerken, Zugriff...","protected":false},"author":1,"featured_media":0,"parent":0,"menu_order":101,"comment_status":"closed","ping_status":"closed","template":"","meta":{"_acf_changed":false,"footnotes":""},"class_list":["post-13243","page","type-page","status-publish","hentry"],"acf":[],"yoast_head":"<!-- This site is optimized with the Yoast SEO plugin v27.4 - https:\/\/yoast.com\/product\/yoast-seo-wordpress\/ -->\n<title>Cookie politisches Etikett &#8211; Inprosy<\/title>\n<meta name=\"description\" content=\"Cookie-Richtlinien der offiziellen Internetseite von Inprosy.\" \/>\n<meta name=\"robots\" content=\"noindex, follow\" \/>\n<meta property=\"og:locale\" content=\"de_DE\" \/>\n<meta property=\"og:type\" content=\"article\" \/>\n<meta property=\"og:title\" content=\"Cookie politisches Etikett &#8211; Inprosy\" \/>\n<meta property=\"og:description\" content=\"Cookie-Richtlinien der offiziellen Internetseite von Inprosy.\" \/>\n<meta property=\"og:url\" content=\"https:\/\/inprosy.com\/de\/cookie-richtlinien\/\" \/>\n<meta property=\"og:site_name\" content=\"Inprosy\" \/>\n<meta property=\"article:modified_time\" content=\"2021-01-27T10:04:08+00:00\" \/>\n<meta property=\"og:image\" content=\"https:\/\/inprosy.com\/wp-content\/uploads\/2017\/07\/logo-header.jpg\" \/>\n\t<meta property=\"og:image:width\" content=\"800\" \/>\n\t<meta property=\"og:image:height\" content=\"156\" \/>\n\t<meta property=\"og:image:type\" content=\"image\/jpeg\" \/>\n<meta name=\"twitter:label1\" content=\"Gesch\u00e4tzte Lesezeit\" \/>\n\t<meta name=\"twitter:data1\" content=\"2\u00a0Minuten\" \/>\n<script type=\"application\/ld+json\" class=\"yoast-schema-graph\">{\"@context\":\"https:\\\/\\\/schema.org\",\"@graph\":[{\"@type\":\"WebPage\",\"@id\":\"https:\\\/\\\/inprosy.com\\\/de\\\/cookie-richtlinien\\\/\",\"url\":\"https:\\\/\\\/inprosy.com\\\/de\\\/cookie-richtlinien\\\/\",\"name\":\"Cookie politisches Etikett &#8211; Inprosy\",\"isPartOf\":{\"@id\":\"https:\\\/\\\/inprosy.com\\\/de\\\/#website\"},\"datePublished\":\"2020-08-07T07:54:26+00:00\",\"dateModified\":\"2021-01-27T10:04:08+00:00\",\"description\":\"Cookie-Richtlinien der offiziellen Internetseite von Inprosy.\",\"breadcrumb\":{\"@id\":\"https:\\\/\\\/inprosy.com\\\/de\\\/cookie-richtlinien\\\/#breadcrumb\"},\"inLanguage\":\"de\",\"potentialAction\":[{\"@type\":\"ReadAction\",\"target\":[\"https:\\\/\\\/inprosy.com\\\/de\\\/cookie-richtlinien\\\/\"]}]},{\"@type\":\"BreadcrumbList\",\"@id\":\"https:\\\/\\\/inprosy.com\\\/de\\\/cookie-richtlinien\\\/#breadcrumb\",\"itemListElement\":[{\"@type\":\"ListItem\",\"position\":1,\"name\":\"Portada\",\"item\":\"https:\\\/\\\/inprosy.com\\\/de\\\/\"},{\"@type\":\"ListItem\",\"position\":2,\"name\":\"Cookie politisches Etikett\"}]},{\"@type\":\"WebSite\",\"@id\":\"https:\\\/\\\/inprosy.com\\\/de\\\/#website\",\"url\":\"https:\\\/\\\/inprosy.com\\\/de\\\/\",\"name\":\"Inprosy\",\"description\":\"Soluciones para la gesti\u00f3n de flujos de producci\u00f3n\",\"publisher\":{\"@id\":\"https:\\\/\\\/inprosy.com\\\/de\\\/#organization\"},\"potentialAction\":[{\"@type\":\"SearchAction\",\"target\":{\"@type\":\"EntryPoint\",\"urlTemplate\":\"https:\\\/\\\/inprosy.com\\\/de\\\/?s={search_term_string}\"},\"query-input\":{\"@type\":\"PropertyValueSpecification\",\"valueRequired\":true,\"valueName\":\"search_term_string\"}}],\"inLanguage\":\"de\"},{\"@type\":\"Organization\",\"@id\":\"https:\\\/\\\/inprosy.com\\\/de\\\/#organization\",\"name\":\"Innovate Production Systems, S.L.\",\"alternateName\":\"Inprosy\",\"url\":\"https:\\\/\\\/inprosy.com\\\/de\\\/\",\"logo\":{\"@type\":\"ImageObject\",\"inLanguage\":\"de\",\"@id\":\"https:\\\/\\\/inprosy.com\\\/de\\\/#\\\/schema\\\/logo\\\/image\\\/\",\"url\":\"https:\\\/\\\/inprosy.com\\\/wp-content\\\/uploads\\\/2017\\\/07\\\/logo-header.jpg\",\"contentUrl\":\"https:\\\/\\\/inprosy.com\\\/wp-content\\\/uploads\\\/2017\\\/07\\\/logo-header.jpg\",\"width\":800,\"height\":156,\"caption\":\"Innovate Production Systems, S.L.\"},\"image\":{\"@id\":\"https:\\\/\\\/inprosy.com\\\/de\\\/#\\\/schema\\\/logo\\\/image\\\/\"},\"sameAs\":[\"https:\\\/\\\/www.linkedin.com\\\/company\\\/inprosys\\\/\",\"https:\\\/\\\/www.youtube.com\\\/channel\\\/UCuSsS6ets4VjRxVpkMgS2Mw\"]}]}<\/script>\n<!-- \/ Yoast SEO plugin. -->","yoast_head_json":{"title":"Cookie politisches Etikett &#8211; Inprosy","description":"Cookie-Richtlinien der offiziellen Internetseite von Inprosy.","robots":{"index":"noindex","follow":"follow"},"og_locale":"de_DE","og_type":"article","og_title":"Cookie politisches Etikett &#8211; Inprosy","og_description":"Cookie-Richtlinien der offiziellen Internetseite von Inprosy.","og_url":"https:\/\/inprosy.com\/de\/cookie-richtlinien\/","og_site_name":"Inprosy","article_modified_time":"2021-01-27T10:04:08+00:00","og_image":[{"width":800,"height":156,"url":"https:\/\/inprosy.com\/wp-content\/uploads\/2017\/07\/logo-header.jpg","type":"image\/jpeg"}],"twitter_misc":{"Gesch\u00e4tzte Lesezeit":"2\u00a0Minuten"},"schema":{"@context":"https:\/\/schema.org","@graph":[{"@type":"WebPage","@id":"https:\/\/inprosy.com\/de\/cookie-richtlinien\/","url":"https:\/\/inprosy.com\/de\/cookie-richtlinien\/","name":"Cookie politisches Etikett &#8211; Inprosy","isPartOf":{"@id":"https:\/\/inprosy.com\/de\/#website"},"datePublished":"2020-08-07T07:54:26+00:00","dateModified":"2021-01-27T10:04:08+00:00","description":"Cookie-Richtlinien der offiziellen Internetseite von Inprosy.","breadcrumb":{"@id":"https:\/\/inprosy.com\/de\/cookie-richtlinien\/#breadcrumb"},"inLanguage":"de","potentialAction":[{"@type":"ReadAction","target":["https:\/\/inprosy.com\/de\/cookie-richtlinien\/"]}]},{"@type":"BreadcrumbList","@id":"https:\/\/inprosy.com\/de\/cookie-richtlinien\/#breadcrumb","itemListElement":[{"@type":"ListItem","position":1,"name":"Portada","item":"https:\/\/inprosy.com\/de\/"},{"@type":"ListItem","position":2,"name":"Cookie politisches Etikett"}]},{"@type":"WebSite","@id":"https:\/\/inprosy.com\/de\/#website","url":"https:\/\/inprosy.com\/de\/","name":"Inprosy","description":"Soluciones para la gesti\u00f3n de flujos de producci\u00f3n","publisher":{"@id":"https:\/\/inprosy.com\/de\/#organization"},"potentialAction":[{"@type":"SearchAction","target":{"@type":"EntryPoint","urlTemplate":"https:\/\/inprosy.com\/de\/?s={search_term_string}"},"query-input":{"@type":"PropertyValueSpecification","valueRequired":true,"valueName":"search_term_string"}}],"inLanguage":"de"},{"@type":"Organization","@id":"https:\/\/inprosy.com\/de\/#organization","name":"Innovate Production Systems, S.L.","alternateName":"Inprosy","url":"https:\/\/inprosy.com\/de\/","logo":{"@type":"ImageObject","inLanguage":"de","@id":"https:\/\/inprosy.com\/de\/#\/schema\/logo\/image\/","url":"https:\/\/inprosy.com\/wp-content\/uploads\/2017\/07\/logo-header.jpg","contentUrl":"https:\/\/inprosy.com\/wp-content\/uploads\/2017\/07\/logo-header.jpg","width":800,"height":156,"caption":"Innovate Production Systems, S.L."},"image":{"@id":"https:\/\/inprosy.com\/de\/#\/schema\/logo\/image\/"},"sameAs":["https:\/\/www.linkedin.com\/company\/inprosys\/","https:\/\/www.youtube.com\/channel\/UCuSsS6ets4VjRxVpkMgS2Mw"]}]}},"_links":{"self":[{"href":"https:\/\/inprosy.com\/de\/wp-json\/wp\/v2\/pages\/13243","targetHints":{"allow":["GET"]}}],"collection":[{"href":"https:\/\/inprosy.com\/de\/wp-json\/wp\/v2\/pages"}],"about":[{"href":"https:\/\/inprosy.com\/de\/wp-json\/wp\/v2\/types\/page"}],"author":[{"embeddable":true,"href":"https:\/\/inprosy.com\/de\/wp-json\/wp\/v2\/users\/1"}],"replies":[{"embeddable":true,"href":"https:\/\/inprosy.com\/de\/wp-json\/wp\/v2\/comments?post=13243"}],"version-history":[{"count":0,"href":"https:\/\/inprosy.com\/de\/wp-json\/wp\/v2\/pages\/13243\/revisions"}],"wp:attachment":[{"href":"https:\/\/inprosy.com\/de\/wp-json\/wp\/v2\/media?parent=13243"}],"curies":[{"name":"wp","href":"https:\/\/api.w.org\/{rel}","templated":true}]}}