{"id":15006,"date":"2021-07-16T11:01:31","date_gmt":"2021-07-16T09:01:31","guid":{"rendered":"https:\/\/inprosy.com\/?page_id=15006"},"modified":"2024-04-29T16:05:08","modified_gmt":"2024-04-29T14:05:08","slug":"politica-de-privacidad","status":"publish","type":"page","link":"https:\/\/inprosy.com\/es\/politica-de-privacidad\/","title":{"rendered":"Pol\u00edtica de privacidad"},"content":{"rendered":"<section class=\"l-section wpb_row height_medium\"><div class=\"l-section-h i-cf\"><div class=\"g-cols vc_row via_flex valign_top type_default stacking_default\"><div class=\"vc_col-sm-12 wpb_column vc_column_container\"><div class=\"vc_column-inner\"><div class=\"wpb_wrapper\"><div class=\"wpb_text_column\"><div class=\"wpb_wrapper\"><h1>Pol\u00edtica de privacidad y tratamiento de datos personales<\/h1>\n<p>INNOVATIVE PRODUCTION SYSTEMS, S.L., en adelante INPROSY, con domicilio en C\/ Miquel Servet, 2, 08243 Manresa (Barcelona \/ Espa\u00f1a), es titular de este sitio Web, y responsable de los datos de car\u00e1cter personal suministrados por los usuarios a trav\u00e9s de este sitio Web.<\/p>\n<p>El usuario queda informado sobre el tratamiento de los datos suministrados durante la navegaci\u00f3n en la p\u00e1gina Web y los que se generen como consecuencia de la utilizaci\u00f3n de la misma, incluidas, en su caso, las comunicaciones o las transferencias internacionales de los datos que pudieran realizarse, con las finalidades indicadas en el apartado\u00a0<strong>\u00bfCon qu\u00e9 finalidad tratamos sus datos personales?<\/strong>.<\/p>\n<p>En caso de que los datos facilitados se refieran a terceras personas f\u00edsicas o jur\u00eddicas distintas del usuario, \u00e9ste garantiza haber recabado y contar con el consentimiento previo de los mismos para la comunicaci\u00f3n de sus datos y haberles informado, con car\u00e1cter previo a facilitarlos, de las finalidades del tratamiento, comunicaciones y dem\u00e1s t\u00e9rminos previstos en el apartado Informaci\u00f3n sobre Protecci\u00f3n de Datos.<\/p>\n<p>La utilizaci\u00f3n de esta web est\u00e1 sujeta a la Pol\u00edtica de Privacidad y Tratamiento de Datos Personales, a las Condiciones de Uso que se detallan a continuaci\u00f3n, as\u00ed como a la\u00a0pol\u00edtica de cookies. Te rogamos que las leas atentamente.<\/p>\n<h5><strong>INFORMACI\u00d3N SOBRE PROTECCI\u00d3N DE DATOS:<\/strong><\/h5>\n<p><strong>\u00bfQui\u00e9n es el responsable del tratamiento de sus datos personales?<\/strong><\/p>\n<p>La informaci\u00f3n y\/o datos personales que nos proporcione son responsabilidad de:<\/p>\n<ul>\n<li><strong>Identidad:<\/strong> INNOVATIVE PRODUCTION SYSTEMS, S.L. B-65859068<\/li>\n<li><strong>Direcci\u00f3n postal:<\/strong> C\/ Miquel Servet, 2, 08243 Manresa.<\/li>\n<li><strong>Contacto del Delegado de Protecci\u00f3n de Datos:<\/strong>\u00a0<a href=\"mailto:info@inprosy.com\">info@inprosy.com<\/a><\/li>\n<\/ul>\n<p><strong>\u00bfQu\u00e9 datos recabamos y conservamos?<\/strong><\/p>\n<p>INPROSY obtiene informaci\u00f3n acerca de sus usuarios. Los datos que se conservan son:<\/p>\n<ol>\n<li>Los datos obtenidos de la navegaci\u00f3n y uso de nuestro sitio web, en concreto:\n<ul>\n<li>El nombre de dominio del proveedor (ISP) que le da acceso a la red. Por ejemplo, un usuario del proveedor XXX estar\u00e1 identificado con el dominio xxx.es.<\/li>\n<li>La fecha y hora de acceso a nuestra web.<\/li>\n<li>La direcci\u00f3n de internet desde la que parti\u00f3 el link que dirige a nuestra web.<\/li>\n<\/ul>\n<\/li>\n<li>Los datos identificativos que nos facilite, a trav\u00e9s de cada uno de los formularios accesibles por el usuario en el Sitio Web y con la finalidad expuesta en cada uno de los formularios.<\/li>\n<\/ol>\n<p><strong>\u00bfQu\u00e9 datos no conservamos y no llegan a incorporarse a ning\u00fan registro ni sistema de almacenamiento?<\/strong><\/p>\n<p>INPROSY no conserva ninguno de los datos operativos, econ\u00f3micos o de producto con los que el usuario cumplimenta el formulario de an\u00e1lisis econ\u00f3mico de un DFR. Estos datos son utilizados \u00fanicamente para generar los c\u00e1lculos de rendimiento y el correspondiente informe que se env\u00eda al usuario y se eliminan autom\u00e1ticamente con la emisi\u00f3n del informe.<\/p>\n<p><strong>\u00bfCon qu\u00e9 finalidad tratamos sus datos personales?<\/strong><\/p>\n<p>A continuaci\u00f3n, se detallan las finalidades de los tratamientos:<\/p>\n<ul>\n<li>Respecto a los datos obtenidos en la navegaci\u00f3n y uso de nuestro sitio web, realizaremos el tratamiento de los datos generados por la navegaci\u00f3n con las finalidades basadas en las establecidas en el panel de cookies y sus preferencias asociadas Configuraci\u00f3n de cookies<\/li>\n<li>En su caso, los datos facilitados en los formularios accesibles en el Sitio Web ser\u00e1n tratados con las finalidades relacionadas con dichos formularios, en concreto:\n<ul>\n<li>En el caso de facilitar sus datos para hacer una solicitud de informaci\u00f3n:\n<ul>\n<li>Para contactar al usuario y hacerle llegar dicha informaci\u00f3n.<\/li>\n<li>Para actualizar al usuario sobre desarrollos, noticias o cambios que pudieran serle relevantes en relaci\u00f3n a la informaci\u00f3n solicitada o a su \u00e1rea de inter\u00e9s.<\/li>\n<\/ul>\n<\/li>\n<li>En el caso de facilitar sus datos para solicitar un informe de an\u00e1lisis econ\u00f3mico de un DFR:\n<ul>\n<li>Los datos econ\u00f3micos, operativos y de producto facilitados se utilizan exclusivamente para hacer los c\u00e1lculos que dar\u00e1n lugar al informe, y son autom\u00e1ticamente eliminados con le emisi\u00f3n de \u00e9ste.<\/li>\n<li>Los datos identificativos y de contacto del usuario se utilizan para hacerle llegar el informe y se conservan para actualizarle sobre desarrollos, noticias o cambios que pudieran serle relevantes en relaci\u00f3n a la informaci\u00f3n solicitada o a su \u00e1rea de inter\u00e9s.<\/li>\n<\/ul>\n<\/li>\n<li>En el caso de facilitar sus datos para realizarnos una sugerencia o formular una reclamaci\u00f3n, trataremos sus datos para ponernos en contacto con usted y atender su petici\u00f3n.<\/li>\n<li>En el caso de facilitar sus datos para solicitar la suscripci\u00f3n a boletines electr\u00f3nicos trataremos sus datos para el env\u00edo de comunicaciones y novedades basadas en los intereses que nos haya manifestado en el formulario de suscripci\u00f3n.<\/li>\n<li>En el caso de facilitar sus datos y aceptar el env\u00edo de comunicaciones comerciales trataremos sus datos para enviarle informaci\u00f3n y publicidad, incluso por v\u00eda electr\u00f3nica, sobre ofertas, productos, recomendaciones y servicios de INPROSY.<\/li>\n<\/ul>\n<\/li>\n<\/ul>\n<p><strong>\u00bfPor cu\u00e1nto tiempo conservaremos sus datos personales?<\/strong><\/p>\n<p>Los datos personales proporcionados se conservar\u00e1n por el plazo determinado con base en los siguientes criterios: (i) obligaci\u00f3n legal de conservaci\u00f3n; y, (ii) solicitud de supresi\u00f3n por parte del interesado en los supuestos en los que proceda.<\/p>\n<p><strong>\u00bfCu\u00e1l es la legitimaci\u00f3n para el tratamiento de sus datos?<\/strong><\/p>\n<p>La base legal para el tratamiento de sus datos con las finalidades incluidas en el apartado\u00a0\u201c<strong>\u00bfCon qu\u00e9 finalidad tratamos sus datos personales?<\/strong>\u201d\u00a0se detallan a continuaci\u00f3n:<\/p>\n<ul>\n<li>Respecto a la navegaci\u00f3n y uso de nuestro sitio web, es el consentimiento que haya otorgado el usuario en el panel de cookies.<\/li>\n<li>Respecto a las solicitudes de informaci\u00f3n, emisi\u00f3n del informe de rendimiento de un DFR, realizaci\u00f3n de sugerencias o formulaci\u00f3n de reclamaciones, la base legitimadora es el consentimiento del usuario al facilitar sus datos como contacto para atender su petici\u00f3n.<\/li>\n<li>Respecto a la suscripci\u00f3n a boletines electr\u00f3nicos, la base legitimadora es el consentimiento del interesado al facilitar sus datos en la solicitud realizada.<\/li>\n<li>Respecto al env\u00edo de comunicaciones comerciales la base legitimadora es el consentimiento del interesado para el env\u00edo de informaci\u00f3n y publicidad, incluso por v\u00eda electr\u00f3nica, sobre ofertas, productos, recomendaciones y servicios de INPROSY.<\/li>\n<\/ul>\n<p><strong>\u00bfA qu\u00e9 destinatarios se comunicar\u00e1n sus datos?<\/strong><\/p>\n<p>INPROSY podr\u00e1 comunicar sus datos exclusivamente para las finalidades indicadas en el apartado \u201c\u00bfCon qu\u00e9 finalidad tratamos sus datos personales?\u201d, a los siguientes destinatarios:<\/p>\n<ul>\n<li>A las distintas entidades del Grupo INPROSY para la adecuada prestaci\u00f3n del servicio.<\/li>\n<li>A terceras personas o empresas con las que se llegue a acuerdos de colaboraci\u00f3n para la prestaci\u00f3n de servicios solicitados por el cliente.<\/li>\n<li>A autoridades, reguladores u \u00f3rganos gubernamentales en aquellos supuestos exigidos por la ley, la normativa local o en cumplimiento de obligaciones regulatorias.<\/li>\n<\/ul>\n<p>En el marco de dichas comunicaciones, podr\u00e1n realizarse transferencias internacionales de datos a terceros pa\u00edses. Dichas transferencias se realizar\u00e1n a pa\u00edses donde no exista una decisi\u00f3n de adecuaci\u00f3n de la Comisi\u00f3n Europea \u00fanicamente cuando sean imprescindibles para el cumplimiento de las finalidades indicadas.<\/p>\n<p><strong>\u00bfCu\u00e1les son sus derechos cuando nos facilita sus datos?<\/strong><\/p>\n<p>En los t\u00e9rminos y con el alcance establecido en la normativa vigente, cualquier persona puede ejercer los siguientes derechos:<\/p>\n<ul>\n<li>Acceso: Conocer qu\u00e9 datos personales suyos tiene INPROSY.<\/li>\n<li>Rectificaci\u00f3n: Solicitar la rectificaci\u00f3n de sus datos inexactos.<\/li>\n<li>Supresi\u00f3n: Solicitar la supresi\u00f3n de sus datos cuando, entre otros motivos, ya no sean necesarios para los fines para los que fueron recogidos.<\/li>\n<li>Limitaci\u00f3n del tratamiento: Solicitar que suspendamos el tratamiento de sus datos, si, por ejemplo, los datos son inexactos o el tratamiento es il\u00edcito, pudiendo no obstante ser tratados para el ejercicio o la defensa de posibles reclamaciones, la protecci\u00f3n de los derechos de otra persona o por razones de inter\u00e9s p\u00fablico.<\/li>\n<li>Oposici\u00f3n: Oponerse al tratamiento de sus datos, salvo cuando sean necesarios para, entre otros motivos, el desarrollo de la relaci\u00f3n contractual, en caso de que la hubiera, o para el ejercicio o la defensa de posibles reclamaciones.<\/li>\n<\/ul>\n<p>Le recordamos que tambi\u00e9n puede, en cualquier momento, revocar el consentimiento prestado para el tratamiento de sus datos, en su caso.<\/p>\n<p>Los anteriores derechos pueden ejercerse directamente por el titular de los datos o mediante representante legal o voluntario, a trav\u00e9s de comunicaci\u00f3n escrita y dirigida a Departamento de Protecci\u00f3n de datos; INNOVATIVE PRODUCTION SYSTEMS, S.L., C\/ Miquel Servet, 2; 08243 Manresa (Barcelona \u2013 Espa\u00f1a).<\/p>\n<p>Adicionalmente, le informamos de que puede presentar una reclamaci\u00f3n ante la Agencia Espa\u00f1ola de Protecci\u00f3n de Datos, cuando considere que no hemos tratado sus datos de acuerdo con la normativa, a trav\u00e9s de la p\u00e1gina web habilitada a tales efectos por la Autoridad de Control correspondiente.<\/p>\n<h5><strong>RESPONSABILIDADES<\/strong><\/h5>\n<p>INNOVATIVE PRODUCTION SYSTEMS, S.L. declina cualquier responsabilidad respecto a la informaci\u00f3n de esta web procedente de fuentes ajenas a INPROSY, as\u00ed como de los contenidos no elaborados por la misma.<\/p>\n<p>La funci\u00f3n de los links (enlaces) que aparecen en esta p\u00e1gina es exclusivamente la de informar al usuario sobre los datos de contacto de los colaboradores de INPROSY o sobre la existencia de otras fuentes de informaci\u00f3n sobre las materias de la p\u00e1gina en Internet, donde podr\u00e1 ampliar los datos ofrecidos en este web. INNOVATIVE PRODUCTION SYSTEMS, S.L. no ser\u00e1 en ning\u00fan caso responsable del resultado obtenido a trav\u00e9s de dichos enlaces hipertextuales.<\/p>\n<\/div><\/div><\/div><\/div><\/div><\/div><\/div><\/section>\n","protected":false},"excerpt":{"rendered":"Pol\u00edtica de privacidad y tratamiento de datos personales INNOVATIVE PRODUCTION SYSTEMS, S.L., en adelante INPROSY, con domicilio en C\/ Miquel Servet, 2, 08243 Manresa (Barcelona \/ Espa\u00f1a), es titular de este sitio Web, y responsable de los datos de car\u00e1cter personal suministrados por los usuarios a trav\u00e9s de este sitio Web. El usuario queda informado...","protected":false},"author":1,"featured_media":0,"parent":0,"menu_order":100,"comment_status":"closed","ping_status":"closed","template":"","meta":{"_acf_changed":false,"footnotes":""},"class_list":["post-15006","page","type-page","status-publish","hentry"],"acf":[],"yoast_head":"<!-- This site is optimized with the Yoast SEO plugin v27.3 - https:\/\/yoast.com\/product\/yoast-seo-wordpress\/ -->\n<title>Pol\u00edtica de privacidad &#8211; Inprosy<\/title>\n<meta name=\"robots\" content=\"noindex, follow\" \/>\n<meta property=\"og:locale\" content=\"es_ES\" \/>\n<meta property=\"og:type\" content=\"article\" \/>\n<meta property=\"og:title\" content=\"Pol\u00edtica de privacidad &#8211; Inprosy\" \/>\n<meta property=\"og:url\" content=\"https:\/\/inprosy.com\/es\/politica-de-privacidad\/\" \/>\n<meta property=\"og:site_name\" content=\"Inprosy\" \/>\n<meta property=\"article:modified_time\" content=\"2024-04-29T14:05:08+00:00\" \/>\n<meta property=\"og:image\" content=\"https:\/\/inprosy.com\/wp-content\/uploads\/2017\/07\/logo-header.jpg\" \/>\n\t<meta property=\"og:image:width\" content=\"800\" \/>\n\t<meta property=\"og:image:height\" content=\"156\" \/>\n\t<meta property=\"og:image:type\" content=\"image\/jpeg\" \/>\n<meta name=\"twitter:label1\" content=\"Tiempo de lectura\" \/>\n\t<meta name=\"twitter:data1\" content=\"7 minutos\" \/>\n<script type=\"application\/ld+json\" class=\"yoast-schema-graph\">{\"@context\":\"https:\\\/\\\/schema.org\",\"@graph\":[{\"@type\":\"WebPage\",\"@id\":\"https:\\\/\\\/inprosy.com\\\/es\\\/politica-de-privacidad\\\/\",\"url\":\"https:\\\/\\\/inprosy.com\\\/es\\\/politica-de-privacidad\\\/\",\"name\":\"Pol\u00edtica de privacidad &#8211; Inprosy\",\"isPartOf\":{\"@id\":\"https:\\\/\\\/inprosy.com\\\/es\\\/#website\"},\"datePublished\":\"2021-07-16T09:01:31+00:00\",\"dateModified\":\"2024-04-29T14:05:08+00:00\",\"breadcrumb\":{\"@id\":\"https:\\\/\\\/inprosy.com\\\/es\\\/politica-de-privacidad\\\/#breadcrumb\"},\"inLanguage\":\"es\",\"potentialAction\":[{\"@type\":\"ReadAction\",\"target\":[\"https:\\\/\\\/inprosy.com\\\/es\\\/politica-de-privacidad\\\/\"]}]},{\"@type\":\"BreadcrumbList\",\"@id\":\"https:\\\/\\\/inprosy.com\\\/es\\\/politica-de-privacidad\\\/#breadcrumb\",\"itemListElement\":[{\"@type\":\"ListItem\",\"position\":1,\"name\":\"Portada\",\"item\":\"https:\\\/\\\/inprosy.com\\\/es\\\/\"},{\"@type\":\"ListItem\",\"position\":2,\"name\":\"Pol\u00edtica de privacidad\"}]},{\"@type\":\"WebSite\",\"@id\":\"https:\\\/\\\/inprosy.com\\\/es\\\/#website\",\"url\":\"https:\\\/\\\/inprosy.com\\\/es\\\/\",\"name\":\"Inprosy\",\"description\":\"Soluciones para la gesti\u00f3n de flujos de producci\u00f3n\",\"publisher\":{\"@id\":\"https:\\\/\\\/inprosy.com\\\/es\\\/#organization\"},\"potentialAction\":[{\"@type\":\"SearchAction\",\"target\":{\"@type\":\"EntryPoint\",\"urlTemplate\":\"https:\\\/\\\/inprosy.com\\\/es\\\/?s={search_term_string}\"},\"query-input\":{\"@type\":\"PropertyValueSpecification\",\"valueRequired\":true,\"valueName\":\"search_term_string\"}}],\"inLanguage\":\"es\"},{\"@type\":\"Organization\",\"@id\":\"https:\\\/\\\/inprosy.com\\\/es\\\/#organization\",\"name\":\"Innovate Production Systems, S.L.\",\"alternateName\":\"Inprosy\",\"url\":\"https:\\\/\\\/inprosy.com\\\/es\\\/\",\"logo\":{\"@type\":\"ImageObject\",\"inLanguage\":\"es\",\"@id\":\"https:\\\/\\\/inprosy.com\\\/es\\\/#\\\/schema\\\/logo\\\/image\\\/\",\"url\":\"https:\\\/\\\/inprosy.com\\\/wp-content\\\/uploads\\\/2017\\\/07\\\/logo-header.jpg\",\"contentUrl\":\"https:\\\/\\\/inprosy.com\\\/wp-content\\\/uploads\\\/2017\\\/07\\\/logo-header.jpg\",\"width\":800,\"height\":156,\"caption\":\"Innovate Production Systems, S.L.\"},\"image\":{\"@id\":\"https:\\\/\\\/inprosy.com\\\/es\\\/#\\\/schema\\\/logo\\\/image\\\/\"},\"sameAs\":[\"https:\\\/\\\/www.linkedin.com\\\/company\\\/inprosys\\\/\",\"https:\\\/\\\/www.youtube.com\\\/channel\\\/UCuSsS6ets4VjRxVpkMgS2Mw\"]}]}<\/script>\n<!-- \/ Yoast SEO plugin. -->","yoast_head_json":{"title":"Pol\u00edtica de privacidad &#8211; Inprosy","robots":{"index":"noindex","follow":"follow"},"og_locale":"es_ES","og_type":"article","og_title":"Pol\u00edtica de privacidad &#8211; Inprosy","og_url":"https:\/\/inprosy.com\/es\/politica-de-privacidad\/","og_site_name":"Inprosy","article_modified_time":"2024-04-29T14:05:08+00:00","og_image":[{"width":800,"height":156,"url":"https:\/\/inprosy.com\/wp-content\/uploads\/2017\/07\/logo-header.jpg","type":"image\/jpeg"}],"twitter_misc":{"Tiempo de lectura":"7 minutos"},"schema":{"@context":"https:\/\/schema.org","@graph":[{"@type":"WebPage","@id":"https:\/\/inprosy.com\/es\/politica-de-privacidad\/","url":"https:\/\/inprosy.com\/es\/politica-de-privacidad\/","name":"Pol\u00edtica de privacidad &#8211; Inprosy","isPartOf":{"@id":"https:\/\/inprosy.com\/es\/#website"},"datePublished":"2021-07-16T09:01:31+00:00","dateModified":"2024-04-29T14:05:08+00:00","breadcrumb":{"@id":"https:\/\/inprosy.com\/es\/politica-de-privacidad\/#breadcrumb"},"inLanguage":"es","potentialAction":[{"@type":"ReadAction","target":["https:\/\/inprosy.com\/es\/politica-de-privacidad\/"]}]},{"@type":"BreadcrumbList","@id":"https:\/\/inprosy.com\/es\/politica-de-privacidad\/#breadcrumb","itemListElement":[{"@type":"ListItem","position":1,"name":"Portada","item":"https:\/\/inprosy.com\/es\/"},{"@type":"ListItem","position":2,"name":"Pol\u00edtica de privacidad"}]},{"@type":"WebSite","@id":"https:\/\/inprosy.com\/es\/#website","url":"https:\/\/inprosy.com\/es\/","name":"Inprosy","description":"Soluciones para la gesti\u00f3n de flujos de producci\u00f3n","publisher":{"@id":"https:\/\/inprosy.com\/es\/#organization"},"potentialAction":[{"@type":"SearchAction","target":{"@type":"EntryPoint","urlTemplate":"https:\/\/inprosy.com\/es\/?s={search_term_string}"},"query-input":{"@type":"PropertyValueSpecification","valueRequired":true,"valueName":"search_term_string"}}],"inLanguage":"es"},{"@type":"Organization","@id":"https:\/\/inprosy.com\/es\/#organization","name":"Innovate Production Systems, S.L.","alternateName":"Inprosy","url":"https:\/\/inprosy.com\/es\/","logo":{"@type":"ImageObject","inLanguage":"es","@id":"https:\/\/inprosy.com\/es\/#\/schema\/logo\/image\/","url":"https:\/\/inprosy.com\/wp-content\/uploads\/2017\/07\/logo-header.jpg","contentUrl":"https:\/\/inprosy.com\/wp-content\/uploads\/2017\/07\/logo-header.jpg","width":800,"height":156,"caption":"Innovate Production Systems, S.L."},"image":{"@id":"https:\/\/inprosy.com\/es\/#\/schema\/logo\/image\/"},"sameAs":["https:\/\/www.linkedin.com\/company\/inprosys\/","https:\/\/www.youtube.com\/channel\/UCuSsS6ets4VjRxVpkMgS2Mw"]}]}},"_links":{"self":[{"href":"https:\/\/inprosy.com\/es\/wp-json\/wp\/v2\/pages\/15006","targetHints":{"allow":["GET"]}}],"collection":[{"href":"https:\/\/inprosy.com\/es\/wp-json\/wp\/v2\/pages"}],"about":[{"href":"https:\/\/inprosy.com\/es\/wp-json\/wp\/v2\/types\/page"}],"author":[{"embeddable":true,"href":"https:\/\/inprosy.com\/es\/wp-json\/wp\/v2\/users\/1"}],"replies":[{"embeddable":true,"href":"https:\/\/inprosy.com\/es\/wp-json\/wp\/v2\/comments?post=15006"}],"version-history":[{"count":0,"href":"https:\/\/inprosy.com\/es\/wp-json\/wp\/v2\/pages\/15006\/revisions"}],"wp:attachment":[{"href":"https:\/\/inprosy.com\/es\/wp-json\/wp\/v2\/media?parent=15006"}],"curies":[{"name":"wp","href":"https:\/\/api.w.org\/{rel}","templated":true}]}}