{"id":2292,"date":"2020-05-23T08:26:02","date_gmt":"2020-05-23T06:26:02","guid":{"rendered":"https:\/\/inprosy.com\/?page_id=2292"},"modified":"2020-08-27T16:38:35","modified_gmt":"2020-08-27T14:38:35","slug":"blog","status":"publish","type":"page","link":"https:\/\/inprosy.com\/es\/blog\/","title":{"rendered":"Blog"},"content":{"rendered":"<section class=\"l-section wpb_row height_medium\"><div class=\"l-section-h i-cf\"><div class=\"g-cols vc_row via_flex valign_top type_default stacking_default\"><div class=\"vc_col-sm-12 wpb_column vc_column_container\"><div class=\"vc_column-inner\"><div class=\"wpb_wrapper\"><h1 class=\"w-post-elm post_title entry-title color_link_inherit\">Blog<\/h1><\/div><\/div><\/div><\/div><\/div><\/section><section class=\"l-section wpb_row height_auto\"><div class=\"l-section-h i-cf\"><div class=\"g-cols vc_row via_flex valign_top type_default stacking_default\"><div class=\"vc_col-sm-12 wpb_column vc_column_container\"><div class=\"vc_column-inner\"><div class=\"wpb_wrapper\"><div class=\"w-separator size_small\"><\/div><\/div><\/div><\/div><\/div><\/div><\/section><section class=\"l-section wpb_row height_auto\"><div class=\"l-section-h i-cf\"><div class=\"g-cols vc_row via_flex valign_top type_default stacking_default\"><div class=\"vc_col-sm-12 wpb_column vc_column_container\"><div class=\"vc_column-inner\"><div class=\"wpb_wrapper\"><div class=\"w-grid type_masonry layout_blog_11 cols_2 pagination_infinite preload_style_spinner with_isotope\" id=\"us_grid_1\" style=\"--columns:2;--gap:1.5rem;\" data-filterable=\"true\"><style>@media (max-width:600px){#us_grid_1{--columns:1!important}}.layout_blog_11 .w-grid-item-h{}.layout_blog_11 .usg_post_title_1{font-size:1.4rem!important;font-weight:700!important;margin-bottom:0.5rem!important}.layout_blog_11 .usg_hwrapper_1{color:var(--color-content-faded)!important;font-size:0.9rem!important}.layout_blog_11 .usg_post_taxonomy_1{font-weight:700!important;text-transform:uppercase!important}.layout_blog_11 .usg_post_image_1{margin-top:0.7rem!important}.layout_blog_11 .usg_post_content_1{max-width:600px!important;margin-top:0.8rem!important}@media (max-width:600px){.layout_blog_11 .usg_post_title_1{font-size:1.2rem!important}}<\/style><div class=\"w-grid-list\">\t<article class=\"w-grid-item size_1x1 post-14823 post type-post status-publish format-standard has-post-thumbnail hentry category-actualidad-inprosy\" data-id=\"14823\">\r\n\t\t<div class=\"w-grid-item-h\">\r\n\t\t\t\t\t\t<h2 class=\"w-post-elm post_title usg_post_title_1 entry-title color_link_inherit\"><a href=\"https:\/\/inprosy.com\/es\/los-efectos-de-las-micro-paradas-en-la-productividad-de-una-linea-de-produccion\/\">Los efectos de las micro-paradas en la productividad de una l\u00ednea de producci\u00f3n<\/a><\/h2><div class=\"w-hwrapper usg_hwrapper_1 has_text_color align_none valign_top wrap\"><div class=\"w-post-elm post_taxonomy usg_post_taxonomy_1 style_simple\"><a class=\"term-115 term-actualidad-inprosy\" href=\"https:\/\/inprosy.com\/es\/category\/actualidad-inprosy\/\">Actualidad Inprosy<\/a><\/div><time class=\"w-post-elm post_date usg_post_date_1 entry-date published\" datetime=\"2021-05-18T09:01:29+02:00\" title=\"18 mayo 2021 a las 09:01:29 Europe\/Madrid\">hace 5 a\u00f1os<\/time><\/div><div class=\"w-post-elm post_image usg_post_image_1 stretched\"><a href=\"https:\/\/inprosy.com\/es\/los-efectos-de-las-micro-paradas-en-la-productividad-de-una-linea-de-produccion\/\" aria-label=\"Los efectos de las micro-paradas en la productividad de una l\u00ednea de producci\u00f3n\"><img loading=\"lazy\" decoding=\"async\" width=\"1000\" height=\"600\" src=\"https:\/\/inprosy.com\/wp-content\/uploads\/2021\/05\/taula-inprosy-ESP.jpg\" class=\"attachment-us_600_400_crop size-us_600_400_crop wp-post-image\" alt=\"\" srcset=\"https:\/\/inprosy.com\/wp-content\/uploads\/2021\/05\/taula-inprosy-ESP.jpg 1000w, https:\/\/inprosy.com\/wp-content\/uploads\/2021\/05\/taula-inprosy-ESP-300x180.jpg 300w, https:\/\/inprosy.com\/wp-content\/uploads\/2021\/05\/taula-inprosy-ESP-70x42.jpg 70w\" sizes=\"auto, (max-width: 1000px) 100vw, 1000px\" \/><\/a><\/div><div class=\"w-post-elm post_content usg_post_content_1\">RESUMEN: Las micro-paradas en las l\u00edneas de producci\u00f3n tienen un efecto muy relevante sobre su productividad. Existen sistemas que permiten evitar sus efectos. Durante d\u00e9cadas las plantas de fabricaci\u00f3n se&hellip;<\/div>\t\t<\/div>\r\n\t\t\t<\/article>\r\n\t<article class=\"w-grid-item size_1x1 post-14436 post type-post status-publish format-standard has-post-thumbnail hentry category-actualidad-inprosy\" data-id=\"14436\">\r\n\t\t<div class=\"w-grid-item-h\">\r\n\t\t\t\t\t\t<h2 class=\"w-post-elm post_title usg_post_title_1 entry-title color_link_inherit\"><a href=\"https:\/\/inprosy.com\/es\/instalacion-completa-dfr-hc\/\">Instalaci\u00f3n del DFR-HC completada<\/a><\/h2><div class=\"w-hwrapper usg_hwrapper_1 has_text_color align_none valign_top wrap\"><div class=\"w-post-elm post_taxonomy usg_post_taxonomy_1 style_simple\"><a class=\"term-115 term-actualidad-inprosy\" href=\"https:\/\/inprosy.com\/es\/category\/actualidad-inprosy\/\">Actualidad Inprosy<\/a><\/div><time class=\"w-post-elm post_date usg_post_date_1 entry-date published\" datetime=\"2021-03-05T12:19:40+01:00\" title=\"5 marzo 2021 a las 12:19:40 Europe\/Madrid\">hace 5 a\u00f1os<\/time><\/div><div class=\"w-post-elm post_image usg_post_image_1 stretched\"><a href=\"https:\/\/inprosy.com\/es\/instalacion-completa-dfr-hc\/\" aria-label=\"Instalaci\u00f3n del DFR-HC completada\"><img loading=\"lazy\" decoding=\"async\" width=\"2048\" height=\"1536\" src=\"https:\/\/inprosy.com\/wp-content\/uploads\/2021\/03\/PXL_20210127_174245838-scaled.jpg\" class=\"attachment-us_600_400_crop size-us_600_400_crop wp-post-image\" alt=\"\" srcset=\"https:\/\/inprosy.com\/wp-content\/uploads\/2021\/03\/PXL_20210127_174245838-scaled.jpg 2048w, https:\/\/inprosy.com\/wp-content\/uploads\/2021\/03\/PXL_20210127_174245838-300x225.jpg 300w, https:\/\/inprosy.com\/wp-content\/uploads\/2021\/03\/PXL_20210127_174245838-1024x768.jpg 1024w, https:\/\/inprosy.com\/wp-content\/uploads\/2021\/03\/PXL_20210127_174245838-1536x1152.jpg 1536w, https:\/\/inprosy.com\/wp-content\/uploads\/2021\/03\/PXL_20210127_174245838-70x53.jpg 70w\" sizes=\"auto, (max-width: 2048px) 100vw, 2048px\" \/><\/a><\/div><div class=\"w-post-elm post_content usg_post_content_1\">Inprosy ha finalizado la instalaci\u00f3n y puesta en marcha de un Regulador Din\u00e1mico de Flujo de Alta Capacidad en Madrid. &nbsp; &nbsp;<\/div>\t\t<\/div>\r\n\t\t\t<\/article>\r\n\t<article class=\"w-grid-item size_1x1 post-8377 post type-post status-publish format-standard has-post-thumbnail hentry category-actualidad-inprosy\" data-id=\"8377\">\r\n\t\t<div class=\"w-grid-item-h\">\r\n\t\t\t\t\t\t<h2 class=\"w-post-elm post_title usg_post_title_1 entry-title color_link_inherit\"><a href=\"https:\/\/inprosy.com\/es\/inprosy-durante-el-covid19\/\">Inprosy durante el COVID-19<\/a><\/h2><div class=\"w-hwrapper usg_hwrapper_1 has_text_color align_none valign_top wrap\"><div class=\"w-post-elm post_taxonomy usg_post_taxonomy_1 style_simple\"><a class=\"term-115 term-actualidad-inprosy\" href=\"https:\/\/inprosy.com\/es\/category\/actualidad-inprosy\/\">Actualidad Inprosy<\/a><\/div><time class=\"w-post-elm post_date usg_post_date_1 entry-date published\" datetime=\"2020-06-18T16:49:31+02:00\" title=\"18 junio 2020 a las 16:49:31 Europe\/Madrid\">hace 6 a\u00f1os<\/time><\/div><div class=\"w-post-elm post_image usg_post_image_1 stretched\"><a href=\"https:\/\/inprosy.com\/es\/inprosy-durante-el-covid19\/\" aria-label=\"Inprosy durante el COVID-19\"><img loading=\"lazy\" decoding=\"async\" width=\"380\" height=\"214\" src=\"https:\/\/inprosy.com\/wp-content\/uploads\/2020\/06\/20200602_103215-e1596699166668-380.jpg\" class=\"attachment-us_600_400_crop size-us_600_400_crop wp-post-image\" alt=\"Inprosy\" srcset=\"https:\/\/inprosy.com\/wp-content\/uploads\/2020\/06\/20200602_103215-e1596699166668-380.jpg 380w, https:\/\/inprosy.com\/wp-content\/uploads\/2020\/06\/20200602_103215-e1596699166668-380-300x169.jpg 300w, https:\/\/inprosy.com\/wp-content\/uploads\/2020\/06\/20200602_103215-e1596699166668-380-70x39.jpg 70w\" sizes=\"auto, (max-width: 380px) 100vw, 380px\" \/><\/a><\/div><div class=\"w-post-elm post_content usg_post_content_1\">Desafortunadamente este a\u00f1o 2020 ha sido un a\u00f1o at\u00edpico, en el que nos ha tocado vivir a todos una situaci\u00f3n muy dif\u00edcil, la cual ha golpeado a todos los mercados&hellip;<\/div>\t\t<\/div>\r\n\t\t\t<\/article>\r\n\t<article class=\"w-grid-item size_1x1 post-8373 post type-post status-publish format-standard has-post-thumbnail hentry category-actualidad-inprosy\" data-id=\"8373\">\r\n\t\t<div class=\"w-grid-item-h\">\r\n\t\t\t\t\t\t<h2 class=\"w-post-elm post_title usg_post_title_1 entry-title color_link_inherit\"><a href=\"https:\/\/inprosy.com\/es\/nueva-web\/\">Nueva web<\/a><\/h2><div class=\"w-hwrapper usg_hwrapper_1 has_text_color align_none valign_top wrap\"><div class=\"w-post-elm post_taxonomy usg_post_taxonomy_1 style_simple\"><a class=\"term-115 term-actualidad-inprosy\" href=\"https:\/\/inprosy.com\/es\/category\/actualidad-inprosy\/\">Actualidad Inprosy<\/a><\/div><time class=\"w-post-elm post_date usg_post_date_1 entry-date published\" datetime=\"2020-06-18T16:48:27+02:00\" title=\"18 junio 2020 a las 16:48:27 Europe\/Madrid\">hace 6 a\u00f1os<\/time><\/div><div class=\"w-post-elm post_image usg_post_image_1 stretched\"><a href=\"https:\/\/inprosy.com\/es\/nueva-web\/\" aria-label=\"Nueva web\"><img loading=\"lazy\" decoding=\"async\" width=\"380\" height=\"214\" src=\"https:\/\/inprosy.com\/wp-content\/uploads\/2020\/06\/Introduccion-01-380.jpg\" class=\"attachment-us_600_400_crop size-us_600_400_crop wp-post-image\" alt=\"Inprosy exterior\" srcset=\"https:\/\/inprosy.com\/wp-content\/uploads\/2020\/06\/Introduccion-01-380.jpg 380w, https:\/\/inprosy.com\/wp-content\/uploads\/2020\/06\/Introduccion-01-380-300x169.jpg 300w, https:\/\/inprosy.com\/wp-content\/uploads\/2020\/06\/Introduccion-01-380-70x39.jpg 70w\" sizes=\"auto, (max-width: 380px) 100vw, 380px\" \/><\/a><\/div><div class=\"w-post-elm post_content usg_post_content_1\">Nos complace anunciar que este 13 de julio de 2020 lanzamos la nueva p\u00e1gina web de Inprosy, totalmente remodelada. Con una gran cantidad de contenido actualizado, con mejores im\u00e1genes y&hellip;<\/div>\t\t<\/div>\r\n\t\t\t<\/article>\r\n<\/div><div class=\"w-grid-preloader\">\t<div class=\"g-preloader type_1\">\r\n\t\t<div><\/div>\r\n\t<\/div>\r\n\t<\/div>\t<div class=\"w-grid-json hidden\" onclick='return {&quot;action&quot;:&quot;us_ajax_grid&quot;,&quot;infinite_scroll&quot;:0,&quot;max_num_pages&quot;:1,&quot;pagination&quot;:&quot;infinite&quot;,&quot;template_vars&quot;:{&quot;columns&quot;:&quot;2&quot;,&quot;exclude_items&quot;:&quot;none&quot;,&quot;img_size&quot;:&quot;us_600_400_crop&quot;,&quot;ignore_items_size&quot;:0,&quot;items_layout&quot;:&quot;blog_11&quot;,&quot;items_offset&quot;:&quot;1&quot;,&quot;load_animation&quot;:&quot;none&quot;,&quot;overriding_link&quot;:&quot;{\\&quot;url\\&quot;:\\&quot;\\&quot;}&quot;,&quot;post_id&quot;:0,&quot;query_args&quot;:{&quot;post_type&quot;:[&quot;post&quot;],&quot;post_status&quot;:[&quot;publish&quot;,&quot;acf-disabled&quot;],&quot;posts_per_page&quot;:&quot;8&quot;},&quot;orderby_query_args&quot;:{&quot;orderby&quot;:{&quot;date&quot;:&quot;DESC&quot;}},&quot;type&quot;:&quot;masonry&quot;,&quot;us_grid_post_type&quot;:&quot;post&quot;,&quot;us_grid_ajax_index&quot;:1,&quot;us_grid_filter_query_string&quot;:null,&quot;us_grid_index&quot;:1,&quot;page_args&quot;:[]}}'><\/div>\r\n\t<\/div><\/div><\/div><\/div><\/div><\/div><\/section>\n","protected":false},"excerpt":{"rendered":"Nos complace anunciar que este 13 de julio de 2020 lanzamos la nueva p\u00e1gina web de Inprosy, totalmente remodelada. Con una gran cantidad de contenido actualizado, con mejores im\u00e1genes y experiencias con el objetivo de ofrecer a nuestros clientes, claridad, transparencia y detalles de toda nuestra gama de productos. La web ha sido dividida en...","protected":false},"author":1,"featured_media":0,"parent":0,"menu_order":29,"comment_status":"closed","ping_status":"closed","template":"","meta":{"_acf_changed":false,"footnotes":""},"class_list":["post-2292","page","type-page","status-publish","hentry"],"acf":[],"yoast_head":"<!-- This site is optimized with the Yoast SEO plugin v27.4 - https:\/\/yoast.com\/product\/yoast-seo-wordpress\/ -->\n<title>Blog &#8211; Inprosy<\/title>\n<meta name=\"description\" content=\"Blog dedicado al mundo de la eficiencia industrial y la mejora en la gesti\u00f3n de flujos de la producci\u00f3n. \u00a1Desc\u00fabrelo!\" \/>\n<meta name=\"robots\" content=\"index, follow, max-snippet:-1, max-image-preview:large, max-video-preview:-1\" \/>\n<link rel=\"canonical\" href=\"https:\/\/inprosy.com\/es\/blog\/\" \/>\n<meta property=\"og:locale\" content=\"es_ES\" \/>\n<meta property=\"og:type\" content=\"article\" \/>\n<meta property=\"og:title\" content=\"Blog &#8211; Inprosy\" \/>\n<meta property=\"og:description\" content=\"Blog dedicado al mundo de la eficiencia industrial y la mejora en la gesti\u00f3n de flujos de la producci\u00f3n. \u00a1Desc\u00fabrelo!\" \/>\n<meta property=\"og:url\" content=\"https:\/\/inprosy.com\/es\/blog\/\" \/>\n<meta property=\"og:site_name\" content=\"Inprosy\" \/>\n<meta property=\"article:modified_time\" content=\"2020-08-27T14:38:35+00:00\" \/>\n<meta property=\"og:image\" content=\"https:\/\/inprosy.com\/wp-content\/uploads\/2017\/07\/logo-header.jpg\" \/>\n\t<meta property=\"og:image:width\" content=\"800\" \/>\n\t<meta property=\"og:image:height\" content=\"156\" \/>\n\t<meta property=\"og:image:type\" content=\"image\/jpeg\" \/>\n<script type=\"application\/ld+json\" class=\"yoast-schema-graph\">{\"@context\":\"https:\\\/\\\/schema.org\",\"@graph\":[{\"@type\":\"WebPage\",\"@id\":\"https:\\\/\\\/inprosy.com\\\/es\\\/blog\\\/\",\"url\":\"https:\\\/\\\/inprosy.com\\\/es\\\/blog\\\/\",\"name\":\"Blog &#8211; Inprosy\",\"isPartOf\":{\"@id\":\"https:\\\/\\\/inprosy.com\\\/es\\\/#website\"},\"datePublished\":\"2020-05-23T06:26:02+00:00\",\"dateModified\":\"2020-08-27T14:38:35+00:00\",\"description\":\"Blog dedicado al mundo de la eficiencia industrial y la mejora en la gesti\u00f3n de flujos de la producci\u00f3n. \u00a1Desc\u00fabrelo!\",\"breadcrumb\":{\"@id\":\"https:\\\/\\\/inprosy.com\\\/es\\\/blog\\\/#breadcrumb\"},\"inLanguage\":\"es\",\"potentialAction\":[{\"@type\":\"ReadAction\",\"target\":[\"https:\\\/\\\/inprosy.com\\\/es\\\/blog\\\/\"]}]},{\"@type\":\"BreadcrumbList\",\"@id\":\"https:\\\/\\\/inprosy.com\\\/es\\\/blog\\\/#breadcrumb\",\"itemListElement\":[{\"@type\":\"ListItem\",\"position\":1,\"name\":\"Portada\",\"item\":\"https:\\\/\\\/inprosy.com\\\/es\\\/\"},{\"@type\":\"ListItem\",\"position\":2,\"name\":\"Blog\"}]},{\"@type\":\"WebSite\",\"@id\":\"https:\\\/\\\/inprosy.com\\\/es\\\/#website\",\"url\":\"https:\\\/\\\/inprosy.com\\\/es\\\/\",\"name\":\"Inprosy\",\"description\":\"Soluciones para la gesti\u00f3n de flujos de producci\u00f3n\",\"publisher\":{\"@id\":\"https:\\\/\\\/inprosy.com\\\/es\\\/#organization\"},\"potentialAction\":[{\"@type\":\"SearchAction\",\"target\":{\"@type\":\"EntryPoint\",\"urlTemplate\":\"https:\\\/\\\/inprosy.com\\\/es\\\/?s={search_term_string}\"},\"query-input\":{\"@type\":\"PropertyValueSpecification\",\"valueRequired\":true,\"valueName\":\"search_term_string\"}}],\"inLanguage\":\"es\"},{\"@type\":\"Organization\",\"@id\":\"https:\\\/\\\/inprosy.com\\\/es\\\/#organization\",\"name\":\"Innovate Production Systems, S.L.\",\"alternateName\":\"Inprosy\",\"url\":\"https:\\\/\\\/inprosy.com\\\/es\\\/\",\"logo\":{\"@type\":\"ImageObject\",\"inLanguage\":\"es\",\"@id\":\"https:\\\/\\\/inprosy.com\\\/es\\\/#\\\/schema\\\/logo\\\/image\\\/\",\"url\":\"https:\\\/\\\/inprosy.com\\\/wp-content\\\/uploads\\\/2017\\\/07\\\/logo-header.jpg\",\"contentUrl\":\"https:\\\/\\\/inprosy.com\\\/wp-content\\\/uploads\\\/2017\\\/07\\\/logo-header.jpg\",\"width\":800,\"height\":156,\"caption\":\"Innovate Production Systems, S.L.\"},\"image\":{\"@id\":\"https:\\\/\\\/inprosy.com\\\/es\\\/#\\\/schema\\\/logo\\\/image\\\/\"},\"sameAs\":[\"https:\\\/\\\/www.linkedin.com\\\/company\\\/inprosys\\\/\",\"https:\\\/\\\/www.youtube.com\\\/channel\\\/UCuSsS6ets4VjRxVpkMgS2Mw\"]}]}<\/script>\n<!-- \/ Yoast SEO plugin. -->","yoast_head_json":{"title":"Blog &#8211; Inprosy","description":"Blog dedicado al mundo de la eficiencia industrial y la mejora en la gesti\u00f3n de flujos de la producci\u00f3n. \u00a1Desc\u00fabrelo!","robots":{"index":"index","follow":"follow","max-snippet":"max-snippet:-1","max-image-preview":"max-image-preview:large","max-video-preview":"max-video-preview:-1"},"canonical":"https:\/\/inprosy.com\/es\/blog\/","og_locale":"es_ES","og_type":"article","og_title":"Blog &#8211; Inprosy","og_description":"Blog dedicado al mundo de la eficiencia industrial y la mejora en la gesti\u00f3n de flujos de la producci\u00f3n. \u00a1Desc\u00fabrelo!","og_url":"https:\/\/inprosy.com\/es\/blog\/","og_site_name":"Inprosy","article_modified_time":"2020-08-27T14:38:35+00:00","og_image":[{"width":800,"height":156,"url":"https:\/\/inprosy.com\/wp-content\/uploads\/2017\/07\/logo-header.jpg","type":"image\/jpeg"}],"schema":{"@context":"https:\/\/schema.org","@graph":[{"@type":"WebPage","@id":"https:\/\/inprosy.com\/es\/blog\/","url":"https:\/\/inprosy.com\/es\/blog\/","name":"Blog &#8211; Inprosy","isPartOf":{"@id":"https:\/\/inprosy.com\/es\/#website"},"datePublished":"2020-05-23T06:26:02+00:00","dateModified":"2020-08-27T14:38:35+00:00","description":"Blog dedicado al mundo de la eficiencia industrial y la mejora en la gesti\u00f3n de flujos de la producci\u00f3n. \u00a1Desc\u00fabrelo!","breadcrumb":{"@id":"https:\/\/inprosy.com\/es\/blog\/#breadcrumb"},"inLanguage":"es","potentialAction":[{"@type":"ReadAction","target":["https:\/\/inprosy.com\/es\/blog\/"]}]},{"@type":"BreadcrumbList","@id":"https:\/\/inprosy.com\/es\/blog\/#breadcrumb","itemListElement":[{"@type":"ListItem","position":1,"name":"Portada","item":"https:\/\/inprosy.com\/es\/"},{"@type":"ListItem","position":2,"name":"Blog"}]},{"@type":"WebSite","@id":"https:\/\/inprosy.com\/es\/#website","url":"https:\/\/inprosy.com\/es\/","name":"Inprosy","description":"Soluciones para la gesti\u00f3n de flujos de producci\u00f3n","publisher":{"@id":"https:\/\/inprosy.com\/es\/#organization"},"potentialAction":[{"@type":"SearchAction","target":{"@type":"EntryPoint","urlTemplate":"https:\/\/inprosy.com\/es\/?s={search_term_string}"},"query-input":{"@type":"PropertyValueSpecification","valueRequired":true,"valueName":"search_term_string"}}],"inLanguage":"es"},{"@type":"Organization","@id":"https:\/\/inprosy.com\/es\/#organization","name":"Innovate Production Systems, S.L.","alternateName":"Inprosy","url":"https:\/\/inprosy.com\/es\/","logo":{"@type":"ImageObject","inLanguage":"es","@id":"https:\/\/inprosy.com\/es\/#\/schema\/logo\/image\/","url":"https:\/\/inprosy.com\/wp-content\/uploads\/2017\/07\/logo-header.jpg","contentUrl":"https:\/\/inprosy.com\/wp-content\/uploads\/2017\/07\/logo-header.jpg","width":800,"height":156,"caption":"Innovate Production Systems, S.L."},"image":{"@id":"https:\/\/inprosy.com\/es\/#\/schema\/logo\/image\/"},"sameAs":["https:\/\/www.linkedin.com\/company\/inprosys\/","https:\/\/www.youtube.com\/channel\/UCuSsS6ets4VjRxVpkMgS2Mw"]}]}},"_links":{"self":[{"href":"https:\/\/inprosy.com\/es\/wp-json\/wp\/v2\/pages\/2292","targetHints":{"allow":["GET"]}}],"collection":[{"href":"https:\/\/inprosy.com\/es\/wp-json\/wp\/v2\/pages"}],"about":[{"href":"https:\/\/inprosy.com\/es\/wp-json\/wp\/v2\/types\/page"}],"author":[{"embeddable":true,"href":"https:\/\/inprosy.com\/es\/wp-json\/wp\/v2\/users\/1"}],"replies":[{"embeddable":true,"href":"https:\/\/inprosy.com\/es\/wp-json\/wp\/v2\/comments?post=2292"}],"version-history":[{"count":0,"href":"https:\/\/inprosy.com\/es\/wp-json\/wp\/v2\/pages\/2292\/revisions"}],"wp:attachment":[{"href":"https:\/\/inprosy.com\/es\/wp-json\/wp\/v2\/media?parent=2292"}],"curies":[{"name":"wp","href":"https:\/\/api.w.org\/{rel}","templated":true}]}}