{"id":3466,"date":"2020-05-23T15:54:02","date_gmt":"2020-05-23T13:54:02","guid":{"rendered":"https:\/\/inprosy.com\/?page_id=3466"},"modified":"2020-07-03T10:54:21","modified_gmt":"2020-07-03T08:54:21","slug":"por-funcion","status":"publish","type":"page","link":"https:\/\/inprosy.com\/es\/por-funcion\/","title":{"rendered":"Por funci\u00f3n"},"content":{"rendered":"<section class=\"l-section wpb_row height_medium\"><div class=\"l-section-h i-cf\"><div class=\"g-cols vc_row via_flex valign_top type_default stacking_default\"><div class=\"vc_col-sm-12 wpb_column vc_column_container\"><div class=\"vc_column-inner\"><div class=\"wpb_wrapper\"><nav class=\"g-breadcrumbs us_custom_11861369 separator_icon align_none\" itemscope itemtype=\"http:\/\/schema.org\/BreadcrumbList\"><div class=\"g-breadcrumbs-item\" itemscope itemprop=\"itemListElement\" itemtype=\"http:\/\/schema.org\/ListItem\"><a itemprop=\"item\" href=\"https:\/\/inprosy.com\/es\/\"><span itemprop=\"name\">Inicio<\/span><\/a><meta itemprop=\"position\" content=\"1\"\/><\/div><div class=\"g-breadcrumbs-separator\"><i class=\"far fa-angle-right\"><\/i><\/div><div class=\"g-breadcrumbs-item\">P\u00e1ginas<\/div><\/nav><div class=\"w-separator size_small\"><\/div><h1 class=\"w-post-elm post_title entry-title color_link_inherit\">Por funci\u00f3n<\/h1><div class=\"w-separator size_small\"><\/div><div class=\"w-grid with_filters type_grid layout_7608 cols_4 valign_center preload_style_spinner\" id=\"us_grid_1\" style=\"--columns:4;--gap:1.2rem;\"><style>@media (max-width:1024px){#us_grid_1{--columns:2!important}}@media (max-width:600px){#us_grid_1{--columns:1!important}}.layout_7608 .w-grid-item-h{}.layout_7608 .usg_post_image_1{transition-duration:0.3s;transform-origin:50% 50%;transform:scale(1) translate(0%,0%)}.layout_7608 .w-grid-item-h:focus-within .usg_post_image_1,.layout_7608 .w-grid-item-h:hover .usg_post_image_1{transform:scale(0.95) translate(0%,0%);opacity:0.6}.layout_7608 .usg_post_image_1{margin-bottom:0.5rem!important}.layout_7608 .usg_post_title_1{min-height:5rem!important}<\/style><div class=\"g-filters style_1 align_center\"><button class=\"g-filters-item active\" data-taxonomy=\"*\"><span>Todo<\/span><\/button><button class=\"g-filters-item\" data-taxonomy=\"funcion-acceder\" data-amount=\"3\"><span>Acceder<\/span><span class=\"g-filters-item-amount\">3<\/span><\/button><button class=\"g-filters-item\" data-taxonomy=\"funcion-acumular\" data-amount=\"3\"><span>Acumular<\/span><span class=\"g-filters-item-amount\">3<\/span><\/button><button class=\"g-filters-item\" data-taxonomy=\"funcion-elevar-descender\" data-amount=\"4\"><span>Elevar \/ Descender<\/span><span class=\"g-filters-item-amount\">4<\/span><\/button><button class=\"g-filters-item\" data-taxonomy=\"funcion-regular\" data-amount=\"4\"><span>Regular<\/span><span class=\"g-filters-item-amount\">4<\/span><\/button><button class=\"g-filters-item\" data-taxonomy=\"funcion-transportar\" data-amount=\"2\"><span>Transportar<\/span><span class=\"g-filters-item-amount\">2<\/span><\/button><button class=\"g-filters-item\" data-taxonomy=\"funcion-unificar-dividir\" data-amount=\"1\"><span>Unificar<\/span><span class=\"g-filters-item-amount\">1<\/span><\/button><button class=\"g-filters-item\" data-taxonomy=\"funcion-voltear\" data-amount=\"1\"><span>Voltear<\/span><span class=\"g-filters-item-amount\">1<\/span><\/button><\/div><div class=\"w-grid-list\" data-filter_taxonomy_name=\"us_portfolio_category\" data-filter_default_taxonomies=\"funcion_regular,funcion-acceder,funcion-acumular,funcion-elevar-descender,funcion-regular,funcion-transportar,funcion-unificar-dividir,funcion-voltear\">\t<article class=\"w-grid-item size_1x1 post-14225 us_portfolio type-us_portfolio status-publish has-post-thumbnail hentry us_portfolio_category-funcion-acumular us_portfolio_category-regulador-dinamico-de-flujo us_portfolio_category-funcion-regular\" data-id=\"14225\">\r\n\t\t<div class=\"w-grid-item-h\">\r\n\t\t\t\t\t\t\t<a href=\"https:\/\/inprosy.com\/es\/regulador-dinamico-flujo\/\" class=\"w-grid-item-anchor\" aria-label=\"Regulador Din\u00e1mico de Flujo\"><\/a>\r\n\t\t\t\t\t\t<div class=\"w-post-elm post_image usg_post_image_1\"><img loading=\"lazy\" decoding=\"async\" width=\"720\" height=\"720\" src=\"https:\/\/inprosy.com\/wp-content\/uploads\/2020\/05\/DFR-HC-n.png\" class=\"attachment- size- wp-post-image\" alt=\"Regulador Din\u00e1mico Flujo Alta Capacidad - Inprosy\" srcset=\"https:\/\/inprosy.com\/wp-content\/uploads\/2020\/05\/DFR-HC-n.png 720w, https:\/\/inprosy.com\/wp-content\/uploads\/2020\/05\/DFR-HC-n-300x300.png 300w, https:\/\/inprosy.com\/wp-content\/uploads\/2020\/05\/DFR-HC-n-150x150.png 150w, https:\/\/inprosy.com\/wp-content\/uploads\/2020\/05\/DFR-HC-n-61x61.png 61w\" sizes=\"auto, (max-width: 720px) 100vw, 720px\" \/><\/div><div class=\"w-vwrapper usg_vwrapper_1 align_center valign_top\" style=\"--vwrapper-gap:\"><h6 class=\"w-post-elm post_title usg_post_title_1 align_center entry-title color_link_inherit\">Regulador Din\u00e1mico de Flujo<\/h6><\/div>\t\t<\/div>\r\n\t\t\t<\/article>\r\n\t<article class=\"w-grid-item size_1x1 post-8117 us_portfolio type-us_portfolio status-publish has-post-thumbnail hentry us_portfolio_category-funcion-acumular us_portfolio_category-regulador-dinamico-de-flujo us_portfolio_category-funcion-regular\" data-id=\"8117\">\r\n\t\t<div class=\"w-grid-item-h\">\r\n\t\t\t\t\t\t\t<a href=\"https:\/\/inprosy.com\/es\/regulador-dinamico-de-flujo-multiple\/\" class=\"w-grid-item-anchor\" aria-label=\"Regulador Din\u00e1mico de Flujo M\u00faltiple\"><\/a>\r\n\t\t\t\t\t\t<div class=\"w-post-elm post_image usg_post_image_1\"><img loading=\"lazy\" decoding=\"async\" width=\"271\" height=\"271\" src=\"https:\/\/inprosy.com\/wp-content\/uploads\/2020\/06\/DFR-ML-1-e1595865495422.png\" class=\"attachment- size- wp-post-image\" alt=\"Regulador Din\u00e1mico de Flujo M\u00faltiple - Inprosy\" \/><\/div><div class=\"w-vwrapper usg_vwrapper_1 align_center valign_top\" style=\"--vwrapper-gap:\"><h6 class=\"w-post-elm post_title usg_post_title_1 align_center entry-title color_link_inherit\">Regulador Din\u00e1mico de Flujo M\u00faltiple<\/h6><\/div>\t\t<\/div>\r\n\t\t\t<\/article>\r\n\t<article class=\"w-grid-item size_1x1 post-8121 us_portfolio type-us_portfolio status-publish has-post-thumbnail hentry us_portfolio_category-funcion-acumular us_portfolio_category-regulador-dinamico-de-flujo us_portfolio_category-funcion-regular\" data-id=\"8121\">\r\n\t\t<div class=\"w-grid-item-h\">\r\n\t\t\t\t\t\t\t<a href=\"https:\/\/inprosy.com\/es\/regulador-dinamico-de-flujo-aereo\/\" class=\"w-grid-item-anchor\" aria-label=\"Regulador Din\u00e1mico de Flujo A\u00e9reo\"><\/a>\r\n\t\t\t\t\t\t<div class=\"w-post-elm post_image usg_post_image_1\"><img loading=\"lazy\" decoding=\"async\" width=\"271\" height=\"271\" src=\"https:\/\/inprosy.com\/wp-content\/uploads\/2020\/05\/DFR-R-1-e1595865608753.png\" class=\"attachment- size- wp-post-image\" alt=\"Regulador Din\u00e1mico de Flujo A\u00e9reo - Inprosy\" \/><\/div><div class=\"w-vwrapper usg_vwrapper_1 align_center valign_top\" style=\"--vwrapper-gap:\"><h6 class=\"w-post-elm post_title usg_post_title_1 align_center entry-title color_link_inherit\">Regulador Din\u00e1mico de Flujo A\u00e9reo<\/h6><\/div>\t\t<\/div>\r\n\t\t\t<\/article>\r\n\t<article class=\"w-grid-item size_1x1 post-7999 us_portfolio type-us_portfolio status-publish has-post-thumbnail hentry us_portfolio_category-funcion-acceder us_portfolio_category-funcion-elevar-descender us_portfolio_category-espirales\" data-id=\"7999\">\r\n\t\t<div class=\"w-grid-item-h\">\r\n\t\t\t\t\t\t\t<a href=\"https:\/\/inprosy.com\/es\/espirales-de-elevacion-o-descenso\/\" class=\"w-grid-item-anchor\" aria-label=\"Espirales de elevaci\u00f3n o descenso\"><\/a>\r\n\t\t\t\t\t\t<div class=\"w-post-elm post_image usg_post_image_1\"><img loading=\"lazy\" decoding=\"async\" width=\"271\" height=\"271\" src=\"https:\/\/inprosy.com\/wp-content\/uploads\/2020\/05\/SPI-1-e1595865553610.png\" class=\"attachment- size- wp-post-image\" alt=\"Espirales de elevaci\u00f3n o descenso - Inprosy\" \/><\/div><div class=\"w-vwrapper usg_vwrapper_1 align_center valign_top\" style=\"--vwrapper-gap:\"><h6 class=\"w-post-elm post_title usg_post_title_1 align_center entry-title color_link_inherit\">Espirales de elevaci\u00f3n o descenso<\/h6><\/div>\t\t<\/div>\r\n\t\t\t<\/article>\r\n\t<article class=\"w-grid-item size_1x1 post-8131 us_portfolio type-us_portfolio status-publish has-post-thumbnail hentry us_portfolio_category-funcion-elevar-descender us_portfolio_category-espirales\" data-id=\"8131\">\r\n\t\t<div class=\"w-grid-item-h\">\r\n\t\t\t\t\t\t\t<a href=\"https:\/\/inprosy.com\/es\/espirales-de-elevacion-y-descenso-multiples-canales\/\" class=\"w-grid-item-anchor\" aria-label=\"Espirales de elevaci\u00f3n y descenso m\u00faltiples canales\"><\/a>\r\n\t\t\t\t\t\t<div class=\"w-post-elm post_image usg_post_image_1\"><img loading=\"lazy\" decoding=\"async\" width=\"271\" height=\"271\" src=\"https:\/\/inprosy.com\/wp-content\/uploads\/2020\/05\/SPI-ML-e1595865566913.png\" class=\"attachment- size- wp-post-image\" alt=\"Espirales de elevaci\u00f3n y descenso m\u00faltiples canales - Inprosy\" \/><\/div><div class=\"w-vwrapper usg_vwrapper_1 align_center valign_top\" style=\"--vwrapper-gap:\"><h6 class=\"w-post-elm post_title usg_post_title_1 align_center entry-title color_link_inherit\">Espirales de elevaci\u00f3n y descenso m\u00faltiples canales<\/h6><\/div>\t\t<\/div>\r\n\t\t\t<\/article>\r\n\t<article class=\"w-grid-item size_1x1 post-8139 us_portfolio type-us_portfolio status-publish has-post-thumbnail hentry us_portfolio_category-funcion-elevar-descender us_portfolio_category-espirales\" data-id=\"8139\">\r\n\t\t<div class=\"w-grid-item-h\">\r\n\t\t\t\t\t\t\t<a href=\"https:\/\/inprosy.com\/es\/espirales-de-elevacion-y-descenso-aereos\/\" class=\"w-grid-item-anchor\" aria-label=\"Espirales de elevaci\u00f3n y descenso a\u00e9reos\"><\/a>\r\n\t\t\t\t\t\t<div class=\"w-post-elm post_image usg_post_image_1\"><img loading=\"lazy\" decoding=\"async\" width=\"271\" height=\"271\" src=\"https:\/\/inprosy.com\/wp-content\/uploads\/2020\/06\/SPI-R-1-e1595865480226.png\" class=\"attachment- size- wp-post-image\" alt=\"Espirales de elevaci\u00f3n y descenso a\u00e9reos - Inprosy\" \/><\/div><div class=\"w-vwrapper usg_vwrapper_1 align_center valign_top\" style=\"--vwrapper-gap:\"><h6 class=\"w-post-elm post_title usg_post_title_1 align_center entry-title color_link_inherit\">Espirales de elevaci\u00f3n y descenso a\u00e9reos<\/h6><\/div>\t\t<\/div>\r\n\t\t\t<\/article>\r\n\t<article class=\"w-grid-item size_1x1 post-8003 us_portfolio type-us_portfolio status-publish has-post-thumbnail hentry us_portfolio_category-funcion-regular us_portfolio_category-secuenciadores\" data-id=\"8003\">\r\n\t\t<div class=\"w-grid-item-h\">\r\n\t\t\t\t\t\t\t<a href=\"https:\/\/inprosy.com\/es\/secuenciadores\/\" class=\"w-grid-item-anchor\" aria-label=\"Secuenciadores\"><\/a>\r\n\t\t\t\t\t\t<div class=\"w-post-elm post_image usg_post_image_1\"><img loading=\"lazy\" decoding=\"async\" width=\"271\" height=\"271\" src=\"https:\/\/inprosy.com\/wp-content\/uploads\/2020\/05\/SEQ-1-e1595865579645.png\" class=\"attachment- size- wp-post-image\" alt=\"Secuenciadores - Inprosy\" \/><\/div><div class=\"w-vwrapper usg_vwrapper_1 align_center valign_top\" style=\"--vwrapper-gap:\"><h6 class=\"w-post-elm post_title usg_post_title_1 align_center entry-title color_link_inherit\">Secuenciadores<\/h6><\/div>\t\t<\/div>\r\n\t\t\t<\/article>\r\n\t<article class=\"w-grid-item size_1x1 post-14282 us_portfolio type-us_portfolio status-publish has-post-thumbnail hentry us_portfolio_category-volteadores us_portfolio_category-funcion-voltear\" data-id=\"14282\">\r\n\t\t<div class=\"w-grid-item-h\">\r\n\t\t\t\t\t\t\t<a href=\"https:\/\/inprosy.com\/es\/volteador-de-envases\/\" class=\"w-grid-item-anchor\" aria-label=\"Volteador de envases\"><\/a>\r\n\t\t\t\t\t\t<div class=\"w-post-elm post_image usg_post_image_1\"><img loading=\"lazy\" decoding=\"async\" width=\"271\" height=\"271\" src=\"https:\/\/inprosy.com\/wp-content\/uploads\/2020\/05\/VOL-RI-1-e1595865522527.png\" class=\"attachment- size- wp-post-image\" alt=\"Volteador de envases - Inprosy\" \/><\/div><div class=\"w-vwrapper usg_vwrapper_1 align_center valign_top\" style=\"--vwrapper-gap:\"><h6 class=\"w-post-elm post_title usg_post_title_1 align_center entry-title color_link_inherit\">Volteador de envases<\/h6><\/div>\t\t<\/div>\r\n\t\t\t<\/article>\r\n\t<article class=\"w-grid-item size_1x1 post-13965 us_portfolio type-us_portfolio status-publish has-post-thumbnail hentry us_portfolio_category-transportador us_portfolio_category-funcion-transportar\" data-id=\"13965\">\r\n\t\t<div class=\"w-grid-item-h\">\r\n\t\t\t\t\t\t\t<a href=\"https:\/\/inprosy.com\/es\/transportadores\/\" class=\"w-grid-item-anchor\" aria-label=\"Transportadores y Cintas Transportadoras\"><\/a>\r\n\t\t\t\t\t\t<div class=\"w-post-elm post_image usg_post_image_1\"><img loading=\"lazy\" decoding=\"async\" width=\"271\" height=\"271\" src=\"https:\/\/inprosy.com\/wp-content\/uploads\/2020\/12\/LLC-2.png\" class=\"attachment- size- wp-post-image\" alt=\"\" srcset=\"https:\/\/inprosy.com\/wp-content\/uploads\/2020\/12\/LLC-2.png 271w, https:\/\/inprosy.com\/wp-content\/uploads\/2020\/12\/LLC-2-150x150.png 150w, https:\/\/inprosy.com\/wp-content\/uploads\/2020\/12\/LLC-2-61x61.png 61w\" sizes=\"auto, (max-width: 271px) 100vw, 271px\" \/><\/div><div class=\"w-vwrapper usg_vwrapper_1 align_center valign_top\" style=\"--vwrapper-gap:\"><h6 class=\"w-post-elm post_title usg_post_title_1 align_center entry-title color_link_inherit\">Transportadores y Cintas Transportadoras<\/h6><\/div>\t\t<\/div>\r\n\t\t\t<\/article>\r\n\t<article class=\"w-grid-item size_1x1 post-8012 us_portfolio type-us_portfolio status-publish has-post-thumbnail hentry us_portfolio_category-transportador-de-grandes-longitudes us_portfolio_category-funcion-transportar\" data-id=\"8012\">\r\n\t\t<div class=\"w-grid-item-h\">\r\n\t\t\t\t\t\t\t<a href=\"https:\/\/inprosy.com\/es\/transportadores-de-grandes-longitudes\/\" class=\"w-grid-item-anchor\" aria-label=\"Transportadores de grandes longitudes\"><\/a>\r\n\t\t\t\t\t\t<div class=\"w-post-elm post_image usg_post_image_1\"><img loading=\"lazy\" decoding=\"async\" width=\"271\" height=\"271\" src=\"https:\/\/inprosy.com\/wp-content\/uploads\/2020\/06\/LLC-1b.png\" class=\"attachment- size- wp-post-image\" alt=\"\" srcset=\"https:\/\/inprosy.com\/wp-content\/uploads\/2020\/06\/LLC-1b.png 271w, https:\/\/inprosy.com\/wp-content\/uploads\/2020\/06\/LLC-1b-150x150.png 150w, https:\/\/inprosy.com\/wp-content\/uploads\/2020\/06\/LLC-1b-61x61.png 61w\" sizes=\"auto, (max-width: 271px) 100vw, 271px\" \/><\/div><div class=\"w-vwrapper usg_vwrapper_1 align_center valign_top\" style=\"--vwrapper-gap:\"><h6 class=\"w-post-elm post_title usg_post_title_1 align_center entry-title color_link_inherit\">Transportadores de grandes longitudes<\/h6><\/div>\t\t<\/div>\r\n\t\t\t<\/article>\r\n\t<article class=\"w-grid-item size_1x1 post-8016 us_portfolio type-us_portfolio status-publish has-post-thumbnail hentry us_portfolio_category-unificador-de-lineas us_portfolio_category-funcion-unificar-dividir\" data-id=\"8016\">\r\n\t\t<div class=\"w-grid-item-h\">\r\n\t\t\t\t\t\t\t<a href=\"https:\/\/inprosy.com\/es\/unificador-de-lineas\/\" class=\"w-grid-item-anchor\" aria-label=\"Unificador de l\u00edneas\"><\/a>\r\n\t\t\t\t\t\t<div class=\"w-post-elm post_image usg_post_image_1\"><img loading=\"lazy\" decoding=\"async\" width=\"271\" height=\"271\" src=\"https:\/\/inprosy.com\/wp-content\/uploads\/2020\/05\/UL-1-e1595865533173.png\" class=\"attachment- size- wp-post-image\" alt=\"Unificador de l\u00edneas producci\u00f3n - Inprosy\" \/><\/div><div class=\"w-vwrapper usg_vwrapper_1 align_center valign_top\" style=\"--vwrapper-gap:\"><h6 class=\"w-post-elm post_title usg_post_title_1 align_center entry-title color_link_inherit\">Unificador de l\u00edneas<\/h6><\/div>\t\t<\/div>\r\n\t\t\t<\/article>\r\n\t<article class=\"w-grid-item size_1x1 post-8020 us_portfolio type-us_portfolio status-publish has-post-thumbnail hentry us_portfolio_category-funcion-acceder us_portfolio_category-puerta-telescopica\" data-id=\"8020\">\r\n\t\t<div class=\"w-grid-item-h\">\r\n\t\t\t\t\t\t\t<a href=\"https:\/\/inprosy.com\/es\/puerta-telescopica\/\" class=\"w-grid-item-anchor\" aria-label=\"Puerta telesc\u00f3pica\"><\/a>\r\n\t\t\t\t\t\t<div class=\"w-post-elm post_image usg_post_image_1\"><img loading=\"lazy\" decoding=\"async\" width=\"271\" height=\"271\" src=\"https:\/\/inprosy.com\/wp-content\/uploads\/2020\/05\/TD-1-e1595865542779.png\" class=\"attachment- size- wp-post-image\" alt=\"Puerta telesc\u00f3pica - Inprosy\" \/><\/div><div class=\"w-vwrapper usg_vwrapper_1 align_center valign_top\" style=\"--vwrapper-gap:\"><h6 class=\"w-post-elm post_title usg_post_title_1 align_center entry-title color_link_inherit\">Puerta telesc\u00f3pica<\/h6><\/div>\t\t<\/div>\r\n\t\t\t<\/article>\r\n\t<article class=\"w-grid-item size_1x1 post-8024 us_portfolio type-us_portfolio status-publish has-post-thumbnail hentry us_portfolio_category-funcion-acceder us_portfolio_category-funcion-elevar-descender us_portfolio_category-wedges\" data-id=\"8024\">\r\n\t\t<div class=\"w-grid-item-h\">\r\n\t\t\t\t\t\t\t<a href=\"https:\/\/inprosy.com\/es\/wedges\/\" class=\"w-grid-item-anchor\" aria-label=\"Wedges\"><\/a>\r\n\t\t\t\t\t\t<div class=\"w-post-elm post_image usg_post_image_1\"><img loading=\"lazy\" decoding=\"async\" width=\"271\" height=\"271\" src=\"https:\/\/inprosy.com\/wp-content\/uploads\/2020\/06\/WS-2-e1595865469899.png\" class=\"attachment- size- wp-post-image\" alt=\"Wedges - Inprosy\" \/><\/div><div class=\"w-vwrapper usg_vwrapper_1 align_center valign_top\" style=\"--vwrapper-gap:\"><h6 class=\"w-post-elm post_title usg_post_title_1 align_center entry-title color_link_inherit\">Wedges<\/h6><\/div>\t\t<\/div>\r\n\t\t\t<\/article>\r\n<\/div><div class=\"w-grid-preloader\">\t<div class=\"g-preloader type_1\">\r\n\t\t<div><\/div>\r\n\t<\/div>\r\n\t<\/div>\t<div class=\"w-grid-json hidden\" onclick='return {&quot;action&quot;:&quot;us_ajax_grid&quot;,&quot;infinite_scroll&quot;:0,&quot;max_num_pages&quot;:1,&quot;pagination&quot;:&quot;none&quot;,&quot;template_vars&quot;:{&quot;columns&quot;:&quot;4&quot;,&quot;exclude_items&quot;:&quot;none&quot;,&quot;img_size&quot;:&quot;default&quot;,&quot;ignore_items_size&quot;:0,&quot;items_layout&quot;:&quot;7608&quot;,&quot;items_offset&quot;:&quot;1&quot;,&quot;load_animation&quot;:&quot;none&quot;,&quot;overriding_link&quot;:&quot;%7B%22type%22%3A%22post%22%7D&quot;,&quot;post_id&quot;:0,&quot;query_args&quot;:{&quot;post_type&quot;:[&quot;us_portfolio&quot;],&quot;tax_query&quot;:[{&quot;taxonomy&quot;:&quot;us_portfolio_category&quot;,&quot;field&quot;:&quot;slug&quot;,&quot;terms&quot;:[&quot;funcion_regular&quot;,&quot;funcion-acceder&quot;,&quot;funcion-acumular&quot;,&quot;funcion-elevar-descender&quot;,&quot;funcion-regular&quot;,&quot;funcion-transportar&quot;,&quot;funcion-unificar-dividir&quot;,&quot;funcion-voltear&quot;]}],&quot;post_status&quot;:[&quot;publish&quot;,&quot;acf-disabled&quot;],&quot;posts_per_page&quot;:999},&quot;orderby_query_args&quot;:{&quot;orderby&quot;:{&quot;menu_order&quot;:&quot;ASC&quot;},&quot;order&quot;:&quot;ASC&quot;},&quot;type&quot;:&quot;grid&quot;,&quot;us_grid_post_type&quot;:&quot;us_portfolio&quot;,&quot;us_grid_ajax_index&quot;:1,&quot;us_grid_filter_query_string&quot;:null,&quot;us_grid_index&quot;:1,&quot;page_args&quot;:[]}}'><\/div>\r\n\t<\/div><\/div><\/div><\/div><\/div><\/div><\/section>\n","protected":false},"excerpt":{"rendered":"InicioP\u00e1ginasWedges cajas packs bricks doypacks flowpacks frascos botes bandejas bolsitas botellas Descargar ficha de productoLos \u201cwedges\u201d (WS) son conjuntos de dos transportadores que permiten el traslado de productos en cualquier sentido y orientaci\u00f3n, a partir de su sujeci\u00f3n lateral. FUNCIONAMIENTOBENEFICIOSCARACTER\u00cdSTICAS T\u00c9CNICASFAQ&#8217;SFUNCIONAMIENTOLos \u201cwedges\u201d (WS) Inprosy son conjuntos de dos transportadores que permiten el traslado de productos...","protected":false},"author":1,"featured_media":0,"parent":0,"menu_order":3,"comment_status":"closed","ping_status":"closed","template":"","meta":{"_acf_changed":false,"footnotes":""},"class_list":["post-3466","page","type-page","status-publish","hentry"],"acf":[],"yoast_head":"<!-- This site is optimized with the Yoast SEO plugin v27.4 - https:\/\/yoast.com\/product\/yoast-seo-wordpress\/ -->\n<title>Por funci\u00f3n &#8211; Inprosy<\/title>\n<meta name=\"robots\" content=\"index, follow, max-snippet:-1, max-image-preview:large, max-video-preview:-1\" \/>\n<link rel=\"canonical\" href=\"https:\/\/inprosy.com\/es\/por-funcion\/\" \/>\n<meta property=\"og:locale\" content=\"es_ES\" \/>\n<meta property=\"og:type\" content=\"article\" \/>\n<meta property=\"og:title\" content=\"Por funci\u00f3n &#8211; Inprosy\" \/>\n<meta property=\"og:url\" content=\"https:\/\/inprosy.com\/es\/por-funcion\/\" \/>\n<meta property=\"og:site_name\" content=\"Inprosy\" \/>\n<meta property=\"article:modified_time\" content=\"2020-07-03T08:54:21+00:00\" \/>\n<meta property=\"og:image\" content=\"https:\/\/inprosy.com\/wp-content\/uploads\/2017\/07\/logo-header.jpg\" \/>\n\t<meta property=\"og:image:width\" content=\"800\" \/>\n\t<meta property=\"og:image:height\" content=\"156\" \/>\n\t<meta property=\"og:image:type\" content=\"image\/jpeg\" \/>\n<script type=\"application\/ld+json\" class=\"yoast-schema-graph\">{\"@context\":\"https:\\\/\\\/schema.org\",\"@graph\":[{\"@type\":\"WebPage\",\"@id\":\"https:\\\/\\\/inprosy.com\\\/es\\\/por-funcion\\\/\",\"url\":\"https:\\\/\\\/inprosy.com\\\/es\\\/por-funcion\\\/\",\"name\":\"Por funci\u00f3n &#8211; Inprosy\",\"isPartOf\":{\"@id\":\"https:\\\/\\\/inprosy.com\\\/es\\\/#website\"},\"datePublished\":\"2020-05-23T13:54:02+00:00\",\"dateModified\":\"2020-07-03T08:54:21+00:00\",\"breadcrumb\":{\"@id\":\"https:\\\/\\\/inprosy.com\\\/es\\\/por-funcion\\\/#breadcrumb\"},\"inLanguage\":\"es\",\"potentialAction\":[{\"@type\":\"ReadAction\",\"target\":[\"https:\\\/\\\/inprosy.com\\\/es\\\/por-funcion\\\/\"]}]},{\"@type\":\"BreadcrumbList\",\"@id\":\"https:\\\/\\\/inprosy.com\\\/es\\\/por-funcion\\\/#breadcrumb\",\"itemListElement\":[{\"@type\":\"ListItem\",\"position\":1,\"name\":\"Portada\",\"item\":\"https:\\\/\\\/inprosy.com\\\/es\\\/\"},{\"@type\":\"ListItem\",\"position\":2,\"name\":\"Por funci\u00f3n\"}]},{\"@type\":\"WebSite\",\"@id\":\"https:\\\/\\\/inprosy.com\\\/es\\\/#website\",\"url\":\"https:\\\/\\\/inprosy.com\\\/es\\\/\",\"name\":\"Inprosy\",\"description\":\"Soluciones para la gesti\u00f3n de flujos de producci\u00f3n\",\"publisher\":{\"@id\":\"https:\\\/\\\/inprosy.com\\\/es\\\/#organization\"},\"potentialAction\":[{\"@type\":\"SearchAction\",\"target\":{\"@type\":\"EntryPoint\",\"urlTemplate\":\"https:\\\/\\\/inprosy.com\\\/es\\\/?s={search_term_string}\"},\"query-input\":{\"@type\":\"PropertyValueSpecification\",\"valueRequired\":true,\"valueName\":\"search_term_string\"}}],\"inLanguage\":\"es\"},{\"@type\":\"Organization\",\"@id\":\"https:\\\/\\\/inprosy.com\\\/es\\\/#organization\",\"name\":\"Innovate Production Systems, S.L.\",\"alternateName\":\"Inprosy\",\"url\":\"https:\\\/\\\/inprosy.com\\\/es\\\/\",\"logo\":{\"@type\":\"ImageObject\",\"inLanguage\":\"es\",\"@id\":\"https:\\\/\\\/inprosy.com\\\/es\\\/#\\\/schema\\\/logo\\\/image\\\/\",\"url\":\"https:\\\/\\\/inprosy.com\\\/wp-content\\\/uploads\\\/2017\\\/07\\\/logo-header.jpg\",\"contentUrl\":\"https:\\\/\\\/inprosy.com\\\/wp-content\\\/uploads\\\/2017\\\/07\\\/logo-header.jpg\",\"width\":800,\"height\":156,\"caption\":\"Innovate Production Systems, S.L.\"},\"image\":{\"@id\":\"https:\\\/\\\/inprosy.com\\\/es\\\/#\\\/schema\\\/logo\\\/image\\\/\"},\"sameAs\":[\"https:\\\/\\\/www.linkedin.com\\\/company\\\/inprosys\\\/\",\"https:\\\/\\\/www.youtube.com\\\/channel\\\/UCuSsS6ets4VjRxVpkMgS2Mw\"]}]}<\/script>\n<!-- \/ Yoast SEO plugin. -->","yoast_head_json":{"title":"Por funci\u00f3n &#8211; Inprosy","robots":{"index":"index","follow":"follow","max-snippet":"max-snippet:-1","max-image-preview":"max-image-preview:large","max-video-preview":"max-video-preview:-1"},"canonical":"https:\/\/inprosy.com\/es\/por-funcion\/","og_locale":"es_ES","og_type":"article","og_title":"Por funci\u00f3n &#8211; Inprosy","og_url":"https:\/\/inprosy.com\/es\/por-funcion\/","og_site_name":"Inprosy","article_modified_time":"2020-07-03T08:54:21+00:00","og_image":[{"width":800,"height":156,"url":"https:\/\/inprosy.com\/wp-content\/uploads\/2017\/07\/logo-header.jpg","type":"image\/jpeg"}],"schema":{"@context":"https:\/\/schema.org","@graph":[{"@type":"WebPage","@id":"https:\/\/inprosy.com\/es\/por-funcion\/","url":"https:\/\/inprosy.com\/es\/por-funcion\/","name":"Por funci\u00f3n &#8211; Inprosy","isPartOf":{"@id":"https:\/\/inprosy.com\/es\/#website"},"datePublished":"2020-05-23T13:54:02+00:00","dateModified":"2020-07-03T08:54:21+00:00","breadcrumb":{"@id":"https:\/\/inprosy.com\/es\/por-funcion\/#breadcrumb"},"inLanguage":"es","potentialAction":[{"@type":"ReadAction","target":["https:\/\/inprosy.com\/es\/por-funcion\/"]}]},{"@type":"BreadcrumbList","@id":"https:\/\/inprosy.com\/es\/por-funcion\/#breadcrumb","itemListElement":[{"@type":"ListItem","position":1,"name":"Portada","item":"https:\/\/inprosy.com\/es\/"},{"@type":"ListItem","position":2,"name":"Por funci\u00f3n"}]},{"@type":"WebSite","@id":"https:\/\/inprosy.com\/es\/#website","url":"https:\/\/inprosy.com\/es\/","name":"Inprosy","description":"Soluciones para la gesti\u00f3n de flujos de producci\u00f3n","publisher":{"@id":"https:\/\/inprosy.com\/es\/#organization"},"potentialAction":[{"@type":"SearchAction","target":{"@type":"EntryPoint","urlTemplate":"https:\/\/inprosy.com\/es\/?s={search_term_string}"},"query-input":{"@type":"PropertyValueSpecification","valueRequired":true,"valueName":"search_term_string"}}],"inLanguage":"es"},{"@type":"Organization","@id":"https:\/\/inprosy.com\/es\/#organization","name":"Innovate Production Systems, S.L.","alternateName":"Inprosy","url":"https:\/\/inprosy.com\/es\/","logo":{"@type":"ImageObject","inLanguage":"es","@id":"https:\/\/inprosy.com\/es\/#\/schema\/logo\/image\/","url":"https:\/\/inprosy.com\/wp-content\/uploads\/2017\/07\/logo-header.jpg","contentUrl":"https:\/\/inprosy.com\/wp-content\/uploads\/2017\/07\/logo-header.jpg","width":800,"height":156,"caption":"Innovate Production Systems, S.L."},"image":{"@id":"https:\/\/inprosy.com\/es\/#\/schema\/logo\/image\/"},"sameAs":["https:\/\/www.linkedin.com\/company\/inprosys\/","https:\/\/www.youtube.com\/channel\/UCuSsS6ets4VjRxVpkMgS2Mw"]}]}},"_links":{"self":[{"href":"https:\/\/inprosy.com\/es\/wp-json\/wp\/v2\/pages\/3466","targetHints":{"allow":["GET"]}}],"collection":[{"href":"https:\/\/inprosy.com\/es\/wp-json\/wp\/v2\/pages"}],"about":[{"href":"https:\/\/inprosy.com\/es\/wp-json\/wp\/v2\/types\/page"}],"author":[{"embeddable":true,"href":"https:\/\/inprosy.com\/es\/wp-json\/wp\/v2\/users\/1"}],"replies":[{"embeddable":true,"href":"https:\/\/inprosy.com\/es\/wp-json\/wp\/v2\/comments?post=3466"}],"version-history":[{"count":0,"href":"https:\/\/inprosy.com\/es\/wp-json\/wp\/v2\/pages\/3466\/revisions"}],"wp:attachment":[{"href":"https:\/\/inprosy.com\/es\/wp-json\/wp\/v2\/media?parent=3466"}],"curies":[{"name":"wp","href":"https:\/\/api.w.org\/{rel}","templated":true}]}}