{"id":7845,"date":"2020-06-12T16:03:22","date_gmt":"2020-06-12T14:03:22","guid":{"rendered":"https:\/\/inprosy.com\/?page_id=7845"},"modified":"2020-09-24T16:29:30","modified_gmt":"2020-09-24T14:29:30","slug":"ingenieria","status":"publish","type":"page","link":"https:\/\/inprosy.com\/es\/servicios\/ingenieria\/","title":{"rendered":"Ingenier\u00eda"},"content":{"rendered":"<section class=\"l-section wpb_row height_medium color_secondary\"><div class=\"l-section-h i-cf\"><div class=\"g-cols vc_row via_flex valign_top type_default stacking_default\"><div class=\"vc_col-sm-12 wpb_column vc_column_container\"><div class=\"vc_column-inner\"><div class=\"wpb_wrapper\"><nav class=\"g-breadcrumbs us_custom_11861369 separator_icon align_none\" itemscope itemtype=\"http:\/\/schema.org\/BreadcrumbList\"><div class=\"g-breadcrumbs-item\" itemscope itemprop=\"itemListElement\" itemtype=\"http:\/\/schema.org\/ListItem\"><a itemprop=\"item\" href=\"https:\/\/inprosy.com\/es\/\"><span itemprop=\"name\">Inicio<\/span><\/a><meta itemprop=\"position\" content=\"1\"\/><\/div><div class=\"g-breadcrumbs-separator\"><i class=\"far fa-angle-right\"><\/i><\/div><div class=\"g-breadcrumbs-item\">P\u00e1ginas<\/div><\/nav><div class=\"w-separator size_small\"><\/div><h1 class=\"w-post-elm post_title entry-title color_link_inherit\">Ingenier\u00eda<\/h1><\/div><\/div><\/div><\/div><\/div><\/section><section class=\"l-section wpb_row height_medium\"><div class=\"l-section-h i-cf\"><div class=\"g-cols vc_row via_flex valign_top type_default stacking_default\"><div class=\"vc_col-sm-12 wpb_column vc_column_container\"><div class=\"vc_column-inner\"><div class=\"wpb_wrapper\"><div class=\"w-image align_none\"><div class=\"w-image-h\"><img decoding=\"async\" width=\"1200\" height=\"681\" src=\"https:\/\/inprosy.com\/wp-content\/uploads\/2020\/07\/Ingenieria-03-e1594198156329.jpg\" class=\"attachment-full size-full\" alt=\"\" loading=\"lazy\" srcset=\"https:\/\/inprosy.com\/wp-content\/uploads\/2020\/07\/Ingenieria-03-e1594198156329.jpg 1200w, https:\/\/inprosy.com\/wp-content\/uploads\/2020\/07\/Ingenieria-03-e1594198156329-300x170.jpg 300w, https:\/\/inprosy.com\/wp-content\/uploads\/2020\/07\/Ingenieria-03-e1594198156329-1024x581.jpg 1024w, https:\/\/inprosy.com\/wp-content\/uploads\/2020\/07\/Ingenieria-03-e1594198156329-70x40.jpg 70w\" sizes=\"auto, (max-width: 1200px) 100vw, 1200px\" \/><\/div><\/div><div class=\"w-separator size_medium\"><\/div><div class=\"g-cols wpb_row via_flex valign_top type_default stacking_default\" style=\"--additional-gap:30;\"><div class=\"vc_col-sm-2 wpb_column vc_column_container\"><div class=\"vc_column-inner\"><div class=\"wpb_wrapper\"><\/div><\/div><\/div><div class=\"vc_col-sm-8 wpb_column vc_column_container\"><div class=\"vc_column-inner\"><div class=\"wpb_wrapper\"><div class=\"wpb_text_column\"><div class=\"wpb_wrapper\"><p style=\"text-align: center;\"><strong>Inprosy<\/strong> dispone de un <strong>departamento de Ingenieria propio<\/strong> que no s\u00f3lo realiza las adaptaciones y modificaciones requeridas por los clientes sobre los productos ya existentes, sino que adem\u00e1s desarrolla soluciones nuevas, espec\u00edficamente dirigidas a resolver cada necesidad planteada por los clientes.<\/p>\n<p style=\"text-align: center;\"><strong>El departamento de Ingenier\u00eda<\/strong> es el motor de <strong>Inprosy<\/strong> y es el \u00e1rea por donde empez\u00f3 la empresa cuando, buscando una soluci\u00f3n de <strong>incremento de eficiencia<\/strong> para un cliente, cre\u00f3 el primer <strong>regulador din\u00e1mico de flujo<\/strong>.<\/p>\n<p style=\"text-align: center;\">Desde entonces, <strong>Inprosy<\/strong> ha conservado este esp\u00edritu inicial y sigue buscando la mejor <strong>adaptaci\u00f3n de sus soluciones a las necesidades de sus clientes<\/strong>, ofreciendo sus <strong>servicios de ingenier\u00eda<\/strong> como complemento fundamental a su gama de productos.<\/p>\n<\/div><\/div><\/div><\/div><\/div><div class=\"vc_col-sm-2 wpb_column vc_column_container\"><div class=\"vc_column-inner\"><div class=\"wpb_wrapper\"><\/div><\/div><\/div><\/div><div class=\"w-separator size_medium\"><\/div><div class=\"w-image align_none\"><div class=\"w-image-h\"><img decoding=\"async\" width=\"1200\" height=\"338\" src=\"https:\/\/inprosy.com\/wp-content\/uploads\/2020\/07\/Ingenieria-02.jpg\" class=\"attachment-full size-full\" alt=\"\" loading=\"lazy\" srcset=\"https:\/\/inprosy.com\/wp-content\/uploads\/2020\/07\/Ingenieria-02.jpg 1200w, https:\/\/inprosy.com\/wp-content\/uploads\/2020\/07\/Ingenieria-02-300x85.jpg 300w, https:\/\/inprosy.com\/wp-content\/uploads\/2020\/07\/Ingenieria-02-1024x288.jpg 1024w, https:\/\/inprosy.com\/wp-content\/uploads\/2020\/07\/Ingenieria-02-70x20.jpg 70w\" sizes=\"auto, (max-width: 1200px) 100vw, 1200px\" \/><\/div><\/div><div class=\"w-separator size_medium\"><\/div><div class=\"g-cols wpb_row via_flex valign_top type_default stacking_default\" style=\"--additional-gap:30;\"><div class=\"vc_col-sm-6 wpb_column vc_column_container\"><div class=\"vc_column-inner\"><div class=\"wpb_wrapper\"><div class=\"w-image align_none\"><div class=\"w-image-h\"><img decoding=\"async\" width=\"576\" height=\"384\" src=\"https:\/\/inprosy.com\/wp-content\/uploads\/2020\/07\/Ingenieria-01-1-e1596698337437.jpg\" class=\"attachment-full size-full\" alt=\"\" loading=\"lazy\" \/><\/div><\/div><\/div><\/div><\/div><div class=\"vc_col-sm-6 wpb_column vc_column_container\"><div class=\"vc_column-inner\"><div class=\"wpb_wrapper\"><div class=\"w-image align_none\"><div class=\"w-image-h\"><img decoding=\"async\" width=\"576\" height=\"384\" src=\"https:\/\/inprosy.com\/wp-content\/uploads\/2020\/07\/Ingenieria-04-e1596698288529.jpg\" class=\"attachment-full size-full\" alt=\"\" loading=\"lazy\" \/><\/div><\/div><\/div><\/div><\/div><\/div><\/div><\/div><\/div><\/div><\/div><\/section>\n","protected":false},"excerpt":{"rendered":"InicioP\u00e1ginasIngenier\u00edaInprosy dispone de un departamento de Ingenieria propio que no s\u00f3lo realiza las adaptaciones y modificaciones requeridas por los clientes sobre los productos ya existentes, sino que adem\u00e1s desarrolla soluciones nuevas, espec\u00edficamente dirigidas a resolver cada necesidad planteada por los clientes. El departamento de Ingenier\u00eda es el motor de Inprosy y es el \u00e1rea por...","protected":false},"author":1,"featured_media":0,"parent":7953,"menu_order":18,"comment_status":"closed","ping_status":"closed","template":"","meta":{"_acf_changed":false,"footnotes":""},"class_list":["post-7845","page","type-page","status-publish","hentry"],"acf":[],"yoast_head":"<!-- This site is optimized with the Yoast SEO plugin v27.3 - https:\/\/yoast.com\/product\/yoast-seo-wordpress\/ -->\n<title>Servicios de ingenieria para la mejora de l\u00edneas de producci\u00f3n &#8211; Inprosy<\/title>\n<meta name=\"description\" content=\"Ofrecemos servicios de ingenieria para el desarrollo de soluciones para la optimizaci\u00f3n y mejora de l\u00edneas de producci\u00f3n industrial.\" \/>\n<meta name=\"robots\" content=\"index, follow, max-snippet:-1, max-image-preview:large, max-video-preview:-1\" \/>\n<link rel=\"canonical\" href=\"https:\/\/inprosy.com\/es\/servicios\/ingenieria\/\" \/>\n<meta property=\"og:locale\" content=\"es_ES\" \/>\n<meta property=\"og:type\" content=\"article\" \/>\n<meta property=\"og:title\" content=\"Servicios de ingenieria para la mejora de l\u00edneas de producci\u00f3n &#8211; Inprosy\" \/>\n<meta property=\"og:description\" content=\"Ofrecemos servicios de ingenieria para el desarrollo de soluciones para la optimizaci\u00f3n y mejora de l\u00edneas de producci\u00f3n industrial.\" \/>\n<meta property=\"og:url\" content=\"https:\/\/inprosy.com\/es\/servicios\/ingenieria\/\" \/>\n<meta property=\"og:site_name\" content=\"Inprosy\" \/>\n<meta property=\"article:modified_time\" content=\"2020-09-24T14:29:30+00:00\" \/>\n<meta property=\"og:image\" content=\"https:\/\/inprosy.com\/wp-content\/uploads\/2017\/07\/logo-header.jpg\" \/>\n\t<meta property=\"og:image:width\" content=\"800\" \/>\n\t<meta property=\"og:image:height\" content=\"156\" \/>\n\t<meta property=\"og:image:type\" content=\"image\/jpeg\" \/>\n<meta name=\"twitter:label1\" content=\"Tiempo de lectura\" \/>\n\t<meta name=\"twitter:data1\" content=\"1 minuto\" \/>\n<script type=\"application\/ld+json\" class=\"yoast-schema-graph\">{\"@context\":\"https:\\\/\\\/schema.org\",\"@graph\":[{\"@type\":\"WebPage\",\"@id\":\"https:\\\/\\\/inprosy.com\\\/es\\\/servicios\\\/ingenieria\\\/\",\"url\":\"https:\\\/\\\/inprosy.com\\\/es\\\/servicios\\\/ingenieria\\\/\",\"name\":\"Servicios de ingenieria para la mejora de l\u00edneas de producci\u00f3n &#8211; Inprosy\",\"isPartOf\":{\"@id\":\"https:\\\/\\\/inprosy.com\\\/es\\\/#website\"},\"datePublished\":\"2020-06-12T14:03:22+00:00\",\"dateModified\":\"2020-09-24T14:29:30+00:00\",\"description\":\"Ofrecemos servicios de ingenieria para el desarrollo de soluciones para la optimizaci\u00f3n y mejora de l\u00edneas de producci\u00f3n industrial.\",\"breadcrumb\":{\"@id\":\"https:\\\/\\\/inprosy.com\\\/es\\\/servicios\\\/ingenieria\\\/#breadcrumb\"},\"inLanguage\":\"es\",\"potentialAction\":[{\"@type\":\"ReadAction\",\"target\":[\"https:\\\/\\\/inprosy.com\\\/es\\\/servicios\\\/ingenieria\\\/\"]}]},{\"@type\":\"BreadcrumbList\",\"@id\":\"https:\\\/\\\/inprosy.com\\\/es\\\/servicios\\\/ingenieria\\\/#breadcrumb\",\"itemListElement\":[{\"@type\":\"ListItem\",\"position\":1,\"name\":\"Portada\",\"item\":\"https:\\\/\\\/inprosy.com\\\/es\\\/\"},{\"@type\":\"ListItem\",\"position\":2,\"name\":\"Servicios\",\"item\":\"https:\\\/\\\/inprosy.com\\\/es\\\/servicios\\\/\"},{\"@type\":\"ListItem\",\"position\":3,\"name\":\"Ingenier\u00eda\"}]},{\"@type\":\"WebSite\",\"@id\":\"https:\\\/\\\/inprosy.com\\\/es\\\/#website\",\"url\":\"https:\\\/\\\/inprosy.com\\\/es\\\/\",\"name\":\"Inprosy\",\"description\":\"Soluciones para la gesti\u00f3n de flujos de producci\u00f3n\",\"publisher\":{\"@id\":\"https:\\\/\\\/inprosy.com\\\/es\\\/#organization\"},\"potentialAction\":[{\"@type\":\"SearchAction\",\"target\":{\"@type\":\"EntryPoint\",\"urlTemplate\":\"https:\\\/\\\/inprosy.com\\\/es\\\/?s={search_term_string}\"},\"query-input\":{\"@type\":\"PropertyValueSpecification\",\"valueRequired\":true,\"valueName\":\"search_term_string\"}}],\"inLanguage\":\"es\"},{\"@type\":\"Organization\",\"@id\":\"https:\\\/\\\/inprosy.com\\\/es\\\/#organization\",\"name\":\"Innovate Production Systems, S.L.\",\"alternateName\":\"Inprosy\",\"url\":\"https:\\\/\\\/inprosy.com\\\/es\\\/\",\"logo\":{\"@type\":\"ImageObject\",\"inLanguage\":\"es\",\"@id\":\"https:\\\/\\\/inprosy.com\\\/es\\\/#\\\/schema\\\/logo\\\/image\\\/\",\"url\":\"https:\\\/\\\/inprosy.com\\\/wp-content\\\/uploads\\\/2017\\\/07\\\/logo-header.jpg\",\"contentUrl\":\"https:\\\/\\\/inprosy.com\\\/wp-content\\\/uploads\\\/2017\\\/07\\\/logo-header.jpg\",\"width\":800,\"height\":156,\"caption\":\"Innovate Production Systems, S.L.\"},\"image\":{\"@id\":\"https:\\\/\\\/inprosy.com\\\/es\\\/#\\\/schema\\\/logo\\\/image\\\/\"},\"sameAs\":[\"https:\\\/\\\/www.linkedin.com\\\/company\\\/inprosys\\\/\",\"https:\\\/\\\/www.youtube.com\\\/channel\\\/UCuSsS6ets4VjRxVpkMgS2Mw\"]}]}<\/script>\n<!-- \/ Yoast SEO plugin. -->","yoast_head_json":{"title":"Servicios de ingenieria para la mejora de l\u00edneas de producci\u00f3n &#8211; Inprosy","description":"Ofrecemos servicios de ingenieria para el desarrollo de soluciones para la optimizaci\u00f3n y mejora de l\u00edneas de producci\u00f3n industrial.","robots":{"index":"index","follow":"follow","max-snippet":"max-snippet:-1","max-image-preview":"max-image-preview:large","max-video-preview":"max-video-preview:-1"},"canonical":"https:\/\/inprosy.com\/es\/servicios\/ingenieria\/","og_locale":"es_ES","og_type":"article","og_title":"Servicios de ingenieria para la mejora de l\u00edneas de producci\u00f3n &#8211; Inprosy","og_description":"Ofrecemos servicios de ingenieria para el desarrollo de soluciones para la optimizaci\u00f3n y mejora de l\u00edneas de producci\u00f3n industrial.","og_url":"https:\/\/inprosy.com\/es\/servicios\/ingenieria\/","og_site_name":"Inprosy","article_modified_time":"2020-09-24T14:29:30+00:00","og_image":[{"width":800,"height":156,"url":"https:\/\/inprosy.com\/wp-content\/uploads\/2017\/07\/logo-header.jpg","type":"image\/jpeg"}],"twitter_misc":{"Tiempo de lectura":"1 minuto"},"schema":{"@context":"https:\/\/schema.org","@graph":[{"@type":"WebPage","@id":"https:\/\/inprosy.com\/es\/servicios\/ingenieria\/","url":"https:\/\/inprosy.com\/es\/servicios\/ingenieria\/","name":"Servicios de ingenieria para la mejora de l\u00edneas de producci\u00f3n &#8211; Inprosy","isPartOf":{"@id":"https:\/\/inprosy.com\/es\/#website"},"datePublished":"2020-06-12T14:03:22+00:00","dateModified":"2020-09-24T14:29:30+00:00","description":"Ofrecemos servicios de ingenieria para el desarrollo de soluciones para la optimizaci\u00f3n y mejora de l\u00edneas de producci\u00f3n industrial.","breadcrumb":{"@id":"https:\/\/inprosy.com\/es\/servicios\/ingenieria\/#breadcrumb"},"inLanguage":"es","potentialAction":[{"@type":"ReadAction","target":["https:\/\/inprosy.com\/es\/servicios\/ingenieria\/"]}]},{"@type":"BreadcrumbList","@id":"https:\/\/inprosy.com\/es\/servicios\/ingenieria\/#breadcrumb","itemListElement":[{"@type":"ListItem","position":1,"name":"Portada","item":"https:\/\/inprosy.com\/es\/"},{"@type":"ListItem","position":2,"name":"Servicios","item":"https:\/\/inprosy.com\/es\/servicios\/"},{"@type":"ListItem","position":3,"name":"Ingenier\u00eda"}]},{"@type":"WebSite","@id":"https:\/\/inprosy.com\/es\/#website","url":"https:\/\/inprosy.com\/es\/","name":"Inprosy","description":"Soluciones para la gesti\u00f3n de flujos de producci\u00f3n","publisher":{"@id":"https:\/\/inprosy.com\/es\/#organization"},"potentialAction":[{"@type":"SearchAction","target":{"@type":"EntryPoint","urlTemplate":"https:\/\/inprosy.com\/es\/?s={search_term_string}"},"query-input":{"@type":"PropertyValueSpecification","valueRequired":true,"valueName":"search_term_string"}}],"inLanguage":"es"},{"@type":"Organization","@id":"https:\/\/inprosy.com\/es\/#organization","name":"Innovate Production Systems, S.L.","alternateName":"Inprosy","url":"https:\/\/inprosy.com\/es\/","logo":{"@type":"ImageObject","inLanguage":"es","@id":"https:\/\/inprosy.com\/es\/#\/schema\/logo\/image\/","url":"https:\/\/inprosy.com\/wp-content\/uploads\/2017\/07\/logo-header.jpg","contentUrl":"https:\/\/inprosy.com\/wp-content\/uploads\/2017\/07\/logo-header.jpg","width":800,"height":156,"caption":"Innovate Production Systems, S.L."},"image":{"@id":"https:\/\/inprosy.com\/es\/#\/schema\/logo\/image\/"},"sameAs":["https:\/\/www.linkedin.com\/company\/inprosys\/","https:\/\/www.youtube.com\/channel\/UCuSsS6ets4VjRxVpkMgS2Mw"]}]}},"_links":{"self":[{"href":"https:\/\/inprosy.com\/es\/wp-json\/wp\/v2\/pages\/7845","targetHints":{"allow":["GET"]}}],"collection":[{"href":"https:\/\/inprosy.com\/es\/wp-json\/wp\/v2\/pages"}],"about":[{"href":"https:\/\/inprosy.com\/es\/wp-json\/wp\/v2\/types\/page"}],"author":[{"embeddable":true,"href":"https:\/\/inprosy.com\/es\/wp-json\/wp\/v2\/users\/1"}],"replies":[{"embeddable":true,"href":"https:\/\/inprosy.com\/es\/wp-json\/wp\/v2\/comments?post=7845"}],"version-history":[{"count":0,"href":"https:\/\/inprosy.com\/es\/wp-json\/wp\/v2\/pages\/7845\/revisions"}],"up":[{"embeddable":true,"href":"https:\/\/inprosy.com\/es\/wp-json\/wp\/v2\/pages\/7953"}],"wp:attachment":[{"href":"https:\/\/inprosy.com\/es\/wp-json\/wp\/v2\/media?parent=7845"}],"curies":[{"name":"wp","href":"https:\/\/api.w.org\/{rel}","templated":true}]}}