{"id":7958,"date":"2020-06-17T10:54:12","date_gmt":"2020-06-17T08:54:12","guid":{"rendered":"https:\/\/inprosy.com\/?page_id=7958"},"modified":"2021-02-04T11:13:29","modified_gmt":"2021-02-04T10:13:29","slug":"proyecto-botes-de-plastico","status":"publish","type":"page","link":"https:\/\/inprosy.com\/es\/proyectos\/proyecto-botes-de-plastico\/","title":{"rendered":"Proyecto botes de pl\u00e1stico"},"content":{"rendered":"<section class=\"l-section wpb_row height_medium color_primary\"><div class=\"l-section-h i-cf\"><div class=\"g-cols vc_row via_flex valign_middle type_default stacking_default\"><div class=\"vc_col-sm-10 wpb_column vc_column_container\"><div class=\"vc_column-inner\"><div class=\"wpb_wrapper\"><h1 class=\"w-post-elm post_title entry-title color_link_inherit\">Proyecto botes de pl\u00e1stico<\/h1><\/div><\/div><\/div><div class=\"vc_col-sm-2 wpb_column vc_column_container\"><div class=\"vc_column-inner\"><div class=\"wpb_wrapper\"><div class=\"w-iconbox iconpos_top style_default color_primary align_center no_text no_title icontype_img\"><div class=\"w-iconbox-icon\" style=\"font-size:70px;\"><img loading=\"lazy\" decoding=\"async\" width=\"70\" height=\"61\" src=\"https:\/\/inprosy.com\/wp-content\/uploads\/2020\/06\/picto-botes-b-e1596698447999.png\" class=\"attachment-full size-full\" alt=\"\" \/><\/div><div class=\"w-iconbox-meta\"><\/div><\/div><\/div><\/div><\/div><\/div><\/div><\/section><section class=\"l-section wpb_row height_medium\"><div class=\"l-section-h i-cf\"><div class=\"g-cols vc_row via_flex valign_top type_default stacking_default\"><div class=\"vc_col-sm-12 wpb_column vc_column_container\"><div class=\"vc_column-inner\"><div class=\"wpb_wrapper\"><div class=\"g-cols wpb_row via_flex valign_top type_default stacking_default\"><div class=\"vc_col-sm-9 wpb_column vc_column_container\"><div class=\"vc_column-inner\"><div class=\"wpb_wrapper\"><div class=\"wpb_text_column\"><div class=\"wpb_wrapper\"><h3>Producto<\/h3>\n<p>Botes de pl\u00e1stico de 100 x 25 x 40 mm<\/p>\n<h3>Necesidad existente<\/h3>\n<p>La l\u00ednea de producci\u00f3n del cliente ten\u00eda una eficiencia del 60%. La causa de dicha ineficiencia eran las m\u00faltiples paradas que se produc\u00edan en las diferentes estaciones de la l\u00ednea.<\/p>\n<p>El problema venia agravado por tratarse de una de las dos \u00fanicas l\u00edneas de fabricaci\u00f3n que el cliente ten\u00eda disponibles para dicho producto en todo el mundo. Las dos operaban a cuatro turnos.<\/p>\n<p>El cliente se planteaba como \u00fanica soluci\u00f3n la puesta en marcha de una nueva l\u00ednea de producci\u00f3n. Al no haber espacio disponible, ello implicaba ampliar la nave industrial y multiplicar la inversi\u00f3n necesaria.<\/p>\n<p>El producto era fr\u00e1gil, no admit\u00eda contacto y era propenso a la ca\u00edda desde el transportador. Asimismo, se requer\u00eda mantener estrictamente el FIFO.<\/p>\n<h3>Soluci\u00f3n propuesta<\/h3>\n<p>Se propone al cliente la instalaci\u00f3n de un <a href=\"https:\/\/inprosy.com\/es\/regulador-dinamico-flujo\/\">Regulador Din\u00e1mico de Flujo<\/a> (DFR) que permita acumular producto din\u00e1micamente en los momentos de parada y liberarlo cuando el funcionamiento de la l\u00ednea est\u00e9 restablecido.<\/p>\n<p>Para determinar en qu\u00e9 zona de la l\u00ednea debe ubicarse el DFR y cu\u00e1l es el tiempo de acumulaci\u00f3n requerida, se realizan m\u00faltiples simulaciones del funcionamiento de la l\u00ednea de producci\u00f3n. Se determina que es necesaria una capacidad de acumulaci\u00f3n de 6 minutos, por lo cual se opta por el modelo DFR-MC.<\/p>\n<p>Se espera que el DFR absorba una parte importante de los efectos de las paradas de la l\u00ednea, aumentando su eficiencia y la producci\u00f3n finalmente conseguida.<\/p>\n<h3>Mejoras obtenidas<\/h3>\n<ul>\n<li>Aumento del 18% de la eficiencia de la l\u00ednea de producci\u00f3n.<\/li>\n<li>Aumento de la producci\u00f3n en 11 millones de unidades por a\u00f1o.<\/li>\n<li>Se evita la inversi\u00f3n en ampliaci\u00f3n de capacidad.<\/li>\n<\/ul>\n<h3>Puntos clave<\/h3>\n<p>MEJORA DE EFICIENCIA \u2013 ROI \u2013 AUMENTO DE CAPACIDAD \u2013 RESTRICCIONES DE ESPACIO<\/p>\n<p>*NOTA: por razones de confidencialidad se omiten determinados detalles del proyecto<\/p>\n<\/div><\/div><\/div><\/div><\/div><div class=\"vc_col-sm-3 wpb_column vc_column_container\"><div class=\"vc_column-inner\"><div class=\"wpb_wrapper\"><\/div><\/div><\/div><\/div><\/div><\/div><\/div><\/div><\/div><\/section><section class=\"l-section wpb_row height_medium color_alternate\"><div class=\"l-section-h i-cf\"><div class=\"g-cols vc_row via_flex valign_top type_default stacking_default\"><div class=\"vc_col-sm-12 wpb_column vc_column_container\"><div class=\"vc_column-inner\"><div class=\"wpb_wrapper\"><div class=\"wpb_text_column\"><div class=\"wpb_wrapper\"><h3>Productos utilizados<\/h3>\n<\/div><\/div><div class=\"w-separator size_medium\"><\/div><div class=\"w-grid type_grid layout_7608 cols_4 valign_center preload_style_spinner\" id=\"us_grid_1\" style=\"--columns:4;--gap:1.2rem;\"><style>@media (max-width:1024px){#us_grid_1{--columns:2!important}}@media (max-width:600px){#us_grid_1{--columns:1!important}}.layout_7608 .w-grid-item-h{}.layout_7608 .usg_post_image_1{transition-duration:0.3s;transform-origin:50% 50%;transform:scale(1) translate(0%,0%)}.layout_7608 .w-grid-item-h:focus-within .usg_post_image_1,.layout_7608 .w-grid-item-h:hover .usg_post_image_1{transform:scale(0.95) translate(0%,0%);opacity:0.6}.layout_7608 .usg_post_image_1{margin-bottom:0.5rem!important}.layout_7608 .usg_post_title_1{min-height:5rem!important}<\/style><div class=\"w-grid-list\">\t<article class=\"w-grid-item size_1x1 post-14225 us_portfolio type-us_portfolio status-publish has-post-thumbnail hentry us_portfolio_category-funcion-acumular us_portfolio_category-regulador-dinamico-de-flujo us_portfolio_category-funcion-regular\" data-id=\"14225\">\r\n\t\t<div class=\"w-grid-item-h\">\r\n\t\t\t\t\t\t\t<a href=\"https:\/\/inprosy.com\/es\/regulador-dinamico-flujo\/\" class=\"w-grid-item-anchor\" aria-label=\"Regulador Din\u00e1mico de Flujo\"><\/a>\r\n\t\t\t\t\t\t<div class=\"w-post-elm post_image usg_post_image_1\"><img loading=\"lazy\" decoding=\"async\" width=\"720\" height=\"720\" src=\"https:\/\/inprosy.com\/wp-content\/uploads\/2020\/05\/DFR-HC-n.png\" class=\"attachment- size- wp-post-image\" alt=\"Regulador Din\u00e1mico Flujo Alta Capacidad - Inprosy\" srcset=\"https:\/\/inprosy.com\/wp-content\/uploads\/2020\/05\/DFR-HC-n.png 720w, https:\/\/inprosy.com\/wp-content\/uploads\/2020\/05\/DFR-HC-n-300x300.png 300w, https:\/\/inprosy.com\/wp-content\/uploads\/2020\/05\/DFR-HC-n-150x150.png 150w, https:\/\/inprosy.com\/wp-content\/uploads\/2020\/05\/DFR-HC-n-61x61.png 61w\" sizes=\"auto, (max-width: 720px) 100vw, 720px\" \/><\/div><div class=\"w-vwrapper usg_vwrapper_1 align_center valign_top\" style=\"--vwrapper-gap:\"><h6 class=\"w-post-elm post_title usg_post_title_1 align_center entry-title color_link_inherit\">Regulador Din\u00e1mico de Flujo<\/h6><\/div>\t\t<\/div>\r\n\t\t\t<\/article>\r\n<\/div><div class=\"w-grid-preloader\">\t<div class=\"g-preloader type_1\">\r\n\t\t<div><\/div>\r\n\t<\/div>\r\n\t<\/div>\t<div class=\"w-grid-json hidden\" onclick='return {&quot;action&quot;:&quot;us_ajax_grid&quot;,&quot;infinite_scroll&quot;:0,&quot;max_num_pages&quot;:1,&quot;pagination&quot;:&quot;none&quot;,&quot;template_vars&quot;:{&quot;columns&quot;:&quot;4&quot;,&quot;exclude_items&quot;:&quot;none&quot;,&quot;img_size&quot;:&quot;default&quot;,&quot;ignore_items_size&quot;:0,&quot;items_layout&quot;:&quot;7608&quot;,&quot;items_offset&quot;:&quot;1&quot;,&quot;load_animation&quot;:&quot;none&quot;,&quot;overriding_link&quot;:&quot;%7B%22type%22%3A%22post%22%7D&quot;,&quot;post_id&quot;:0,&quot;query_args&quot;:{&quot;ignore_sticky_posts&quot;:1,&quot;post_type&quot;:&quot;any&quot;,&quot;post__in&quot;:[&quot;14225&quot;],&quot;posts_per_page&quot;:999},&quot;orderby_query_args&quot;:{&quot;orderby&quot;:{&quot;menu_order&quot;:&quot;ASC&quot;},&quot;order&quot;:&quot;ASC&quot;},&quot;type&quot;:&quot;grid&quot;,&quot;us_grid_post_type&quot;:&quot;ids&quot;,&quot;us_grid_ajax_index&quot;:1,&quot;us_grid_filter_query_string&quot;:null,&quot;us_grid_index&quot;:1,&quot;page_args&quot;:[]}}'><\/div>\r\n\t<\/div><\/div><\/div><\/div><\/div><\/div><\/section>\n","protected":false},"excerpt":{"rendered":"InicioP\u00e1ginasRegulador Din\u00e1mico de Flujo cajas packs bricks doypacks flowpacks frascos botes bandejas bolsitas botellas componentes mec\u00e1nicos componentes electr\u00f3nicos Descargar ficha de productoEl Regulador Din\u00e1mico de Flujo (DFR) ha sido dise\u00f1ado para equilibrar los ritmos de producci\u00f3n entre estaciones sucesivas de una misma l\u00ednea de producci\u00f3n, absorbiendo las ineficiencias causadas por paros planificados o fortuitos de...","protected":false},"author":1,"featured_media":0,"parent":2321,"menu_order":24,"comment_status":"closed","ping_status":"closed","template":"","meta":{"_acf_changed":false,"footnotes":""},"class_list":["post-7958","page","type-page","status-publish","hentry"],"acf":[],"yoast_head":"<!-- This site is optimized with the Yoast SEO plugin v27.3 - https:\/\/yoast.com\/product\/yoast-seo-wordpress\/ -->\n<title>Optimizaci\u00f3n l\u00ednea de producci\u00f3n de Botes de pl\u00e1stico &#8211; Inprosy<\/title>\n<meta name=\"description\" content=\"Proyecto de optimizaci\u00f3n de la eficiencia de una l\u00ednea de producci\u00f3n de botes de pl\u00e1stico mediante un regulador din\u00e1mico de flujo.\" \/>\n<meta name=\"robots\" content=\"index, follow, max-snippet:-1, max-image-preview:large, max-video-preview:-1\" \/>\n<link rel=\"canonical\" href=\"https:\/\/inprosy.com\/es\/proyectos\/proyecto-botes-de-plastico\/\" \/>\n<meta property=\"og:locale\" content=\"es_ES\" \/>\n<meta property=\"og:type\" content=\"article\" \/>\n<meta property=\"og:title\" content=\"Optimizaci\u00f3n l\u00ednea de producci\u00f3n de Botes de pl\u00e1stico &#8211; Inprosy\" \/>\n<meta property=\"og:description\" content=\"Proyecto de optimizaci\u00f3n de la eficiencia de una l\u00ednea de producci\u00f3n de botes de pl\u00e1stico mediante un regulador din\u00e1mico de flujo.\" \/>\n<meta property=\"og:url\" content=\"https:\/\/inprosy.com\/es\/proyectos\/proyecto-botes-de-plastico\/\" \/>\n<meta property=\"og:site_name\" content=\"Inprosy\" \/>\n<meta property=\"article:modified_time\" content=\"2021-02-04T10:13:29+00:00\" \/>\n<meta property=\"og:image\" content=\"https:\/\/inprosy.com\/wp-content\/uploads\/2017\/07\/logo-header.jpg\" \/>\n\t<meta property=\"og:image:width\" content=\"800\" \/>\n\t<meta property=\"og:image:height\" content=\"156\" \/>\n\t<meta property=\"og:image:type\" content=\"image\/jpeg\" \/>\n<meta name=\"twitter:label1\" content=\"Tiempo de lectura\" \/>\n\t<meta name=\"twitter:data1\" content=\"2 minutos\" \/>\n<script type=\"application\/ld+json\" class=\"yoast-schema-graph\">{\"@context\":\"https:\\\/\\\/schema.org\",\"@graph\":[{\"@type\":\"WebPage\",\"@id\":\"https:\\\/\\\/inprosy.com\\\/es\\\/proyectos\\\/proyecto-botes-de-plastico\\\/\",\"url\":\"https:\\\/\\\/inprosy.com\\\/es\\\/proyectos\\\/proyecto-botes-de-plastico\\\/\",\"name\":\"Optimizaci\u00f3n l\u00ednea de producci\u00f3n de Botes de pl\u00e1stico &#8211; Inprosy\",\"isPartOf\":{\"@id\":\"https:\\\/\\\/inprosy.com\\\/es\\\/#website\"},\"datePublished\":\"2020-06-17T08:54:12+00:00\",\"dateModified\":\"2021-02-04T10:13:29+00:00\",\"description\":\"Proyecto de optimizaci\u00f3n de la eficiencia de una l\u00ednea de producci\u00f3n de botes de pl\u00e1stico mediante un regulador din\u00e1mico de flujo.\",\"breadcrumb\":{\"@id\":\"https:\\\/\\\/inprosy.com\\\/es\\\/proyectos\\\/proyecto-botes-de-plastico\\\/#breadcrumb\"},\"inLanguage\":\"es\",\"potentialAction\":[{\"@type\":\"ReadAction\",\"target\":[\"https:\\\/\\\/inprosy.com\\\/es\\\/proyectos\\\/proyecto-botes-de-plastico\\\/\"]}]},{\"@type\":\"BreadcrumbList\",\"@id\":\"https:\\\/\\\/inprosy.com\\\/es\\\/proyectos\\\/proyecto-botes-de-plastico\\\/#breadcrumb\",\"itemListElement\":[{\"@type\":\"ListItem\",\"position\":1,\"name\":\"Portada\",\"item\":\"https:\\\/\\\/inprosy.com\\\/es\\\/\"},{\"@type\":\"ListItem\",\"position\":2,\"name\":\"Proyectos\",\"item\":\"https:\\\/\\\/inprosy.com\\\/es\\\/proyectos\\\/\"},{\"@type\":\"ListItem\",\"position\":3,\"name\":\"Proyecto botes de pl\u00e1stico\"}]},{\"@type\":\"WebSite\",\"@id\":\"https:\\\/\\\/inprosy.com\\\/es\\\/#website\",\"url\":\"https:\\\/\\\/inprosy.com\\\/es\\\/\",\"name\":\"Inprosy\",\"description\":\"Soluciones para la gesti\u00f3n de flujos de producci\u00f3n\",\"publisher\":{\"@id\":\"https:\\\/\\\/inprosy.com\\\/es\\\/#organization\"},\"potentialAction\":[{\"@type\":\"SearchAction\",\"target\":{\"@type\":\"EntryPoint\",\"urlTemplate\":\"https:\\\/\\\/inprosy.com\\\/es\\\/?s={search_term_string}\"},\"query-input\":{\"@type\":\"PropertyValueSpecification\",\"valueRequired\":true,\"valueName\":\"search_term_string\"}}],\"inLanguage\":\"es\"},{\"@type\":\"Organization\",\"@id\":\"https:\\\/\\\/inprosy.com\\\/es\\\/#organization\",\"name\":\"Innovate Production Systems, S.L.\",\"alternateName\":\"Inprosy\",\"url\":\"https:\\\/\\\/inprosy.com\\\/es\\\/\",\"logo\":{\"@type\":\"ImageObject\",\"inLanguage\":\"es\",\"@id\":\"https:\\\/\\\/inprosy.com\\\/es\\\/#\\\/schema\\\/logo\\\/image\\\/\",\"url\":\"https:\\\/\\\/inprosy.com\\\/wp-content\\\/uploads\\\/2017\\\/07\\\/logo-header.jpg\",\"contentUrl\":\"https:\\\/\\\/inprosy.com\\\/wp-content\\\/uploads\\\/2017\\\/07\\\/logo-header.jpg\",\"width\":800,\"height\":156,\"caption\":\"Innovate Production Systems, S.L.\"},\"image\":{\"@id\":\"https:\\\/\\\/inprosy.com\\\/es\\\/#\\\/schema\\\/logo\\\/image\\\/\"},\"sameAs\":[\"https:\\\/\\\/www.linkedin.com\\\/company\\\/inprosys\\\/\",\"https:\\\/\\\/www.youtube.com\\\/channel\\\/UCuSsS6ets4VjRxVpkMgS2Mw\"]}]}<\/script>\n<!-- \/ Yoast SEO plugin. -->","yoast_head_json":{"title":"Optimizaci\u00f3n l\u00ednea de producci\u00f3n de Botes de pl\u00e1stico &#8211; Inprosy","description":"Proyecto de optimizaci\u00f3n de la eficiencia de una l\u00ednea de producci\u00f3n de botes de pl\u00e1stico mediante un regulador din\u00e1mico de flujo.","robots":{"index":"index","follow":"follow","max-snippet":"max-snippet:-1","max-image-preview":"max-image-preview:large","max-video-preview":"max-video-preview:-1"},"canonical":"https:\/\/inprosy.com\/es\/proyectos\/proyecto-botes-de-plastico\/","og_locale":"es_ES","og_type":"article","og_title":"Optimizaci\u00f3n l\u00ednea de producci\u00f3n de Botes de pl\u00e1stico &#8211; Inprosy","og_description":"Proyecto de optimizaci\u00f3n de la eficiencia de una l\u00ednea de producci\u00f3n de botes de pl\u00e1stico mediante un regulador din\u00e1mico de flujo.","og_url":"https:\/\/inprosy.com\/es\/proyectos\/proyecto-botes-de-plastico\/","og_site_name":"Inprosy","article_modified_time":"2021-02-04T10:13:29+00:00","og_image":[{"width":800,"height":156,"url":"https:\/\/inprosy.com\/wp-content\/uploads\/2017\/07\/logo-header.jpg","type":"image\/jpeg"}],"twitter_misc":{"Tiempo de lectura":"2 minutos"},"schema":{"@context":"https:\/\/schema.org","@graph":[{"@type":"WebPage","@id":"https:\/\/inprosy.com\/es\/proyectos\/proyecto-botes-de-plastico\/","url":"https:\/\/inprosy.com\/es\/proyectos\/proyecto-botes-de-plastico\/","name":"Optimizaci\u00f3n l\u00ednea de producci\u00f3n de Botes de pl\u00e1stico &#8211; Inprosy","isPartOf":{"@id":"https:\/\/inprosy.com\/es\/#website"},"datePublished":"2020-06-17T08:54:12+00:00","dateModified":"2021-02-04T10:13:29+00:00","description":"Proyecto de optimizaci\u00f3n de la eficiencia de una l\u00ednea de producci\u00f3n de botes de pl\u00e1stico mediante un regulador din\u00e1mico de flujo.","breadcrumb":{"@id":"https:\/\/inprosy.com\/es\/proyectos\/proyecto-botes-de-plastico\/#breadcrumb"},"inLanguage":"es","potentialAction":[{"@type":"ReadAction","target":["https:\/\/inprosy.com\/es\/proyectos\/proyecto-botes-de-plastico\/"]}]},{"@type":"BreadcrumbList","@id":"https:\/\/inprosy.com\/es\/proyectos\/proyecto-botes-de-plastico\/#breadcrumb","itemListElement":[{"@type":"ListItem","position":1,"name":"Portada","item":"https:\/\/inprosy.com\/es\/"},{"@type":"ListItem","position":2,"name":"Proyectos","item":"https:\/\/inprosy.com\/es\/proyectos\/"},{"@type":"ListItem","position":3,"name":"Proyecto botes de pl\u00e1stico"}]},{"@type":"WebSite","@id":"https:\/\/inprosy.com\/es\/#website","url":"https:\/\/inprosy.com\/es\/","name":"Inprosy","description":"Soluciones para la gesti\u00f3n de flujos de producci\u00f3n","publisher":{"@id":"https:\/\/inprosy.com\/es\/#organization"},"potentialAction":[{"@type":"SearchAction","target":{"@type":"EntryPoint","urlTemplate":"https:\/\/inprosy.com\/es\/?s={search_term_string}"},"query-input":{"@type":"PropertyValueSpecification","valueRequired":true,"valueName":"search_term_string"}}],"inLanguage":"es"},{"@type":"Organization","@id":"https:\/\/inprosy.com\/es\/#organization","name":"Innovate Production Systems, S.L.","alternateName":"Inprosy","url":"https:\/\/inprosy.com\/es\/","logo":{"@type":"ImageObject","inLanguage":"es","@id":"https:\/\/inprosy.com\/es\/#\/schema\/logo\/image\/","url":"https:\/\/inprosy.com\/wp-content\/uploads\/2017\/07\/logo-header.jpg","contentUrl":"https:\/\/inprosy.com\/wp-content\/uploads\/2017\/07\/logo-header.jpg","width":800,"height":156,"caption":"Innovate Production Systems, S.L."},"image":{"@id":"https:\/\/inprosy.com\/es\/#\/schema\/logo\/image\/"},"sameAs":["https:\/\/www.linkedin.com\/company\/inprosys\/","https:\/\/www.youtube.com\/channel\/UCuSsS6ets4VjRxVpkMgS2Mw"]}]}},"_links":{"self":[{"href":"https:\/\/inprosy.com\/es\/wp-json\/wp\/v2\/pages\/7958","targetHints":{"allow":["GET"]}}],"collection":[{"href":"https:\/\/inprosy.com\/es\/wp-json\/wp\/v2\/pages"}],"about":[{"href":"https:\/\/inprosy.com\/es\/wp-json\/wp\/v2\/types\/page"}],"author":[{"embeddable":true,"href":"https:\/\/inprosy.com\/es\/wp-json\/wp\/v2\/users\/1"}],"replies":[{"embeddable":true,"href":"https:\/\/inprosy.com\/es\/wp-json\/wp\/v2\/comments?post=7958"}],"version-history":[{"count":0,"href":"https:\/\/inprosy.com\/es\/wp-json\/wp\/v2\/pages\/7958\/revisions"}],"up":[{"embeddable":true,"href":"https:\/\/inprosy.com\/es\/wp-json\/wp\/v2\/pages\/2321"}],"wp:attachment":[{"href":"https:\/\/inprosy.com\/es\/wp-json\/wp\/v2\/media?parent=7958"}],"curies":[{"name":"wp","href":"https:\/\/api.w.org\/{rel}","templated":true}]}}