{"id":7966,"date":"2020-06-17T10:55:00","date_gmt":"2020-06-17T08:55:00","guid":{"rendered":"https:\/\/inprosy.com\/?page_id=7966"},"modified":"2020-09-24T13:21:40","modified_gmt":"2020-09-24T11:21:40","slug":"proyecto-cajas-de-carton","status":"publish","type":"page","link":"https:\/\/inprosy.com\/es\/proyectos\/proyecto-cajas-de-carton\/","title":{"rendered":"Proyecto cajas de cart\u00f3n"},"content":{"rendered":"<section class=\"l-section wpb_row height_medium color_primary\"><div class=\"l-section-h i-cf\"><div class=\"g-cols vc_row via_flex valign_middle type_default stacking_default\"><div class=\"vc_col-sm-10 wpb_column vc_column_container\"><div class=\"vc_column-inner\"><div class=\"wpb_wrapper\"><h1 class=\"w-post-elm post_title entry-title color_link_inherit\">Proyecto cajas de cart\u00f3n<\/h1><\/div><\/div><\/div><div class=\"vc_col-sm-2 wpb_column vc_column_container\"><div class=\"vc_column-inner\"><div class=\"wpb_wrapper\"><div class=\"w-iconbox iconpos_top style_default color_primary align_center no_text no_title icontype_img\"><div class=\"w-iconbox-icon\" style=\"font-size:70px;\"><img loading=\"lazy\" decoding=\"async\" width=\"70\" height=\"61\" src=\"https:\/\/inprosy.com\/wp-content\/uploads\/2020\/06\/picto-cajas-b-e1596698458299.png\" class=\"attachment-full size-full\" alt=\"\" \/><\/div><div class=\"w-iconbox-meta\"><\/div><\/div><\/div><\/div><\/div><\/div><\/div><\/section><section class=\"l-section wpb_row height_medium\"><div class=\"l-section-h i-cf\"><div class=\"g-cols vc_row via_flex valign_top type_default stacking_default\"><div class=\"vc_col-sm-12 wpb_column vc_column_container\"><div class=\"vc_column-inner\"><div class=\"wpb_wrapper\"><div class=\"g-cols wpb_row via_flex valign_top type_default stacking_default\"><div class=\"vc_col-sm-9 wpb_column vc_column_container\"><div class=\"vc_column-inner\"><div class=\"wpb_wrapper\"><div class=\"wpb_text_column\"><div class=\"wpb_wrapper\"><h3>Producto<\/h3>\n<p>Cajas de cart\u00f3n de 250 x 200 x 50 mm.<\/p>\n<h3>Necesidad existente<\/h3>\n<p>El cliente tiene instalada una l\u00ednea de producci\u00f3n en la que una encajadora recibe el producto de dos estuchadoras, que pertenecen a dos l\u00edneas diferentes.<\/p>\n<p>Para absorber los efectos de las paradas no programadas de la encajadora, el cliente dispon\u00eda de una persona por turno para recoger las cajas que sal\u00edan de las estuchadoras, separarlas y reintroducirlas en el circuito.<\/p>\n<p>Adicionalmente, el sistema existente no permit\u00eda balancear la entrega de productos desde las estuchadoras a la encajadora, lo que ten\u00eda efectos en la eficiencia de las dos l\u00edneas de producci\u00f3n.<\/p>\n<h3>Soluci\u00f3n propuesta<\/h3>\n<p>Se propone instalar un <a href=\"https:\/\/inprosy.com\/es\/regulador-dinamico-de-flujo-multiple\/\">regulador din\u00e1mico de flujo multiple<\/a> (DFR-ML) el cual consta de dos dispositivos fusionados en una \u00fanica estructura, concebidos para gestionar los productos provenientes de cada estuchadora de forma independiente.<\/p>\n<p>La soluci\u00f3n propuesta permite absorber autom\u00e1ticamente las paradas no programadas de la encajadora, mediante una acumulaci\u00f3n din\u00e1mica de productos de hasta 3 minutos.<\/p>\n<p>Por otra parte, la gesti\u00f3n conjunta de los dos reguladores equilibra el ritmo de entrega de productos desde las dos estuchadoras a la encajadora.<\/p>\n<h3>Mejoras obtenidas<\/h3>\n<ul>\n<li>Eliminaci\u00f3n de la manipulaci\u00f3n manual de las cajas, en caso de parada de la encajadora y reducci\u00f3n del coste total de producci\u00f3n.<\/li>\n<li>Ligera mejora de la eficiencia por la regulaci\u00f3n proporcionada del flujo de productos de las dos estuchadoras a la encajadora.<\/li>\n<\/ul>\n<h3>Puntos clave<\/h3>\n<p>DISMINUCION DE COSTES \u2013 REGULACION DE FLUJO<\/p>\n<p>*NOTA: por razones de confidencialidad se omiten determinados detalles del proyecto<\/p>\n<\/div><\/div><\/div><\/div><\/div><div class=\"vc_col-sm-3 wpb_column vc_column_container\"><div class=\"vc_column-inner\"><div class=\"wpb_wrapper\"><\/div><\/div><\/div><\/div><\/div><\/div><\/div><\/div><\/div><\/section><section class=\"l-section wpb_row height_medium color_alternate\"><div class=\"l-section-h i-cf\"><div class=\"g-cols vc_row via_flex valign_top type_default stacking_default\"><div class=\"vc_col-sm-12 wpb_column vc_column_container\"><div class=\"vc_column-inner\"><div class=\"wpb_wrapper\"><div class=\"wpb_text_column\"><div class=\"wpb_wrapper\"><h3>Productos utilizados<\/h3>\n<\/div><\/div><div class=\"w-separator size_medium\"><\/div><div class=\"w-grid type_grid layout_7608 cols_4 valign_center preload_style_spinner\" id=\"us_grid_1\" style=\"--columns:4;--gap:1.2rem;\"><style>@media (max-width:1024px){#us_grid_1{--columns:2!important}}@media (max-width:600px){#us_grid_1{--columns:1!important}}.layout_7608 .w-grid-item-h{}.layout_7608 .usg_post_image_1{transition-duration:0.3s;transform-origin:50% 50%;transform:scale(1) translate(0%,0%)}.layout_7608 .w-grid-item-h:focus-within .usg_post_image_1,.layout_7608 .w-grid-item-h:hover .usg_post_image_1{transform:scale(0.95) translate(0%,0%);opacity:0.6}.layout_7608 .usg_post_image_1{margin-bottom:0.5rem!important}.layout_7608 .usg_post_title_1{min-height:5rem!important}<\/style><div class=\"w-grid-list\">\t<article class=\"w-grid-item size_1x1 post-8117 us_portfolio type-us_portfolio status-publish has-post-thumbnail hentry us_portfolio_category-funcion-acumular us_portfolio_category-regulador-dinamico-de-flujo us_portfolio_category-funcion-regular\" data-id=\"8117\">\r\n\t\t<div class=\"w-grid-item-h\">\r\n\t\t\t\t\t\t\t<a href=\"https:\/\/inprosy.com\/es\/regulador-dinamico-de-flujo-multiple\/\" class=\"w-grid-item-anchor\" aria-label=\"Regulador Din\u00e1mico de Flujo M\u00faltiple\"><\/a>\r\n\t\t\t\t\t\t<div class=\"w-post-elm post_image usg_post_image_1\"><img loading=\"lazy\" decoding=\"async\" width=\"271\" height=\"271\" src=\"https:\/\/inprosy.com\/wp-content\/uploads\/2020\/06\/DFR-ML-1-e1595865495422.png\" class=\"attachment- size- wp-post-image\" alt=\"Regulador Din\u00e1mico de Flujo M\u00faltiple - Inprosy\" \/><\/div><div class=\"w-vwrapper usg_vwrapper_1 align_center valign_top\" style=\"--vwrapper-gap:\"><h6 class=\"w-post-elm post_title usg_post_title_1 align_center entry-title color_link_inherit\">Regulador Din\u00e1mico de Flujo M\u00faltiple<\/h6><\/div>\t\t<\/div>\r\n\t\t\t<\/article>\r\n<\/div><div class=\"w-grid-preloader\">\t<div class=\"g-preloader type_1\">\r\n\t\t<div><\/div>\r\n\t<\/div>\r\n\t<\/div>\t<div class=\"w-grid-json hidden\" onclick='return {&quot;action&quot;:&quot;us_ajax_grid&quot;,&quot;infinite_scroll&quot;:0,&quot;max_num_pages&quot;:1,&quot;pagination&quot;:&quot;none&quot;,&quot;template_vars&quot;:{&quot;columns&quot;:&quot;4&quot;,&quot;exclude_items&quot;:&quot;none&quot;,&quot;img_size&quot;:&quot;default&quot;,&quot;ignore_items_size&quot;:0,&quot;items_layout&quot;:&quot;7608&quot;,&quot;items_offset&quot;:&quot;1&quot;,&quot;load_animation&quot;:&quot;none&quot;,&quot;overriding_link&quot;:&quot;%7B%22type%22%3A%22post%22%7D&quot;,&quot;post_id&quot;:0,&quot;query_args&quot;:{&quot;ignore_sticky_posts&quot;:1,&quot;post_type&quot;:&quot;any&quot;,&quot;post__in&quot;:[&quot;8117&quot;],&quot;posts_per_page&quot;:999},&quot;orderby_query_args&quot;:{&quot;orderby&quot;:{&quot;menu_order&quot;:&quot;ASC&quot;},&quot;order&quot;:&quot;ASC&quot;},&quot;type&quot;:&quot;grid&quot;,&quot;us_grid_post_type&quot;:&quot;ids&quot;,&quot;us_grid_ajax_index&quot;:1,&quot;us_grid_filter_query_string&quot;:null,&quot;us_grid_index&quot;:1,&quot;page_args&quot;:[]}}'><\/div>\r\n\t<\/div><\/div><\/div><\/div><\/div><\/div><\/section>\n","protected":false},"excerpt":{"rendered":"InicioP\u00e1ginasRegulador Din\u00e1mico de Flujo M\u00faltiple cajas packs bricks doypacks flowpacks frascos botes bandejas bolsitas botellas componentes mec\u00e1nicos componentes electr\u00f3nicos Descargar ficha de productoEl Regulador Din\u00e1mico de Flujo (DFR) ha sido dise\u00f1ado para equilibrar los ritmos de producci\u00f3n entre estaciones sucesivas de una misma l\u00ednea de producci\u00f3n, absorbiendo las ineficiencias causadas por paros planificados o fortuitos...","protected":false},"author":1,"featured_media":0,"parent":2321,"menu_order":26,"comment_status":"closed","ping_status":"closed","template":"","meta":{"_acf_changed":false,"footnotes":""},"class_list":["post-7966","page","type-page","status-publish","hentry"],"acf":[],"yoast_head":"<!-- This site is optimized with the Yoast SEO plugin v27.4 - https:\/\/yoast.com\/product\/yoast-seo-wordpress\/ -->\n<title>Optimizaci\u00f3n l\u00ednea de producci\u00f3n de cajas de cart\u00f3n &#8211; Inprosy<\/title>\n<meta name=\"description\" content=\"Proyecto de optimizaci\u00f3n de la eficiencia de una l\u00ednea de producci\u00f3n de cajas de cart\u00f3n mediante un regulador din\u00e1mico de flujo m\u00faltiple.\" \/>\n<meta name=\"robots\" content=\"index, follow, max-snippet:-1, max-image-preview:large, max-video-preview:-1\" \/>\n<link rel=\"canonical\" href=\"https:\/\/inprosy.com\/es\/proyectos\/proyecto-cajas-de-carton\/\" \/>\n<meta property=\"og:locale\" content=\"es_ES\" \/>\n<meta property=\"og:type\" content=\"article\" \/>\n<meta property=\"og:title\" content=\"Optimizaci\u00f3n l\u00ednea de producci\u00f3n de cajas de cart\u00f3n &#8211; Inprosy\" \/>\n<meta property=\"og:description\" content=\"Proyecto de optimizaci\u00f3n de la eficiencia de una l\u00ednea de producci\u00f3n de cajas de cart\u00f3n mediante un regulador din\u00e1mico de flujo m\u00faltiple.\" \/>\n<meta property=\"og:url\" content=\"https:\/\/inprosy.com\/es\/proyectos\/proyecto-cajas-de-carton\/\" \/>\n<meta property=\"og:site_name\" content=\"Inprosy\" \/>\n<meta property=\"article:modified_time\" content=\"2020-09-24T11:21:40+00:00\" \/>\n<meta property=\"og:image\" content=\"https:\/\/inprosy.com\/wp-content\/uploads\/2017\/07\/logo-header.jpg\" \/>\n\t<meta property=\"og:image:width\" content=\"800\" \/>\n\t<meta property=\"og:image:height\" content=\"156\" \/>\n\t<meta property=\"og:image:type\" content=\"image\/jpeg\" \/>\n<meta name=\"twitter:label1\" content=\"Tiempo de lectura\" \/>\n\t<meta name=\"twitter:data1\" content=\"2 minutos\" \/>\n<script type=\"application\/ld+json\" class=\"yoast-schema-graph\">{\"@context\":\"https:\\\/\\\/schema.org\",\"@graph\":[{\"@type\":\"WebPage\",\"@id\":\"https:\\\/\\\/inprosy.com\\\/es\\\/proyectos\\\/proyecto-cajas-de-carton\\\/\",\"url\":\"https:\\\/\\\/inprosy.com\\\/es\\\/proyectos\\\/proyecto-cajas-de-carton\\\/\",\"name\":\"Optimizaci\u00f3n l\u00ednea de producci\u00f3n de cajas de cart\u00f3n &#8211; Inprosy\",\"isPartOf\":{\"@id\":\"https:\\\/\\\/inprosy.com\\\/es\\\/#website\"},\"datePublished\":\"2020-06-17T08:55:00+00:00\",\"dateModified\":\"2020-09-24T11:21:40+00:00\",\"description\":\"Proyecto de optimizaci\u00f3n de la eficiencia de una l\u00ednea de producci\u00f3n de cajas de cart\u00f3n mediante un regulador din\u00e1mico de flujo m\u00faltiple.\",\"breadcrumb\":{\"@id\":\"https:\\\/\\\/inprosy.com\\\/es\\\/proyectos\\\/proyecto-cajas-de-carton\\\/#breadcrumb\"},\"inLanguage\":\"es\",\"potentialAction\":[{\"@type\":\"ReadAction\",\"target\":[\"https:\\\/\\\/inprosy.com\\\/es\\\/proyectos\\\/proyecto-cajas-de-carton\\\/\"]}]},{\"@type\":\"BreadcrumbList\",\"@id\":\"https:\\\/\\\/inprosy.com\\\/es\\\/proyectos\\\/proyecto-cajas-de-carton\\\/#breadcrumb\",\"itemListElement\":[{\"@type\":\"ListItem\",\"position\":1,\"name\":\"Portada\",\"item\":\"https:\\\/\\\/inprosy.com\\\/es\\\/\"},{\"@type\":\"ListItem\",\"position\":2,\"name\":\"Proyectos\",\"item\":\"https:\\\/\\\/inprosy.com\\\/es\\\/proyectos\\\/\"},{\"@type\":\"ListItem\",\"position\":3,\"name\":\"Proyecto cajas de cart\u00f3n\"}]},{\"@type\":\"WebSite\",\"@id\":\"https:\\\/\\\/inprosy.com\\\/es\\\/#website\",\"url\":\"https:\\\/\\\/inprosy.com\\\/es\\\/\",\"name\":\"Inprosy\",\"description\":\"Soluciones para la gesti\u00f3n de flujos de producci\u00f3n\",\"publisher\":{\"@id\":\"https:\\\/\\\/inprosy.com\\\/es\\\/#organization\"},\"potentialAction\":[{\"@type\":\"SearchAction\",\"target\":{\"@type\":\"EntryPoint\",\"urlTemplate\":\"https:\\\/\\\/inprosy.com\\\/es\\\/?s={search_term_string}\"},\"query-input\":{\"@type\":\"PropertyValueSpecification\",\"valueRequired\":true,\"valueName\":\"search_term_string\"}}],\"inLanguage\":\"es\"},{\"@type\":\"Organization\",\"@id\":\"https:\\\/\\\/inprosy.com\\\/es\\\/#organization\",\"name\":\"Innovate Production Systems, S.L.\",\"alternateName\":\"Inprosy\",\"url\":\"https:\\\/\\\/inprosy.com\\\/es\\\/\",\"logo\":{\"@type\":\"ImageObject\",\"inLanguage\":\"es\",\"@id\":\"https:\\\/\\\/inprosy.com\\\/es\\\/#\\\/schema\\\/logo\\\/image\\\/\",\"url\":\"https:\\\/\\\/inprosy.com\\\/wp-content\\\/uploads\\\/2017\\\/07\\\/logo-header.jpg\",\"contentUrl\":\"https:\\\/\\\/inprosy.com\\\/wp-content\\\/uploads\\\/2017\\\/07\\\/logo-header.jpg\",\"width\":800,\"height\":156,\"caption\":\"Innovate Production Systems, S.L.\"},\"image\":{\"@id\":\"https:\\\/\\\/inprosy.com\\\/es\\\/#\\\/schema\\\/logo\\\/image\\\/\"},\"sameAs\":[\"https:\\\/\\\/www.linkedin.com\\\/company\\\/inprosys\\\/\",\"https:\\\/\\\/www.youtube.com\\\/channel\\\/UCuSsS6ets4VjRxVpkMgS2Mw\"]}]}<\/script>\n<!-- \/ Yoast SEO plugin. -->","yoast_head_json":{"title":"Optimizaci\u00f3n l\u00ednea de producci\u00f3n de cajas de cart\u00f3n &#8211; Inprosy","description":"Proyecto de optimizaci\u00f3n de la eficiencia de una l\u00ednea de producci\u00f3n de cajas de cart\u00f3n mediante un regulador din\u00e1mico de flujo m\u00faltiple.","robots":{"index":"index","follow":"follow","max-snippet":"max-snippet:-1","max-image-preview":"max-image-preview:large","max-video-preview":"max-video-preview:-1"},"canonical":"https:\/\/inprosy.com\/es\/proyectos\/proyecto-cajas-de-carton\/","og_locale":"es_ES","og_type":"article","og_title":"Optimizaci\u00f3n l\u00ednea de producci\u00f3n de cajas de cart\u00f3n &#8211; Inprosy","og_description":"Proyecto de optimizaci\u00f3n de la eficiencia de una l\u00ednea de producci\u00f3n de cajas de cart\u00f3n mediante un regulador din\u00e1mico de flujo m\u00faltiple.","og_url":"https:\/\/inprosy.com\/es\/proyectos\/proyecto-cajas-de-carton\/","og_site_name":"Inprosy","article_modified_time":"2020-09-24T11:21:40+00:00","og_image":[{"width":800,"height":156,"url":"https:\/\/inprosy.com\/wp-content\/uploads\/2017\/07\/logo-header.jpg","type":"image\/jpeg"}],"twitter_misc":{"Tiempo de lectura":"2 minutos"},"schema":{"@context":"https:\/\/schema.org","@graph":[{"@type":"WebPage","@id":"https:\/\/inprosy.com\/es\/proyectos\/proyecto-cajas-de-carton\/","url":"https:\/\/inprosy.com\/es\/proyectos\/proyecto-cajas-de-carton\/","name":"Optimizaci\u00f3n l\u00ednea de producci\u00f3n de cajas de cart\u00f3n &#8211; Inprosy","isPartOf":{"@id":"https:\/\/inprosy.com\/es\/#website"},"datePublished":"2020-06-17T08:55:00+00:00","dateModified":"2020-09-24T11:21:40+00:00","description":"Proyecto de optimizaci\u00f3n de la eficiencia de una l\u00ednea de producci\u00f3n de cajas de cart\u00f3n mediante un regulador din\u00e1mico de flujo m\u00faltiple.","breadcrumb":{"@id":"https:\/\/inprosy.com\/es\/proyectos\/proyecto-cajas-de-carton\/#breadcrumb"},"inLanguage":"es","potentialAction":[{"@type":"ReadAction","target":["https:\/\/inprosy.com\/es\/proyectos\/proyecto-cajas-de-carton\/"]}]},{"@type":"BreadcrumbList","@id":"https:\/\/inprosy.com\/es\/proyectos\/proyecto-cajas-de-carton\/#breadcrumb","itemListElement":[{"@type":"ListItem","position":1,"name":"Portada","item":"https:\/\/inprosy.com\/es\/"},{"@type":"ListItem","position":2,"name":"Proyectos","item":"https:\/\/inprosy.com\/es\/proyectos\/"},{"@type":"ListItem","position":3,"name":"Proyecto cajas de cart\u00f3n"}]},{"@type":"WebSite","@id":"https:\/\/inprosy.com\/es\/#website","url":"https:\/\/inprosy.com\/es\/","name":"Inprosy","description":"Soluciones para la gesti\u00f3n de flujos de producci\u00f3n","publisher":{"@id":"https:\/\/inprosy.com\/es\/#organization"},"potentialAction":[{"@type":"SearchAction","target":{"@type":"EntryPoint","urlTemplate":"https:\/\/inprosy.com\/es\/?s={search_term_string}"},"query-input":{"@type":"PropertyValueSpecification","valueRequired":true,"valueName":"search_term_string"}}],"inLanguage":"es"},{"@type":"Organization","@id":"https:\/\/inprosy.com\/es\/#organization","name":"Innovate Production Systems, S.L.","alternateName":"Inprosy","url":"https:\/\/inprosy.com\/es\/","logo":{"@type":"ImageObject","inLanguage":"es","@id":"https:\/\/inprosy.com\/es\/#\/schema\/logo\/image\/","url":"https:\/\/inprosy.com\/wp-content\/uploads\/2017\/07\/logo-header.jpg","contentUrl":"https:\/\/inprosy.com\/wp-content\/uploads\/2017\/07\/logo-header.jpg","width":800,"height":156,"caption":"Innovate Production Systems, S.L."},"image":{"@id":"https:\/\/inprosy.com\/es\/#\/schema\/logo\/image\/"},"sameAs":["https:\/\/www.linkedin.com\/company\/inprosys\/","https:\/\/www.youtube.com\/channel\/UCuSsS6ets4VjRxVpkMgS2Mw"]}]}},"_links":{"self":[{"href":"https:\/\/inprosy.com\/es\/wp-json\/wp\/v2\/pages\/7966","targetHints":{"allow":["GET"]}}],"collection":[{"href":"https:\/\/inprosy.com\/es\/wp-json\/wp\/v2\/pages"}],"about":[{"href":"https:\/\/inprosy.com\/es\/wp-json\/wp\/v2\/types\/page"}],"author":[{"embeddable":true,"href":"https:\/\/inprosy.com\/es\/wp-json\/wp\/v2\/users\/1"}],"replies":[{"embeddable":true,"href":"https:\/\/inprosy.com\/es\/wp-json\/wp\/v2\/comments?post=7966"}],"version-history":[{"count":0,"href":"https:\/\/inprosy.com\/es\/wp-json\/wp\/v2\/pages\/7966\/revisions"}],"up":[{"embeddable":true,"href":"https:\/\/inprosy.com\/es\/wp-json\/wp\/v2\/pages\/2321"}],"wp:attachment":[{"href":"https:\/\/inprosy.com\/es\/wp-json\/wp\/v2\/media?parent=7966"}],"curies":[{"name":"wp","href":"https:\/\/api.w.org\/{rel}","templated":true}]}}