{"id":7970,"date":"2020-06-17T10:55:21","date_gmt":"2020-06-17T08:55:21","guid":{"rendered":"https:\/\/inprosy.com\/?page_id=7970"},"modified":"2020-09-24T13:22:21","modified_gmt":"2020-09-24T11:22:21","slug":"proyecto-bolsas","status":"publish","type":"page","link":"https:\/\/inprosy.com\/es\/proyectos\/proyecto-bolsas\/","title":{"rendered":"Proyecto bolsas"},"content":{"rendered":"<section class=\"l-section wpb_row height_medium color_primary\"><div class=\"l-section-h i-cf\"><div class=\"g-cols vc_row via_flex valign_middle type_default stacking_default\"><div class=\"vc_col-sm-10 wpb_column vc_column_container\"><div class=\"vc_column-inner\"><div class=\"wpb_wrapper\"><h1 class=\"w-post-elm post_title entry-title color_link_inherit\">Proyecto bolsas<\/h1><\/div><\/div><\/div><div class=\"vc_col-sm-2 wpb_column vc_column_container\"><div class=\"vc_column-inner\"><div class=\"wpb_wrapper\"><div class=\"w-iconbox iconpos_top style_default color_primary align_center no_text no_title icontype_img\"><div class=\"w-iconbox-icon\" style=\"font-size:70px;\"><img loading=\"lazy\" decoding=\"async\" width=\"70\" height=\"61\" src=\"https:\/\/inprosy.com\/wp-content\/uploads\/2020\/06\/picto-bolsitas-b-e1596698437997.png\" class=\"attachment-full size-full\" alt=\"\" \/><\/div><div class=\"w-iconbox-meta\"><\/div><\/div><\/div><\/div><\/div><\/div><\/div><\/section><section class=\"l-section wpb_row height_medium\"><div class=\"l-section-h i-cf\"><div class=\"g-cols vc_row via_flex valign_top type_default stacking_default\"><div class=\"vc_col-sm-12 wpb_column vc_column_container\"><div class=\"vc_column-inner\"><div class=\"wpb_wrapper\"><div class=\"g-cols wpb_row via_flex valign_top type_default stacking_default\"><div class=\"vc_col-sm-9 wpb_column vc_column_container\"><div class=\"vc_column-inner\"><div class=\"wpb_wrapper\"><div class=\"wpb_text_column\"><div class=\"wpb_wrapper\"><h3>Producto<\/h3>\n<p>Bolsas de 200 x 150 mm.<\/p>\n<h3>Necesidad existente<\/h3>\n<p>El cliente ha instalado una nueva l\u00ednea de producci\u00f3n que opera de forma aislada del resto de la f\u00e1brica. En esta l\u00ednea produce un producto especializado que s\u00f3lo ocupa un 30% de la capacidad disponible.<\/p>\n<p>En paralelo, otras l\u00edneas de producci\u00f3n est\u00e1n trabajando a plena capacidad y no llegan a satisfacer totalmente la demanda potencial. Estas l\u00edneas finalizan en un sistema \u201cbag in Bag\u201d, en el que las bolsas que se empaquetan dentro de otras bolsas m\u00e1s grandes.<\/p>\n<p>Para poder dedicar la capacidad disponible de la l\u00ednea recientemente instalada a apoyar a las l\u00edneas que operan a plena capacidad, seria necesario conectar aquella al sistema \u201cbag in Bag\u201d. En ese caso, ser\u00eda cr\u00edtico balancear las cadencias de producci\u00f3n de las varias l\u00edneas con la cadencia requerida por el sistema de empaquetado.<\/p>\n<p>El Lay-out de la planta es complejo, con poco espacio disponible y elementos de la estructura del edificio que dificultan el paso. Asimismo, el sistema de empaquetado \u201cbag in Bag\u201d est\u00e1 situado en altura.<\/p>\n<h3>Soluci\u00f3n propuesta<\/h3>\n<p>Se propone un sistema compuesto por dos <a href=\"https:\/\/inprosy.com\/es\/regulador-dinamico-de-flujo-aereo\/\">Reguladores Din\u00e1micos de Flujo a\u00e9reos<\/a>, modelo DFR-R, as\u00ed como <a href=\"https:\/\/inprosy.com\/es\/espirales-de-elevacion-o-descenso\/\">espirales SPI-1T<\/a> para lograr la elevaci\u00f3n y descenso de los productos. En esta configuraci\u00f3n, la funci\u00f3n principal de los Reguladores DFR-R no es de acumulaci\u00f3n sino de balanceo entre el ritmo de llegada de los productos y el ritmo de su liberaci\u00f3n al sistema \u201cbag in Bag\u201d. Este balanceo es cr\u00edtico para maximizar la cadencia del sistema de empaquetado.<\/p>\n<p>Dada la complejidad f\u00edsica del espacio disponible, se elabora un mapa de puntos en 3D, como paso inicial. A partir del c\u00e1lculo exacto de las dimensiones proporcionado por este mapa de puntos, se va desarrollando y adaptando la soluci\u00f3n final.<\/p>\n<h3>Mejoras obtenidas<\/h3>\n<ul>\n<li>Lograr el balanceo de l\u00edneas que permite la conexi\u00f3n entre la nueva l\u00ednea y el sistema de empaquetado com\u00fan a todas ellas. Esto permite que la nueva l\u00ednea pase a trabajar a una situaci\u00f3n pr\u00f3xima a la plena capacidad.<\/li>\n<li>Ejecutar el proyecto a pesar de disponer de un espacio escaso, fragmentado y condicionado por abundantes elementos estructurales.<\/li>\n<\/ul>\n<h3>Puntos clave<\/h3>\n<p>AUMENTO DE CAPACIDAD \u2013 RESTRICCIONES DE ESPACIO \u2013 COMBINACION DE LINEAS \u2013 SOLUCION A MEDIDA<\/p>\n<p>*NOTA: por razones de confidencialidad se omiten determinados detalles del proyecto<\/p>\n<\/div><\/div><\/div><\/div><\/div><div class=\"vc_col-sm-3 wpb_column vc_column_container\"><div class=\"vc_column-inner\"><div class=\"wpb_wrapper\"><\/div><\/div><\/div><\/div><\/div><\/div><\/div><\/div><\/div><\/section><section class=\"l-section wpb_row height_medium color_alternate\"><div class=\"l-section-h i-cf\"><div class=\"g-cols vc_row via_flex valign_top type_default stacking_default\"><div class=\"vc_col-sm-12 wpb_column vc_column_container\"><div class=\"vc_column-inner\"><div class=\"wpb_wrapper\"><div class=\"wpb_text_column\"><div class=\"wpb_wrapper\"><h3>Productos utilizados<\/h3>\n<\/div><\/div><div class=\"w-separator size_medium\"><\/div><div class=\"w-grid type_grid layout_7608 cols_4 valign_center preload_style_spinner\" id=\"us_grid_1\" style=\"--columns:4;--gap:1.2rem;\"><style>@media (max-width:1024px){#us_grid_1{--columns:2!important}}@media (max-width:600px){#us_grid_1{--columns:1!important}}.layout_7608 .w-grid-item-h{}.layout_7608 .usg_post_image_1{transition-duration:0.3s;transform-origin:50% 50%;transform:scale(1) translate(0%,0%)}.layout_7608 .w-grid-item-h:focus-within .usg_post_image_1,.layout_7608 .w-grid-item-h:hover .usg_post_image_1{transform:scale(0.95) translate(0%,0%);opacity:0.6}.layout_7608 .usg_post_image_1{margin-bottom:0.5rem!important}.layout_7608 .usg_post_title_1{min-height:5rem!important}<\/style><div class=\"w-grid-list\">\t<article class=\"w-grid-item size_1x1 post-8121 us_portfolio type-us_portfolio status-publish has-post-thumbnail hentry us_portfolio_category-funcion-acumular us_portfolio_category-regulador-dinamico-de-flujo us_portfolio_category-funcion-regular\" data-id=\"8121\">\r\n\t\t<div class=\"w-grid-item-h\">\r\n\t\t\t\t\t\t\t<a href=\"https:\/\/inprosy.com\/es\/regulador-dinamico-de-flujo-aereo\/\" class=\"w-grid-item-anchor\" aria-label=\"Regulador Din\u00e1mico de Flujo A\u00e9reo\"><\/a>\r\n\t\t\t\t\t\t<div class=\"w-post-elm post_image usg_post_image_1\"><img loading=\"lazy\" decoding=\"async\" width=\"271\" height=\"271\" src=\"https:\/\/inprosy.com\/wp-content\/uploads\/2020\/05\/DFR-R-1-e1595865608753.png\" class=\"attachment- size- wp-post-image\" alt=\"Regulador Din\u00e1mico de Flujo A\u00e9reo - Inprosy\" \/><\/div><div class=\"w-vwrapper usg_vwrapper_1 align_center valign_top\" style=\"--vwrapper-gap:\"><h6 class=\"w-post-elm post_title usg_post_title_1 align_center entry-title color_link_inherit\">Regulador Din\u00e1mico de Flujo A\u00e9reo<\/h6><\/div>\t\t<\/div>\r\n\t\t\t<\/article>\r\n\t<article class=\"w-grid-item size_1x1 post-7999 us_portfolio type-us_portfolio status-publish has-post-thumbnail hentry us_portfolio_category-funcion-acceder us_portfolio_category-funcion-elevar-descender us_portfolio_category-espirales\" data-id=\"7999\">\r\n\t\t<div class=\"w-grid-item-h\">\r\n\t\t\t\t\t\t\t<a href=\"https:\/\/inprosy.com\/es\/espirales-de-elevacion-o-descenso\/\" class=\"w-grid-item-anchor\" aria-label=\"Espirales de elevaci\u00f3n o descenso\"><\/a>\r\n\t\t\t\t\t\t<div class=\"w-post-elm post_image usg_post_image_1\"><img loading=\"lazy\" decoding=\"async\" width=\"271\" height=\"271\" src=\"https:\/\/inprosy.com\/wp-content\/uploads\/2020\/05\/SPI-1-e1595865553610.png\" class=\"attachment- size- wp-post-image\" alt=\"Espirales de elevaci\u00f3n o descenso - Inprosy\" \/><\/div><div class=\"w-vwrapper usg_vwrapper_1 align_center valign_top\" style=\"--vwrapper-gap:\"><h6 class=\"w-post-elm post_title usg_post_title_1 align_center entry-title color_link_inherit\">Espirales de elevaci\u00f3n o descenso<\/h6><\/div>\t\t<\/div>\r\n\t\t\t<\/article>\r\n<\/div><div class=\"w-grid-preloader\">\t<div class=\"g-preloader type_1\">\r\n\t\t<div><\/div>\r\n\t<\/div>\r\n\t<\/div>\t<div class=\"w-grid-json hidden\" onclick='return {&quot;action&quot;:&quot;us_ajax_grid&quot;,&quot;infinite_scroll&quot;:0,&quot;max_num_pages&quot;:1,&quot;pagination&quot;:&quot;none&quot;,&quot;template_vars&quot;:{&quot;columns&quot;:&quot;4&quot;,&quot;exclude_items&quot;:&quot;none&quot;,&quot;img_size&quot;:&quot;default&quot;,&quot;ignore_items_size&quot;:0,&quot;items_layout&quot;:&quot;7608&quot;,&quot;items_offset&quot;:&quot;1&quot;,&quot;load_animation&quot;:&quot;none&quot;,&quot;overriding_link&quot;:&quot;%7B%22type%22%3A%22post%22%7D&quot;,&quot;post_id&quot;:0,&quot;query_args&quot;:{&quot;ignore_sticky_posts&quot;:1,&quot;post_type&quot;:&quot;any&quot;,&quot;post__in&quot;:[&quot;8121&quot;,&quot;7999&quot;],&quot;posts_per_page&quot;:999},&quot;orderby_query_args&quot;:{&quot;orderby&quot;:{&quot;menu_order&quot;:&quot;ASC&quot;},&quot;order&quot;:&quot;ASC&quot;},&quot;type&quot;:&quot;grid&quot;,&quot;us_grid_post_type&quot;:&quot;ids&quot;,&quot;us_grid_ajax_index&quot;:1,&quot;us_grid_filter_query_string&quot;:null,&quot;us_grid_index&quot;:1,&quot;page_args&quot;:[]}}'><\/div>\r\n\t<\/div><\/div><\/div><\/div><\/div><\/div><\/section>\n","protected":false},"excerpt":{"rendered":"InicioP\u00e1ginasEspirales de elevaci\u00f3n o descenso cajas packs bricks doypacks flowpacks frascos botes bandejas bolsitas botellas componentes mec\u00e1nicos componentes electr\u00f3nicos Descargar ficha de productoLas espirales de elevaci\u00f3n o descenso (SPI) son dispositivos pensados para transportar productos entre dos puntos a diferentes alturas. El transporte mediante una espiral puede producirse tanto en sentido ascendente como en sentido...","protected":false},"author":1,"featured_media":0,"parent":2321,"menu_order":27,"comment_status":"closed","ping_status":"closed","template":"","meta":{"_acf_changed":false,"footnotes":""},"class_list":["post-7970","page","type-page","status-publish","hentry"],"acf":[],"yoast_head":"<!-- This site is optimized with the Yoast SEO plugin v27.3 - https:\/\/yoast.com\/product\/yoast-seo-wordpress\/ -->\n<title>Optimizaci\u00f3n l\u00ednea de producci\u00f3n de Bolsas &#8211; Inprosy<\/title>\n<meta name=\"description\" content=\"Proyecto de optimizaci\u00f3n de la eficiencia de una l\u00ednea de producci\u00f3n de bolsas mediante un regulador din\u00e1mico de flujo a\u00e9reo y espirales.\" \/>\n<meta name=\"robots\" content=\"index, follow, max-snippet:-1, max-image-preview:large, max-video-preview:-1\" \/>\n<link rel=\"canonical\" href=\"https:\/\/inprosy.com\/es\/proyectos\/proyecto-bolsas\/\" \/>\n<meta property=\"og:locale\" content=\"es_ES\" \/>\n<meta property=\"og:type\" content=\"article\" \/>\n<meta property=\"og:title\" content=\"Optimizaci\u00f3n l\u00ednea de producci\u00f3n de Bolsas &#8211; Inprosy\" \/>\n<meta property=\"og:description\" content=\"Proyecto de optimizaci\u00f3n de la eficiencia de una l\u00ednea de producci\u00f3n de bolsas mediante un regulador din\u00e1mico de flujo a\u00e9reo y espirales.\" \/>\n<meta property=\"og:url\" content=\"https:\/\/inprosy.com\/es\/proyectos\/proyecto-bolsas\/\" \/>\n<meta property=\"og:site_name\" content=\"Inprosy\" \/>\n<meta property=\"article:modified_time\" content=\"2020-09-24T11:22:21+00:00\" \/>\n<meta property=\"og:image\" content=\"https:\/\/inprosy.com\/wp-content\/uploads\/2017\/07\/logo-header.jpg\" \/>\n\t<meta property=\"og:image:width\" content=\"800\" \/>\n\t<meta property=\"og:image:height\" content=\"156\" \/>\n\t<meta property=\"og:image:type\" content=\"image\/jpeg\" \/>\n<meta name=\"twitter:label1\" content=\"Tiempo de lectura\" \/>\n\t<meta name=\"twitter:data1\" content=\"3 minutos\" \/>\n<script type=\"application\/ld+json\" class=\"yoast-schema-graph\">{\"@context\":\"https:\\\/\\\/schema.org\",\"@graph\":[{\"@type\":\"WebPage\",\"@id\":\"https:\\\/\\\/inprosy.com\\\/es\\\/proyectos\\\/proyecto-bolsas\\\/\",\"url\":\"https:\\\/\\\/inprosy.com\\\/es\\\/proyectos\\\/proyecto-bolsas\\\/\",\"name\":\"Optimizaci\u00f3n l\u00ednea de producci\u00f3n de Bolsas &#8211; Inprosy\",\"isPartOf\":{\"@id\":\"https:\\\/\\\/inprosy.com\\\/es\\\/#website\"},\"datePublished\":\"2020-06-17T08:55:21+00:00\",\"dateModified\":\"2020-09-24T11:22:21+00:00\",\"description\":\"Proyecto de optimizaci\u00f3n de la eficiencia de una l\u00ednea de producci\u00f3n de bolsas mediante un regulador din\u00e1mico de flujo a\u00e9reo y espirales.\",\"breadcrumb\":{\"@id\":\"https:\\\/\\\/inprosy.com\\\/es\\\/proyectos\\\/proyecto-bolsas\\\/#breadcrumb\"},\"inLanguage\":\"es\",\"potentialAction\":[{\"@type\":\"ReadAction\",\"target\":[\"https:\\\/\\\/inprosy.com\\\/es\\\/proyectos\\\/proyecto-bolsas\\\/\"]}]},{\"@type\":\"BreadcrumbList\",\"@id\":\"https:\\\/\\\/inprosy.com\\\/es\\\/proyectos\\\/proyecto-bolsas\\\/#breadcrumb\",\"itemListElement\":[{\"@type\":\"ListItem\",\"position\":1,\"name\":\"Portada\",\"item\":\"https:\\\/\\\/inprosy.com\\\/es\\\/\"},{\"@type\":\"ListItem\",\"position\":2,\"name\":\"Proyectos\",\"item\":\"https:\\\/\\\/inprosy.com\\\/es\\\/proyectos\\\/\"},{\"@type\":\"ListItem\",\"position\":3,\"name\":\"Proyecto bolsas\"}]},{\"@type\":\"WebSite\",\"@id\":\"https:\\\/\\\/inprosy.com\\\/es\\\/#website\",\"url\":\"https:\\\/\\\/inprosy.com\\\/es\\\/\",\"name\":\"Inprosy\",\"description\":\"Soluciones para la gesti\u00f3n de flujos de producci\u00f3n\",\"publisher\":{\"@id\":\"https:\\\/\\\/inprosy.com\\\/es\\\/#organization\"},\"potentialAction\":[{\"@type\":\"SearchAction\",\"target\":{\"@type\":\"EntryPoint\",\"urlTemplate\":\"https:\\\/\\\/inprosy.com\\\/es\\\/?s={search_term_string}\"},\"query-input\":{\"@type\":\"PropertyValueSpecification\",\"valueRequired\":true,\"valueName\":\"search_term_string\"}}],\"inLanguage\":\"es\"},{\"@type\":\"Organization\",\"@id\":\"https:\\\/\\\/inprosy.com\\\/es\\\/#organization\",\"name\":\"Innovate Production Systems, S.L.\",\"alternateName\":\"Inprosy\",\"url\":\"https:\\\/\\\/inprosy.com\\\/es\\\/\",\"logo\":{\"@type\":\"ImageObject\",\"inLanguage\":\"es\",\"@id\":\"https:\\\/\\\/inprosy.com\\\/es\\\/#\\\/schema\\\/logo\\\/image\\\/\",\"url\":\"https:\\\/\\\/inprosy.com\\\/wp-content\\\/uploads\\\/2017\\\/07\\\/logo-header.jpg\",\"contentUrl\":\"https:\\\/\\\/inprosy.com\\\/wp-content\\\/uploads\\\/2017\\\/07\\\/logo-header.jpg\",\"width\":800,\"height\":156,\"caption\":\"Innovate Production Systems, S.L.\"},\"image\":{\"@id\":\"https:\\\/\\\/inprosy.com\\\/es\\\/#\\\/schema\\\/logo\\\/image\\\/\"},\"sameAs\":[\"https:\\\/\\\/www.linkedin.com\\\/company\\\/inprosys\\\/\",\"https:\\\/\\\/www.youtube.com\\\/channel\\\/UCuSsS6ets4VjRxVpkMgS2Mw\"]}]}<\/script>\n<!-- \/ Yoast SEO plugin. -->","yoast_head_json":{"title":"Optimizaci\u00f3n l\u00ednea de producci\u00f3n de Bolsas &#8211; Inprosy","description":"Proyecto de optimizaci\u00f3n de la eficiencia de una l\u00ednea de producci\u00f3n de bolsas mediante un regulador din\u00e1mico de flujo a\u00e9reo y espirales.","robots":{"index":"index","follow":"follow","max-snippet":"max-snippet:-1","max-image-preview":"max-image-preview:large","max-video-preview":"max-video-preview:-1"},"canonical":"https:\/\/inprosy.com\/es\/proyectos\/proyecto-bolsas\/","og_locale":"es_ES","og_type":"article","og_title":"Optimizaci\u00f3n l\u00ednea de producci\u00f3n de Bolsas &#8211; Inprosy","og_description":"Proyecto de optimizaci\u00f3n de la eficiencia de una l\u00ednea de producci\u00f3n de bolsas mediante un regulador din\u00e1mico de flujo a\u00e9reo y espirales.","og_url":"https:\/\/inprosy.com\/es\/proyectos\/proyecto-bolsas\/","og_site_name":"Inprosy","article_modified_time":"2020-09-24T11:22:21+00:00","og_image":[{"width":800,"height":156,"url":"https:\/\/inprosy.com\/wp-content\/uploads\/2017\/07\/logo-header.jpg","type":"image\/jpeg"}],"twitter_misc":{"Tiempo de lectura":"3 minutos"},"schema":{"@context":"https:\/\/schema.org","@graph":[{"@type":"WebPage","@id":"https:\/\/inprosy.com\/es\/proyectos\/proyecto-bolsas\/","url":"https:\/\/inprosy.com\/es\/proyectos\/proyecto-bolsas\/","name":"Optimizaci\u00f3n l\u00ednea de producci\u00f3n de Bolsas &#8211; Inprosy","isPartOf":{"@id":"https:\/\/inprosy.com\/es\/#website"},"datePublished":"2020-06-17T08:55:21+00:00","dateModified":"2020-09-24T11:22:21+00:00","description":"Proyecto de optimizaci\u00f3n de la eficiencia de una l\u00ednea de producci\u00f3n de bolsas mediante un regulador din\u00e1mico de flujo a\u00e9reo y espirales.","breadcrumb":{"@id":"https:\/\/inprosy.com\/es\/proyectos\/proyecto-bolsas\/#breadcrumb"},"inLanguage":"es","potentialAction":[{"@type":"ReadAction","target":["https:\/\/inprosy.com\/es\/proyectos\/proyecto-bolsas\/"]}]},{"@type":"BreadcrumbList","@id":"https:\/\/inprosy.com\/es\/proyectos\/proyecto-bolsas\/#breadcrumb","itemListElement":[{"@type":"ListItem","position":1,"name":"Portada","item":"https:\/\/inprosy.com\/es\/"},{"@type":"ListItem","position":2,"name":"Proyectos","item":"https:\/\/inprosy.com\/es\/proyectos\/"},{"@type":"ListItem","position":3,"name":"Proyecto bolsas"}]},{"@type":"WebSite","@id":"https:\/\/inprosy.com\/es\/#website","url":"https:\/\/inprosy.com\/es\/","name":"Inprosy","description":"Soluciones para la gesti\u00f3n de flujos de producci\u00f3n","publisher":{"@id":"https:\/\/inprosy.com\/es\/#organization"},"potentialAction":[{"@type":"SearchAction","target":{"@type":"EntryPoint","urlTemplate":"https:\/\/inprosy.com\/es\/?s={search_term_string}"},"query-input":{"@type":"PropertyValueSpecification","valueRequired":true,"valueName":"search_term_string"}}],"inLanguage":"es"},{"@type":"Organization","@id":"https:\/\/inprosy.com\/es\/#organization","name":"Innovate Production Systems, S.L.","alternateName":"Inprosy","url":"https:\/\/inprosy.com\/es\/","logo":{"@type":"ImageObject","inLanguage":"es","@id":"https:\/\/inprosy.com\/es\/#\/schema\/logo\/image\/","url":"https:\/\/inprosy.com\/wp-content\/uploads\/2017\/07\/logo-header.jpg","contentUrl":"https:\/\/inprosy.com\/wp-content\/uploads\/2017\/07\/logo-header.jpg","width":800,"height":156,"caption":"Innovate Production Systems, S.L."},"image":{"@id":"https:\/\/inprosy.com\/es\/#\/schema\/logo\/image\/"},"sameAs":["https:\/\/www.linkedin.com\/company\/inprosys\/","https:\/\/www.youtube.com\/channel\/UCuSsS6ets4VjRxVpkMgS2Mw"]}]}},"_links":{"self":[{"href":"https:\/\/inprosy.com\/es\/wp-json\/wp\/v2\/pages\/7970","targetHints":{"allow":["GET"]}}],"collection":[{"href":"https:\/\/inprosy.com\/es\/wp-json\/wp\/v2\/pages"}],"about":[{"href":"https:\/\/inprosy.com\/es\/wp-json\/wp\/v2\/types\/page"}],"author":[{"embeddable":true,"href":"https:\/\/inprosy.com\/es\/wp-json\/wp\/v2\/users\/1"}],"replies":[{"embeddable":true,"href":"https:\/\/inprosy.com\/es\/wp-json\/wp\/v2\/comments?post=7970"}],"version-history":[{"count":0,"href":"https:\/\/inprosy.com\/es\/wp-json\/wp\/v2\/pages\/7970\/revisions"}],"up":[{"embeddable":true,"href":"https:\/\/inprosy.com\/es\/wp-json\/wp\/v2\/pages\/2321"}],"wp:attachment":[{"href":"https:\/\/inprosy.com\/es\/wp-json\/wp\/v2\/media?parent=7970"}],"curies":[{"name":"wp","href":"https:\/\/api.w.org\/{rel}","templated":true}]}}