{"id":8949,"date":"2020-06-22T15:32:43","date_gmt":"2020-06-22T13:32:43","guid":{"rendered":"https:\/\/inprosy.com\/?page_id=8949"},"modified":"2020-09-24T17:25:10","modified_gmt":"2020-09-24T15:25:10","slug":"pide-informacion","status":"publish","type":"page","link":"https:\/\/inprosy.com\/es\/pide-informacion\/","title":{"rendered":"Pide informaci\u00f3n"},"content":{"rendered":"<section class=\"l-section wpb_row height_medium color_secondary\"><div class=\"l-section-h i-cf\"><div class=\"g-cols vc_row via_flex valign_top type_default stacking_default\"><div class=\"vc_col-sm-12 wpb_column vc_column_container\"><div class=\"vc_column-inner\"><div class=\"wpb_wrapper\"><h1 class=\"w-post-elm post_title entry-title color_link_inherit\">Pide informaci\u00f3n<\/h1><\/div><\/div><\/div><\/div><\/div><\/section><section class=\"l-section wpb_row height_medium color_alternate\"><div class=\"l-section-h i-cf\"><div class=\"g-cols vc_row via_flex valign_top type_default stacking_default\"><div class=\"vc_col-sm-12 wpb_column vc_column_container\"><div class=\"vc_column-inner\"><div class=\"wpb_wrapper\"><div class=\"wpb_text_column\"><div class=\"wpb_wrapper\"><p style=\"text-align: left;\">\u00bfNecesita m\u00e1s informaci\u00f3n? Puede pedir m\u00e1s informaci\u00f3n sobre nuestros productos, sin compromiso, rellenando el siguiente formulario.<\/p>\n<\/div><\/div><div class=\"w-separator size_small\"><\/div>\n<div class=\"wpcf7 no-js\" id=\"wpcf7-f64-o1\" lang=\"es-ES\" dir=\"ltr\" data-wpcf7-id=\"64\">\n<div class=\"screen-reader-response\"><p role=\"status\" aria-live=\"polite\" aria-atomic=\"true\"><\/p> <ul><\/ul><\/div>\n<form action=\"\/es\/wp-json\/wp\/v2\/pages\/8949#wpcf7-f64-o1\" method=\"post\" class=\"wpcf7-form init\" aria-label=\"Formulario de contacto\" novalidate=\"novalidate\" data-status=\"init\">\n<fieldset class=\"hidden-fields-container\"><input type=\"hidden\" name=\"_wpcf7\" value=\"64\" \/><input type=\"hidden\" name=\"_wpcf7_version\" value=\"6.1.5\" \/><input type=\"hidden\" name=\"_wpcf7_locale\" value=\"es_ES\" \/><input type=\"hidden\" name=\"_wpcf7_unit_tag\" value=\"wpcf7-f64-o1\" \/><input type=\"hidden\" name=\"_wpcf7_container_post\" value=\"0\" \/><input type=\"hidden\" name=\"_wpcf7_posted_data_hash\" value=\"\" \/><input type=\"hidden\" name=\"_wpcf7_recaptcha_response\" value=\"\" \/>\n<\/fieldset>\n<style>\ntd {\n border:none;\n padding-left:0;\n}\n.wpcf7-form input[type=\"text\"], .wpcf7-form input[type=\"password\"], .wpcf7-form input[type=\"email\"], .wpcf7-form input[type=\"url\"], .wpcf7-form input[type=\"tel\"], .wpcf7-form input[type=\"number\"], .wpcf7-form input[type=\"date\"], .wpcf7-form textarea, .wpcf7-form select {\n background-color: #ffffff;\n}\nspan.wpcf7-form-control-wrap {\n display: inline !important;\n}\nspan.wpcf7-list-item {\n margin: 0 !important;\n}\n<\/style>\n<table width=\"100%\" cellpadding=\"0\" cellspacing=\"0\" border=\"0\">\n\t<tr>\n\t\t<td width=\"50%\">\n\t\t\t<p><span class=\"wpcf7-form-control-wrap\" data-name=\"nombre-empresa\"><input size=\"40\" maxlength=\"400\" class=\"wpcf7-form-control wpcf7-text wpcf7-validates-as-required\" aria-required=\"true\" aria-invalid=\"false\" placeholder=\"Nombre \/ Empresa*\" value=\"\" type=\"text\" name=\"nombre-empresa\" \/><\/span>\n\t\t\t<\/p>\n\t\t<\/td>\n\t\t<td width=\"50%\">\n\t\t\t<p><span class=\"wpcf7-form-control-wrap\" data-name=\"telefono\"><input size=\"40\" maxlength=\"400\" class=\"wpcf7-form-control wpcf7-tel wpcf7-validates-as-required wpcf7-text wpcf7-validates-as-tel\" aria-required=\"true\" aria-invalid=\"false\" placeholder=\"Tel\u00e9fono*\" value=\"\" type=\"tel\" name=\"telefono\" \/><\/span>\n\t\t\t<\/p>\n\t\t<\/td>\n\t<\/tr>\n\t<tr>\n\t\t<td>\n\t\t\t<p><span class=\"wpcf7-form-control-wrap\" data-name=\"email\"><input size=\"40\" maxlength=\"400\" class=\"wpcf7-form-control wpcf7-email wpcf7-validates-as-required wpcf7-text wpcf7-validates-as-email\" aria-required=\"true\" aria-invalid=\"false\" placeholder=\"Correo electr\u00f3nico*\" value=\"\" type=\"email\" name=\"email\" \/><\/span>\n\t\t\t<\/p>\n\t\t<\/td>\n\t\t<td>\n\t\t\t<p><span class=\"wpcf7-form-control-wrap\" data-name=\"cp\"><input size=\"40\" maxlength=\"400\" class=\"wpcf7-form-control wpcf7-text wpcf7-validates-as-required\" aria-required=\"true\" aria-invalid=\"false\" placeholder=\"C\u00f3digo Postal*\" value=\"\" type=\"text\" name=\"cp\" \/><\/span>\n\t\t\t<\/p>\n\t\t<\/td>\n\t<\/tr>\n\t<tr>\n\t\t<td>\n\t\t\t<p><span class=\"wpcf7-form-control-wrap\" data-name=\"poblacion\"><input size=\"40\" maxlength=\"400\" class=\"wpcf7-form-control wpcf7-text wpcf7-validates-as-required\" aria-required=\"true\" aria-invalid=\"false\" placeholder=\"Poblaci\u00f3n*\" value=\"\" type=\"text\" name=\"poblacion\" \/><\/span>\n\t\t\t<\/p>\n\t\t<\/td>\n\t\t<td>\n\t\t\t<p><span class=\"wpcf7-form-control-wrap\" data-name=\"pais\"><input size=\"40\" maxlength=\"400\" class=\"wpcf7-form-control wpcf7-text wpcf7-validates-as-required\" aria-required=\"true\" aria-invalid=\"false\" placeholder=\"Pa\u00eds*\" value=\"\" type=\"text\" name=\"pais\" \/><\/span>\n\t\t\t<\/p>\n\t\t<\/td>\n\t<\/tr>\n\t<tr>\n\t\t<td colspan=\"2\">\n\t\t\t<p><span class=\"wpcf7-form-control-wrap\" data-name=\"mensaje\"><textarea cols=\"40\" rows=\"10\" maxlength=\"2000\" class=\"wpcf7-form-control wpcf7-textarea wpcf7-validates-as-required\" aria-required=\"true\" aria-invalid=\"false\" placeholder=\"Tu mensaje. \u00bfEn qu\u00e9 podemos ayudarte? *\" name=\"mensaje\"><\/textarea><\/span>\n\t\t\t<\/p>\n\t\t<\/td>\n\t<\/tr>\n\t<tr>\n\t\t<td colspan=\"2\">\n\t\t\t<p style=\"color:#4e5663;\"><span class=\"wpcf7-form-control-wrap\" data-name=\"privacidad\"><span class=\"wpcf7-form-control wpcf7-acceptance\"><span class=\"wpcf7-list-item\"><input type=\"checkbox\" name=\"privacidad\" value=\"1\" aria-invalid=\"false\" \/><\/span><\/span><\/span> He le\u00eddo y acepto la <a href=\"https:\/\/inprosy.com\/es\/politica-de-privacidad\/\" target=\"blank\">Pol\u00edtica de Privacidad<\/a>.\n\t\t\t<\/p>\n\t\t<\/td>\n\t<\/tr>\n\t<tr>\n\t\t<td colspan=\"2\">\n\t\t\t<p style=\"color:#4e5663;\"><span class=\"wpcf7-form-control-wrap\" data-name=\"promos\"><span class=\"wpcf7-form-control wpcf7-acceptance optional\"><span class=\"wpcf7-list-item\"><input type=\"checkbox\" name=\"promos\" value=\"1\" aria-invalid=\"false\" \/><\/span><\/span><\/span> Acepto el env\u00edo de novedades comerciales y\/o nuevas promociones de sus productos y servicios.\n\t\t\t<\/p>\n\t\t<\/td>\n\t<\/tr>\n\t<tr>\n\t\t<td colspan=\"2\">\n\t\t\t<p><input class=\"wpcf7-form-control wpcf7-submit has-spinner lm-btn-send\" type=\"submit\" value=\"Enviar\" \/>\n\t\t\t<\/p>\n\t\t<\/td>\n\t<\/tr>\n<\/table><div class=\"wpcf7-response-output\" aria-hidden=\"true\"><\/div>\n<\/form>\n<\/div>\n<\/div><\/div><\/div><\/div><\/div><\/section>\n","protected":false},"excerpt":{"rendered":"Pide informaci\u00f3n\u00bfNecesita m\u00e1s informaci\u00f3n? Puede pedir m\u00e1s informaci\u00f3n sobre nuestros productos, sin compromiso, rellenando el siguiente formulario. He le\u00eddo y acepto la Pol\u00edtica de Privacidad. Acepto el env\u00edo de novedades comerciales y\/o nuevas promociones de sus productos y servicios.","protected":false},"author":1,"featured_media":0,"parent":0,"menu_order":31,"comment_status":"closed","ping_status":"closed","template":"","meta":{"_acf_changed":false,"footnotes":""},"class_list":["post-8949","page","type-page","status-publish","hentry"],"acf":[],"yoast_head":"<!-- This site is optimized with the Yoast SEO plugin v27.4 - https:\/\/yoast.com\/product\/yoast-seo-wordpress\/ -->\n<title>Solicite informaci\u00f3n de nuestros productos y soluciones &#8211; Inprosy<\/title>\n<meta name=\"description\" content=\"\u00bfNecesita m\u00e1s informaci\u00f3n? Puede pedir m\u00e1s informaci\u00f3n sobre nuestros productos, sin compromiso, rellenando el siguiente formulario.\" \/>\n<meta name=\"robots\" content=\"index, follow, max-snippet:-1, max-image-preview:large, max-video-preview:-1\" \/>\n<link rel=\"canonical\" href=\"https:\/\/inprosy.com\/es\/pide-informacion\/\" \/>\n<meta property=\"og:locale\" content=\"es_ES\" \/>\n<meta property=\"og:type\" content=\"article\" \/>\n<meta property=\"og:title\" content=\"Solicite informaci\u00f3n de nuestros productos y soluciones &#8211; Inprosy\" \/>\n<meta property=\"og:description\" content=\"\u00bfNecesita m\u00e1s informaci\u00f3n? Puede pedir m\u00e1s informaci\u00f3n sobre nuestros productos, sin compromiso, rellenando el siguiente formulario.\" \/>\n<meta property=\"og:url\" content=\"https:\/\/inprosy.com\/es\/pide-informacion\/\" \/>\n<meta property=\"og:site_name\" content=\"Inprosy\" \/>\n<meta property=\"article:modified_time\" content=\"2020-09-24T15:25:10+00:00\" \/>\n<meta property=\"og:image\" content=\"https:\/\/inprosy.com\/wp-content\/uploads\/2017\/07\/logo-header.jpg\" \/>\n\t<meta property=\"og:image:width\" content=\"800\" \/>\n\t<meta property=\"og:image:height\" content=\"156\" \/>\n\t<meta property=\"og:image:type\" content=\"image\/jpeg\" \/>\n<script type=\"application\/ld+json\" class=\"yoast-schema-graph\">{\"@context\":\"https:\\\/\\\/schema.org\",\"@graph\":[{\"@type\":[\"WebPage\",\"ContactPage\"],\"@id\":\"https:\\\/\\\/inprosy.com\\\/es\\\/pide-informacion\\\/\",\"url\":\"https:\\\/\\\/inprosy.com\\\/es\\\/pide-informacion\\\/\",\"name\":\"Solicite informaci\u00f3n de nuestros productos y soluciones &#8211; Inprosy\",\"isPartOf\":{\"@id\":\"https:\\\/\\\/inprosy.com\\\/es\\\/#website\"},\"datePublished\":\"2020-06-22T13:32:43+00:00\",\"dateModified\":\"2020-09-24T15:25:10+00:00\",\"description\":\"\u00bfNecesita m\u00e1s informaci\u00f3n? Puede pedir m\u00e1s informaci\u00f3n sobre nuestros productos, sin compromiso, rellenando el siguiente formulario.\",\"breadcrumb\":{\"@id\":\"https:\\\/\\\/inprosy.com\\\/es\\\/pide-informacion\\\/#breadcrumb\"},\"inLanguage\":\"es\",\"potentialAction\":[{\"@type\":\"ReadAction\",\"target\":[\"https:\\\/\\\/inprosy.com\\\/es\\\/pide-informacion\\\/\"]}]},{\"@type\":\"BreadcrumbList\",\"@id\":\"https:\\\/\\\/inprosy.com\\\/es\\\/pide-informacion\\\/#breadcrumb\",\"itemListElement\":[{\"@type\":\"ListItem\",\"position\":1,\"name\":\"Portada\",\"item\":\"https:\\\/\\\/inprosy.com\\\/es\\\/\"},{\"@type\":\"ListItem\",\"position\":2,\"name\":\"Pide informaci\u00f3n\"}]},{\"@type\":\"WebSite\",\"@id\":\"https:\\\/\\\/inprosy.com\\\/es\\\/#website\",\"url\":\"https:\\\/\\\/inprosy.com\\\/es\\\/\",\"name\":\"Inprosy\",\"description\":\"Soluciones para la gesti\u00f3n de flujos de producci\u00f3n\",\"publisher\":{\"@id\":\"https:\\\/\\\/inprosy.com\\\/es\\\/#organization\"},\"potentialAction\":[{\"@type\":\"SearchAction\",\"target\":{\"@type\":\"EntryPoint\",\"urlTemplate\":\"https:\\\/\\\/inprosy.com\\\/es\\\/?s={search_term_string}\"},\"query-input\":{\"@type\":\"PropertyValueSpecification\",\"valueRequired\":true,\"valueName\":\"search_term_string\"}}],\"inLanguage\":\"es\"},{\"@type\":\"Organization\",\"@id\":\"https:\\\/\\\/inprosy.com\\\/es\\\/#organization\",\"name\":\"Innovate Production Systems, S.L.\",\"alternateName\":\"Inprosy\",\"url\":\"https:\\\/\\\/inprosy.com\\\/es\\\/\",\"logo\":{\"@type\":\"ImageObject\",\"inLanguage\":\"es\",\"@id\":\"https:\\\/\\\/inprosy.com\\\/es\\\/#\\\/schema\\\/logo\\\/image\\\/\",\"url\":\"https:\\\/\\\/inprosy.com\\\/wp-content\\\/uploads\\\/2017\\\/07\\\/logo-header.jpg\",\"contentUrl\":\"https:\\\/\\\/inprosy.com\\\/wp-content\\\/uploads\\\/2017\\\/07\\\/logo-header.jpg\",\"width\":800,\"height\":156,\"caption\":\"Innovate Production Systems, S.L.\"},\"image\":{\"@id\":\"https:\\\/\\\/inprosy.com\\\/es\\\/#\\\/schema\\\/logo\\\/image\\\/\"},\"sameAs\":[\"https:\\\/\\\/www.linkedin.com\\\/company\\\/inprosys\\\/\",\"https:\\\/\\\/www.youtube.com\\\/channel\\\/UCuSsS6ets4VjRxVpkMgS2Mw\"]}]}<\/script>\n<!-- \/ Yoast SEO plugin. -->","yoast_head_json":{"title":"Solicite informaci\u00f3n de nuestros productos y soluciones &#8211; Inprosy","description":"\u00bfNecesita m\u00e1s informaci\u00f3n? Puede pedir m\u00e1s informaci\u00f3n sobre nuestros productos, sin compromiso, rellenando el siguiente formulario.","robots":{"index":"index","follow":"follow","max-snippet":"max-snippet:-1","max-image-preview":"max-image-preview:large","max-video-preview":"max-video-preview:-1"},"canonical":"https:\/\/inprosy.com\/es\/pide-informacion\/","og_locale":"es_ES","og_type":"article","og_title":"Solicite informaci\u00f3n de nuestros productos y soluciones &#8211; Inprosy","og_description":"\u00bfNecesita m\u00e1s informaci\u00f3n? Puede pedir m\u00e1s informaci\u00f3n sobre nuestros productos, sin compromiso, rellenando el siguiente formulario.","og_url":"https:\/\/inprosy.com\/es\/pide-informacion\/","og_site_name":"Inprosy","article_modified_time":"2020-09-24T15:25:10+00:00","og_image":[{"width":800,"height":156,"url":"https:\/\/inprosy.com\/wp-content\/uploads\/2017\/07\/logo-header.jpg","type":"image\/jpeg"}],"schema":{"@context":"https:\/\/schema.org","@graph":[{"@type":["WebPage","ContactPage"],"@id":"https:\/\/inprosy.com\/es\/pide-informacion\/","url":"https:\/\/inprosy.com\/es\/pide-informacion\/","name":"Solicite informaci\u00f3n de nuestros productos y soluciones &#8211; Inprosy","isPartOf":{"@id":"https:\/\/inprosy.com\/es\/#website"},"datePublished":"2020-06-22T13:32:43+00:00","dateModified":"2020-09-24T15:25:10+00:00","description":"\u00bfNecesita m\u00e1s informaci\u00f3n? Puede pedir m\u00e1s informaci\u00f3n sobre nuestros productos, sin compromiso, rellenando el siguiente formulario.","breadcrumb":{"@id":"https:\/\/inprosy.com\/es\/pide-informacion\/#breadcrumb"},"inLanguage":"es","potentialAction":[{"@type":"ReadAction","target":["https:\/\/inprosy.com\/es\/pide-informacion\/"]}]},{"@type":"BreadcrumbList","@id":"https:\/\/inprosy.com\/es\/pide-informacion\/#breadcrumb","itemListElement":[{"@type":"ListItem","position":1,"name":"Portada","item":"https:\/\/inprosy.com\/es\/"},{"@type":"ListItem","position":2,"name":"Pide informaci\u00f3n"}]},{"@type":"WebSite","@id":"https:\/\/inprosy.com\/es\/#website","url":"https:\/\/inprosy.com\/es\/","name":"Inprosy","description":"Soluciones para la gesti\u00f3n de flujos de producci\u00f3n","publisher":{"@id":"https:\/\/inprosy.com\/es\/#organization"},"potentialAction":[{"@type":"SearchAction","target":{"@type":"EntryPoint","urlTemplate":"https:\/\/inprosy.com\/es\/?s={search_term_string}"},"query-input":{"@type":"PropertyValueSpecification","valueRequired":true,"valueName":"search_term_string"}}],"inLanguage":"es"},{"@type":"Organization","@id":"https:\/\/inprosy.com\/es\/#organization","name":"Innovate Production Systems, S.L.","alternateName":"Inprosy","url":"https:\/\/inprosy.com\/es\/","logo":{"@type":"ImageObject","inLanguage":"es","@id":"https:\/\/inprosy.com\/es\/#\/schema\/logo\/image\/","url":"https:\/\/inprosy.com\/wp-content\/uploads\/2017\/07\/logo-header.jpg","contentUrl":"https:\/\/inprosy.com\/wp-content\/uploads\/2017\/07\/logo-header.jpg","width":800,"height":156,"caption":"Innovate Production Systems, S.L."},"image":{"@id":"https:\/\/inprosy.com\/es\/#\/schema\/logo\/image\/"},"sameAs":["https:\/\/www.linkedin.com\/company\/inprosys\/","https:\/\/www.youtube.com\/channel\/UCuSsS6ets4VjRxVpkMgS2Mw"]}]}},"_links":{"self":[{"href":"https:\/\/inprosy.com\/es\/wp-json\/wp\/v2\/pages\/8949","targetHints":{"allow":["GET"]}}],"collection":[{"href":"https:\/\/inprosy.com\/es\/wp-json\/wp\/v2\/pages"}],"about":[{"href":"https:\/\/inprosy.com\/es\/wp-json\/wp\/v2\/types\/page"}],"author":[{"embeddable":true,"href":"https:\/\/inprosy.com\/es\/wp-json\/wp\/v2\/users\/1"}],"replies":[{"embeddable":true,"href":"https:\/\/inprosy.com\/es\/wp-json\/wp\/v2\/comments?post=8949"}],"version-history":[{"count":0,"href":"https:\/\/inprosy.com\/es\/wp-json\/wp\/v2\/pages\/8949\/revisions"}],"wp:attachment":[{"href":"https:\/\/inprosy.com\/es\/wp-json\/wp\/v2\/media?parent=8949"}],"curies":[{"name":"wp","href":"https:\/\/api.w.org\/{rel}","templated":true}]}}