{"id":9681,"date":"2020-07-07T10:01:53","date_gmt":"2020-07-07T08:01:53","guid":{"rendered":"https:\/\/inprosy.com\/service\/"},"modified":"2020-10-01T10:42:02","modified_gmt":"2020-10-01T08:42:02","slug":"service","status":"publish","type":"page","link":"https:\/\/inprosy.com\/fr\/service\/","title":{"rendered":"Service"},"content":{"rendered":"<section class=\"l-section wpb_row height_medium\"><div class=\"l-section-h i-cf\"><div class=\"g-cols vc_row via_flex valign_top type_default stacking_default\"><div class=\"vc_col-sm-12 wpb_column vc_column_container\"><div class=\"vc_column-inner\"><div class=\"wpb_wrapper\"><nav class=\"g-breadcrumbs us_custom_11861369 separator_icon align_none\" itemscope itemtype=\"http:\/\/schema.org\/BreadcrumbList\"><div class=\"g-breadcrumbs-item\" itemscope itemprop=\"itemListElement\" itemtype=\"http:\/\/schema.org\/ListItem\"><a itemprop=\"item\" href=\"https:\/\/inprosy.com\/fr\/\"><span itemprop=\"name\">Accueil<\/span><\/a><meta itemprop=\"position\" content=\"1\"\/><\/div><div class=\"g-breadcrumbs-separator\"><i class=\"far fa-angle-right\"><\/i><\/div><div class=\"g-breadcrumbs-item\">Pages<\/div><\/nav><div class=\"w-separator size_small\"><\/div><h1 class=\"w-post-elm post_title entry-title color_link_inherit\">Service<\/h1><\/div><\/div><\/div><\/div><\/div><\/section><section class=\"l-section wpb_row height_medium\"><div class=\"l-section-h i-cf\"><div class=\"g-cols vc_row via_flex valign_top type_default stacking_default\"><div class=\"vc_col-sm-12 wpb_column vc_column_container\"><div class=\"vc_column-inner\"><div class=\"wpb_wrapper\"><div class=\"w-grid type_grid layout_8262 cols_4 valign_center preload_style_spinner ratio_custom\" id=\"us_grid_1\" style=\"--columns:4;--gap:1.2rem;--item-ratio:0.35;\"><style>@media (max-width:1024px){#us_grid_1{--columns:2!important}}@media (max-width:600px){#us_grid_1{--columns:1!important}}.layout_8262 .w-grid-item-h{background:#5275dd;color:#ffffff;border-radius:0.3rem;box-shadow:0 0.06rem 0.12rem rgba(0,0,0,0.1),0 0.2rem 0.6rem rgba(0,0,0,0.1);transition-duration:0.3s}.no-touch .layout_8262 .w-grid-item-h:hover{box-shadow:0 0.09rem 0.18rem rgba(0,0,0,0.1),0 0.3rem 0.9rem rgba(0,0,0,0.15);z-index:4}.layout_8262 .usg_post_image_1{transition-duration:0.4s;transform-origin:50% 50%;transform:scale(1) translate(0%,0%);opacity:0}.layout_8262 .w-grid-item-h:focus-within .usg_post_image_1,.layout_8262 .w-grid-item-h:hover .usg_post_image_1{transform:scale(1) translate(0%,0%);opacity:0.6}.layout_8262 .usg_post_title_1{transition-duration:0.3s;transform-origin:50% 50%;transform:scale(1) translate(0%,0%)}.layout_8262 .w-grid-item-h:focus-within .usg_post_title_1,.layout_8262 .w-grid-item-h:hover .usg_post_title_1{transform:scale(1) translate(0%,0%);opacity:1}.layout_8262 .usg_post_image_1{position:absolute!important;left:0!important;top:0!important;bottom:0!important;right:0!important}.layout_8262 .usg_vwrapper_1{position:absolute!important;top:0!important;right:0!important;bottom:0!important;left:0!important;padding:2rem!important}.layout_8262 .usg_post_title_1{color:#ffffff!important;font-family:var(--h6-font-family)!important;font-size:1rem!important;line-height:1.2!important}<\/style><div class=\"w-grid-list\">\t<article class=\"w-grid-item size_1x1 post-9682 page type-page status-publish hentry\" data-id=\"9682\">\r\n\t\t<div class=\"w-grid-item-h\">\r\n\t\t\t\t\t\t\t<a href=\"https:\/\/inprosy.com\/fr\/service\/ingenierie\/\" class=\"w-grid-item-anchor\" aria-label=\"Ing\u00e9nierie\"><\/a>\r\n\t\t\t\t\t\t<div class=\"w-post-elm post_image usg_post_image_1 stretched with_placeholder\"><img loading=\"lazy\" decoding=\"async\" class=\"g-placeholder\" src=\"https:\/\/inprosy.com\/wp-content\/plugins\/us-core\/assets\/images\/placeholder.svg\" width=\"1024\" height=\"1024\" alt><\/div><div class=\"w-vwrapper usg_vwrapper_1 align_center valign_middle\"><p class=\"w-post-elm post_title usg_post_title_1 has_text_color align_center entry-title color_link_inherit\">Ing\u00e9nierie<\/p><\/div>\t\t<\/div>\r\n\t\t\t<\/article>\r\n\t<article class=\"w-grid-item size_1x1 post-9710 page type-page status-publish hentry\" data-id=\"9710\">\r\n\t\t<div class=\"w-grid-item-h\">\r\n\t\t\t\t\t\t\t<a href=\"https:\/\/inprosy.com\/fr\/service\/maintenance\/\" class=\"w-grid-item-anchor\" aria-label=\"Maintenance\"><\/a>\r\n\t\t\t\t\t\t<div class=\"w-post-elm post_image usg_post_image_1 stretched with_placeholder\"><img loading=\"lazy\" decoding=\"async\" class=\"g-placeholder\" src=\"https:\/\/inprosy.com\/wp-content\/plugins\/us-core\/assets\/images\/placeholder.svg\" width=\"1024\" height=\"1024\" alt><\/div><div class=\"w-vwrapper usg_vwrapper_1 align_center valign_middle\"><p class=\"w-post-elm post_title usg_post_title_1 has_text_color align_center entry-title color_link_inherit\">Maintenance<\/p><\/div>\t\t<\/div>\r\n\t\t\t<\/article>\r\n\t<article class=\"w-grid-item size_1x1 post-9715 page type-page status-publish hentry\" data-id=\"9715\">\r\n\t\t<div class=\"w-grid-item-h\">\r\n\t\t\t\t\t\t\t<a href=\"https:\/\/inprosy.com\/fr\/service\/formation\/\" class=\"w-grid-item-anchor\" aria-label=\"Formation\"><\/a>\r\n\t\t\t\t\t\t<div class=\"w-post-elm post_image usg_post_image_1 stretched with_placeholder\"><img loading=\"lazy\" decoding=\"async\" class=\"g-placeholder\" src=\"https:\/\/inprosy.com\/wp-content\/plugins\/us-core\/assets\/images\/placeholder.svg\" width=\"1024\" height=\"1024\" alt><\/div><div class=\"w-vwrapper usg_vwrapper_1 align_center valign_middle\"><p class=\"w-post-elm post_title usg_post_title_1 has_text_color align_center entry-title color_link_inherit\">Formation<\/p><\/div>\t\t<\/div>\r\n\t\t\t<\/article>\r\n\t<article class=\"w-grid-item size_1x1 post-9718 page type-page status-publish hentry\" data-id=\"9718\">\r\n\t\t<div class=\"w-grid-item-h\">\r\n\t\t\t\t\t\t\t<a href=\"https:\/\/inprosy.com\/fr\/service\/pieces-de-rechange\/\" class=\"w-grid-item-anchor\" aria-label=\"Pi\u00e8ces de rechange\"><\/a>\r\n\t\t\t\t\t\t<div class=\"w-post-elm post_image usg_post_image_1 stretched with_placeholder\"><img loading=\"lazy\" decoding=\"async\" class=\"g-placeholder\" src=\"https:\/\/inprosy.com\/wp-content\/plugins\/us-core\/assets\/images\/placeholder.svg\" width=\"1024\" height=\"1024\" alt><\/div><div class=\"w-vwrapper usg_vwrapper_1 align_center valign_middle\"><p class=\"w-post-elm post_title usg_post_title_1 has_text_color align_center entry-title color_link_inherit\">Pi\u00e8ces de rechange<\/p><\/div>\t\t<\/div>\r\n\t\t\t<\/article>\r\n<\/div><div class=\"w-grid-preloader\">\t<div class=\"g-preloader type_1\">\r\n\t\t<div><\/div>\r\n\t<\/div>\r\n\t<\/div>\t<div class=\"w-grid-json hidden\" onclick='return {&quot;action&quot;:&quot;us_ajax_grid&quot;,&quot;infinite_scroll&quot;:0,&quot;max_num_pages&quot;:1,&quot;pagination&quot;:&quot;none&quot;,&quot;template_vars&quot;:{&quot;columns&quot;:&quot;4&quot;,&quot;exclude_items&quot;:&quot;none&quot;,&quot;img_size&quot;:&quot;default&quot;,&quot;ignore_items_size&quot;:0,&quot;items_layout&quot;:&quot;8262&quot;,&quot;items_offset&quot;:&quot;1&quot;,&quot;load_animation&quot;:&quot;none&quot;,&quot;overriding_link&quot;:&quot;%7B%22type%22%3A%22post%22%7D&quot;,&quot;post_id&quot;:0,&quot;query_args&quot;:{&quot;ignore_sticky_posts&quot;:1,&quot;post_type&quot;:&quot;any&quot;,&quot;post__in&quot;:[&quot;7845&quot;,&quot;7852&quot;,&quot;7847&quot;,&quot;7850&quot;],&quot;posts_per_page&quot;:&quot;4&quot;},&quot;orderby_query_args&quot;:{&quot;orderby&quot;:{&quot;post__in&quot;:&quot;ASC&quot;},&quot;order&quot;:&quot;ASC&quot;},&quot;type&quot;:&quot;grid&quot;,&quot;us_grid_post_type&quot;:&quot;ids&quot;,&quot;us_grid_ajax_index&quot;:1,&quot;us_grid_filter_query_string&quot;:null,&quot;us_grid_index&quot;:1,&quot;page_args&quot;:[],&quot;lang&quot;:&quot;fr&quot;}}'><\/div>\r\n\t<\/div><\/div><\/div><\/div><\/div><\/div><\/section>\n","protected":false},"excerpt":{"rendered":"AccueilPagesPi\u00e8ces de rechangeInprosy est en mesure de fournir des pi\u00e8ces de rechange pour ses \u00e9quipements. En g\u00e9n\u00e9ral, les appareils d\u2019Inprosy sont fortement personnalis\u00e9s afin de satisfaire aux besoins de leurs clients, ce qui \u00e9largit le parc de pi\u00e8ces de rechange requis. Inprosy dispose de l\u2019information et des moyens n\u00e9cessaires pour assurer un approvisionnement rapide en...","protected":false},"author":1,"featured_media":0,"parent":0,"menu_order":17,"comment_status":"closed","ping_status":"closed","template":"","meta":{"_acf_changed":false,"footnotes":""},"class_list":["post-9681","page","type-page","status-publish","hentry"],"acf":[],"yoast_head":"<!-- This site is optimized with the Yoast SEO plugin v27.3 - https:\/\/yoast.com\/product\/yoast-seo-wordpress\/ -->\n<title>Service &#8211; Inprosy<\/title>\n<meta name=\"robots\" content=\"noindex, follow\" \/>\n<meta property=\"og:locale\" content=\"fr_FR\" \/>\n<meta property=\"og:type\" content=\"article\" \/>\n<meta property=\"og:title\" content=\"Service &#8211; Inprosy\" \/>\n<meta property=\"og:url\" content=\"https:\/\/inprosy.com\/fr\/service\/\" \/>\n<meta property=\"og:site_name\" content=\"Inprosy\" \/>\n<meta property=\"article:modified_time\" content=\"2020-10-01T08:42:02+00:00\" \/>\n<meta property=\"og:image\" content=\"https:\/\/inprosy.com\/wp-content\/uploads\/2017\/07\/logo-header.jpg\" \/>\n\t<meta property=\"og:image:width\" content=\"800\" \/>\n\t<meta property=\"og:image:height\" content=\"156\" \/>\n\t<meta property=\"og:image:type\" content=\"image\/jpeg\" \/>\n<script type=\"application\/ld+json\" class=\"yoast-schema-graph\">{\"@context\":\"https:\\\/\\\/schema.org\",\"@graph\":[{\"@type\":\"WebPage\",\"@id\":\"https:\\\/\\\/inprosy.com\\\/fr\\\/service\\\/\",\"url\":\"https:\\\/\\\/inprosy.com\\\/fr\\\/service\\\/\",\"name\":\"Service &#8211; Inprosy\",\"isPartOf\":{\"@id\":\"https:\\\/\\\/inprosy.com\\\/fr\\\/#website\"},\"datePublished\":\"2020-07-07T08:01:53+00:00\",\"dateModified\":\"2020-10-01T08:42:02+00:00\",\"breadcrumb\":{\"@id\":\"https:\\\/\\\/inprosy.com\\\/fr\\\/service\\\/#breadcrumb\"},\"inLanguage\":\"fr-FR\",\"potentialAction\":[{\"@type\":\"ReadAction\",\"target\":[\"https:\\\/\\\/inprosy.com\\\/fr\\\/service\\\/\"]}]},{\"@type\":\"BreadcrumbList\",\"@id\":\"https:\\\/\\\/inprosy.com\\\/fr\\\/service\\\/#breadcrumb\",\"itemListElement\":[{\"@type\":\"ListItem\",\"position\":1,\"name\":\"Portada\",\"item\":\"https:\\\/\\\/inprosy.com\\\/fr\\\/\"},{\"@type\":\"ListItem\",\"position\":2,\"name\":\"Service\"}]},{\"@type\":\"WebSite\",\"@id\":\"https:\\\/\\\/inprosy.com\\\/fr\\\/#website\",\"url\":\"https:\\\/\\\/inprosy.com\\\/fr\\\/\",\"name\":\"Inprosy\",\"description\":\"Soluciones para la gesti\u00f3n de flujos de producci\u00f3n\",\"publisher\":{\"@id\":\"https:\\\/\\\/inprosy.com\\\/fr\\\/#organization\"},\"potentialAction\":[{\"@type\":\"SearchAction\",\"target\":{\"@type\":\"EntryPoint\",\"urlTemplate\":\"https:\\\/\\\/inprosy.com\\\/fr\\\/?s={search_term_string}\"},\"query-input\":{\"@type\":\"PropertyValueSpecification\",\"valueRequired\":true,\"valueName\":\"search_term_string\"}}],\"inLanguage\":\"fr-FR\"},{\"@type\":\"Organization\",\"@id\":\"https:\\\/\\\/inprosy.com\\\/fr\\\/#organization\",\"name\":\"Innovate Production Systems, S.L.\",\"alternateName\":\"Inprosy\",\"url\":\"https:\\\/\\\/inprosy.com\\\/fr\\\/\",\"logo\":{\"@type\":\"ImageObject\",\"inLanguage\":\"fr-FR\",\"@id\":\"https:\\\/\\\/inprosy.com\\\/fr\\\/#\\\/schema\\\/logo\\\/image\\\/\",\"url\":\"https:\\\/\\\/inprosy.com\\\/wp-content\\\/uploads\\\/2017\\\/07\\\/logo-header.jpg\",\"contentUrl\":\"https:\\\/\\\/inprosy.com\\\/wp-content\\\/uploads\\\/2017\\\/07\\\/logo-header.jpg\",\"width\":800,\"height\":156,\"caption\":\"Innovate Production Systems, S.L.\"},\"image\":{\"@id\":\"https:\\\/\\\/inprosy.com\\\/fr\\\/#\\\/schema\\\/logo\\\/image\\\/\"},\"sameAs\":[\"https:\\\/\\\/www.linkedin.com\\\/company\\\/inprosys\\\/\",\"https:\\\/\\\/www.youtube.com\\\/channel\\\/UCuSsS6ets4VjRxVpkMgS2Mw\"]}]}<\/script>\n<!-- \/ Yoast SEO plugin. -->","yoast_head_json":{"title":"Service &#8211; Inprosy","robots":{"index":"noindex","follow":"follow"},"og_locale":"fr_FR","og_type":"article","og_title":"Service &#8211; Inprosy","og_url":"https:\/\/inprosy.com\/fr\/service\/","og_site_name":"Inprosy","article_modified_time":"2020-10-01T08:42:02+00:00","og_image":[{"width":800,"height":156,"url":"https:\/\/inprosy.com\/wp-content\/uploads\/2017\/07\/logo-header.jpg","type":"image\/jpeg"}],"schema":{"@context":"https:\/\/schema.org","@graph":[{"@type":"WebPage","@id":"https:\/\/inprosy.com\/fr\/service\/","url":"https:\/\/inprosy.com\/fr\/service\/","name":"Service &#8211; Inprosy","isPartOf":{"@id":"https:\/\/inprosy.com\/fr\/#website"},"datePublished":"2020-07-07T08:01:53+00:00","dateModified":"2020-10-01T08:42:02+00:00","breadcrumb":{"@id":"https:\/\/inprosy.com\/fr\/service\/#breadcrumb"},"inLanguage":"fr-FR","potentialAction":[{"@type":"ReadAction","target":["https:\/\/inprosy.com\/fr\/service\/"]}]},{"@type":"BreadcrumbList","@id":"https:\/\/inprosy.com\/fr\/service\/#breadcrumb","itemListElement":[{"@type":"ListItem","position":1,"name":"Portada","item":"https:\/\/inprosy.com\/fr\/"},{"@type":"ListItem","position":2,"name":"Service"}]},{"@type":"WebSite","@id":"https:\/\/inprosy.com\/fr\/#website","url":"https:\/\/inprosy.com\/fr\/","name":"Inprosy","description":"Soluciones para la gesti\u00f3n de flujos de producci\u00f3n","publisher":{"@id":"https:\/\/inprosy.com\/fr\/#organization"},"potentialAction":[{"@type":"SearchAction","target":{"@type":"EntryPoint","urlTemplate":"https:\/\/inprosy.com\/fr\/?s={search_term_string}"},"query-input":{"@type":"PropertyValueSpecification","valueRequired":true,"valueName":"search_term_string"}}],"inLanguage":"fr-FR"},{"@type":"Organization","@id":"https:\/\/inprosy.com\/fr\/#organization","name":"Innovate Production Systems, S.L.","alternateName":"Inprosy","url":"https:\/\/inprosy.com\/fr\/","logo":{"@type":"ImageObject","inLanguage":"fr-FR","@id":"https:\/\/inprosy.com\/fr\/#\/schema\/logo\/image\/","url":"https:\/\/inprosy.com\/wp-content\/uploads\/2017\/07\/logo-header.jpg","contentUrl":"https:\/\/inprosy.com\/wp-content\/uploads\/2017\/07\/logo-header.jpg","width":800,"height":156,"caption":"Innovate Production Systems, S.L."},"image":{"@id":"https:\/\/inprosy.com\/fr\/#\/schema\/logo\/image\/"},"sameAs":["https:\/\/www.linkedin.com\/company\/inprosys\/","https:\/\/www.youtube.com\/channel\/UCuSsS6ets4VjRxVpkMgS2Mw"]}]}},"_links":{"self":[{"href":"https:\/\/inprosy.com\/fr\/wp-json\/wp\/v2\/pages\/9681","targetHints":{"allow":["GET"]}}],"collection":[{"href":"https:\/\/inprosy.com\/fr\/wp-json\/wp\/v2\/pages"}],"about":[{"href":"https:\/\/inprosy.com\/fr\/wp-json\/wp\/v2\/types\/page"}],"author":[{"embeddable":true,"href":"https:\/\/inprosy.com\/fr\/wp-json\/wp\/v2\/users\/1"}],"replies":[{"embeddable":true,"href":"https:\/\/inprosy.com\/fr\/wp-json\/wp\/v2\/comments?post=9681"}],"version-history":[{"count":0,"href":"https:\/\/inprosy.com\/fr\/wp-json\/wp\/v2\/pages\/9681\/revisions"}],"wp:attachment":[{"href":"https:\/\/inprosy.com\/fr\/wp-json\/wp\/v2\/media?parent=9681"}],"curies":[{"name":"wp","href":"https:\/\/api.w.org\/{rel}","templated":true}]}}