{"id":9710,"date":"2020-07-07T10:19:47","date_gmt":"2020-07-07T08:19:47","guid":{"rendered":"https:\/\/inprosy.com\/service\/maintenance\/"},"modified":"2020-09-28T10:51:55","modified_gmt":"2020-09-28T08:51:55","slug":"maintenance","status":"publish","type":"page","link":"https:\/\/inprosy.com\/fr\/service\/maintenance\/","title":{"rendered":"Maintenance"},"content":{"rendered":"<section class=\"l-section wpb_row height_medium color_secondary\"><div class=\"l-section-h i-cf\"><div class=\"g-cols vc_row via_flex valign_top type_default stacking_default\"><div class=\"vc_col-sm-12 wpb_column vc_column_container\"><div class=\"vc_column-inner\"><div class=\"wpb_wrapper\"><nav class=\"g-breadcrumbs us_custom_11861369 separator_icon align_none\" itemscope itemtype=\"http:\/\/schema.org\/BreadcrumbList\"><div class=\"g-breadcrumbs-item\" itemscope itemprop=\"itemListElement\" itemtype=\"http:\/\/schema.org\/ListItem\"><a itemprop=\"item\" href=\"https:\/\/inprosy.com\/fr\/\"><span itemprop=\"name\">Accueil<\/span><\/a><meta itemprop=\"position\" content=\"1\"\/><\/div><div class=\"g-breadcrumbs-separator\"><i class=\"far fa-angle-right\"><\/i><\/div><div class=\"g-breadcrumbs-item\">Pages<\/div><\/nav><div class=\"w-separator size_small\"><\/div><h1 class=\"w-post-elm post_title entry-title color_link_inherit\">Maintenance<\/h1><\/div><\/div><\/div><\/div><\/div><\/section><section class=\"l-section wpb_row height_medium\"><div class=\"l-section-h i-cf\"><div class=\"g-cols vc_row via_flex valign_top type_default stacking_default\"><div class=\"vc_col-sm-12 wpb_column vc_column_container\"><div class=\"vc_column-inner\"><div class=\"wpb_wrapper\"><div class=\"w-image align_none\"><div class=\"w-image-h\"><img decoding=\"async\" width=\"1200\" height=\"680\" src=\"https:\/\/inprosy.com\/wp-content\/uploads\/2020\/07\/Mantenimiento-01a.jpg\" class=\"attachment-full size-full\" alt=\"\" loading=\"lazy\" srcset=\"https:\/\/inprosy.com\/wp-content\/uploads\/2020\/07\/Mantenimiento-01a.jpg 1200w, https:\/\/inprosy.com\/wp-content\/uploads\/2020\/07\/Mantenimiento-01a-300x170.jpg 300w, https:\/\/inprosy.com\/wp-content\/uploads\/2020\/07\/Mantenimiento-01a-1024x580.jpg 1024w, https:\/\/inprosy.com\/wp-content\/uploads\/2020\/07\/Mantenimiento-01a-70x40.jpg 70w\" sizes=\"auto, (max-width: 1200px) 100vw, 1200px\" \/><\/div><\/div><div class=\"w-separator size_medium\"><\/div><div class=\"g-cols wpb_row via_flex valign_top type_default stacking_default\" style=\"--additional-gap:30;\"><div class=\"vc_col-sm-2 wpb_column vc_column_container\"><div class=\"vc_column-inner\"><div class=\"wpb_wrapper\"><\/div><\/div><\/div><div class=\"vc_col-sm-8 wpb_column vc_column_container\"><div class=\"vc_column-inner\"><div class=\"wpb_wrapper\"><div class=\"wpb_text_column\"><div class=\"wpb_wrapper\"><p style=\"text-align: center;\">\u00c9tant le cr\u00e9ateur de l&rsquo;\u00e9quipement, <strong>Inprosy<\/strong> couvre les besoins de la <strong>maintenance des installations et des dispositifs<\/strong> livr\u00e9s ou install\u00e9s chez ses clients.<\/p>\n<p style=\"text-align: center;\">Pour ce faire, la soci\u00e9t\u00e9 s\u2019adapte \u00e0 leurs capacit\u00e9s et exigences et s\u2019int\u00e8gre dans leurs <strong>plans g\u00e9n\u00e9raux de maintenance<\/strong> le cas \u00e9ch\u00e9ant.<\/p>\n<\/div><\/div><\/div><\/div><\/div><div class=\"vc_col-sm-2 wpb_column vc_column_container\"><div class=\"vc_column-inner\"><div class=\"wpb_wrapper\"><\/div><\/div><\/div><\/div><\/div><\/div><\/div><\/div><\/div><\/section>\n","protected":false},"excerpt":{"rendered":"AccueilPagesMaintenance\u00c9tant le cr\u00e9ateur de l&rsquo;\u00e9quipement, Inprosy couvre les besoins de la maintenance des installations et des dispositifs livr\u00e9s ou install\u00e9s chez ses clients. Pour ce faire, la soci\u00e9t\u00e9 s\u2019adapte \u00e0 leurs capacit\u00e9s et exigences et s\u2019int\u00e8gre dans leurs plans g\u00e9n\u00e9raux de maintenance le cas \u00e9ch\u00e9ant.","protected":false},"author":1,"featured_media":0,"parent":9681,"menu_order":19,"comment_status":"closed","ping_status":"closed","template":"","meta":{"_acf_changed":false,"footnotes":""},"class_list":["post-9710","page","type-page","status-publish","hentry"],"acf":[],"yoast_head":"<!-- This site is optimized with the Yoast SEO plugin v27.3 - https:\/\/yoast.com\/product\/yoast-seo-wordpress\/ -->\n<title>Service de maintenance pour lignes de production &#8211; Inprosy<\/title>\n<meta name=\"description\" content=\"Nous offrons des services de maintenance d\u2019installations et de machines livr\u00e9es ou install\u00e9es \u00e0 nos clients.\" \/>\n<meta name=\"robots\" content=\"index, follow, max-snippet:-1, max-image-preview:large, max-video-preview:-1\" \/>\n<link rel=\"canonical\" href=\"https:\/\/inprosy.com\/fr\/service\/maintenance\/\" \/>\n<meta property=\"og:locale\" content=\"fr_FR\" \/>\n<meta property=\"og:type\" content=\"article\" \/>\n<meta property=\"og:title\" content=\"Service de maintenance pour lignes de production &#8211; Inprosy\" \/>\n<meta property=\"og:description\" content=\"Nous offrons des services de maintenance d\u2019installations et de machines livr\u00e9es ou install\u00e9es \u00e0 nos clients.\" \/>\n<meta property=\"og:url\" content=\"https:\/\/inprosy.com\/fr\/service\/maintenance\/\" \/>\n<meta property=\"og:site_name\" content=\"Inprosy\" \/>\n<meta property=\"article:modified_time\" content=\"2020-09-28T08:51:55+00:00\" \/>\n<meta property=\"og:image\" content=\"https:\/\/inprosy.com\/wp-content\/uploads\/2017\/07\/logo-header.jpg\" \/>\n\t<meta property=\"og:image:width\" content=\"800\" \/>\n\t<meta property=\"og:image:height\" content=\"156\" \/>\n\t<meta property=\"og:image:type\" content=\"image\/jpeg\" \/>\n<meta name=\"twitter:label1\" content=\"Dur\u00e9e de lecture estim\u00e9e\" \/>\n\t<meta name=\"twitter:data1\" content=\"1 minute\" \/>\n<script type=\"application\/ld+json\" class=\"yoast-schema-graph\">{\"@context\":\"https:\\\/\\\/schema.org\",\"@graph\":[{\"@type\":\"WebPage\",\"@id\":\"https:\\\/\\\/inprosy.com\\\/fr\\\/service\\\/maintenance\\\/\",\"url\":\"https:\\\/\\\/inprosy.com\\\/fr\\\/service\\\/maintenance\\\/\",\"name\":\"Service de maintenance pour lignes de production &#8211; Inprosy\",\"isPartOf\":{\"@id\":\"https:\\\/\\\/inprosy.com\\\/fr\\\/#website\"},\"datePublished\":\"2020-07-07T08:19:47+00:00\",\"dateModified\":\"2020-09-28T08:51:55+00:00\",\"description\":\"Nous offrons des services de maintenance d\u2019installations et de machines livr\u00e9es ou install\u00e9es \u00e0 nos clients.\",\"breadcrumb\":{\"@id\":\"https:\\\/\\\/inprosy.com\\\/fr\\\/service\\\/maintenance\\\/#breadcrumb\"},\"inLanguage\":\"fr-FR\",\"potentialAction\":[{\"@type\":\"ReadAction\",\"target\":[\"https:\\\/\\\/inprosy.com\\\/fr\\\/service\\\/maintenance\\\/\"]}]},{\"@type\":\"BreadcrumbList\",\"@id\":\"https:\\\/\\\/inprosy.com\\\/fr\\\/service\\\/maintenance\\\/#breadcrumb\",\"itemListElement\":[{\"@type\":\"ListItem\",\"position\":1,\"name\":\"Portada\",\"item\":\"https:\\\/\\\/inprosy.com\\\/fr\\\/\"},{\"@type\":\"ListItem\",\"position\":2,\"name\":\"Service\",\"item\":\"https:\\\/\\\/inprosy.com\\\/fr\\\/service\\\/\"},{\"@type\":\"ListItem\",\"position\":3,\"name\":\"Maintenance\"}]},{\"@type\":\"WebSite\",\"@id\":\"https:\\\/\\\/inprosy.com\\\/fr\\\/#website\",\"url\":\"https:\\\/\\\/inprosy.com\\\/fr\\\/\",\"name\":\"Inprosy\",\"description\":\"Soluciones para la gesti\u00f3n de flujos de producci\u00f3n\",\"publisher\":{\"@id\":\"https:\\\/\\\/inprosy.com\\\/fr\\\/#organization\"},\"potentialAction\":[{\"@type\":\"SearchAction\",\"target\":{\"@type\":\"EntryPoint\",\"urlTemplate\":\"https:\\\/\\\/inprosy.com\\\/fr\\\/?s={search_term_string}\"},\"query-input\":{\"@type\":\"PropertyValueSpecification\",\"valueRequired\":true,\"valueName\":\"search_term_string\"}}],\"inLanguage\":\"fr-FR\"},{\"@type\":\"Organization\",\"@id\":\"https:\\\/\\\/inprosy.com\\\/fr\\\/#organization\",\"name\":\"Innovate Production Systems, S.L.\",\"alternateName\":\"Inprosy\",\"url\":\"https:\\\/\\\/inprosy.com\\\/fr\\\/\",\"logo\":{\"@type\":\"ImageObject\",\"inLanguage\":\"fr-FR\",\"@id\":\"https:\\\/\\\/inprosy.com\\\/fr\\\/#\\\/schema\\\/logo\\\/image\\\/\",\"url\":\"https:\\\/\\\/inprosy.com\\\/wp-content\\\/uploads\\\/2017\\\/07\\\/logo-header.jpg\",\"contentUrl\":\"https:\\\/\\\/inprosy.com\\\/wp-content\\\/uploads\\\/2017\\\/07\\\/logo-header.jpg\",\"width\":800,\"height\":156,\"caption\":\"Innovate Production Systems, S.L.\"},\"image\":{\"@id\":\"https:\\\/\\\/inprosy.com\\\/fr\\\/#\\\/schema\\\/logo\\\/image\\\/\"},\"sameAs\":[\"https:\\\/\\\/www.linkedin.com\\\/company\\\/inprosys\\\/\",\"https:\\\/\\\/www.youtube.com\\\/channel\\\/UCuSsS6ets4VjRxVpkMgS2Mw\"]}]}<\/script>\n<!-- \/ Yoast SEO plugin. -->","yoast_head_json":{"title":"Service de maintenance pour lignes de production &#8211; Inprosy","description":"Nous offrons des services de maintenance d\u2019installations et de machines livr\u00e9es ou install\u00e9es \u00e0 nos clients.","robots":{"index":"index","follow":"follow","max-snippet":"max-snippet:-1","max-image-preview":"max-image-preview:large","max-video-preview":"max-video-preview:-1"},"canonical":"https:\/\/inprosy.com\/fr\/service\/maintenance\/","og_locale":"fr_FR","og_type":"article","og_title":"Service de maintenance pour lignes de production &#8211; Inprosy","og_description":"Nous offrons des services de maintenance d\u2019installations et de machines livr\u00e9es ou install\u00e9es \u00e0 nos clients.","og_url":"https:\/\/inprosy.com\/fr\/service\/maintenance\/","og_site_name":"Inprosy","article_modified_time":"2020-09-28T08:51:55+00:00","og_image":[{"width":800,"height":156,"url":"https:\/\/inprosy.com\/wp-content\/uploads\/2017\/07\/logo-header.jpg","type":"image\/jpeg"}],"twitter_misc":{"Dur\u00e9e de lecture estim\u00e9e":"1 minute"},"schema":{"@context":"https:\/\/schema.org","@graph":[{"@type":"WebPage","@id":"https:\/\/inprosy.com\/fr\/service\/maintenance\/","url":"https:\/\/inprosy.com\/fr\/service\/maintenance\/","name":"Service de maintenance pour lignes de production &#8211; Inprosy","isPartOf":{"@id":"https:\/\/inprosy.com\/fr\/#website"},"datePublished":"2020-07-07T08:19:47+00:00","dateModified":"2020-09-28T08:51:55+00:00","description":"Nous offrons des services de maintenance d\u2019installations et de machines livr\u00e9es ou install\u00e9es \u00e0 nos clients.","breadcrumb":{"@id":"https:\/\/inprosy.com\/fr\/service\/maintenance\/#breadcrumb"},"inLanguage":"fr-FR","potentialAction":[{"@type":"ReadAction","target":["https:\/\/inprosy.com\/fr\/service\/maintenance\/"]}]},{"@type":"BreadcrumbList","@id":"https:\/\/inprosy.com\/fr\/service\/maintenance\/#breadcrumb","itemListElement":[{"@type":"ListItem","position":1,"name":"Portada","item":"https:\/\/inprosy.com\/fr\/"},{"@type":"ListItem","position":2,"name":"Service","item":"https:\/\/inprosy.com\/fr\/service\/"},{"@type":"ListItem","position":3,"name":"Maintenance"}]},{"@type":"WebSite","@id":"https:\/\/inprosy.com\/fr\/#website","url":"https:\/\/inprosy.com\/fr\/","name":"Inprosy","description":"Soluciones para la gesti\u00f3n de flujos de producci\u00f3n","publisher":{"@id":"https:\/\/inprosy.com\/fr\/#organization"},"potentialAction":[{"@type":"SearchAction","target":{"@type":"EntryPoint","urlTemplate":"https:\/\/inprosy.com\/fr\/?s={search_term_string}"},"query-input":{"@type":"PropertyValueSpecification","valueRequired":true,"valueName":"search_term_string"}}],"inLanguage":"fr-FR"},{"@type":"Organization","@id":"https:\/\/inprosy.com\/fr\/#organization","name":"Innovate Production Systems, S.L.","alternateName":"Inprosy","url":"https:\/\/inprosy.com\/fr\/","logo":{"@type":"ImageObject","inLanguage":"fr-FR","@id":"https:\/\/inprosy.com\/fr\/#\/schema\/logo\/image\/","url":"https:\/\/inprosy.com\/wp-content\/uploads\/2017\/07\/logo-header.jpg","contentUrl":"https:\/\/inprosy.com\/wp-content\/uploads\/2017\/07\/logo-header.jpg","width":800,"height":156,"caption":"Innovate Production Systems, S.L."},"image":{"@id":"https:\/\/inprosy.com\/fr\/#\/schema\/logo\/image\/"},"sameAs":["https:\/\/www.linkedin.com\/company\/inprosys\/","https:\/\/www.youtube.com\/channel\/UCuSsS6ets4VjRxVpkMgS2Mw"]}]}},"_links":{"self":[{"href":"https:\/\/inprosy.com\/fr\/wp-json\/wp\/v2\/pages\/9710","targetHints":{"allow":["GET"]}}],"collection":[{"href":"https:\/\/inprosy.com\/fr\/wp-json\/wp\/v2\/pages"}],"about":[{"href":"https:\/\/inprosy.com\/fr\/wp-json\/wp\/v2\/types\/page"}],"author":[{"embeddable":true,"href":"https:\/\/inprosy.com\/fr\/wp-json\/wp\/v2\/users\/1"}],"replies":[{"embeddable":true,"href":"https:\/\/inprosy.com\/fr\/wp-json\/wp\/v2\/comments?post=9710"}],"version-history":[{"count":0,"href":"https:\/\/inprosy.com\/fr\/wp-json\/wp\/v2\/pages\/9710\/revisions"}],"up":[{"embeddable":true,"href":"https:\/\/inprosy.com\/fr\/wp-json\/wp\/v2\/pages\/9681"}],"wp:attachment":[{"href":"https:\/\/inprosy.com\/fr\/wp-json\/wp\/v2\/media?parent=9710"}],"curies":[{"name":"wp","href":"https:\/\/api.w.org\/{rel}","templated":true}]}}