{"id":9718,"date":"2020-07-07T10:23:28","date_gmt":"2020-07-07T08:23:28","guid":{"rendered":"https:\/\/inprosy.com\/service\/pieces-de-rechange\/"},"modified":"2020-09-28T10:53:03","modified_gmt":"2020-09-28T08:53:03","slug":"pieces-de-rechange","status":"publish","type":"page","link":"https:\/\/inprosy.com\/fr\/service\/pieces-de-rechange\/","title":{"rendered":"Pi\u00e8ces de rechange"},"content":{"rendered":"<section class=\"l-section wpb_row height_medium color_secondary\"><div class=\"l-section-h i-cf\"><div class=\"g-cols vc_row via_flex valign_top type_default stacking_default\"><div class=\"vc_col-sm-12 wpb_column vc_column_container\"><div class=\"vc_column-inner\"><div class=\"wpb_wrapper\"><nav class=\"g-breadcrumbs us_custom_11861369 separator_icon align_none\" itemscope itemtype=\"http:\/\/schema.org\/BreadcrumbList\"><div class=\"g-breadcrumbs-item\" itemscope itemprop=\"itemListElement\" itemtype=\"http:\/\/schema.org\/ListItem\"><a itemprop=\"item\" href=\"https:\/\/inprosy.com\/fr\/\"><span itemprop=\"name\">Accueil<\/span><\/a><meta itemprop=\"position\" content=\"1\"\/><\/div><div class=\"g-breadcrumbs-separator\"><i class=\"far fa-angle-right\"><\/i><\/div><div class=\"g-breadcrumbs-item\">Pages<\/div><\/nav><div class=\"w-separator size_small\"><\/div><h1 class=\"w-post-elm post_title entry-title color_link_inherit\">Pi\u00e8ces de rechange<\/h1><\/div><\/div><\/div><\/div><\/div><\/section><section class=\"l-section wpb_row height_medium\"><div class=\"l-section-h i-cf\"><div class=\"g-cols vc_row via_flex valign_top type_default stacking_default\"><div class=\"vc_col-sm-12 wpb_column vc_column_container\"><div class=\"vc_column-inner\"><div class=\"wpb_wrapper\"><div class=\"w-image align_none\"><div class=\"w-image-h\"><img decoding=\"async\" width=\"1200\" height=\"600\" src=\"https:\/\/inprosy.com\/wp-content\/uploads\/2020\/07\/Recambios-01.jpg\" class=\"attachment-full size-full\" alt=\"\" loading=\"lazy\" srcset=\"https:\/\/inprosy.com\/wp-content\/uploads\/2020\/07\/Recambios-01.jpg 1200w, https:\/\/inprosy.com\/wp-content\/uploads\/2020\/07\/Recambios-01-300x150.jpg 300w, https:\/\/inprosy.com\/wp-content\/uploads\/2020\/07\/Recambios-01-1024x512.jpg 1024w, https:\/\/inprosy.com\/wp-content\/uploads\/2020\/07\/Recambios-01-70x35.jpg 70w\" sizes=\"auto, (max-width: 1200px) 100vw, 1200px\" \/><\/div><\/div><div class=\"w-separator size_medium\"><\/div><div class=\"g-cols wpb_row via_flex valign_top type_default stacking_default\" style=\"--additional-gap:30;\"><div class=\"vc_col-sm-2 wpb_column vc_column_container\"><div class=\"vc_column-inner\"><div class=\"wpb_wrapper\"><\/div><\/div><\/div><div class=\"vc_col-sm-8 wpb_column vc_column_container\"><div class=\"vc_column-inner\"><div class=\"wpb_wrapper\"><div class=\"wpb_text_column\"><div class=\"wpb_wrapper\"><p style=\"text-align: center;\"><strong>Inprosy<\/strong> est en mesure de fournir des <strong>pi\u00e8ces de rechange<\/strong> pour ses \u00e9quipements. En g\u00e9n\u00e9ral, les appareils d\u2019<strong>Inprosy<\/strong> sont fortement personnalis\u00e9s afin de satisfaire aux besoins de leurs clients, ce qui \u00e9largit le parc de pi\u00e8ces de rechange requis.<\/p>\n<p style=\"text-align: center;\"><strong>Inprosy<\/strong> dispose de l\u2019information et des moyens n\u00e9cessaires pour assurer un <strong>approvisionnement rapide<\/strong> en pi\u00e8ces de rechange de toute nature.<\/p>\n<\/div><\/div><\/div><\/div><\/div><div class=\"vc_col-sm-2 wpb_column vc_column_container\"><div class=\"vc_column-inner\"><div class=\"wpb_wrapper\"><\/div><\/div><\/div><\/div><div class=\"w-separator size_medium\"><\/div><div class=\"g-cols wpb_row via_flex valign_top type_default stacking_default\"><div class=\"vc_col-sm-6 wpb_column vc_column_container\"><div class=\"vc_column-inner\"><div class=\"wpb_wrapper\"><div class=\"w-image align_none\"><div class=\"w-image-h\"><img decoding=\"async\" width=\"1200\" height=\"800\" src=\"https:\/\/inprosy.com\/wp-content\/uploads\/2020\/07\/Recambios-02-e1596698396591.jpg\" class=\"attachment-full size-full\" alt=\"\" loading=\"lazy\" \/><\/div><\/div><\/div><\/div><\/div><div class=\"vc_col-sm-6 wpb_column vc_column_container\"><div class=\"vc_column-inner\"><div class=\"wpb_wrapper\"><div class=\"w-image align_none\"><div class=\"w-image-h\"><img decoding=\"async\" width=\"576\" height=\"384\" src=\"https:\/\/inprosy.com\/wp-content\/uploads\/2020\/08\/IMG_20200731_084335-ret.jpg\" class=\"attachment-full size-full\" alt=\"\" loading=\"lazy\" srcset=\"https:\/\/inprosy.com\/wp-content\/uploads\/2020\/08\/IMG_20200731_084335-ret.jpg 576w, https:\/\/inprosy.com\/wp-content\/uploads\/2020\/08\/IMG_20200731_084335-ret-300x200.jpg 300w, https:\/\/inprosy.com\/wp-content\/uploads\/2020\/08\/IMG_20200731_084335-ret-70x47.jpg 70w\" sizes=\"auto, (max-width: 576px) 100vw, 576px\" \/><\/div><\/div><\/div><\/div><\/div><\/div><\/div><\/div><\/div><\/div><\/div><\/section>\n","protected":false},"excerpt":{"rendered":"AccueilPagesPi\u00e8ces de rechangeInprosy est en mesure de fournir des pi\u00e8ces de rechange pour ses \u00e9quipements. En g\u00e9n\u00e9ral, les appareils d\u2019Inprosy sont fortement personnalis\u00e9s afin de satisfaire aux besoins de leurs clients, ce qui \u00e9largit le parc de pi\u00e8ces de rechange requis. Inprosy dispose de l\u2019information et des moyens n\u00e9cessaires pour assurer un approvisionnement rapide en...","protected":false},"author":1,"featured_media":0,"parent":9681,"menu_order":21,"comment_status":"closed","ping_status":"closed","template":"","meta":{"_acf_changed":false,"footnotes":""},"class_list":["post-9718","page","type-page","status-publish","hentry"],"acf":[],"yoast_head":"<!-- This site is optimized with the Yoast SEO plugin v27.4 - https:\/\/yoast.com\/product\/yoast-seo-wordpress\/ -->\n<title>Pi\u00e8ces de rechange pour dispositifs de ligne de production &#8211; Inprosy<\/title>\n<meta name=\"description\" content=\"Inprosy dispose d\u2019informations et de moyens pour assurer un approvisionnement rapide en pi\u00e8ces de rechange de toute nature. Toujours \u00e0 votre service.\" \/>\n<meta name=\"robots\" content=\"index, follow, max-snippet:-1, max-image-preview:large, max-video-preview:-1\" \/>\n<link rel=\"canonical\" href=\"https:\/\/inprosy.com\/fr\/service\/pieces-de-rechange\/\" \/>\n<meta property=\"og:locale\" content=\"fr_FR\" \/>\n<meta property=\"og:type\" content=\"article\" \/>\n<meta property=\"og:title\" content=\"Pi\u00e8ces de rechange pour dispositifs de ligne de production &#8211; Inprosy\" \/>\n<meta property=\"og:description\" content=\"Inprosy dispose d\u2019informations et de moyens pour assurer un approvisionnement rapide en pi\u00e8ces de rechange de toute nature. Toujours \u00e0 votre service.\" \/>\n<meta property=\"og:url\" content=\"https:\/\/inprosy.com\/fr\/service\/pieces-de-rechange\/\" \/>\n<meta property=\"og:site_name\" content=\"Inprosy\" \/>\n<meta property=\"article:modified_time\" content=\"2020-09-28T08:53:03+00:00\" \/>\n<meta property=\"og:image\" content=\"https:\/\/inprosy.com\/wp-content\/uploads\/2017\/07\/logo-header.jpg\" \/>\n\t<meta property=\"og:image:width\" content=\"800\" \/>\n\t<meta property=\"og:image:height\" content=\"156\" \/>\n\t<meta property=\"og:image:type\" content=\"image\/jpeg\" \/>\n<meta name=\"twitter:label1\" content=\"Dur\u00e9e de lecture estim\u00e9e\" \/>\n\t<meta name=\"twitter:data1\" content=\"1 minute\" \/>\n<script type=\"application\/ld+json\" class=\"yoast-schema-graph\">{\"@context\":\"https:\\\/\\\/schema.org\",\"@graph\":[{\"@type\":\"WebPage\",\"@id\":\"https:\\\/\\\/inprosy.com\\\/fr\\\/service\\\/pieces-de-rechange\\\/\",\"url\":\"https:\\\/\\\/inprosy.com\\\/fr\\\/service\\\/pieces-de-rechange\\\/\",\"name\":\"Pi\u00e8ces de rechange pour dispositifs de ligne de production &#8211; Inprosy\",\"isPartOf\":{\"@id\":\"https:\\\/\\\/inprosy.com\\\/fr\\\/#website\"},\"datePublished\":\"2020-07-07T08:23:28+00:00\",\"dateModified\":\"2020-09-28T08:53:03+00:00\",\"description\":\"Inprosy dispose d\u2019informations et de moyens pour assurer un approvisionnement rapide en pi\u00e8ces de rechange de toute nature. Toujours \u00e0 votre service.\",\"breadcrumb\":{\"@id\":\"https:\\\/\\\/inprosy.com\\\/fr\\\/service\\\/pieces-de-rechange\\\/#breadcrumb\"},\"inLanguage\":\"fr-FR\",\"potentialAction\":[{\"@type\":\"ReadAction\",\"target\":[\"https:\\\/\\\/inprosy.com\\\/fr\\\/service\\\/pieces-de-rechange\\\/\"]}]},{\"@type\":\"BreadcrumbList\",\"@id\":\"https:\\\/\\\/inprosy.com\\\/fr\\\/service\\\/pieces-de-rechange\\\/#breadcrumb\",\"itemListElement\":[{\"@type\":\"ListItem\",\"position\":1,\"name\":\"Portada\",\"item\":\"https:\\\/\\\/inprosy.com\\\/fr\\\/\"},{\"@type\":\"ListItem\",\"position\":2,\"name\":\"Service\",\"item\":\"https:\\\/\\\/inprosy.com\\\/fr\\\/service\\\/\"},{\"@type\":\"ListItem\",\"position\":3,\"name\":\"Pi\u00e8ces de rechange\"}]},{\"@type\":\"WebSite\",\"@id\":\"https:\\\/\\\/inprosy.com\\\/fr\\\/#website\",\"url\":\"https:\\\/\\\/inprosy.com\\\/fr\\\/\",\"name\":\"Inprosy\",\"description\":\"Soluciones para la gesti\u00f3n de flujos de producci\u00f3n\",\"publisher\":{\"@id\":\"https:\\\/\\\/inprosy.com\\\/fr\\\/#organization\"},\"potentialAction\":[{\"@type\":\"SearchAction\",\"target\":{\"@type\":\"EntryPoint\",\"urlTemplate\":\"https:\\\/\\\/inprosy.com\\\/fr\\\/?s={search_term_string}\"},\"query-input\":{\"@type\":\"PropertyValueSpecification\",\"valueRequired\":true,\"valueName\":\"search_term_string\"}}],\"inLanguage\":\"fr-FR\"},{\"@type\":\"Organization\",\"@id\":\"https:\\\/\\\/inprosy.com\\\/fr\\\/#organization\",\"name\":\"Innovate Production Systems, S.L.\",\"alternateName\":\"Inprosy\",\"url\":\"https:\\\/\\\/inprosy.com\\\/fr\\\/\",\"logo\":{\"@type\":\"ImageObject\",\"inLanguage\":\"fr-FR\",\"@id\":\"https:\\\/\\\/inprosy.com\\\/fr\\\/#\\\/schema\\\/logo\\\/image\\\/\",\"url\":\"https:\\\/\\\/inprosy.com\\\/wp-content\\\/uploads\\\/2017\\\/07\\\/logo-header.jpg\",\"contentUrl\":\"https:\\\/\\\/inprosy.com\\\/wp-content\\\/uploads\\\/2017\\\/07\\\/logo-header.jpg\",\"width\":800,\"height\":156,\"caption\":\"Innovate Production Systems, S.L.\"},\"image\":{\"@id\":\"https:\\\/\\\/inprosy.com\\\/fr\\\/#\\\/schema\\\/logo\\\/image\\\/\"},\"sameAs\":[\"https:\\\/\\\/www.linkedin.com\\\/company\\\/inprosys\\\/\",\"https:\\\/\\\/www.youtube.com\\\/channel\\\/UCuSsS6ets4VjRxVpkMgS2Mw\"]}]}<\/script>\n<!-- \/ Yoast SEO plugin. -->","yoast_head_json":{"title":"Pi\u00e8ces de rechange pour dispositifs de ligne de production &#8211; Inprosy","description":"Inprosy dispose d\u2019informations et de moyens pour assurer un approvisionnement rapide en pi\u00e8ces de rechange de toute nature. Toujours \u00e0 votre service.","robots":{"index":"index","follow":"follow","max-snippet":"max-snippet:-1","max-image-preview":"max-image-preview:large","max-video-preview":"max-video-preview:-1"},"canonical":"https:\/\/inprosy.com\/fr\/service\/pieces-de-rechange\/","og_locale":"fr_FR","og_type":"article","og_title":"Pi\u00e8ces de rechange pour dispositifs de ligne de production &#8211; Inprosy","og_description":"Inprosy dispose d\u2019informations et de moyens pour assurer un approvisionnement rapide en pi\u00e8ces de rechange de toute nature. Toujours \u00e0 votre service.","og_url":"https:\/\/inprosy.com\/fr\/service\/pieces-de-rechange\/","og_site_name":"Inprosy","article_modified_time":"2020-09-28T08:53:03+00:00","og_image":[{"width":800,"height":156,"url":"https:\/\/inprosy.com\/wp-content\/uploads\/2017\/07\/logo-header.jpg","type":"image\/jpeg"}],"twitter_misc":{"Dur\u00e9e de lecture estim\u00e9e":"1 minute"},"schema":{"@context":"https:\/\/schema.org","@graph":[{"@type":"WebPage","@id":"https:\/\/inprosy.com\/fr\/service\/pieces-de-rechange\/","url":"https:\/\/inprosy.com\/fr\/service\/pieces-de-rechange\/","name":"Pi\u00e8ces de rechange pour dispositifs de ligne de production &#8211; Inprosy","isPartOf":{"@id":"https:\/\/inprosy.com\/fr\/#website"},"datePublished":"2020-07-07T08:23:28+00:00","dateModified":"2020-09-28T08:53:03+00:00","description":"Inprosy dispose d\u2019informations et de moyens pour assurer un approvisionnement rapide en pi\u00e8ces de rechange de toute nature. Toujours \u00e0 votre service.","breadcrumb":{"@id":"https:\/\/inprosy.com\/fr\/service\/pieces-de-rechange\/#breadcrumb"},"inLanguage":"fr-FR","potentialAction":[{"@type":"ReadAction","target":["https:\/\/inprosy.com\/fr\/service\/pieces-de-rechange\/"]}]},{"@type":"BreadcrumbList","@id":"https:\/\/inprosy.com\/fr\/service\/pieces-de-rechange\/#breadcrumb","itemListElement":[{"@type":"ListItem","position":1,"name":"Portada","item":"https:\/\/inprosy.com\/fr\/"},{"@type":"ListItem","position":2,"name":"Service","item":"https:\/\/inprosy.com\/fr\/service\/"},{"@type":"ListItem","position":3,"name":"Pi\u00e8ces de rechange"}]},{"@type":"WebSite","@id":"https:\/\/inprosy.com\/fr\/#website","url":"https:\/\/inprosy.com\/fr\/","name":"Inprosy","description":"Soluciones para la gesti\u00f3n de flujos de producci\u00f3n","publisher":{"@id":"https:\/\/inprosy.com\/fr\/#organization"},"potentialAction":[{"@type":"SearchAction","target":{"@type":"EntryPoint","urlTemplate":"https:\/\/inprosy.com\/fr\/?s={search_term_string}"},"query-input":{"@type":"PropertyValueSpecification","valueRequired":true,"valueName":"search_term_string"}}],"inLanguage":"fr-FR"},{"@type":"Organization","@id":"https:\/\/inprosy.com\/fr\/#organization","name":"Innovate Production Systems, S.L.","alternateName":"Inprosy","url":"https:\/\/inprosy.com\/fr\/","logo":{"@type":"ImageObject","inLanguage":"fr-FR","@id":"https:\/\/inprosy.com\/fr\/#\/schema\/logo\/image\/","url":"https:\/\/inprosy.com\/wp-content\/uploads\/2017\/07\/logo-header.jpg","contentUrl":"https:\/\/inprosy.com\/wp-content\/uploads\/2017\/07\/logo-header.jpg","width":800,"height":156,"caption":"Innovate Production Systems, S.L."},"image":{"@id":"https:\/\/inprosy.com\/fr\/#\/schema\/logo\/image\/"},"sameAs":["https:\/\/www.linkedin.com\/company\/inprosys\/","https:\/\/www.youtube.com\/channel\/UCuSsS6ets4VjRxVpkMgS2Mw"]}]}},"_links":{"self":[{"href":"https:\/\/inprosy.com\/fr\/wp-json\/wp\/v2\/pages\/9718","targetHints":{"allow":["GET"]}}],"collection":[{"href":"https:\/\/inprosy.com\/fr\/wp-json\/wp\/v2\/pages"}],"about":[{"href":"https:\/\/inprosy.com\/fr\/wp-json\/wp\/v2\/types\/page"}],"author":[{"embeddable":true,"href":"https:\/\/inprosy.com\/fr\/wp-json\/wp\/v2\/users\/1"}],"replies":[{"embeddable":true,"href":"https:\/\/inprosy.com\/fr\/wp-json\/wp\/v2\/comments?post=9718"}],"version-history":[{"count":0,"href":"https:\/\/inprosy.com\/fr\/wp-json\/wp\/v2\/pages\/9718\/revisions"}],"up":[{"embeddable":true,"href":"https:\/\/inprosy.com\/fr\/wp-json\/wp\/v2\/pages\/9681"}],"wp:attachment":[{"href":"https:\/\/inprosy.com\/fr\/wp-json\/wp\/v2\/media?parent=9718"}],"curies":[{"name":"wp","href":"https:\/\/api.w.org\/{rel}","templated":true}]}}