{"id":9724,"date":"2020-07-07T10:28:41","date_gmt":"2020-07-07T08:28:41","guid":{"rendered":"https:\/\/inprosy.com\/projets\/projet-flowpacks\/"},"modified":"2020-09-28T10:43:00","modified_gmt":"2020-09-28T08:43:00","slug":"projet-flowpacks","status":"publish","type":"page","link":"https:\/\/inprosy.com\/fr\/projets\/projet-flowpacks\/","title":{"rendered":"Projet flowpacks"},"content":{"rendered":"<section class=\"l-section wpb_row height_medium color_primary\"><div class=\"l-section-h i-cf\"><div class=\"g-cols vc_row via_flex valign_middle type_default stacking_default\"><div class=\"vc_col-sm-10 wpb_column vc_column_container\"><div class=\"vc_column-inner\"><div class=\"wpb_wrapper\"><h1 class=\"w-post-elm post_title entry-title color_link_inherit\">Projet flowpacks<\/h1><\/div><\/div><\/div><div class=\"vc_col-sm-2 wpb_column vc_column_container\"><div class=\"vc_column-inner\"><div class=\"wpb_wrapper\"><div class=\"w-iconbox iconpos_top style_default color_primary align_center no_text no_title icontype_img\"><div class=\"w-iconbox-icon\" style=\"font-size:70px;\"><img loading=\"lazy\" decoding=\"async\" width=\"70\" height=\"61\" src=\"https:\/\/inprosy.com\/wp-content\/uploads\/2020\/06\/picto-flowpacks-b-e1596698467204.png\" class=\"attachment-full size-full\" alt=\"\" \/><\/div><div class=\"w-iconbox-meta\"><\/div><\/div><\/div><\/div><\/div><\/div><\/div><\/section><section class=\"l-section wpb_row height_medium\"><div class=\"l-section-h i-cf\"><div class=\"g-cols vc_row via_flex valign_top type_default stacking_default\"><div class=\"vc_col-sm-12 wpb_column vc_column_container\"><div class=\"vc_column-inner\"><div class=\"wpb_wrapper\"><div class=\"g-cols wpb_row via_flex valign_top type_default stacking_default\"><div class=\"vc_col-sm-9 wpb_column vc_column_container\"><div class=\"vc_column-inner\"><div class=\"wpb_wrapper\"><div class=\"wpb_text_column\"><div class=\"wpb_wrapper\"><h3>Produit<\/h3>\n<p>Flowpacks de 200 x 160 mm.<\/p>\n<h3>Besoin existant<\/h3>\n<p>Le client disposait d\u2019une ligne de transport d\u2019environ 200 m\u00e8tres de long par laquelle les produits circulaient dans des emballages de type flowpack, avec une installation d\u2019encaissage robotis\u00e9e en fin de ligne pour les mettre en bo\u00eete.<\/p>\n<p>Pour fonctionner correctement, l&rsquo;installation d\u2019encaissage robotis\u00e9e requiert que les flowpacks soient plac\u00e9s dans la m\u00eame position et en respectant la m\u00eame distance entre eux. Les flowpacks qui ne respectaient pas ces conditions ne pouvaient pas \u00eatre g\u00e9r\u00e9s par le robot et \u00e9taient envoy\u00e9s \u00e0 la ligne de rejet.<\/p>\n<p>Compte tenu de la longueur de la ligne de transport, la ligne \u00e9tait divis\u00e9e en plusieurs segments unis par des transferts interm\u00e9diaires. En raison des caract\u00e9ristiques physiques du flowpack, ceux-ci restaient fr\u00e9quemment coinc\u00e9s dans les transferts interm\u00e9diaires, ce qui interrompait le fonctionnement de la ligne de transport et modifiait l\u2019ordre et la distance d\u2019arriv\u00e9e des produits \u00e0 la machine.<\/p>\n<h3>Solution propos\u00e9e<\/h3>\n<p>L\u2019installation d\u2019un convoyeur sp\u00e9cial sans transferts interm\u00e9diaires est propos\u00e9e. De plus, pour optimiser l\u2019espace, nous avons recommand\u00e9 que le convoyeur fonctionne \u00e0 une hauteur d\u2019environ 3 m\u00e8tres.<\/p>\n<p>Le produit est livr\u00e9 \u00e0 la hauteur requise par le robot d\u2019encaissage par un convoyeur h\u00e9lico\u00efdal descendant de type SPI-1T.<\/p>\n<p>Ces mesures visent \u00e0 \u00e9liminer les bourrages de flowpacks dans les stations interm\u00e9diaires de la ligne de transport, ce qui permet d\u2019\u00e9viter les arr\u00eats impr\u00e9vus et de garantir que les unit\u00e9s arrivent dans la position correcte et en respectant la s\u00e9paration requise par l\u2019installation d\u2019encaissage robotis\u00e9e.<\/p>\n<h3>Am\u00e9liorations obtenues<\/h3>\n<ul>\n<li>Am\u00e9lioration de l\u2019efficacit\u00e9 de la ligne.<\/li>\n<li>\u00c9limination d\u2019une cause de gaspillage du produit.<\/li>\n<\/ul>\n<h3>Points cl\u00e9s<\/h3>\n<p>CONTRAINTES D\u2019ESPACE \u2013 TRANSPORTEUR SANS TRANSFERT \u2013 EFFICACIT\u00c9 \u2013 SOLUTION PERSONNALIS\u00c9E \u2013 R\u00c9DUCTION DU REBUT<\/p>\n<p>*REMARQUE: pour des raisons de confidentialit\u00e9, certains d\u00e9tails du projet sont omis<\/p>\n<\/div><\/div><\/div><\/div><\/div><div class=\"vc_col-sm-3 wpb_column vc_column_container\"><div class=\"vc_column-inner\"><div class=\"wpb_wrapper\"><\/div><\/div><\/div><\/div><\/div><\/div><\/div><\/div><\/div><\/section><section class=\"l-section wpb_row height_medium color_alternate\"><div class=\"l-section-h i-cf\"><div class=\"g-cols vc_row via_flex valign_top type_default stacking_default\"><div class=\"vc_col-sm-12 wpb_column vc_column_container\"><div class=\"vc_column-inner\"><div class=\"wpb_wrapper\"><div class=\"wpb_text_column\"><div class=\"wpb_wrapper\"><h3>Produits utilis\u00e9s<\/h3>\n<\/div><\/div><div class=\"w-separator size_medium\"><\/div><div class=\"w-grid type_grid layout_7608 cols_4 valign_center preload_style_spinner\" id=\"us_grid_1\" style=\"--columns:4;--gap:1.2rem;\"><style>@media (max-width:1024px){#us_grid_1{--columns:2!important}}@media (max-width:600px){#us_grid_1{--columns:1!important}}.layout_7608 .w-grid-item-h{}.layout_7608 .usg_post_image_1{transition-duration:0.3s;transform-origin:50% 50%;transform:scale(1) translate(0%,0%)}.layout_7608 .w-grid-item-h:focus-within .usg_post_image_1,.layout_7608 .w-grid-item-h:hover .usg_post_image_1{transform:scale(0.95) translate(0%,0%);opacity:0.6}.layout_7608 .usg_post_image_1{margin-bottom:0.5rem!important}.layout_7608 .usg_post_title_1{min-height:5rem!important}<\/style><div class=\"w-grid-list\">\t<article class=\"w-grid-item size_1x1 post-9976 us_portfolio type-us_portfolio status-publish has-post-thumbnail hentry us_portfolio_category-acceder us_portfolio_category-elever-descendre us_portfolio_category-spirales\" data-id=\"9976\">\r\n\t\t<div class=\"w-grid-item-h\">\r\n\t\t\t\t\t\t\t<a href=\"https:\/\/inprosy.com\/fr\/convoyeur-helicoidal-pour-lelevation-ou-la-descente\/\" class=\"w-grid-item-anchor\" aria-label=\"Convoyeur h\u00e9lico\u00efdal pour l\u2019\u00e9l\u00e9vation ou la descente\"><\/a>\r\n\t\t\t\t\t\t<div class=\"w-post-elm post_image usg_post_image_1\"><img loading=\"lazy\" decoding=\"async\" width=\"720\" height=\"720\" src=\"https:\/\/inprosy.com\/wp-content\/uploads\/2020\/05\/SPI-1-e1595865553610.png\" class=\"attachment- size- wp-post-image\" alt=\"Espirales de elevaci\u00f3n o descenso - Inprosy\" \/><\/div><div class=\"w-vwrapper usg_vwrapper_1 align_center valign_top\" style=\"--vwrapper-gap:\"><h6 class=\"w-post-elm post_title usg_post_title_1 align_center entry-title color_link_inherit\">Convoyeur h\u00e9lico\u00efdal pour l\u2019\u00e9l\u00e9vation ou la descente<\/h6><\/div>\t\t<\/div>\r\n\t\t\t<\/article>\r\n\t<article class=\"w-grid-item size_1x1 post-9994 us_portfolio type-us_portfolio status-publish has-post-thumbnail hentry us_portfolio_category-convoyeurs-de-grande-longueur us_portfolio_category-transport\" data-id=\"9994\">\r\n\t\t<div class=\"w-grid-item-h\">\r\n\t\t\t\t\t\t\t<a href=\"https:\/\/inprosy.com\/fr\/convoyeurs-de-grande-longueur\/\" class=\"w-grid-item-anchor\" aria-label=\"Convoyeurs de grande longueur\"><\/a>\r\n\t\t\t\t\t\t<div class=\"w-post-elm post_image usg_post_image_1\"><img loading=\"lazy\" decoding=\"async\" width=\"271\" height=\"271\" src=\"https:\/\/inprosy.com\/wp-content\/uploads\/2020\/06\/LLC-1b.png\" class=\"attachment- size- wp-post-image\" alt=\"\" srcset=\"https:\/\/inprosy.com\/wp-content\/uploads\/2020\/06\/LLC-1b.png 271w, https:\/\/inprosy.com\/wp-content\/uploads\/2020\/06\/LLC-1b-150x150.png 150w, https:\/\/inprosy.com\/wp-content\/uploads\/2020\/06\/LLC-1b-61x61.png 61w\" sizes=\"auto, (max-width: 271px) 100vw, 271px\" \/><\/div><div class=\"w-vwrapper usg_vwrapper_1 align_center valign_top\" style=\"--vwrapper-gap:\"><h6 class=\"w-post-elm post_title usg_post_title_1 align_center entry-title color_link_inherit\">Convoyeurs de grande longueur<\/h6><\/div>\t\t<\/div>\r\n\t\t\t<\/article>\r\n<\/div><div class=\"w-grid-preloader\">\t<div class=\"g-preloader type_1\">\r\n\t\t<div><\/div>\r\n\t<\/div>\r\n\t<\/div>\t<div class=\"w-grid-json hidden\" onclick='return {&quot;action&quot;:&quot;us_ajax_grid&quot;,&quot;infinite_scroll&quot;:0,&quot;max_num_pages&quot;:1,&quot;pagination&quot;:&quot;none&quot;,&quot;template_vars&quot;:{&quot;columns&quot;:&quot;4&quot;,&quot;exclude_items&quot;:&quot;none&quot;,&quot;img_size&quot;:&quot;default&quot;,&quot;ignore_items_size&quot;:0,&quot;items_layout&quot;:&quot;7608&quot;,&quot;items_offset&quot;:&quot;1&quot;,&quot;load_animation&quot;:&quot;none&quot;,&quot;overriding_link&quot;:&quot;%7B%22type%22%3A%22post%22%7D&quot;,&quot;post_id&quot;:0,&quot;query_args&quot;:{&quot;ignore_sticky_posts&quot;:1,&quot;post_type&quot;:&quot;any&quot;,&quot;post__in&quot;:[&quot;8012&quot;,&quot;7999&quot;],&quot;posts_per_page&quot;:999},&quot;orderby_query_args&quot;:{&quot;orderby&quot;:{&quot;menu_order&quot;:&quot;ASC&quot;},&quot;order&quot;:&quot;ASC&quot;},&quot;type&quot;:&quot;grid&quot;,&quot;us_grid_post_type&quot;:&quot;ids&quot;,&quot;us_grid_ajax_index&quot;:1,&quot;us_grid_filter_query_string&quot;:null,&quot;us_grid_index&quot;:1,&quot;page_args&quot;:[],&quot;lang&quot;:&quot;fr&quot;}}'><\/div>\r\n\t<\/div><\/div><\/div><\/div><\/div><\/div><\/section>\n","protected":false},"excerpt":{"rendered":"AccueilPagesConvoyeurs de grande longueur bo\u00eetes packs briques doypacks flowpacks pots bacs plateaux sacs bouteilles composants m\u00e9caniques composants \u00e9lectroniques T\u00e9l\u00e9charger la fiche produitLes transporteurs de grande longueur (LLC) permettent le transfert de produits sur de grandes longueurs de fa\u00e7on continue et sans transfert interm\u00e9diaire, \u00e9liminant ainsi les causes possibles d&rsquo;accumulation, de blocage ou de chute de...","protected":false},"author":1,"featured_media":0,"parent":9723,"menu_order":23,"comment_status":"closed","ping_status":"closed","template":"","meta":{"_acf_changed":false,"footnotes":""},"class_list":["post-9724","page","type-page","status-publish","hentry"],"acf":[],"yoast_head":"<!-- This site is optimized with the Yoast SEO plugin v27.4 - https:\/\/yoast.com\/product\/yoast-seo-wordpress\/ -->\n<title>Optimisation de la ligne de production de Flowpacks &#8211; Inprosy<\/title>\n<meta name=\"description\" content=\"Projet d&#039;optimisation de l&#039;efficacit\u00e9 d&#039;une ligne de production Flowpacks \u00e0 travers d&#039;une spirale d&#039;\u00e9l\u00e9vation et de descente.\" \/>\n<meta name=\"robots\" content=\"index, follow, max-snippet:-1, max-image-preview:large, max-video-preview:-1\" \/>\n<link rel=\"canonical\" href=\"https:\/\/inprosy.com\/fr\/projets\/projet-flowpacks\/\" \/>\n<meta property=\"og:locale\" content=\"fr_FR\" \/>\n<meta property=\"og:type\" content=\"article\" \/>\n<meta property=\"og:title\" content=\"Optimisation de la ligne de production de Flowpacks &#8211; Inprosy\" \/>\n<meta property=\"og:description\" content=\"Projet d&#039;optimisation de l&#039;efficacit\u00e9 d&#039;une ligne de production Flowpacks \u00e0 travers d&#039;une spirale d&#039;\u00e9l\u00e9vation et de descente.\" \/>\n<meta property=\"og:url\" content=\"https:\/\/inprosy.com\/fr\/projets\/projet-flowpacks\/\" \/>\n<meta property=\"og:site_name\" content=\"Inprosy\" \/>\n<meta property=\"article:modified_time\" content=\"2020-09-28T08:43:00+00:00\" \/>\n<meta property=\"og:image\" content=\"https:\/\/inprosy.com\/wp-content\/uploads\/2017\/07\/logo-header.jpg\" \/>\n\t<meta property=\"og:image:width\" content=\"800\" \/>\n\t<meta property=\"og:image:height\" content=\"156\" \/>\n\t<meta property=\"og:image:type\" content=\"image\/jpeg\" \/>\n<meta name=\"twitter:label1\" content=\"Dur\u00e9e de lecture estim\u00e9e\" \/>\n\t<meta name=\"twitter:data1\" content=\"2 minutes\" \/>\n<script type=\"application\/ld+json\" class=\"yoast-schema-graph\">{\"@context\":\"https:\\\/\\\/schema.org\",\"@graph\":[{\"@type\":\"WebPage\",\"@id\":\"https:\\\/\\\/inprosy.com\\\/fr\\\/projets\\\/projet-flowpacks\\\/\",\"url\":\"https:\\\/\\\/inprosy.com\\\/fr\\\/projets\\\/projet-flowpacks\\\/\",\"name\":\"Optimisation de la ligne de production de Flowpacks &#8211; Inprosy\",\"isPartOf\":{\"@id\":\"https:\\\/\\\/inprosy.com\\\/fr\\\/#website\"},\"datePublished\":\"2020-07-07T08:28:41+00:00\",\"dateModified\":\"2020-09-28T08:43:00+00:00\",\"description\":\"Projet d'optimisation de l'efficacit\u00e9 d'une ligne de production Flowpacks \u00e0 travers d'une spirale d'\u00e9l\u00e9vation et de descente.\",\"breadcrumb\":{\"@id\":\"https:\\\/\\\/inprosy.com\\\/fr\\\/projets\\\/projet-flowpacks\\\/#breadcrumb\"},\"inLanguage\":\"fr-FR\",\"potentialAction\":[{\"@type\":\"ReadAction\",\"target\":[\"https:\\\/\\\/inprosy.com\\\/fr\\\/projets\\\/projet-flowpacks\\\/\"]}]},{\"@type\":\"BreadcrumbList\",\"@id\":\"https:\\\/\\\/inprosy.com\\\/fr\\\/projets\\\/projet-flowpacks\\\/#breadcrumb\",\"itemListElement\":[{\"@type\":\"ListItem\",\"position\":1,\"name\":\"Portada\",\"item\":\"https:\\\/\\\/inprosy.com\\\/fr\\\/\"},{\"@type\":\"ListItem\",\"position\":2,\"name\":\"Projets\",\"item\":\"https:\\\/\\\/inprosy.com\\\/fr\\\/projets\\\/\"},{\"@type\":\"ListItem\",\"position\":3,\"name\":\"Projet flowpacks\"}]},{\"@type\":\"WebSite\",\"@id\":\"https:\\\/\\\/inprosy.com\\\/fr\\\/#website\",\"url\":\"https:\\\/\\\/inprosy.com\\\/fr\\\/\",\"name\":\"Inprosy\",\"description\":\"Soluciones para la gesti\u00f3n de flujos de producci\u00f3n\",\"publisher\":{\"@id\":\"https:\\\/\\\/inprosy.com\\\/fr\\\/#organization\"},\"potentialAction\":[{\"@type\":\"SearchAction\",\"target\":{\"@type\":\"EntryPoint\",\"urlTemplate\":\"https:\\\/\\\/inprosy.com\\\/fr\\\/?s={search_term_string}\"},\"query-input\":{\"@type\":\"PropertyValueSpecification\",\"valueRequired\":true,\"valueName\":\"search_term_string\"}}],\"inLanguage\":\"fr-FR\"},{\"@type\":\"Organization\",\"@id\":\"https:\\\/\\\/inprosy.com\\\/fr\\\/#organization\",\"name\":\"Innovate Production Systems, S.L.\",\"alternateName\":\"Inprosy\",\"url\":\"https:\\\/\\\/inprosy.com\\\/fr\\\/\",\"logo\":{\"@type\":\"ImageObject\",\"inLanguage\":\"fr-FR\",\"@id\":\"https:\\\/\\\/inprosy.com\\\/fr\\\/#\\\/schema\\\/logo\\\/image\\\/\",\"url\":\"https:\\\/\\\/inprosy.com\\\/wp-content\\\/uploads\\\/2017\\\/07\\\/logo-header.jpg\",\"contentUrl\":\"https:\\\/\\\/inprosy.com\\\/wp-content\\\/uploads\\\/2017\\\/07\\\/logo-header.jpg\",\"width\":800,\"height\":156,\"caption\":\"Innovate Production Systems, S.L.\"},\"image\":{\"@id\":\"https:\\\/\\\/inprosy.com\\\/fr\\\/#\\\/schema\\\/logo\\\/image\\\/\"},\"sameAs\":[\"https:\\\/\\\/www.linkedin.com\\\/company\\\/inprosys\\\/\",\"https:\\\/\\\/www.youtube.com\\\/channel\\\/UCuSsS6ets4VjRxVpkMgS2Mw\"]}]}<\/script>\n<!-- \/ Yoast SEO plugin. -->","yoast_head_json":{"title":"Optimisation de la ligne de production de Flowpacks &#8211; Inprosy","description":"Projet d'optimisation de l'efficacit\u00e9 d'une ligne de production Flowpacks \u00e0 travers d'une spirale d'\u00e9l\u00e9vation et de descente.","robots":{"index":"index","follow":"follow","max-snippet":"max-snippet:-1","max-image-preview":"max-image-preview:large","max-video-preview":"max-video-preview:-1"},"canonical":"https:\/\/inprosy.com\/fr\/projets\/projet-flowpacks\/","og_locale":"fr_FR","og_type":"article","og_title":"Optimisation de la ligne de production de Flowpacks &#8211; Inprosy","og_description":"Projet d'optimisation de l'efficacit\u00e9 d'une ligne de production Flowpacks \u00e0 travers d'une spirale d'\u00e9l\u00e9vation et de descente.","og_url":"https:\/\/inprosy.com\/fr\/projets\/projet-flowpacks\/","og_site_name":"Inprosy","article_modified_time":"2020-09-28T08:43:00+00:00","og_image":[{"width":800,"height":156,"url":"https:\/\/inprosy.com\/wp-content\/uploads\/2017\/07\/logo-header.jpg","type":"image\/jpeg"}],"twitter_misc":{"Dur\u00e9e de lecture estim\u00e9e":"2 minutes"},"schema":{"@context":"https:\/\/schema.org","@graph":[{"@type":"WebPage","@id":"https:\/\/inprosy.com\/fr\/projets\/projet-flowpacks\/","url":"https:\/\/inprosy.com\/fr\/projets\/projet-flowpacks\/","name":"Optimisation de la ligne de production de Flowpacks &#8211; Inprosy","isPartOf":{"@id":"https:\/\/inprosy.com\/fr\/#website"},"datePublished":"2020-07-07T08:28:41+00:00","dateModified":"2020-09-28T08:43:00+00:00","description":"Projet d'optimisation de l'efficacit\u00e9 d'une ligne de production Flowpacks \u00e0 travers d'une spirale d'\u00e9l\u00e9vation et de descente.","breadcrumb":{"@id":"https:\/\/inprosy.com\/fr\/projets\/projet-flowpacks\/#breadcrumb"},"inLanguage":"fr-FR","potentialAction":[{"@type":"ReadAction","target":["https:\/\/inprosy.com\/fr\/projets\/projet-flowpacks\/"]}]},{"@type":"BreadcrumbList","@id":"https:\/\/inprosy.com\/fr\/projets\/projet-flowpacks\/#breadcrumb","itemListElement":[{"@type":"ListItem","position":1,"name":"Portada","item":"https:\/\/inprosy.com\/fr\/"},{"@type":"ListItem","position":2,"name":"Projets","item":"https:\/\/inprosy.com\/fr\/projets\/"},{"@type":"ListItem","position":3,"name":"Projet flowpacks"}]},{"@type":"WebSite","@id":"https:\/\/inprosy.com\/fr\/#website","url":"https:\/\/inprosy.com\/fr\/","name":"Inprosy","description":"Soluciones para la gesti\u00f3n de flujos de producci\u00f3n","publisher":{"@id":"https:\/\/inprosy.com\/fr\/#organization"},"potentialAction":[{"@type":"SearchAction","target":{"@type":"EntryPoint","urlTemplate":"https:\/\/inprosy.com\/fr\/?s={search_term_string}"},"query-input":{"@type":"PropertyValueSpecification","valueRequired":true,"valueName":"search_term_string"}}],"inLanguage":"fr-FR"},{"@type":"Organization","@id":"https:\/\/inprosy.com\/fr\/#organization","name":"Innovate Production Systems, S.L.","alternateName":"Inprosy","url":"https:\/\/inprosy.com\/fr\/","logo":{"@type":"ImageObject","inLanguage":"fr-FR","@id":"https:\/\/inprosy.com\/fr\/#\/schema\/logo\/image\/","url":"https:\/\/inprosy.com\/wp-content\/uploads\/2017\/07\/logo-header.jpg","contentUrl":"https:\/\/inprosy.com\/wp-content\/uploads\/2017\/07\/logo-header.jpg","width":800,"height":156,"caption":"Innovate Production Systems, S.L."},"image":{"@id":"https:\/\/inprosy.com\/fr\/#\/schema\/logo\/image\/"},"sameAs":["https:\/\/www.linkedin.com\/company\/inprosys\/","https:\/\/www.youtube.com\/channel\/UCuSsS6ets4VjRxVpkMgS2Mw"]}]}},"_links":{"self":[{"href":"https:\/\/inprosy.com\/fr\/wp-json\/wp\/v2\/pages\/9724","targetHints":{"allow":["GET"]}}],"collection":[{"href":"https:\/\/inprosy.com\/fr\/wp-json\/wp\/v2\/pages"}],"about":[{"href":"https:\/\/inprosy.com\/fr\/wp-json\/wp\/v2\/types\/page"}],"author":[{"embeddable":true,"href":"https:\/\/inprosy.com\/fr\/wp-json\/wp\/v2\/users\/1"}],"replies":[{"embeddable":true,"href":"https:\/\/inprosy.com\/fr\/wp-json\/wp\/v2\/comments?post=9724"}],"version-history":[{"count":0,"href":"https:\/\/inprosy.com\/fr\/wp-json\/wp\/v2\/pages\/9724\/revisions"}],"up":[{"embeddable":true,"href":"https:\/\/inprosy.com\/fr\/wp-json\/wp\/v2\/pages\/9723"}],"wp:attachment":[{"href":"https:\/\/inprosy.com\/fr\/wp-json\/wp\/v2\/media?parent=9724"}],"curies":[{"name":"wp","href":"https:\/\/api.w.org\/{rel}","templated":true}]}}