{"id":9736,"date":"2020-07-07T10:33:38","date_gmt":"2020-07-07T08:33:38","guid":{"rendered":"https:\/\/inprosy.com\/projets\/projet-bouteilles-en-plastique\/"},"modified":"2021-02-04T11:16:03","modified_gmt":"2021-02-04T10:16:03","slug":"projet-bouteilles-en-plastique","status":"publish","type":"page","link":"https:\/\/inprosy.com\/fr\/projets\/projet-bouteilles-en-plastique\/","title":{"rendered":"Projet bouteilles en plastique"},"content":{"rendered":"<section class=\"l-section wpb_row height_medium color_primary\"><div class=\"l-section-h i-cf\"><div class=\"g-cols vc_row via_flex valign_middle type_default stacking_default\"><div class=\"vc_col-sm-10 wpb_column vc_column_container\"><div class=\"vc_column-inner\"><div class=\"wpb_wrapper\"><h1 class=\"w-post-elm post_title entry-title color_link_inherit\">Projet bouteilles en plastique<\/h1><\/div><\/div><\/div><div class=\"vc_col-sm-2 wpb_column vc_column_container\"><div class=\"vc_column-inner\"><div class=\"wpb_wrapper\"><div class=\"w-iconbox iconpos_top style_default color_primary align_center no_text no_title icontype_img\"><div class=\"w-iconbox-icon\" style=\"font-size:70px;\"><img loading=\"lazy\" decoding=\"async\" width=\"70\" height=\"61\" src=\"https:\/\/inprosy.com\/wp-content\/uploads\/2020\/06\/picto-botes-b-e1596698447999.png\" class=\"attachment-full size-full\" alt=\"\" \/><\/div><div class=\"w-iconbox-meta\"><\/div><\/div><\/div><\/div><\/div><\/div><\/div><\/section><section class=\"l-section wpb_row height_medium\"><div class=\"l-section-h i-cf\"><div class=\"g-cols vc_row via_flex valign_top type_default stacking_default\"><div class=\"vc_col-sm-12 wpb_column vc_column_container\"><div class=\"vc_column-inner\"><div class=\"wpb_wrapper\"><div class=\"g-cols wpb_row via_flex valign_top type_default stacking_default\"><div class=\"vc_col-sm-9 wpb_column vc_column_container\"><div class=\"vc_column-inner\"><div class=\"wpb_wrapper\"><div class=\"wpb_text_column\"><div class=\"wpb_wrapper\"><h3>Produit<\/h3>\n<p>Bouteilles en plastique de 100 x 25 x 40 mm<\/p>\n<h3>Besoin existant<\/h3>\n<p>La ligne de production du client enregistrait une efficacit\u00e9 de 60 %. La raison de cette inefficacit\u00e9 provenait des multiples arr\u00eats survenus aux diff\u00e9rents postes de travail de la ligne.<\/p>\n<p>Le probl\u00e8me \u00e9tait aggrav\u00e9 par le fait qu\u2019il s\u2019agissait de l\u2019une des deux seules lignes de fabrication dont le client disposait pour ce produit dans le monde. Les deux lignes op\u00e9raient en quatre \u00e9quipes.<\/p>\n<p>Le client consid\u00e9rait que la seule solution consistait dans le d\u00e9marrage d&rsquo;une nouvelle ligne de production. Mais comme il ne disposait pas d\u2019espace disponible, cela impliquait l\u2019agrandissement de l\u2019usine et la multiplication des investissements n\u00e9cessaires.<\/p>\n<p>Le produit \u00e9tait fragile et cassant, n\u2019admettait pas le contact et \u00e9tait susceptible de tomber du convoyeur. En r\u00e9sum\u00e9, il \u00e9tait obligatoire de respecter strictement le principe FIFO.<\/p>\n<h3>Solution propos\u00e9e<\/h3>\n<p>Nous avons propos\u00e9 au client l\u2019installation d\u2019un r\u00e9gulateur dynamique de flux (DFR) qui permet aux produits de s\u2019accumuler de fa\u00e7on dynamique lors des temps d\u2019arr\u00eat et de les lib\u00e9rer lorsque le fonctionnement de la ligne est r\u00e9tabli.<\/p>\n<p>Plusieurs simulations du fonctionnement de la ligne de production ont \u00e9t\u00e9 effectu\u00e9es pour d\u00e9terminer la zone de la ligne dans laquelle installer le DFR et d\u00e9finir le temps d\u2019accumulation requis. Elles ont d\u00e9termin\u00e9 qu\u2019une capacit\u00e9 de stockage de 6 minutes est n\u00e9cessaire et le mod\u00e8le DFR-MC a donc \u00e9t\u00e9 choisi.<\/p>\n<p>Le DFR devrait absorber une partie importante des effets caus\u00e9s par les arr\u00eats de la ligne, en augmentant ainsi son efficacit\u00e9, et lui permettre d\u2019atteindre les objectifs de production.<\/p>\n<h3>Am\u00e9liorations obtenues<\/h3>\n<ul>\n<li>Augmentation de 18 % de l\u2019efficacit\u00e9 de la ligne de production.<\/li>\n<li>Augmentation de la production \u00e0 hauteur de 11 millions d\u2019unit\u00e9s par an.<\/li>\n<li>Les investissements n\u00e9cessaires pour le renforcement des capacit\u00e9s sont \u00e9vit\u00e9s.<\/li>\n<\/ul>\n<h3>Points cl\u00e9s<\/h3>\n<p>AM\u00c9LIORATION DE L\u2019EFFICACIT\u00c9 \u2013 ROI \u2013 AUGMENTATION DE LA CAPACIT\u00c9 \u2013 CONTRAINTES D\u2019ESPACE<\/p>\n<p>*REMARQUE: pour des raisons de confidentialit\u00e9, certains d\u00e9tails du projet sont omis<\/p>\n<\/div><\/div><\/div><\/div><\/div><div class=\"vc_col-sm-3 wpb_column vc_column_container\"><div class=\"vc_column-inner\"><div class=\"wpb_wrapper\"><\/div><\/div><\/div><\/div><\/div><\/div><\/div><\/div><\/div><\/section><section class=\"l-section wpb_row height_medium color_alternate\"><div class=\"l-section-h i-cf\"><div class=\"g-cols vc_row via_flex valign_top type_default stacking_default\"><div class=\"vc_col-sm-12 wpb_column vc_column_container\"><div class=\"vc_column-inner\"><div class=\"wpb_wrapper\"><div class=\"wpb_text_column\"><div class=\"wpb_wrapper\"><h3>Produits utilis\u00e9s<\/h3>\n<\/div><\/div><div class=\"w-separator size_medium\"><\/div><div class=\"w-grid type_grid layout_7608 cols_4 valign_center preload_style_spinner\" id=\"us_grid_1\" style=\"--columns:4;--gap:1.2rem;\"><style>@media (max-width:1024px){#us_grid_1{--columns:2!important}}@media (max-width:600px){#us_grid_1{--columns:1!important}}.layout_7608 .w-grid-item-h{}.layout_7608 .usg_post_image_1{transition-duration:0.3s;transform-origin:50% 50%;transform:scale(1) translate(0%,0%)}.layout_7608 .w-grid-item-h:focus-within .usg_post_image_1,.layout_7608 .w-grid-item-h:hover .usg_post_image_1{transform:scale(0.95) translate(0%,0%);opacity:0.6}.layout_7608 .usg_post_image_1{margin-bottom:0.5rem!important}.layout_7608 .usg_post_title_1{min-height:5rem!important}<\/style><div class=\"w-grid-list\">\t<article class=\"w-grid-item size_1x1 post-14234 us_portfolio type-us_portfolio status-publish has-post-thumbnail hentry us_portfolio_category-accumuler us_portfolio_category-regulateur-dynamique-de-flux us_portfolio_category-reguler\" data-id=\"14234\">\r\n\t\t<div class=\"w-grid-item-h\">\r\n\t\t\t\t\t\t\t<a href=\"https:\/\/inprosy.com\/fr\/regulateur-dynamique-de-flux\/\" class=\"w-grid-item-anchor\" aria-label=\"R\u00e9gulateur Dynamique de Flux\"><\/a>\r\n\t\t\t\t\t\t<div class=\"w-post-elm post_image usg_post_image_1\"><img loading=\"lazy\" decoding=\"async\" width=\"720\" height=\"720\" src=\"https:\/\/inprosy.com\/wp-content\/uploads\/2020\/05\/DFR-HC-n.png\" class=\"attachment- size- wp-post-image\" alt=\"Regulador Din\u00e1mico Flujo Alta Capacidad - Inprosy\" srcset=\"https:\/\/inprosy.com\/wp-content\/uploads\/2020\/05\/DFR-HC-n.png 720w, https:\/\/inprosy.com\/wp-content\/uploads\/2020\/05\/DFR-HC-n-300x300.png 300w, https:\/\/inprosy.com\/wp-content\/uploads\/2020\/05\/DFR-HC-n-150x150.png 150w, https:\/\/inprosy.com\/wp-content\/uploads\/2020\/05\/DFR-HC-n-61x61.png 61w\" sizes=\"auto, (max-width: 720px) 100vw, 720px\" \/><\/div><div class=\"w-vwrapper usg_vwrapper_1 align_center valign_top\" style=\"--vwrapper-gap:\"><h6 class=\"w-post-elm post_title usg_post_title_1 align_center entry-title color_link_inherit\">R\u00e9gulateur Dynamique de Flux<\/h6><\/div>\t\t<\/div>\r\n\t\t\t<\/article>\r\n<\/div><div class=\"w-grid-preloader\">\t<div class=\"g-preloader type_1\">\r\n\t\t<div><\/div>\r\n\t<\/div>\r\n\t<\/div>\t<div class=\"w-grid-json hidden\" onclick='return {&quot;action&quot;:&quot;us_ajax_grid&quot;,&quot;infinite_scroll&quot;:0,&quot;max_num_pages&quot;:1,&quot;pagination&quot;:&quot;none&quot;,&quot;template_vars&quot;:{&quot;columns&quot;:&quot;4&quot;,&quot;exclude_items&quot;:&quot;none&quot;,&quot;img_size&quot;:&quot;default&quot;,&quot;ignore_items_size&quot;:0,&quot;items_layout&quot;:&quot;7608&quot;,&quot;items_offset&quot;:&quot;1&quot;,&quot;load_animation&quot;:&quot;none&quot;,&quot;overriding_link&quot;:&quot;%7B%22type%22%3A%22post%22%7D&quot;,&quot;post_id&quot;:0,&quot;query_args&quot;:{&quot;ignore_sticky_posts&quot;:1,&quot;post_type&quot;:&quot;any&quot;,&quot;post__in&quot;:[&quot;14225&quot;],&quot;posts_per_page&quot;:999},&quot;orderby_query_args&quot;:{&quot;orderby&quot;:{&quot;menu_order&quot;:&quot;ASC&quot;},&quot;order&quot;:&quot;ASC&quot;},&quot;type&quot;:&quot;grid&quot;,&quot;us_grid_post_type&quot;:&quot;ids&quot;,&quot;us_grid_ajax_index&quot;:1,&quot;us_grid_filter_query_string&quot;:null,&quot;us_grid_index&quot;:1,&quot;page_args&quot;:[],&quot;lang&quot;:&quot;fr&quot;}}'><\/div>\r\n\t<\/div><\/div><\/div><\/div><\/div><\/div><\/section>\n","protected":false},"excerpt":{"rendered":"AccueilPagesR\u00e9gulateur Dynamique de Flux bo\u00eetes packs briques doypacks flowpacks pots bacs plateaux sacs bouteilles composants m\u00e9caniques composants \u00e9lectroniques T\u00e9l\u00e9charger la fiche produitLe R\u00e9gulateur Dynamique de Flux (DFR) a \u00e9t\u00e9 con\u00e7u pour \u00e9quilibrer les rythmes de production, en absorbant les inefficacit\u00e9s caus\u00e9es par des arr\u00eats planifi\u00e9s ou fortuits de la ligne. Le DFR accumule automatiquement les...","protected":false},"author":1,"featured_media":0,"parent":9723,"menu_order":24,"comment_status":"closed","ping_status":"closed","template":"","meta":{"_acf_changed":false,"footnotes":""},"class_list":["post-9736","page","type-page","status-publish","hentry"],"acf":[],"yoast_head":"<!-- This site is optimized with the Yoast SEO plugin v27.4 - https:\/\/yoast.com\/product\/yoast-seo-wordpress\/ -->\n<title>Optimisation de la ligne de production bouteilles en plastique &#8211; Inprosy<\/title>\n<meta name=\"description\" content=\"Projet d&#039;optimisation de l&#039;efficacit\u00e9 d&#039;une ligne de production de bouteilles en plastique \u00e0 travers un r\u00e9gulateur dynamique de flux.\" \/>\n<meta name=\"robots\" content=\"index, follow, max-snippet:-1, max-image-preview:large, max-video-preview:-1\" \/>\n<link rel=\"canonical\" href=\"https:\/\/inprosy.com\/fr\/projets\/projet-bouteilles-en-plastique\/\" \/>\n<meta property=\"og:locale\" content=\"fr_FR\" \/>\n<meta property=\"og:type\" content=\"article\" \/>\n<meta property=\"og:title\" content=\"Optimisation de la ligne de production bouteilles en plastique &#8211; Inprosy\" \/>\n<meta property=\"og:description\" content=\"Projet d&#039;optimisation de l&#039;efficacit\u00e9 d&#039;une ligne de production de bouteilles en plastique \u00e0 travers un r\u00e9gulateur dynamique de flux.\" \/>\n<meta property=\"og:url\" content=\"https:\/\/inprosy.com\/fr\/projets\/projet-bouteilles-en-plastique\/\" \/>\n<meta property=\"og:site_name\" content=\"Inprosy\" \/>\n<meta property=\"article:modified_time\" content=\"2021-02-04T10:16:03+00:00\" \/>\n<meta property=\"og:image\" content=\"https:\/\/inprosy.com\/wp-content\/uploads\/2017\/07\/logo-header.jpg\" \/>\n\t<meta property=\"og:image:width\" content=\"800\" \/>\n\t<meta property=\"og:image:height\" content=\"156\" \/>\n\t<meta property=\"og:image:type\" content=\"image\/jpeg\" \/>\n<meta name=\"twitter:label1\" content=\"Dur\u00e9e de lecture estim\u00e9e\" \/>\n\t<meta name=\"twitter:data1\" content=\"2 minutes\" \/>\n<script type=\"application\/ld+json\" class=\"yoast-schema-graph\">{\"@context\":\"https:\\\/\\\/schema.org\",\"@graph\":[{\"@type\":\"WebPage\",\"@id\":\"https:\\\/\\\/inprosy.com\\\/fr\\\/projets\\\/projet-bouteilles-en-plastique\\\/\",\"url\":\"https:\\\/\\\/inprosy.com\\\/fr\\\/projets\\\/projet-bouteilles-en-plastique\\\/\",\"name\":\"Optimisation de la ligne de production bouteilles en plastique &#8211; Inprosy\",\"isPartOf\":{\"@id\":\"https:\\\/\\\/inprosy.com\\\/fr\\\/#website\"},\"datePublished\":\"2020-07-07T08:33:38+00:00\",\"dateModified\":\"2021-02-04T10:16:03+00:00\",\"description\":\"Projet d'optimisation de l'efficacit\u00e9 d'une ligne de production de bouteilles en plastique \u00e0 travers un r\u00e9gulateur dynamique de flux.\",\"breadcrumb\":{\"@id\":\"https:\\\/\\\/inprosy.com\\\/fr\\\/projets\\\/projet-bouteilles-en-plastique\\\/#breadcrumb\"},\"inLanguage\":\"fr-FR\",\"potentialAction\":[{\"@type\":\"ReadAction\",\"target\":[\"https:\\\/\\\/inprosy.com\\\/fr\\\/projets\\\/projet-bouteilles-en-plastique\\\/\"]}]},{\"@type\":\"BreadcrumbList\",\"@id\":\"https:\\\/\\\/inprosy.com\\\/fr\\\/projets\\\/projet-bouteilles-en-plastique\\\/#breadcrumb\",\"itemListElement\":[{\"@type\":\"ListItem\",\"position\":1,\"name\":\"Portada\",\"item\":\"https:\\\/\\\/inprosy.com\\\/fr\\\/\"},{\"@type\":\"ListItem\",\"position\":2,\"name\":\"Projets\",\"item\":\"https:\\\/\\\/inprosy.com\\\/fr\\\/projets\\\/\"},{\"@type\":\"ListItem\",\"position\":3,\"name\":\"Projet bouteilles en plastique\"}]},{\"@type\":\"WebSite\",\"@id\":\"https:\\\/\\\/inprosy.com\\\/fr\\\/#website\",\"url\":\"https:\\\/\\\/inprosy.com\\\/fr\\\/\",\"name\":\"Inprosy\",\"description\":\"Soluciones para la gesti\u00f3n de flujos de producci\u00f3n\",\"publisher\":{\"@id\":\"https:\\\/\\\/inprosy.com\\\/fr\\\/#organization\"},\"potentialAction\":[{\"@type\":\"SearchAction\",\"target\":{\"@type\":\"EntryPoint\",\"urlTemplate\":\"https:\\\/\\\/inprosy.com\\\/fr\\\/?s={search_term_string}\"},\"query-input\":{\"@type\":\"PropertyValueSpecification\",\"valueRequired\":true,\"valueName\":\"search_term_string\"}}],\"inLanguage\":\"fr-FR\"},{\"@type\":\"Organization\",\"@id\":\"https:\\\/\\\/inprosy.com\\\/fr\\\/#organization\",\"name\":\"Innovate Production Systems, S.L.\",\"alternateName\":\"Inprosy\",\"url\":\"https:\\\/\\\/inprosy.com\\\/fr\\\/\",\"logo\":{\"@type\":\"ImageObject\",\"inLanguage\":\"fr-FR\",\"@id\":\"https:\\\/\\\/inprosy.com\\\/fr\\\/#\\\/schema\\\/logo\\\/image\\\/\",\"url\":\"https:\\\/\\\/inprosy.com\\\/wp-content\\\/uploads\\\/2017\\\/07\\\/logo-header.jpg\",\"contentUrl\":\"https:\\\/\\\/inprosy.com\\\/wp-content\\\/uploads\\\/2017\\\/07\\\/logo-header.jpg\",\"width\":800,\"height\":156,\"caption\":\"Innovate Production Systems, S.L.\"},\"image\":{\"@id\":\"https:\\\/\\\/inprosy.com\\\/fr\\\/#\\\/schema\\\/logo\\\/image\\\/\"},\"sameAs\":[\"https:\\\/\\\/www.linkedin.com\\\/company\\\/inprosys\\\/\",\"https:\\\/\\\/www.youtube.com\\\/channel\\\/UCuSsS6ets4VjRxVpkMgS2Mw\"]}]}<\/script>\n<!-- \/ Yoast SEO plugin. -->","yoast_head_json":{"title":"Optimisation de la ligne de production bouteilles en plastique &#8211; Inprosy","description":"Projet d'optimisation de l'efficacit\u00e9 d'une ligne de production de bouteilles en plastique \u00e0 travers un r\u00e9gulateur dynamique de flux.","robots":{"index":"index","follow":"follow","max-snippet":"max-snippet:-1","max-image-preview":"max-image-preview:large","max-video-preview":"max-video-preview:-1"},"canonical":"https:\/\/inprosy.com\/fr\/projets\/projet-bouteilles-en-plastique\/","og_locale":"fr_FR","og_type":"article","og_title":"Optimisation de la ligne de production bouteilles en plastique &#8211; Inprosy","og_description":"Projet d'optimisation de l'efficacit\u00e9 d'une ligne de production de bouteilles en plastique \u00e0 travers un r\u00e9gulateur dynamique de flux.","og_url":"https:\/\/inprosy.com\/fr\/projets\/projet-bouteilles-en-plastique\/","og_site_name":"Inprosy","article_modified_time":"2021-02-04T10:16:03+00:00","og_image":[{"width":800,"height":156,"url":"https:\/\/inprosy.com\/wp-content\/uploads\/2017\/07\/logo-header.jpg","type":"image\/jpeg"}],"twitter_misc":{"Dur\u00e9e de lecture estim\u00e9e":"2 minutes"},"schema":{"@context":"https:\/\/schema.org","@graph":[{"@type":"WebPage","@id":"https:\/\/inprosy.com\/fr\/projets\/projet-bouteilles-en-plastique\/","url":"https:\/\/inprosy.com\/fr\/projets\/projet-bouteilles-en-plastique\/","name":"Optimisation de la ligne de production bouteilles en plastique &#8211; Inprosy","isPartOf":{"@id":"https:\/\/inprosy.com\/fr\/#website"},"datePublished":"2020-07-07T08:33:38+00:00","dateModified":"2021-02-04T10:16:03+00:00","description":"Projet d'optimisation de l'efficacit\u00e9 d'une ligne de production de bouteilles en plastique \u00e0 travers un r\u00e9gulateur dynamique de flux.","breadcrumb":{"@id":"https:\/\/inprosy.com\/fr\/projets\/projet-bouteilles-en-plastique\/#breadcrumb"},"inLanguage":"fr-FR","potentialAction":[{"@type":"ReadAction","target":["https:\/\/inprosy.com\/fr\/projets\/projet-bouteilles-en-plastique\/"]}]},{"@type":"BreadcrumbList","@id":"https:\/\/inprosy.com\/fr\/projets\/projet-bouteilles-en-plastique\/#breadcrumb","itemListElement":[{"@type":"ListItem","position":1,"name":"Portada","item":"https:\/\/inprosy.com\/fr\/"},{"@type":"ListItem","position":2,"name":"Projets","item":"https:\/\/inprosy.com\/fr\/projets\/"},{"@type":"ListItem","position":3,"name":"Projet bouteilles en plastique"}]},{"@type":"WebSite","@id":"https:\/\/inprosy.com\/fr\/#website","url":"https:\/\/inprosy.com\/fr\/","name":"Inprosy","description":"Soluciones para la gesti\u00f3n de flujos de producci\u00f3n","publisher":{"@id":"https:\/\/inprosy.com\/fr\/#organization"},"potentialAction":[{"@type":"SearchAction","target":{"@type":"EntryPoint","urlTemplate":"https:\/\/inprosy.com\/fr\/?s={search_term_string}"},"query-input":{"@type":"PropertyValueSpecification","valueRequired":true,"valueName":"search_term_string"}}],"inLanguage":"fr-FR"},{"@type":"Organization","@id":"https:\/\/inprosy.com\/fr\/#organization","name":"Innovate Production Systems, S.L.","alternateName":"Inprosy","url":"https:\/\/inprosy.com\/fr\/","logo":{"@type":"ImageObject","inLanguage":"fr-FR","@id":"https:\/\/inprosy.com\/fr\/#\/schema\/logo\/image\/","url":"https:\/\/inprosy.com\/wp-content\/uploads\/2017\/07\/logo-header.jpg","contentUrl":"https:\/\/inprosy.com\/wp-content\/uploads\/2017\/07\/logo-header.jpg","width":800,"height":156,"caption":"Innovate Production Systems, S.L."},"image":{"@id":"https:\/\/inprosy.com\/fr\/#\/schema\/logo\/image\/"},"sameAs":["https:\/\/www.linkedin.com\/company\/inprosys\/","https:\/\/www.youtube.com\/channel\/UCuSsS6ets4VjRxVpkMgS2Mw"]}]}},"_links":{"self":[{"href":"https:\/\/inprosy.com\/fr\/wp-json\/wp\/v2\/pages\/9736","targetHints":{"allow":["GET"]}}],"collection":[{"href":"https:\/\/inprosy.com\/fr\/wp-json\/wp\/v2\/pages"}],"about":[{"href":"https:\/\/inprosy.com\/fr\/wp-json\/wp\/v2\/types\/page"}],"author":[{"embeddable":true,"href":"https:\/\/inprosy.com\/fr\/wp-json\/wp\/v2\/users\/1"}],"replies":[{"embeddable":true,"href":"https:\/\/inprosy.com\/fr\/wp-json\/wp\/v2\/comments?post=9736"}],"version-history":[{"count":0,"href":"https:\/\/inprosy.com\/fr\/wp-json\/wp\/v2\/pages\/9736\/revisions"}],"up":[{"embeddable":true,"href":"https:\/\/inprosy.com\/fr\/wp-json\/wp\/v2\/pages\/9723"}],"wp:attachment":[{"href":"https:\/\/inprosy.com\/fr\/wp-json\/wp\/v2\/media?parent=9736"}],"curies":[{"name":"wp","href":"https:\/\/api.w.org\/{rel}","templated":true}]}}