{"id":9773,"date":"2020-07-07T10:59:09","date_gmt":"2020-07-07T08:59:09","guid":{"rendered":"https:\/\/inprosy.com\/blog\/"},"modified":"2020-09-28T10:45:03","modified_gmt":"2020-09-28T08:45:03","slug":"blog","status":"publish","type":"page","link":"https:\/\/inprosy.com\/fr\/blog\/","title":{"rendered":"Blog"},"content":{"rendered":"<section class=\"l-section wpb_row height_medium\"><div class=\"l-section-h i-cf\"><div class=\"g-cols vc_row via_flex valign_top type_default stacking_default\"><div class=\"vc_col-sm-12 wpb_column vc_column_container\"><div class=\"vc_column-inner\"><div class=\"wpb_wrapper\"><h1 class=\"w-post-elm post_title entry-title color_link_inherit\">Blog<\/h1><\/div><\/div><\/div><\/div><\/div><\/section><section class=\"l-section wpb_row height_auto\"><div class=\"l-section-h i-cf\"><div class=\"g-cols vc_row via_flex valign_top type_default stacking_default\"><div class=\"vc_col-sm-12 wpb_column vc_column_container\"><div class=\"vc_column-inner\"><div class=\"wpb_wrapper\"><div class=\"w-separator size_small\"><\/div><\/div><\/div><\/div><\/div><\/div><\/section><section class=\"l-section wpb_row height_auto\"><div class=\"l-section-h i-cf\"><div class=\"g-cols vc_row via_flex valign_top type_default stacking_default\"><div class=\"vc_col-sm-12 wpb_column vc_column_container\"><div class=\"vc_column-inner\"><div class=\"wpb_wrapper\"><div class=\"w-grid type_masonry layout_blog_11 cols_2 pagination_infinite preload_style_spinner with_isotope\" id=\"us_grid_1\" style=\"--columns:2;--gap:1.5rem;\" data-filterable=\"true\"><style>@media (max-width:600px){#us_grid_1{--columns:1!important}}.layout_blog_11 .w-grid-item-h{}.layout_blog_11 .usg_post_title_1{font-size:1.4rem!important;font-weight:700!important;margin-bottom:0.5rem!important}.layout_blog_11 .usg_hwrapper_1{color:var(--color-content-faded)!important;font-size:0.9rem!important}.layout_blog_11 .usg_post_taxonomy_1{font-weight:700!important;text-transform:uppercase!important}.layout_blog_11 .usg_post_image_1{margin-top:0.7rem!important}.layout_blog_11 .usg_post_content_1{max-width:600px!important;margin-top:0.8rem!important}@media (max-width:600px){.layout_blog_11 .usg_post_title_1{font-size:1.2rem!important}}<\/style><div class=\"w-grid-list\">\t<article class=\"w-grid-item size_1x1 post-14864 post type-post status-publish format-standard has-post-thumbnail hentry category-nouvelles-de-inprosy\" data-id=\"14864\">\r\n\t\t<div class=\"w-grid-item-h\">\r\n\t\t\t\t\t\t<h2 class=\"w-post-elm post_title usg_post_title_1 entry-title color_link_inherit\"><a href=\"https:\/\/inprosy.com\/fr\/les-effets-des-micro-arrets-sur-la-productivite-dune-ligne-de-production\/\">Les effets des micro-arr\u00eats sur la productivit\u00e9 d\u2019une ligne de production<\/a><\/h2><div class=\"w-hwrapper usg_hwrapper_1 has_text_color align_none valign_top wrap\"><div class=\"w-post-elm post_taxonomy usg_post_taxonomy_1 style_simple\"><a class=\"term-116 term-nouvelles-de-inprosy\" href=\"https:\/\/inprosy.com\/fr\/category\/nouvelles-de-inprosy\/\">Nouvelles de Inprosy<\/a><\/div><time class=\"w-post-elm post_date usg_post_date_1 entry-date published\" datetime=\"2021-05-18T09:55:36+02:00\" title=\"18 mai 2021 \u00e0 09:55:36 Europe\/Madrid\">il y a 5 ans<\/time><\/div><div class=\"w-post-elm post_image usg_post_image_1 stretched\"><a href=\"https:\/\/inprosy.com\/fr\/les-effets-des-micro-arrets-sur-la-productivite-dune-ligne-de-production\/\" aria-label=\"Les effets des micro-arr\u00eats sur la productivit\u00e9 d\u2019une ligne de production\"><img loading=\"lazy\" decoding=\"async\" width=\"1000\" height=\"600\" src=\"https:\/\/inprosy.com\/wp-content\/uploads\/2021\/05\/taula-inprosy-FRA.jpg\" class=\"attachment-us_600_400_crop size-us_600_400_crop wp-post-image\" alt=\"\" srcset=\"https:\/\/inprosy.com\/wp-content\/uploads\/2021\/05\/taula-inprosy-FRA.jpg 1000w, https:\/\/inprosy.com\/wp-content\/uploads\/2021\/05\/taula-inprosy-FRA-300x180.jpg 300w, https:\/\/inprosy.com\/wp-content\/uploads\/2021\/05\/taula-inprosy-FRA-70x42.jpg 70w\" sizes=\"auto, (max-width: 1000px) 100vw, 1000px\" \/><\/a><\/div><div class=\"w-post-elm post_content usg_post_content_1\">R\u00c9SUM\u00c9: Les micro-arr\u00eats dans les lignes de production ont un effet tr\u00e8s significatif sur leur productivit\u00e9. Certains syst\u00e8mes permettent d\u2019en \u00e9viter les effets. Les sites de production se sont automatis\u00e9s\u2026<\/div>\t\t<\/div>\r\n\t\t\t<\/article>\r\n\t<article class=\"w-grid-item size_1x1 post-14461 post type-post status-publish format-standard has-post-thumbnail hentry category-nouvelles-de-inprosy\" data-id=\"14461\">\r\n\t\t<div class=\"w-grid-item-h\">\r\n\t\t\t\t\t\t<h2 class=\"w-post-elm post_title usg_post_title_1 entry-title color_link_inherit\"><a href=\"https:\/\/inprosy.com\/fr\/installation-du-dfr-hc-terminee\/\">Installation du DFR-HC termin\u00e9e.<\/a><\/h2><div class=\"w-hwrapper usg_hwrapper_1 has_text_color align_none valign_top wrap\"><div class=\"w-post-elm post_taxonomy usg_post_taxonomy_1 style_simple\"><a class=\"term-116 term-nouvelles-de-inprosy\" href=\"https:\/\/inprosy.com\/fr\/category\/nouvelles-de-inprosy\/\">Nouvelles de Inprosy<\/a><\/div><time class=\"w-post-elm post_date usg_post_date_1 entry-date published\" datetime=\"2021-03-08T10:15:55+01:00\" title=\"8 mars 2021 \u00e0 10:15:55 Europe\/Madrid\">il y a 5 ans<\/time><\/div><div class=\"w-post-elm post_image usg_post_image_1 stretched\"><a href=\"https:\/\/inprosy.com\/fr\/installation-du-dfr-hc-terminee\/\" aria-label=\"Installation du DFR-HC termin\u00e9e.\"><img loading=\"lazy\" decoding=\"async\" width=\"2048\" height=\"1536\" src=\"https:\/\/inprosy.com\/wp-content\/uploads\/2021\/03\/PXL_20210127_174245838-scaled.jpg\" class=\"attachment-us_600_400_crop size-us_600_400_crop wp-post-image\" alt=\"\" srcset=\"https:\/\/inprosy.com\/wp-content\/uploads\/2021\/03\/PXL_20210127_174245838-scaled.jpg 2048w, https:\/\/inprosy.com\/wp-content\/uploads\/2021\/03\/PXL_20210127_174245838-300x225.jpg 300w, https:\/\/inprosy.com\/wp-content\/uploads\/2021\/03\/PXL_20210127_174245838-1024x768.jpg 1024w, https:\/\/inprosy.com\/wp-content\/uploads\/2021\/03\/PXL_20210127_174245838-1536x1152.jpg 1536w, https:\/\/inprosy.com\/wp-content\/uploads\/2021\/03\/PXL_20210127_174245838-70x53.jpg 70w\" sizes=\"auto, (max-width: 2048px) 100vw, 2048px\" \/><\/a><\/div><div class=\"w-post-elm post_content usg_post_content_1\">Inprosy vient de terminer l\u2019installation et la mise en service d\u2019un R\u00e9gulateur Dynamique de Flux Haute Capacit\u00e9 \u00e0 Madrid.<\/div>\t\t<\/div>\r\n\t\t\t<\/article>\r\n\t<article class=\"w-grid-item size_1x1 post-10828 post type-post status-publish format-standard has-post-thumbnail hentry category-nouvelles-de-inprosy\" data-id=\"10828\">\r\n\t\t<div class=\"w-grid-item-h\">\r\n\t\t\t\t\t\t<h2 class=\"w-post-elm post_title usg_post_title_1 entry-title color_link_inherit\"><a href=\"https:\/\/inprosy.com\/fr\/nouveau-site-web\/\">Nouveau site web<\/a><\/h2><div class=\"w-hwrapper usg_hwrapper_1 has_text_color align_none valign_top wrap\"><div class=\"w-post-elm post_taxonomy usg_post_taxonomy_1 style_simple\"><a class=\"term-116 term-nouvelles-de-inprosy\" href=\"https:\/\/inprosy.com\/fr\/category\/nouvelles-de-inprosy\/\">Nouvelles de Inprosy<\/a><\/div><time class=\"w-post-elm post_date usg_post_date_1 entry-date published\" datetime=\"2020-07-08T10:03:09+02:00\" title=\"8 juillet 2020 \u00e0 10:03:09 Europe\/Madrid\">il y a 6 ans<\/time><\/div><div class=\"w-post-elm post_image usg_post_image_1 stretched\"><a href=\"https:\/\/inprosy.com\/fr\/nouveau-site-web\/\" aria-label=\"Nouveau site web\"><img loading=\"lazy\" decoding=\"async\" width=\"380\" height=\"214\" src=\"https:\/\/inprosy.com\/wp-content\/uploads\/2020\/06\/Introduccion-01-380.jpg\" class=\"attachment-us_600_400_crop size-us_600_400_crop wp-post-image\" alt=\"Inprosy exterior\" srcset=\"https:\/\/inprosy.com\/wp-content\/uploads\/2020\/06\/Introduccion-01-380.jpg 380w, https:\/\/inprosy.com\/wp-content\/uploads\/2020\/06\/Introduccion-01-380-300x169.jpg 300w, https:\/\/inprosy.com\/wp-content\/uploads\/2020\/06\/Introduccion-01-380-70x39.jpg 70w\" sizes=\"auto, (max-width: 380px) 100vw, 380px\" \/><\/a><\/div><div class=\"w-post-elm post_content usg_post_content_1\">Nous sommes heureux d\u2019annoncer que ce 13 Juillet 2020, nous avons lanc\u00e9 le nouveau site Inprosy, enti\u00e8rement renouvel\u00e9. Avec beaucoup de contenu \u00e0 jour, avec de meilleures images et exp\u00e9riences\u2026<\/div>\t\t<\/div>\r\n\t\t\t<\/article>\r\n\t<article class=\"w-grid-item size_1x1 post-10827 post type-post status-publish format-standard has-post-thumbnail hentry category-nouvelles-de-inprosy\" data-id=\"10827\">\r\n\t\t<div class=\"w-grid-item-h\">\r\n\t\t\t\t\t\t<h2 class=\"w-post-elm post_title usg_post_title_1 entry-title color_link_inherit\"><a href=\"https:\/\/inprosy.com\/fr\/inprosy-pendant-covid19\/\">Inprosy pendant COVID-19<\/a><\/h2><div class=\"w-hwrapper usg_hwrapper_1 has_text_color align_none valign_top wrap\"><div class=\"w-post-elm post_taxonomy usg_post_taxonomy_1 style_simple\"><a class=\"term-116 term-nouvelles-de-inprosy\" href=\"https:\/\/inprosy.com\/fr\/category\/nouvelles-de-inprosy\/\">Nouvelles de Inprosy<\/a><\/div><time class=\"w-post-elm post_date usg_post_date_1 entry-date published\" datetime=\"2020-07-08T10:01:58+02:00\" title=\"8 juillet 2020 \u00e0 10:01:58 Europe\/Madrid\">il y a 6 ans<\/time><\/div><div class=\"w-post-elm post_image usg_post_image_1 stretched\"><a href=\"https:\/\/inprosy.com\/fr\/inprosy-pendant-covid19\/\" aria-label=\"Inprosy pendant COVID-19\"><img loading=\"lazy\" decoding=\"async\" width=\"380\" height=\"214\" src=\"https:\/\/inprosy.com\/wp-content\/uploads\/2020\/06\/20200602_103215-e1596699166668-380.jpg\" class=\"attachment-us_600_400_crop size-us_600_400_crop wp-post-image\" alt=\"Inprosy\" srcset=\"https:\/\/inprosy.com\/wp-content\/uploads\/2020\/06\/20200602_103215-e1596699166668-380.jpg 380w, https:\/\/inprosy.com\/wp-content\/uploads\/2020\/06\/20200602_103215-e1596699166668-380-300x169.jpg 300w, https:\/\/inprosy.com\/wp-content\/uploads\/2020\/06\/20200602_103215-e1596699166668-380-70x39.jpg 70w\" sizes=\"auto, (max-width: 380px) 100vw, 380px\" \/><\/a><\/div><div class=\"w-post-elm post_content usg_post_content_1\">Malheureusement, cette ann\u00e9e 2020 a \u00e9t\u00e9 une ann\u00e9e atypique, au cours de laquelle nous avons v\u00e9cu une situation tr\u00e8s difficile, qui a frapp\u00e9 tous les march\u00e9s de l\u2019Est \u00e0 l\u2019Ouest,\u2026<\/div>\t\t<\/div>\r\n\t\t\t<\/article>\r\n<\/div><div class=\"w-grid-preloader\">\t<div class=\"g-preloader type_1\">\r\n\t\t<div><\/div>\r\n\t<\/div>\r\n\t<\/div>\t<div class=\"w-grid-json hidden\" onclick='return {&quot;action&quot;:&quot;us_ajax_grid&quot;,&quot;infinite_scroll&quot;:0,&quot;max_num_pages&quot;:1,&quot;pagination&quot;:&quot;infinite&quot;,&quot;template_vars&quot;:{&quot;columns&quot;:&quot;2&quot;,&quot;exclude_items&quot;:&quot;none&quot;,&quot;img_size&quot;:&quot;us_600_400_crop&quot;,&quot;ignore_items_size&quot;:0,&quot;items_layout&quot;:&quot;blog_11&quot;,&quot;items_offset&quot;:&quot;1&quot;,&quot;load_animation&quot;:&quot;none&quot;,&quot;overriding_link&quot;:&quot;{\\&quot;url\\&quot;:\\&quot;\\&quot;}&quot;,&quot;post_id&quot;:0,&quot;query_args&quot;:{&quot;post_type&quot;:[&quot;post&quot;],&quot;post_status&quot;:[&quot;publish&quot;,&quot;acf-disabled&quot;],&quot;posts_per_page&quot;:&quot;8&quot;},&quot;orderby_query_args&quot;:{&quot;orderby&quot;:{&quot;date&quot;:&quot;DESC&quot;}},&quot;type&quot;:&quot;masonry&quot;,&quot;us_grid_post_type&quot;:&quot;post&quot;,&quot;us_grid_ajax_index&quot;:1,&quot;us_grid_filter_query_string&quot;:null,&quot;us_grid_index&quot;:1,&quot;page_args&quot;:[],&quot;lang&quot;:&quot;fr&quot;}}'><\/div>\r\n\t<\/div><\/div><\/div><\/div><\/div><\/div><\/section>\n","protected":false},"excerpt":{"rendered":"Malheureusement, cette ann\u00e9e 2020 a \u00e9t\u00e9 une ann\u00e9e atypique, au cours de laquelle nous avons v\u00e9cu une situation tr\u00e8s difficile, qui a frapp\u00e9 tous les march\u00e9s de l\u2019Est \u00e0 l\u2019Ouest, et nous a fait changer la fa\u00e7on dont nous regardions le monde et dans lequel nous nous rapportons, jusqu\u2019\u00e0 ce qu\u2019un jour nous puissions revenir...","protected":false},"author":1,"featured_media":0,"parent":0,"menu_order":29,"comment_status":"closed","ping_status":"closed","template":"","meta":{"_acf_changed":false,"footnotes":""},"class_list":["post-9773","page","type-page","status-publish","hentry"],"acf":[],"yoast_head":"<!-- This site is optimized with the Yoast SEO plugin v27.4 - https:\/\/yoast.com\/product\/yoast-seo-wordpress\/ -->\n<title>Blog &#8211; Inprosy<\/title>\n<meta name=\"description\" content=\"Blog d\u00e9di\u00e9 au monde de l\u2019efficacit\u00e9 industrielle et l\u2019am\u00e9lioration de la gestion des flux de production. Trouve!\" \/>\n<meta name=\"robots\" content=\"index, follow, max-snippet:-1, max-image-preview:large, max-video-preview:-1\" \/>\n<link rel=\"canonical\" href=\"https:\/\/inprosy.com\/fr\/blog\/\" \/>\n<meta property=\"og:locale\" content=\"fr_FR\" \/>\n<meta property=\"og:type\" content=\"article\" \/>\n<meta property=\"og:title\" content=\"Blog &#8211; Inprosy\" \/>\n<meta property=\"og:description\" content=\"Blog d\u00e9di\u00e9 au monde de l\u2019efficacit\u00e9 industrielle et l\u2019am\u00e9lioration de la gestion des flux de production. Trouve!\" \/>\n<meta property=\"og:url\" content=\"https:\/\/inprosy.com\/fr\/blog\/\" \/>\n<meta property=\"og:site_name\" content=\"Inprosy\" \/>\n<meta property=\"article:modified_time\" content=\"2020-09-28T08:45:03+00:00\" \/>\n<meta property=\"og:image\" content=\"https:\/\/inprosy.com\/wp-content\/uploads\/2017\/07\/logo-header.jpg\" \/>\n\t<meta property=\"og:image:width\" content=\"800\" \/>\n\t<meta property=\"og:image:height\" content=\"156\" \/>\n\t<meta property=\"og:image:type\" content=\"image\/jpeg\" \/>\n<script type=\"application\/ld+json\" class=\"yoast-schema-graph\">{\"@context\":\"https:\\\/\\\/schema.org\",\"@graph\":[{\"@type\":\"WebPage\",\"@id\":\"https:\\\/\\\/inprosy.com\\\/fr\\\/blog\\\/\",\"url\":\"https:\\\/\\\/inprosy.com\\\/fr\\\/blog\\\/\",\"name\":\"Blog &#8211; Inprosy\",\"isPartOf\":{\"@id\":\"https:\\\/\\\/inprosy.com\\\/fr\\\/#website\"},\"datePublished\":\"2020-07-07T08:59:09+00:00\",\"dateModified\":\"2020-09-28T08:45:03+00:00\",\"description\":\"Blog d\u00e9di\u00e9 au monde de l\u2019efficacit\u00e9 industrielle et l\u2019am\u00e9lioration de la gestion des flux de production. Trouve!\",\"breadcrumb\":{\"@id\":\"https:\\\/\\\/inprosy.com\\\/fr\\\/blog\\\/#breadcrumb\"},\"inLanguage\":\"fr-FR\",\"potentialAction\":[{\"@type\":\"ReadAction\",\"target\":[\"https:\\\/\\\/inprosy.com\\\/fr\\\/blog\\\/\"]}]},{\"@type\":\"BreadcrumbList\",\"@id\":\"https:\\\/\\\/inprosy.com\\\/fr\\\/blog\\\/#breadcrumb\",\"itemListElement\":[{\"@type\":\"ListItem\",\"position\":1,\"name\":\"Portada\",\"item\":\"https:\\\/\\\/inprosy.com\\\/fr\\\/\"},{\"@type\":\"ListItem\",\"position\":2,\"name\":\"Blog\"}]},{\"@type\":\"WebSite\",\"@id\":\"https:\\\/\\\/inprosy.com\\\/fr\\\/#website\",\"url\":\"https:\\\/\\\/inprosy.com\\\/fr\\\/\",\"name\":\"Inprosy\",\"description\":\"Soluciones para la gesti\u00f3n de flujos de producci\u00f3n\",\"publisher\":{\"@id\":\"https:\\\/\\\/inprosy.com\\\/fr\\\/#organization\"},\"potentialAction\":[{\"@type\":\"SearchAction\",\"target\":{\"@type\":\"EntryPoint\",\"urlTemplate\":\"https:\\\/\\\/inprosy.com\\\/fr\\\/?s={search_term_string}\"},\"query-input\":{\"@type\":\"PropertyValueSpecification\",\"valueRequired\":true,\"valueName\":\"search_term_string\"}}],\"inLanguage\":\"fr-FR\"},{\"@type\":\"Organization\",\"@id\":\"https:\\\/\\\/inprosy.com\\\/fr\\\/#organization\",\"name\":\"Innovate Production Systems, S.L.\",\"alternateName\":\"Inprosy\",\"url\":\"https:\\\/\\\/inprosy.com\\\/fr\\\/\",\"logo\":{\"@type\":\"ImageObject\",\"inLanguage\":\"fr-FR\",\"@id\":\"https:\\\/\\\/inprosy.com\\\/fr\\\/#\\\/schema\\\/logo\\\/image\\\/\",\"url\":\"https:\\\/\\\/inprosy.com\\\/wp-content\\\/uploads\\\/2017\\\/07\\\/logo-header.jpg\",\"contentUrl\":\"https:\\\/\\\/inprosy.com\\\/wp-content\\\/uploads\\\/2017\\\/07\\\/logo-header.jpg\",\"width\":800,\"height\":156,\"caption\":\"Innovate Production Systems, S.L.\"},\"image\":{\"@id\":\"https:\\\/\\\/inprosy.com\\\/fr\\\/#\\\/schema\\\/logo\\\/image\\\/\"},\"sameAs\":[\"https:\\\/\\\/www.linkedin.com\\\/company\\\/inprosys\\\/\",\"https:\\\/\\\/www.youtube.com\\\/channel\\\/UCuSsS6ets4VjRxVpkMgS2Mw\"]}]}<\/script>\n<!-- \/ Yoast SEO plugin. -->","yoast_head_json":{"title":"Blog &#8211; Inprosy","description":"Blog d\u00e9di\u00e9 au monde de l\u2019efficacit\u00e9 industrielle et l\u2019am\u00e9lioration de la gestion des flux de production. Trouve!","robots":{"index":"index","follow":"follow","max-snippet":"max-snippet:-1","max-image-preview":"max-image-preview:large","max-video-preview":"max-video-preview:-1"},"canonical":"https:\/\/inprosy.com\/fr\/blog\/","og_locale":"fr_FR","og_type":"article","og_title":"Blog &#8211; Inprosy","og_description":"Blog d\u00e9di\u00e9 au monde de l\u2019efficacit\u00e9 industrielle et l\u2019am\u00e9lioration de la gestion des flux de production. Trouve!","og_url":"https:\/\/inprosy.com\/fr\/blog\/","og_site_name":"Inprosy","article_modified_time":"2020-09-28T08:45:03+00:00","og_image":[{"width":800,"height":156,"url":"https:\/\/inprosy.com\/wp-content\/uploads\/2017\/07\/logo-header.jpg","type":"image\/jpeg"}],"schema":{"@context":"https:\/\/schema.org","@graph":[{"@type":"WebPage","@id":"https:\/\/inprosy.com\/fr\/blog\/","url":"https:\/\/inprosy.com\/fr\/blog\/","name":"Blog &#8211; Inprosy","isPartOf":{"@id":"https:\/\/inprosy.com\/fr\/#website"},"datePublished":"2020-07-07T08:59:09+00:00","dateModified":"2020-09-28T08:45:03+00:00","description":"Blog d\u00e9di\u00e9 au monde de l\u2019efficacit\u00e9 industrielle et l\u2019am\u00e9lioration de la gestion des flux de production. Trouve!","breadcrumb":{"@id":"https:\/\/inprosy.com\/fr\/blog\/#breadcrumb"},"inLanguage":"fr-FR","potentialAction":[{"@type":"ReadAction","target":["https:\/\/inprosy.com\/fr\/blog\/"]}]},{"@type":"BreadcrumbList","@id":"https:\/\/inprosy.com\/fr\/blog\/#breadcrumb","itemListElement":[{"@type":"ListItem","position":1,"name":"Portada","item":"https:\/\/inprosy.com\/fr\/"},{"@type":"ListItem","position":2,"name":"Blog"}]},{"@type":"WebSite","@id":"https:\/\/inprosy.com\/fr\/#website","url":"https:\/\/inprosy.com\/fr\/","name":"Inprosy","description":"Soluciones para la gesti\u00f3n de flujos de producci\u00f3n","publisher":{"@id":"https:\/\/inprosy.com\/fr\/#organization"},"potentialAction":[{"@type":"SearchAction","target":{"@type":"EntryPoint","urlTemplate":"https:\/\/inprosy.com\/fr\/?s={search_term_string}"},"query-input":{"@type":"PropertyValueSpecification","valueRequired":true,"valueName":"search_term_string"}}],"inLanguage":"fr-FR"},{"@type":"Organization","@id":"https:\/\/inprosy.com\/fr\/#organization","name":"Innovate Production Systems, S.L.","alternateName":"Inprosy","url":"https:\/\/inprosy.com\/fr\/","logo":{"@type":"ImageObject","inLanguage":"fr-FR","@id":"https:\/\/inprosy.com\/fr\/#\/schema\/logo\/image\/","url":"https:\/\/inprosy.com\/wp-content\/uploads\/2017\/07\/logo-header.jpg","contentUrl":"https:\/\/inprosy.com\/wp-content\/uploads\/2017\/07\/logo-header.jpg","width":800,"height":156,"caption":"Innovate Production Systems, S.L."},"image":{"@id":"https:\/\/inprosy.com\/fr\/#\/schema\/logo\/image\/"},"sameAs":["https:\/\/www.linkedin.com\/company\/inprosys\/","https:\/\/www.youtube.com\/channel\/UCuSsS6ets4VjRxVpkMgS2Mw"]}]}},"_links":{"self":[{"href":"https:\/\/inprosy.com\/fr\/wp-json\/wp\/v2\/pages\/9773","targetHints":{"allow":["GET"]}}],"collection":[{"href":"https:\/\/inprosy.com\/fr\/wp-json\/wp\/v2\/pages"}],"about":[{"href":"https:\/\/inprosy.com\/fr\/wp-json\/wp\/v2\/types\/page"}],"author":[{"embeddable":true,"href":"https:\/\/inprosy.com\/fr\/wp-json\/wp\/v2\/users\/1"}],"replies":[{"embeddable":true,"href":"https:\/\/inprosy.com\/fr\/wp-json\/wp\/v2\/comments?post=9773"}],"version-history":[{"count":0,"href":"https:\/\/inprosy.com\/fr\/wp-json\/wp\/v2\/pages\/9773\/revisions"}],"wp:attachment":[{"href":"https:\/\/inprosy.com\/fr\/wp-json\/wp\/v2\/media?parent=9773"}],"curies":[{"name":"wp","href":"https:\/\/api.w.org\/{rel}","templated":true}]}}