{"id":9914,"date":"2016-02-15T18:56:59","date_gmt":"2016-02-15T17:56:59","guid":{"rendered":"https:\/\/inprosy.com\/aviso-legal\/"},"modified":"2021-07-16T11:42:58","modified_gmt":"2021-07-16T09:42:58","slug":"mentions-legales","status":"publish","type":"page","link":"https:\/\/inprosy.com\/fr\/mentions-legales\/","title":{"rendered":"Mentions legales"},"content":{"rendered":"<section class=\"l-section wpb_row height_medium\"><div class=\"l-section-h i-cf\"><div class=\"g-cols vc_row via_flex valign_top type_default stacking_default\"><div class=\"vc_col-sm-12 wpb_column vc_column_container\"><div class=\"vc_column-inner\"><div class=\"wpb_wrapper\"><div class=\"wpb_text_column\"><div class=\"wpb_wrapper\"><h1>Politique de Confidentialit\u00e9<\/h1>\n<h4><strong>DROIT DES SERVICES DE LA SOCI\u00c9T\u00c9 DE L&rsquo;INFORMATION (LSSI)<\/strong><\/h4>\n<p>INNOVATIVE PRODUCTION SYSTEMS, SL, responsable du site Web, qui est \u00e9galement RESPONSABLE, met ce document \u00e0 la disposition des utilisateurs, ce qui n\u00e9cessite le respect des obligations pr\u00e9vues par la loi 34\/2002, du 11 juillet, sur les services de la Soci\u00e9t\u00e9 de l&rsquo;information et commerce \u00e9lectronique (LSSICE), BOE N\u00ba 166, ainsi qu&rsquo;\u00e0 informer tous les utilisateurs du site Web des conditions d&rsquo;utilisation.<\/p>\n<p>Toute personne acc\u00e9dant \u00e0 ce site Web assume le r\u00f4le d&rsquo;utilisateur, s&rsquo;engageant \u00e0 observer et \u00e0 respecter rigoureusement les dispositions \u00e9nonc\u00e9es dans les pr\u00e9sentes, ainsi que toute autre disposition l\u00e9gale qui pourrait \u00eatre applicable. INNOVATIVE PRODUCTIONS SYSTEMS, SL se r\u00e9serve le droit de modifier le dernier type d&rsquo;informations qui peuvent appara\u00eetre sur le site Web, sans obligation de pr\u00e9-informer ou d&rsquo;informer les utilisateurs de certaines obligations, en entrant comme suffisant avec la publication sur le site INNOVATIVE PRODUCTIONS SYSTEMS, SL<\/p>\n<h5><strong>1. DONN\u00c9ES D&rsquo;IDENTIFICATION<\/strong><\/h5>\n<p>Nom de domaine : <strong>inprosy.com<\/strong><br \/>\nNom commercial : <strong>INPROSY<br \/>\n<\/strong>D\u00e9nomination sociale : <strong>INNOVATIVE PRODUCTION SYSTEMS, S.L.<br \/>\n<\/strong>CIF : <strong>B-65859068<br \/>\n<\/strong>Si\u00e8ge social : <strong>Miquel Servet, 2 \u00b7 P. I. Bufalvent \u00b7 08243 Manresa \u00b7 Barcelone \u00b7 Espagne<br \/>\n<\/strong>T\u00e9l\u00e9phone : <strong>+34 935 15 30 95<br \/>\n<\/strong>E-mail : <a href=\"mailto:info@inprosy.com\"><strong>info@inprosy.com<\/strong><\/a><\/p>\n<p>Enregistr\u00e9 au greffe (commercial \/ public) : <strong>Barcelone, volume: 43 338, folio: 176, feuille: B 429 020, enregistrement: 1er<\/strong><\/p>\n<h5><strong>2. DROITS DE PROPRI\u00c9T\u00c9 INTELLECTUELLE ET INDUSTRIELLE<\/strong><\/h5>\n<p>Le site Web, y compris, mais sans s&rsquo;y limiter, sa programmation, son \u00e9dition, sa compilation et d&rsquo;autres \u00e9l\u00e9ments n\u00e9cessaires \u00e0 son fonctionnement, les conceptions, logos, textes et \/ ou graphiques, sont la propri\u00e9t\u00e9 du RESPONSABLE ou, le cas \u00e9ch\u00e9ant, disposent d&rsquo;une licence ou autorisation expresse des auteurs. Tous les contenus du site sont d\u00fbment prot\u00e9g\u00e9s par les r\u00e9glementations en mati\u00e8re de propri\u00e9t\u00e9 intellectuelle et industrielle, ainsi que enregistr\u00e9s dans les registres publics correspondants.<\/p>\n<p>Quelle que soit la finalit\u00e9 pour laquelle ils \u00e9taient destin\u00e9s, la reproduction, l&rsquo;utilisation, l&rsquo;exploitation, la distribution et la commercialisation, totales ou partielles, n\u00e9cessitent en tout \u00e9tat de cause l&rsquo;autorisation \u00e9crite pr\u00e9alable du RESPONSABLE. Toute utilisation non autoris\u00e9e au pr\u00e9alable est consid\u00e9r\u00e9e comme une violation grave des droits de propri\u00e9t\u00e9 intellectuelle ou industrielle de l&rsquo;auteur.<\/p>\n<p>Les conceptions, logos, textes et \/ ou graphiques en dehors du CONTR\u00d4LEUR et qui peuvent appara\u00eetre sur le site Web appartiennent \u00e0 leurs propri\u00e9taires respectifs, \u00e9tant eux-m\u00eames responsables de toute controverse possible qui pourrait survenir \u00e0 leur sujet. Le RESPONSABLE autorise express\u00e9ment les tiers \u00e0 rediriger directement vers le contenu sp\u00e9cifique du site Web, et en tout cas \u00e0 rediriger vers le site Web principal de inprosy.com.<\/p>\n<p>La PERSONNE RESPONSABLE reconna\u00eet les droits de propri\u00e9t\u00e9 intellectuelle et industrielle correspondants en faveur de leurs propri\u00e9taires, leur simple mention ou apparition sur le site n&rsquo;impliquant pas l&rsquo;existence de droits ou responsabilit\u00e9s les concernant, ainsi que leur approbation, parrainage ou recommandation.<\/p>\n<p>Pour faire tout type d&rsquo;observation concernant d&rsquo;\u00e9ventuelles violations des droits de propri\u00e9t\u00e9 intellectuelle ou industrielle, ainsi que tout contenu du site Web, vous pouvez le faire par courriel : <a href=\"mailto:info@inprosy.com\">info@inprosy.com<\/a>.<\/p>\n<h5><strong>3. EXCLUSION DE RESPONSABILIT\u00c9S<\/strong><\/h5>\n<p>Le RESPONSABLE est exon\u00e9r\u00e9 de tout type de responsabilit\u00e9 d\u00e9coulant des informations publi\u00e9es sur son site Internet, \u00e0 condition que ces informations aient \u00e9t\u00e9 manipul\u00e9es ou introduites par un tiers non li\u00e9 \u00e0 celles-ci.<\/p>\n<p><strong>Utilisation de cookies<\/strong><\/p>\n<p>Ce site Internet peut utiliser des cookies techniques (petits fichiers d&rsquo;informations que le serveur envoie \u00e0 l&rsquo;ordinateur de la personne acc\u00e9dant \u00e0 la page) pour effectuer certaines fonctions jug\u00e9es essentielles au bon fonctionnement et \u00e0 l&rsquo;affichage du site. Les cookies utilis\u00e9s sont, en tout \u00e9tat de cause, temporaires, dans le seul but de rendre la navigation plus efficace, et disparaissent \u00e0 la fin de la session utilisateur. En aucun cas, ces cookies ne fournissent \u00e0 eux seuls des donn\u00e9es personnelles et ne seront utilis\u00e9s pour les collecter.<\/p>\n<p>Gr\u00e2ce \u00e0 l&rsquo;utilisation de cookies, il est \u00e9galement possible que le serveur o\u00f9 se trouve le Web reconnaisse le navigateur utilis\u00e9 par l&rsquo;utilisateur afin de faciliter la navigation, permettant, par exemple, l&rsquo;acc\u00e8s par des utilisateurs qui se sont d\u00e9j\u00e0 inscrits aux espaces, services, promotions ou concours qui leur sont r\u00e9serv\u00e9s exclusivement sans avoir \u00e0 s&rsquo;inscrire \u00e0 chaque visite.<\/p>\n<p>Ils peuvent \u00e9galement \u00eatre utilis\u00e9s pour mesurer l&rsquo;audience, les param\u00e8tres de trafic, contr\u00f4ler la progression et le nombre d&rsquo;entr\u00e9es, etc. Dans ces cas, les cookies sont techniquement dispensables mais b\u00e9n\u00e9fiques pour l&rsquo;utilisateur. Ce site Web n&rsquo;installera pas de cookies consommables sans le consentement pr\u00e9alable de l&rsquo;utilisateur.<\/p>\n<p>L&rsquo;utilisateur a la possibilit\u00e9 de configurer son navigateur pour \u00eatre alert\u00e9 de la r\u00e9ception de cookies et emp\u00eacher leur installation sur son ordinateur. Veuillez consulter les instructions de votre navigateur pour d\u00e9velopper ces informations.<\/p>\n<p><strong>Politique de liens<\/strong><\/p>\n<p>\u00c0 partir du site Web, vous pouvez \u00eatre redirig\u00e9 vers du contenu provenant de sites Web tiers. \u00c9tant donn\u00e9 que le RESPONSABLE ne peut pas toujours contr\u00f4ler le contenu entr\u00e9 par des tiers sur leurs sites Web respectifs, il n&rsquo;assume aucune responsabilit\u00e9 quant \u00e0 ce contenu. Dans tous les cas, il proc\u00e9dera \u00e0 la suppression imm\u00e9diate de tout contenu susceptible de contrevenir \u00e0 la l\u00e9gislation nationale ou internationale, aux bonnes m\u0153urs ou \u00e0 l&rsquo;ordre public, en proc\u00e9dant \u00e0 la suppression imm\u00e9diate de la redirection vers ledit site Internet, en informant les autorit\u00e9s comp\u00e9tentes du contenu en question.<\/p>\n<p>Le RESPONSABLE n&rsquo;est pas responsable des informations et du contenu stock\u00e9s, \u00e0 titre d&rsquo;exemple mais sans s&rsquo;y limiter, dans les forums, chats, g\u00e9n\u00e9rateurs de blogs, commentaires, r\u00e9seaux sociaux ou tout autre moyen permettant \u00e0 des tiers de publier du contenu ind\u00e9pendamment sur le site Web. du RESPONSABLE. Toutefois, et conform\u00e9ment aux dispositions des articles 11 et 16 du LSSICE, il est mis \u00e0 la disposition de tous les utilisateurs, autorit\u00e9s et forces de s\u00e9curit\u00e9, collaborant activement au retrait ou, le cas \u00e9ch\u00e9ant, au blocage de tous les contenus qui peuvent affecter ou enfreindre la l\u00e9gislation nationale ou internationale, les droits de tiers ou la moralit\u00e9 et l&rsquo;ordre public. Dans le cas o\u00f9 l&rsquo;utilisateur consid\u00e8re qu&rsquo;il existe un contenu sur le site Web qui pourrait \u00eatre susceptible de cette classification, veuillez en informer imm\u00e9diatement l&rsquo;administrateur du site Web.<\/p>\n<p>Ce site Web a \u00e9t\u00e9 revu et test\u00e9 pour s&rsquo;assurer qu&rsquo;il fonctionne correctement. En principe, un fonctionnement correct peut \u00eatre garanti 365 jours par an, 24 heures par jour. Cependant, le RESPONSABLE n&rsquo;exclut pas la possibilit\u00e9 qu&rsquo;il puisse y avoir certaines erreurs de programmation, ou que la force majeure, les catastrophes naturelles, les gr\u00e8ves ou des circonstances similaires puissent se produire et rendre l&rsquo;acc\u00e8s au site Web impossible.<\/p>\n<p><strong>Adresses IP<\/strong><\/p>\n<p>Les serveurs du site Web pourront d\u00e9tecter automatiquement l&rsquo;adresse IP et le nom de domaine utilis\u00e9s par l&rsquo;utilisateur. Une adresse IP est un num\u00e9ro attribu\u00e9 automatiquement \u00e0 un ordinateur lorsqu&rsquo;il se connecte \u00e0 Internet. Toutes ces informations sont enregistr\u00e9es dans un fichier d&rsquo;activit\u00e9 du serveur d\u00fbment enregistr\u00e9 qui permet le traitement ult\u00e9rieur des donn\u00e9es afin d&rsquo;obtenir uniquement des mesures statistiques qui nous permettent de conna\u00eetre le nombre d&rsquo;impressions de pages, le nombre de visites effectu\u00e9es sur les serveurs Web, l&rsquo;ordre des visites, le point d&rsquo;acc\u00e8s, etc.<\/p>\n<h5><strong>4. LOI APPLICABLE ET JURIDICTION COMP\u00c9TENTE<\/strong><\/h5>\n<p>Pour la r\u00e9solution de toutes les controverses ou probl\u00e8mes li\u00e9s \u00e0 ce site Web ou aux activit\u00e9s men\u00e9es sur celui-ci, la l\u00e9gislation espagnole s&rsquo;appliquera, \u00e0 laquelle les parties se soumettent express\u00e9ment, \u00e9tant comp\u00e9tente pour r\u00e9soudre tous les litiges d\u00e9coulant ou li\u00e9s \u00e0 son utilisation les cours et tribunaux les plus proches de Barcelone.<\/p>\n<\/div><\/div><\/div><\/div><\/div><\/div><\/div><\/section>\n","protected":false},"excerpt":{"rendered":"Politique de Confidentialit\u00e9 DROIT DES SERVICES DE LA SOCI\u00c9T\u00c9 DE L&rsquo;INFORMATION (LSSI) INNOVATIVE PRODUCTION SYSTEMS, SL, responsable du site Web, qui est \u00e9galement RESPONSABLE, met ce document \u00e0 la disposition des utilisateurs, ce qui n\u00e9cessite le respect des obligations pr\u00e9vues par la loi 34\/2002, du 11 juillet, sur les services de la Soci\u00e9t\u00e9 de l&rsquo;information...","protected":false},"author":1,"featured_media":0,"parent":0,"menu_order":99,"comment_status":"closed","ping_status":"closed","template":"","meta":{"_acf_changed":false,"footnotes":""},"class_list":["post-9914","page","type-page","status-publish","hentry"],"acf":[],"yoast_head":"<!-- This site is optimized with the Yoast SEO plugin v27.4 - https:\/\/yoast.com\/product\/yoast-seo-wordpress\/ -->\n<title>Mentions legales &#8211; Inprosy<\/title>\n<meta name=\"description\" content=\"Avis juridique et politique de confidentialit\u00e9 du site officiel Inprosy.\" \/>\n<meta name=\"robots\" content=\"noindex, follow\" \/>\n<meta property=\"og:locale\" content=\"fr_FR\" \/>\n<meta property=\"og:type\" content=\"article\" \/>\n<meta property=\"og:title\" content=\"Mentions legales &#8211; Inprosy\" \/>\n<meta property=\"og:description\" content=\"Avis juridique et politique de confidentialit\u00e9 du site officiel Inprosy.\" \/>\n<meta property=\"og:url\" content=\"https:\/\/inprosy.com\/fr\/mentions-legales\/\" \/>\n<meta property=\"og:site_name\" content=\"Inprosy\" \/>\n<meta property=\"article:modified_time\" content=\"2021-07-16T09:42:58+00:00\" \/>\n<meta property=\"og:image\" content=\"https:\/\/inprosy.com\/wp-content\/uploads\/2017\/07\/logo-header.jpg\" \/>\n\t<meta property=\"og:image:width\" content=\"800\" \/>\n\t<meta property=\"og:image:height\" content=\"156\" \/>\n\t<meta property=\"og:image:type\" content=\"image\/jpeg\" \/>\n<meta name=\"twitter:label1\" content=\"Dur\u00e9e de lecture estim\u00e9e\" \/>\n\t<meta name=\"twitter:data1\" content=\"6 minutes\" \/>\n<script type=\"application\/ld+json\" class=\"yoast-schema-graph\">{\"@context\":\"https:\\\/\\\/schema.org\",\"@graph\":[{\"@type\":\"WebPage\",\"@id\":\"https:\\\/\\\/inprosy.com\\\/fr\\\/mentions-legales\\\/\",\"url\":\"https:\\\/\\\/inprosy.com\\\/fr\\\/mentions-legales\\\/\",\"name\":\"Mentions legales &#8211; Inprosy\",\"isPartOf\":{\"@id\":\"https:\\\/\\\/inprosy.com\\\/fr\\\/#website\"},\"datePublished\":\"2016-02-15T17:56:59+00:00\",\"dateModified\":\"2021-07-16T09:42:58+00:00\",\"description\":\"Avis juridique et politique de confidentialit\u00e9 du site officiel Inprosy.\",\"breadcrumb\":{\"@id\":\"https:\\\/\\\/inprosy.com\\\/fr\\\/mentions-legales\\\/#breadcrumb\"},\"inLanguage\":\"fr-FR\",\"potentialAction\":[{\"@type\":\"ReadAction\",\"target\":[\"https:\\\/\\\/inprosy.com\\\/fr\\\/mentions-legales\\\/\"]}]},{\"@type\":\"BreadcrumbList\",\"@id\":\"https:\\\/\\\/inprosy.com\\\/fr\\\/mentions-legales\\\/#breadcrumb\",\"itemListElement\":[{\"@type\":\"ListItem\",\"position\":1,\"name\":\"Portada\",\"item\":\"https:\\\/\\\/inprosy.com\\\/fr\\\/\"},{\"@type\":\"ListItem\",\"position\":2,\"name\":\"Mentions legales\"}]},{\"@type\":\"WebSite\",\"@id\":\"https:\\\/\\\/inprosy.com\\\/fr\\\/#website\",\"url\":\"https:\\\/\\\/inprosy.com\\\/fr\\\/\",\"name\":\"Inprosy\",\"description\":\"Soluciones para la gesti\u00f3n de flujos de producci\u00f3n\",\"publisher\":{\"@id\":\"https:\\\/\\\/inprosy.com\\\/fr\\\/#organization\"},\"potentialAction\":[{\"@type\":\"SearchAction\",\"target\":{\"@type\":\"EntryPoint\",\"urlTemplate\":\"https:\\\/\\\/inprosy.com\\\/fr\\\/?s={search_term_string}\"},\"query-input\":{\"@type\":\"PropertyValueSpecification\",\"valueRequired\":true,\"valueName\":\"search_term_string\"}}],\"inLanguage\":\"fr-FR\"},{\"@type\":\"Organization\",\"@id\":\"https:\\\/\\\/inprosy.com\\\/fr\\\/#organization\",\"name\":\"Innovate Production Systems, S.L.\",\"alternateName\":\"Inprosy\",\"url\":\"https:\\\/\\\/inprosy.com\\\/fr\\\/\",\"logo\":{\"@type\":\"ImageObject\",\"inLanguage\":\"fr-FR\",\"@id\":\"https:\\\/\\\/inprosy.com\\\/fr\\\/#\\\/schema\\\/logo\\\/image\\\/\",\"url\":\"https:\\\/\\\/inprosy.com\\\/wp-content\\\/uploads\\\/2017\\\/07\\\/logo-header.jpg\",\"contentUrl\":\"https:\\\/\\\/inprosy.com\\\/wp-content\\\/uploads\\\/2017\\\/07\\\/logo-header.jpg\",\"width\":800,\"height\":156,\"caption\":\"Innovate Production Systems, S.L.\"},\"image\":{\"@id\":\"https:\\\/\\\/inprosy.com\\\/fr\\\/#\\\/schema\\\/logo\\\/image\\\/\"},\"sameAs\":[\"https:\\\/\\\/www.linkedin.com\\\/company\\\/inprosys\\\/\",\"https:\\\/\\\/www.youtube.com\\\/channel\\\/UCuSsS6ets4VjRxVpkMgS2Mw\"]}]}<\/script>\n<!-- \/ Yoast SEO plugin. -->","yoast_head_json":{"title":"Mentions legales &#8211; Inprosy","description":"Avis juridique et politique de confidentialit\u00e9 du site officiel Inprosy.","robots":{"index":"noindex","follow":"follow"},"og_locale":"fr_FR","og_type":"article","og_title":"Mentions legales &#8211; Inprosy","og_description":"Avis juridique et politique de confidentialit\u00e9 du site officiel Inprosy.","og_url":"https:\/\/inprosy.com\/fr\/mentions-legales\/","og_site_name":"Inprosy","article_modified_time":"2021-07-16T09:42:58+00:00","og_image":[{"width":800,"height":156,"url":"https:\/\/inprosy.com\/wp-content\/uploads\/2017\/07\/logo-header.jpg","type":"image\/jpeg"}],"twitter_misc":{"Dur\u00e9e de lecture estim\u00e9e":"6 minutes"},"schema":{"@context":"https:\/\/schema.org","@graph":[{"@type":"WebPage","@id":"https:\/\/inprosy.com\/fr\/mentions-legales\/","url":"https:\/\/inprosy.com\/fr\/mentions-legales\/","name":"Mentions legales &#8211; Inprosy","isPartOf":{"@id":"https:\/\/inprosy.com\/fr\/#website"},"datePublished":"2016-02-15T17:56:59+00:00","dateModified":"2021-07-16T09:42:58+00:00","description":"Avis juridique et politique de confidentialit\u00e9 du site officiel Inprosy.","breadcrumb":{"@id":"https:\/\/inprosy.com\/fr\/mentions-legales\/#breadcrumb"},"inLanguage":"fr-FR","potentialAction":[{"@type":"ReadAction","target":["https:\/\/inprosy.com\/fr\/mentions-legales\/"]}]},{"@type":"BreadcrumbList","@id":"https:\/\/inprosy.com\/fr\/mentions-legales\/#breadcrumb","itemListElement":[{"@type":"ListItem","position":1,"name":"Portada","item":"https:\/\/inprosy.com\/fr\/"},{"@type":"ListItem","position":2,"name":"Mentions legales"}]},{"@type":"WebSite","@id":"https:\/\/inprosy.com\/fr\/#website","url":"https:\/\/inprosy.com\/fr\/","name":"Inprosy","description":"Soluciones para la gesti\u00f3n de flujos de producci\u00f3n","publisher":{"@id":"https:\/\/inprosy.com\/fr\/#organization"},"potentialAction":[{"@type":"SearchAction","target":{"@type":"EntryPoint","urlTemplate":"https:\/\/inprosy.com\/fr\/?s={search_term_string}"},"query-input":{"@type":"PropertyValueSpecification","valueRequired":true,"valueName":"search_term_string"}}],"inLanguage":"fr-FR"},{"@type":"Organization","@id":"https:\/\/inprosy.com\/fr\/#organization","name":"Innovate Production Systems, S.L.","alternateName":"Inprosy","url":"https:\/\/inprosy.com\/fr\/","logo":{"@type":"ImageObject","inLanguage":"fr-FR","@id":"https:\/\/inprosy.com\/fr\/#\/schema\/logo\/image\/","url":"https:\/\/inprosy.com\/wp-content\/uploads\/2017\/07\/logo-header.jpg","contentUrl":"https:\/\/inprosy.com\/wp-content\/uploads\/2017\/07\/logo-header.jpg","width":800,"height":156,"caption":"Innovate Production Systems, S.L."},"image":{"@id":"https:\/\/inprosy.com\/fr\/#\/schema\/logo\/image\/"},"sameAs":["https:\/\/www.linkedin.com\/company\/inprosys\/","https:\/\/www.youtube.com\/channel\/UCuSsS6ets4VjRxVpkMgS2Mw"]}]}},"_links":{"self":[{"href":"https:\/\/inprosy.com\/fr\/wp-json\/wp\/v2\/pages\/9914","targetHints":{"allow":["GET"]}}],"collection":[{"href":"https:\/\/inprosy.com\/fr\/wp-json\/wp\/v2\/pages"}],"about":[{"href":"https:\/\/inprosy.com\/fr\/wp-json\/wp\/v2\/types\/page"}],"author":[{"embeddable":true,"href":"https:\/\/inprosy.com\/fr\/wp-json\/wp\/v2\/users\/1"}],"replies":[{"embeddable":true,"href":"https:\/\/inprosy.com\/fr\/wp-json\/wp\/v2\/comments?post=9914"}],"version-history":[{"count":0,"href":"https:\/\/inprosy.com\/fr\/wp-json\/wp\/v2\/pages\/9914\/revisions"}],"wp:attachment":[{"href":"https:\/\/inprosy.com\/fr\/wp-json\/wp\/v2\/media?parent=9914"}],"curies":[{"name":"wp","href":"https:\/\/api.w.org\/{rel}","templated":true}]}}