{"id":9915,"date":"2020-07-01T10:09:48","date_gmt":"2020-07-01T08:09:48","guid":{"rendered":"https:\/\/inprosy.com\/politica-de-cookies\/"},"modified":"2020-09-28T10:46:10","modified_gmt":"2020-09-28T08:46:10","slug":"politique-de-cookies","status":"publish","type":"page","link":"https:\/\/inprosy.com\/fr\/politique-de-cookies\/","title":{"rendered":"Politique de cookies"},"content":{"rendered":"<section class=\"l-section wpb_row height_medium\"><div class=\"l-section-h i-cf\"><div class=\"g-cols vc_row via_flex valign_top type_default stacking_default\"><div class=\"vc_col-sm-12 wpb_column vc_column_container\"><div class=\"vc_column-inner\"><div class=\"wpb_wrapper\"><div class=\"wpb_text_column\"><div class=\"wpb_wrapper\"><h1>Politique de cookies<\/h1>\n<p>Un <em>cookie<\/em> est un petit fichier texte qui est stock\u00e9 dans votre navigateur lorsque vous visitez presque n\u2019importe quel site Web. Son utilit\u00e9 est que le site web est en mesure de se souvenir de votre visite lorsque vous naviguez sur cette page \u00e0 nouveau. Les <em>cookies<\/em> stockent g\u00e9n\u00e9ralement des informations techniques, des pr\u00e9f\u00e9rences personnelles, la personnalisation du contenu, les statistiques d\u2019utilisation, les liens vers les r\u00e9seaux sociaux, l\u2019acc\u00e8s aux comptes d\u2019utilisateurs, etc. Le but du <em>cookie<\/em> est d\u2019adapter le contenu du site web \u00e0 votre profil et vos besoins, sans <em>cookies<\/em> les services offerts par n\u2019importe quelle page seraient consid\u00e9rablement r\u00e9duits.<\/p>\n<h2>Cookies utilis\u00e9s sur ce site<\/h2>\n<p>Conform\u00e9ment aux directives de l\u2019Agence espagnole de protection des donn\u00e9es, nous proc\u00e9dons \u00e0 d\u00e9tailler l\u2019utilisation des <em>cookies<\/em> fabriqu\u00e9s par ce site afin de vous informer le plus pr\u00e9cis\u00e9ment possible.<\/p>\n<p>Ce site web utilise les <strong>cookies suivants<\/strong>:<\/p>\n<ul>\n<li>Cookies de session, pour s\u2019assurer que les utilisateurs qui \u00e9crivent des commentaires sur le blog sont des applications humaines et non automatis\u00e9es. Cela combat le <em>spam<\/em>.<\/li>\n<\/ul>\n<p>Ce site web utilise les <strong>cookies tiers suivants<\/strong>:<\/p>\n<ul>\n<li>Google Analytics : Stocke les <em>cookies<\/em> pour pouvoir compiler des statistiques sur le trafic et le volume des visites sur ce site. En utilisant ce site, vous consentez au traitement des informations vous concernant par Google. Par cons\u00e9quent, l\u2019exercice de tout droit \u00e0 cet \u00e9gard doit le faire en communiquant directement avec Google.<\/li>\n<li>R\u00e9seaux sociaux : chaque r\u00e9seau social utilise ses propres <em>cookies<\/em> pour que vous puissiez cliquer sur les boutons <em>J\u2019aime<\/em> ou <em>partager<\/em>.<\/li>\n<\/ul>\n<h2>Desactivaci\u00f3n o eliminaci\u00f3n de cookies<\/h2>\n<p>Vous pouvez \u00e0 tout moment exercer votre droit de d\u00e9sactiver ou de supprimer des cookies de ce site Web. Ces actions sont effectu\u00e9es diff\u00e9remment selon le navigateur que vous utilisez.<\/p>\n<h2>Notes suppl\u00e9mentaires<\/h2>\n<ul>\n<li>Ni ce site web ni ses repr\u00e9sentants l\u00e9gaux ne sont responsables du contenu ou de la v\u00e9racit\u00e9 des politiques de confidentialit\u00e9 que les tiers mentionn\u00e9s dans cette politique sur les <em>cookies<\/em> peuvent avoir.<\/li>\n<li>Les navigateurs Web sont les outils charg\u00e9s de stocker les <em>cookies<\/em> et \u00e0 partir de cet endroit vous devez faire votre droit de les supprimer ou de les d\u00e9sactiver. Ni ce site ni ses repr\u00e9sentants l\u00e9gaux ne peuvent garantir la manipulation correcte ou incorrecte des <em>cookies<\/em> par les navigateurs susmentionn\u00e9s.<\/li>\n<li>Dans certains cas, il est n\u00e9cessaire d\u2019installer des <em>cookies<\/em> afin que le navigateur n\u2019oublie pas votre d\u00e9cision de ne pas les accepter.<\/li>\n<li>Dans le cas des <em>cookies<\/em> Google Analytics, cette soci\u00e9t\u00e9 stocke des <em>cookies<\/em> sur des serveurs situ\u00e9s aux \u00c9tats-Unis et s\u2019engage \u00e0 ne pas les partager avec des tiers, sauf dans les cas o\u00f9 il est n\u00e9cessaire pour le fonctionnement du syst\u00e8me ou lorsque la loi l\u2019oblige \u00e0 le faire. Selon Google, il n\u2019enregistre pas votre adresse IP. Google Inc. est une soci\u00e9t\u00e9 qui adh\u00e8re \u00e0 l\u2019accord safe harbor qui garantit que toutes les donn\u00e9es transf\u00e9r\u00e9es seront trait\u00e9es avec un niveau de protection conform\u00e9ment \u00e0 la r\u00e9glementation europ\u00e9enne. Des informations d\u00e9taill\u00e9es \u00e0 ce sujet peuvent \u00eatre trouv\u00e9es <a href=\"http:\/\/safeharbor.export.gov\/companyinfo.aspx?id=16626\" target=\"_blank\" rel=\"noopener noreferrer\">\u00e0 ce lien<\/a>. Si vous voulez des informations sur l\u2019utilisation que Google donne aux cookies, <a href=\"https:\/\/developers.google.com\/analytics\/devguides\/collection\/analyticsjs\/cookie-usage?hl=es&amp;csw=1\" target=\"_blank\" rel=\"noopener noreferrer\">nous attachons cet autre lien<\/a>.<\/li>\n<li>Pour toute question ou demande de renseignements sur cette politique de <em>cookies<\/em> n\u2019h\u00e9sitez pas \u00e0 nous contacter par l\u2019interm\u00e9diaire de la section contact.<\/li>\n<\/ul>\n<\/div><\/div><\/div><\/div><\/div><\/div><\/div><\/section>\n","protected":false},"excerpt":{"rendered":"Politique de cookies Un cookie est un petit fichier texte qui est stock\u00e9 dans votre navigateur lorsque vous visitez presque n\u2019importe quel site Web. Son utilit\u00e9 est que le site web est en mesure de se souvenir de votre visite lorsque vous naviguez sur cette page \u00e0 nouveau. Les cookies stockent g\u00e9n\u00e9ralement des informations techniques,...","protected":false},"author":1,"featured_media":0,"parent":0,"menu_order":101,"comment_status":"closed","ping_status":"closed","template":"","meta":{"_acf_changed":false,"footnotes":""},"class_list":["post-9915","page","type-page","status-publish","hentry"],"acf":[],"yoast_head":"<!-- This site is optimized with the Yoast SEO plugin v27.3 - https:\/\/yoast.com\/product\/yoast-seo-wordpress\/ -->\n<title>Politique de cookies &#8211; Inprosy<\/title>\n<meta name=\"description\" content=\"Politique des cookies du site officiel Inprosy.\" \/>\n<meta name=\"robots\" content=\"noindex, follow\" \/>\n<meta property=\"og:locale\" content=\"fr_FR\" \/>\n<meta property=\"og:type\" content=\"article\" \/>\n<meta property=\"og:title\" content=\"Politique de cookies &#8211; Inprosy\" \/>\n<meta property=\"og:description\" content=\"Politique des cookies du site officiel Inprosy.\" \/>\n<meta property=\"og:url\" content=\"https:\/\/inprosy.com\/fr\/politique-de-cookies\/\" \/>\n<meta property=\"og:site_name\" content=\"Inprosy\" \/>\n<meta property=\"article:modified_time\" content=\"2020-09-28T08:46:10+00:00\" \/>\n<meta property=\"og:image\" content=\"https:\/\/inprosy.com\/wp-content\/uploads\/2017\/07\/logo-header.jpg\" \/>\n\t<meta property=\"og:image:width\" content=\"800\" \/>\n\t<meta property=\"og:image:height\" content=\"156\" \/>\n\t<meta property=\"og:image:type\" content=\"image\/jpeg\" \/>\n<meta name=\"twitter:label1\" content=\"Dur\u00e9e de lecture estim\u00e9e\" \/>\n\t<meta name=\"twitter:data1\" content=\"3 minutes\" \/>\n<script type=\"application\/ld+json\" class=\"yoast-schema-graph\">{\"@context\":\"https:\\\/\\\/schema.org\",\"@graph\":[{\"@type\":\"WebPage\",\"@id\":\"https:\\\/\\\/inprosy.com\\\/fr\\\/politique-de-cookies\\\/\",\"url\":\"https:\\\/\\\/inprosy.com\\\/fr\\\/politique-de-cookies\\\/\",\"name\":\"Politique de cookies &#8211; Inprosy\",\"isPartOf\":{\"@id\":\"https:\\\/\\\/inprosy.com\\\/fr\\\/#website\"},\"datePublished\":\"2020-07-01T08:09:48+00:00\",\"dateModified\":\"2020-09-28T08:46:10+00:00\",\"description\":\"Politique des cookies du site officiel Inprosy.\",\"breadcrumb\":{\"@id\":\"https:\\\/\\\/inprosy.com\\\/fr\\\/politique-de-cookies\\\/#breadcrumb\"},\"inLanguage\":\"fr-FR\",\"potentialAction\":[{\"@type\":\"ReadAction\",\"target\":[\"https:\\\/\\\/inprosy.com\\\/fr\\\/politique-de-cookies\\\/\"]}]},{\"@type\":\"BreadcrumbList\",\"@id\":\"https:\\\/\\\/inprosy.com\\\/fr\\\/politique-de-cookies\\\/#breadcrumb\",\"itemListElement\":[{\"@type\":\"ListItem\",\"position\":1,\"name\":\"Portada\",\"item\":\"https:\\\/\\\/inprosy.com\\\/fr\\\/\"},{\"@type\":\"ListItem\",\"position\":2,\"name\":\"Politique de cookies\"}]},{\"@type\":\"WebSite\",\"@id\":\"https:\\\/\\\/inprosy.com\\\/fr\\\/#website\",\"url\":\"https:\\\/\\\/inprosy.com\\\/fr\\\/\",\"name\":\"Inprosy\",\"description\":\"Soluciones para la gesti\u00f3n de flujos de producci\u00f3n\",\"publisher\":{\"@id\":\"https:\\\/\\\/inprosy.com\\\/fr\\\/#organization\"},\"potentialAction\":[{\"@type\":\"SearchAction\",\"target\":{\"@type\":\"EntryPoint\",\"urlTemplate\":\"https:\\\/\\\/inprosy.com\\\/fr\\\/?s={search_term_string}\"},\"query-input\":{\"@type\":\"PropertyValueSpecification\",\"valueRequired\":true,\"valueName\":\"search_term_string\"}}],\"inLanguage\":\"fr-FR\"},{\"@type\":\"Organization\",\"@id\":\"https:\\\/\\\/inprosy.com\\\/fr\\\/#organization\",\"name\":\"Innovate Production Systems, S.L.\",\"alternateName\":\"Inprosy\",\"url\":\"https:\\\/\\\/inprosy.com\\\/fr\\\/\",\"logo\":{\"@type\":\"ImageObject\",\"inLanguage\":\"fr-FR\",\"@id\":\"https:\\\/\\\/inprosy.com\\\/fr\\\/#\\\/schema\\\/logo\\\/image\\\/\",\"url\":\"https:\\\/\\\/inprosy.com\\\/wp-content\\\/uploads\\\/2017\\\/07\\\/logo-header.jpg\",\"contentUrl\":\"https:\\\/\\\/inprosy.com\\\/wp-content\\\/uploads\\\/2017\\\/07\\\/logo-header.jpg\",\"width\":800,\"height\":156,\"caption\":\"Innovate Production Systems, S.L.\"},\"image\":{\"@id\":\"https:\\\/\\\/inprosy.com\\\/fr\\\/#\\\/schema\\\/logo\\\/image\\\/\"},\"sameAs\":[\"https:\\\/\\\/www.linkedin.com\\\/company\\\/inprosys\\\/\",\"https:\\\/\\\/www.youtube.com\\\/channel\\\/UCuSsS6ets4VjRxVpkMgS2Mw\"]}]}<\/script>\n<!-- \/ Yoast SEO plugin. -->","yoast_head_json":{"title":"Politique de cookies &#8211; Inprosy","description":"Politique des cookies du site officiel Inprosy.","robots":{"index":"noindex","follow":"follow"},"og_locale":"fr_FR","og_type":"article","og_title":"Politique de cookies &#8211; Inprosy","og_description":"Politique des cookies du site officiel Inprosy.","og_url":"https:\/\/inprosy.com\/fr\/politique-de-cookies\/","og_site_name":"Inprosy","article_modified_time":"2020-09-28T08:46:10+00:00","og_image":[{"width":800,"height":156,"url":"https:\/\/inprosy.com\/wp-content\/uploads\/2017\/07\/logo-header.jpg","type":"image\/jpeg"}],"twitter_misc":{"Dur\u00e9e de lecture estim\u00e9e":"3 minutes"},"schema":{"@context":"https:\/\/schema.org","@graph":[{"@type":"WebPage","@id":"https:\/\/inprosy.com\/fr\/politique-de-cookies\/","url":"https:\/\/inprosy.com\/fr\/politique-de-cookies\/","name":"Politique de cookies &#8211; Inprosy","isPartOf":{"@id":"https:\/\/inprosy.com\/fr\/#website"},"datePublished":"2020-07-01T08:09:48+00:00","dateModified":"2020-09-28T08:46:10+00:00","description":"Politique des cookies du site officiel Inprosy.","breadcrumb":{"@id":"https:\/\/inprosy.com\/fr\/politique-de-cookies\/#breadcrumb"},"inLanguage":"fr-FR","potentialAction":[{"@type":"ReadAction","target":["https:\/\/inprosy.com\/fr\/politique-de-cookies\/"]}]},{"@type":"BreadcrumbList","@id":"https:\/\/inprosy.com\/fr\/politique-de-cookies\/#breadcrumb","itemListElement":[{"@type":"ListItem","position":1,"name":"Portada","item":"https:\/\/inprosy.com\/fr\/"},{"@type":"ListItem","position":2,"name":"Politique de cookies"}]},{"@type":"WebSite","@id":"https:\/\/inprosy.com\/fr\/#website","url":"https:\/\/inprosy.com\/fr\/","name":"Inprosy","description":"Soluciones para la gesti\u00f3n de flujos de producci\u00f3n","publisher":{"@id":"https:\/\/inprosy.com\/fr\/#organization"},"potentialAction":[{"@type":"SearchAction","target":{"@type":"EntryPoint","urlTemplate":"https:\/\/inprosy.com\/fr\/?s={search_term_string}"},"query-input":{"@type":"PropertyValueSpecification","valueRequired":true,"valueName":"search_term_string"}}],"inLanguage":"fr-FR"},{"@type":"Organization","@id":"https:\/\/inprosy.com\/fr\/#organization","name":"Innovate Production Systems, S.L.","alternateName":"Inprosy","url":"https:\/\/inprosy.com\/fr\/","logo":{"@type":"ImageObject","inLanguage":"fr-FR","@id":"https:\/\/inprosy.com\/fr\/#\/schema\/logo\/image\/","url":"https:\/\/inprosy.com\/wp-content\/uploads\/2017\/07\/logo-header.jpg","contentUrl":"https:\/\/inprosy.com\/wp-content\/uploads\/2017\/07\/logo-header.jpg","width":800,"height":156,"caption":"Innovate Production Systems, S.L."},"image":{"@id":"https:\/\/inprosy.com\/fr\/#\/schema\/logo\/image\/"},"sameAs":["https:\/\/www.linkedin.com\/company\/inprosys\/","https:\/\/www.youtube.com\/channel\/UCuSsS6ets4VjRxVpkMgS2Mw"]}]}},"_links":{"self":[{"href":"https:\/\/inprosy.com\/fr\/wp-json\/wp\/v2\/pages\/9915","targetHints":{"allow":["GET"]}}],"collection":[{"href":"https:\/\/inprosy.com\/fr\/wp-json\/wp\/v2\/pages"}],"about":[{"href":"https:\/\/inprosy.com\/fr\/wp-json\/wp\/v2\/types\/page"}],"author":[{"embeddable":true,"href":"https:\/\/inprosy.com\/fr\/wp-json\/wp\/v2\/users\/1"}],"replies":[{"embeddable":true,"href":"https:\/\/inprosy.com\/fr\/wp-json\/wp\/v2\/comments?post=9915"}],"version-history":[{"count":0,"href":"https:\/\/inprosy.com\/fr\/wp-json\/wp\/v2\/pages\/9915\/revisions"}],"wp:attachment":[{"href":"https:\/\/inprosy.com\/fr\/wp-json\/wp\/v2\/media?parent=9915"}],"curies":[{"name":"wp","href":"https:\/\/api.w.org\/{rel}","templated":true}]}}